{"id":9257,"date":"2016-07-18T16:31:51","date_gmt":"2016-07-18T14:31:51","guid":{"rendered":"https:\/\/luispares.com\/politica-cookies\/"},"modified":"2025-03-27T09:01:48","modified_gmt":"2025-03-27T07:01:48","slug":"politica-cookies","status":"publish","type":"page","link":"https:\/\/luispares.com\/fr\/politica-cookies\/","title":{"rendered":"Politique de Cookies"},"content":{"rendered":"<section class=\"wpb-content-wrapper\"><p>[vc_row type=\u00a0\u00bbgrid\u00a0\u00bb el_class=\u00a0\u00bbwhitesection\u00a0\u00bb][vc_column][vc_column_text]Bienvenue dans la <strong>POLITIQUE DE COOKIES<\/strong> du site web de l&rsquo;entit\u00e9 <strong>LUIS PAR\u00c9S S.L.<\/strong>, identifi\u00e9e par le NIF B08284002, o\u00f9 nous vous expliquerons de mani\u00e8re claire et simple toutes les informations n\u00e9cessaires afin que vous puissiez garder le contr\u00f4le sur les cookies selon vos propres choix.<\/p>\n<h3>QUE SONT LES COOKIES ET \u00c0 QUOI SERVENT-ILS ?<\/h3>\n<p>Un cookie est un petit fichier d\u2019information enregistr\u00e9 sur votre ordinateur, smartphone ou tablette chaque fois que vous visitez notre site web.<\/p>\n<p>En principe, un cookie est inoffensif : il ne contient ni virus, ni chevaux de Troie, ni vers, etc., qui pourraient endommager votre appareil. Cependant, il peut affecter votre droit \u00e0 la protection des donn\u00e9es personnelles, car il recueille certaines informations vous concernant (habitudes de navigation, identit\u00e9, pr\u00e9f\u00e9rences, etc.).<\/p>\n<p>C&rsquo;est pourquoi, conform\u00e9ment \u00e0 la r\u00e9glementation en vigueur (LSSI et la r\u00e9glementation actuelle sur la protection des donn\u00e9es personnelles), l&rsquo;activation de certains types de cookies n\u00e9cessite votre autorisation pr\u00e9alable.<\/p>\n<p>Avant cela, nous vous fournirons des informations compl\u00e9mentaires pour vous aider \u00e0 prendre une d\u00e9cision plus inform\u00e9e :<\/p>\n<ul class=\"cookiePuntos\">\n<li class=\"cookiePuntos\">Les cookies peuvent \u00eatre de plusieurs types selon leur finalit\u00e9 :\n<ul class=\"cookiePuntos\">\n<li class=\"cookiePuntos\">Les cookies techniques sont n\u00e9cessaires au bon fonctionnement de notre site web, ils ne requi\u00e8rent pas votre autorisation et sont les seuls activ\u00e9s par d\u00e9faut.<\/li>\n<li class=\"cookiePuntos\">Les autres cookies servent \u00e0 am\u00e9liorer notre site, \u00e0 le personnaliser en fonction de vos pr\u00e9f\u00e9rences ou \u00e0 vous afficher des publicit\u00e9s adapt\u00e9es \u00e0 vos recherches, go\u00fbts et int\u00e9r\u00eats personnels. Vous pouvez accepter tous ces cookies en cliquant sur le bouton <strong>ACCEPTER<\/strong>, ou les configurer ou les refuser via la section <strong>CONFIGURATION DES COOKIES<\/strong>.<\/li>\n<\/ul>\n<\/li>\n<li class=\"cookiePuntos\">Certains cookies sont les n\u00f4tres (nous les appelons cookies internes) et d&rsquo;autres appartiennent \u00e0 des entreprises externes qui fournissent des services \u00e0 notre site (cookies tiers, par exemple ceux de Google). Certains de ces fournisseurs peuvent \u00eatre situ\u00e9s hors d\u2019Espagne. Tous les pays n\u2019offrent pas le m\u00eame niveau de protection des donn\u00e9es, certains \u00e9tant plus s\u00fbrs que d\u2019autres (l&rsquo;Union europ\u00e9enne, par exemple, est un environnement s\u00fbr). Notre politique est de faire appel \u00e0 des fournisseurs fiables qui, qu&rsquo;ils soient ou non situ\u00e9s dans l&rsquo;UE, ont adopt\u00e9 les garanties appropri\u00e9es pour prot\u00e9ger vos informations personnelles. Vous pouvez consulter les politiques de confidentialit\u00e9 dans la section intitul\u00e9e \u00ab QUELS TYPES DE COOKIES SONT ACTUELLEMENT UTILIS\u00c9S SUR NOTRE SITE WEB ? \u00bb afin de prendre une d\u00e9cision \u00e9clair\u00e9e sur l&rsquo;activation des cookies tiers.<\/li>\n<li class=\"cookiePuntos\">Enfin, selon leur dur\u00e9e d\u2019activit\u00e9, les cookies peuvent \u00eatre de deux types :\n<ul class=\"cookiePuntos\">\n<li class=\"cookiePuntos\"><strong>Cookies de session<\/strong> : expirent automatiquement lorsque vous fermez votre session. Ils sont souvent utilis\u00e9s pour conserver les informations n\u00e9cessaires pendant que l&rsquo;on vous fournit un service ponctuel.<\/li>\n<li class=\"cookiePuntos\"><strong>Cookies persistants<\/strong> : restent stock\u00e9s sur votre appareil pendant une p\u00e9riode d\u00e9termin\u00e9e, qui peut aller de quelques minutes \u00e0 plusieurs ann\u00e9es.<\/li>\n<\/ul>\n<\/li>\n<\/ul>\n<h3>QUELS TYPES DE COOKIES POUVONS-NOUS UTILISER SUR NOTRE SITE WEB ?<\/h3>\n<ul class=\"cookiePuntos\">\n<li><strong>Cookies techniques :<\/strong><\/li>\n<\/ul>\n<p style=\"padding-left: 40px;\">Les cookies techniques sont strictement n\u00e9cessaires au fonctionnement de notre site web et \u00e0 votre navigation. Par exemple, ils nous permettent de vous identifier, de vous donner acc\u00e8s \u00e0 certaines zones restreintes ou de m\u00e9moriser vos pr\u00e9f\u00e9rences en mati\u00e8re de confidentialit\u00e9. Pour cette raison, ils sont activ\u00e9s par d\u00e9faut et ne n\u00e9cessitent pas votre autorisation.<\/p>\n<p>Vous pouvez bloquer ou recevoir une alerte concernant ces cookies via les param\u00e8tres de votre navigateur, mais cela pourrait affecter le bon fonctionnement de certaines fonctionnalit\u00e9s du site.<\/p>\n<ul class=\"cookiePuntos\">\n<li><strong>Cookies d&rsquo;analyse :<\/strong><\/li>\n<\/ul>\n<p style=\"padding-left: 40px;\">Les cookies d&rsquo;analyse nous permettent d&rsquo;\u00e9tudier la navigation des utilisateurs sur notre site (ex. : les sections les plus visit\u00e9es, les services les plus utilis\u00e9s, etc.).<\/p>\n<p>Gr\u00e2ce aux informations statistiques collect\u00e9es, nous pouvons am\u00e9liorer le fonctionnement du site et les services offerts. Ces cookies ne sont pas utilis\u00e9s \u00e0 des fins publicitaires mais pour am\u00e9liorer le site. Vous pouvez les activer ou les d\u00e9sactiver via la case pr\u00e9vue, elles sont d\u00e9sactiv\u00e9es par d\u00e9faut.<\/p>\n<ul class=\"cookiePuntos\">\n<li><strong>Cookies de fonctionnalit\u00e9 et de personnalisation :<\/strong><\/li>\n<\/ul>\n<p style=\"padding-left: 40px;\">Ils nous permettent de retenir vos pr\u00e9f\u00e9rences afin de personnaliser certaines caract\u00e9ristiques g\u00e9n\u00e9rales du site (langue, favoris, type de navigateur, etc.).<\/p>\n<p>Ils ne sont pas destin\u00e9s \u00e0 la publicit\u00e9. En les activant, vous am\u00e9liorez la fonctionnalit\u00e9 et la personnalisation du site selon vos pr\u00e9f\u00e9rences. Vous pouvez les activer ou les d\u00e9sactiver, elles sont d\u00e9sactiv\u00e9es par d\u00e9faut.<\/p>\n<ul class=\"cookiePuntos\">\n<li><strong>Cookies publicitaires :<\/strong><\/li>\n<\/ul>\n<p style=\"padding-left: 40px;\">Ces cookies g\u00e8rent les espaces publicitaires de notre site selon le contenu affich\u00e9 ou la fr\u00e9quence d\u2019affichage.<\/p>\n<p>Par exemple, si une publicit\u00e9 vous a \u00e9t\u00e9 montr\u00e9e plusieurs fois sans interaction, elle cessera de s\u2019afficher. En les activant, la publicit\u00e9 sera plus utile, vari\u00e9e et moins r\u00e9p\u00e9titive. Vous pouvez les activer ou les d\u00e9sactiver, elles sont d\u00e9sactiv\u00e9es par d\u00e9faut.<\/p>\n<ul class=\"cookiePuntos\">\n<li><strong>Cookies publicitaires comportementaux :<\/strong><\/li>\n<\/ul>\n<p style=\"padding-left: 40px;\">Ils permettent de collecter des informations bas\u00e9es sur vos habitudes de navigation afin d\u2019afficher des publicit\u00e9s plus adapt\u00e9es \u00e0 vos go\u00fbts et int\u00e9r\u00eats personnels.<\/p>\n<p>Par exemple, si vous recherchez des livres de suspense, nous pourrions vous montrer des publicit\u00e9s sur ce type de livres.<\/p>\n<p>En les activant, la publicit\u00e9 affich\u00e9e sera personnalis\u00e9e. Vous pouvez les activer ou les d\u00e9sactiver, elles sont d\u00e9sactiv\u00e9es par d\u00e9faut.<\/p>\n<h3>QUELS TYPES DE COOKIES SONT ACTUELLEMENT UTILIS\u00c9S SUR NOTRE SITE WEB ?<\/h3>\n<p>Ci-dessous, nous vous informons sur tous les types de cookies actuellement utilis\u00e9s sur notre site web et la finalit\u00e9 de chacun :<\/p>\n<table class=\"wt-cli-element cookielawinfo-classic cookielawinfo-row-cat-table\">\n<thead>\n<tr>\n<th class=\"cookielawinfo-column-1\" scope=\"col\">Nom du cookie<\/th>\n<th class=\"cookielawinfo-column-2\" scope=\"col\">Finalit\u00e9<\/th>\n<th class=\"cookielawinfo-column-3\" scope=\"col\">Quand et comment il est stock\u00e9<\/th>\n<\/tr>\n<\/thead>\n<tbody>\n<tr class=\"cookielawinfo-row\">\n<td class=\"cookielawinfo-column-1\">wpml_browser_redirect_test<\/td>\n<td class=\"cookielawinfo-column-2\">Permet de conna\u00eetre la langue de l&rsquo;utilisateur pour lui proposer le contenu dans cette langue. Cookie de session technique. N\u00e9cessaire.<\/td>\n<td class=\"cookielawinfo-column-3\">Uniquement pendant la session<\/td>\n<\/tr>\n<tr class=\"cookielawinfo-row\">\n<td class=\"cookielawinfo-column-1\">wp-wpml_current_language<\/td>\n<td class=\"cookielawinfo-column-2\">Stocke la langue actuelle. Cookie de session technique. N\u00e9cessaire.<\/td>\n<td class=\"cookielawinfo-column-3\">1 jour<\/td>\n<\/tr>\n<tr class=\"cookielawinfo-row\">\n<td class=\"cookielawinfo-column-1\">_icl_visitor_lang_js<\/td>\n<td class=\"cookielawinfo-column-2\">Stocke la langue redirig\u00e9e. Cookie de session technique. N\u00e9cessaire.<\/td>\n<td class=\"cookielawinfo-column-3\">1 jour<\/td>\n<\/tr>\n<tr class=\"cookielawinfo-row\">\n<td class=\"cookielawinfo-column-1\">moove_gdpr_popup<\/td>\n<td class=\"cookielawinfo-column-2\">Utilis\u00e9 pour enregistrer les pr\u00e9f\u00e9rences relatives aux cookies. Cookie de session technique. N\u00e9cessaire.<\/td>\n<td class=\"cookielawinfo-column-3\">Uniquement pendant la session<\/td>\n<\/tr>\n<\/tbody>\n<\/table>\n<h3><strong>QUE POUVEZ-VOUS FAIRE AVEC LES COOKIES ?<\/strong><\/h3>\n<p>Lorsque vous acc\u00e9dez pour la premi\u00e8re fois \u00e0 notre site web, une fen\u00eatre vous informe que les cookies peuvent \u00eatre de diff\u00e9rents types :<\/p>\n<ul class=\"cookiePuntos\">\n<li>Les cookies techniques sont n\u00e9cessaires au bon fonctionnement de notre site web, ne requi\u00e8rent pas votre autorisation et sont les seuls activ\u00e9s par d\u00e9faut.<\/li>\n<li>Les autres cookies servent \u00e0 am\u00e9liorer notre site, \u00e0 le personnaliser selon vos pr\u00e9f\u00e9rences, ou \u00e0 vous proposer des publicit\u00e9s adapt\u00e9es \u00e0 vos recherches, go\u00fbts et int\u00e9r\u00eats personnels. Vous pouvez accepter tous ces cookies en cliquant sur le bouton <strong>ACCEPTER<\/strong> ou les configurer ou les refuser via la section <strong>CONFIGURATION DES COOKIES<\/strong>.<\/li>\n<\/ul>\n<p>Vous pouvez d\u00e9sactiver \u00e0 tout moment tout type de cookie en d\u00e9cochant la case correspondante dans la section <strong>CONFIGURATION DES COOKIES<\/strong> de notre site. L&rsquo;activation et la d\u00e9sactivation des cookies internes seront toujours aussi simples.<\/p>\n<p>Notez que vous pouvez \u00e9galement bloquer ou recevoir une alerte sur la pr\u00e9sence de cookies via les param\u00e8tres de votre navigateur, bien que cela puisse affecter le bon fonctionnement des fonctionnalit\u00e9s du site dans le cas des cookies techniques n\u00e9cessaires.<\/p>\n<p>Enfin, si vous activez des <strong>cookies tiers<\/strong> (fournisseurs externes), vous pouvez les d\u00e9sactiver soit via les outils de votre navigateur, soit via les syst\u00e8mes propres \u00e0 ces fournisseurs :<\/p>\n<ul class=\"cookiePuntos\">\n<li><a href=\"https:\/\/support.google.com\/accounts\/answer\/61416?co=GENIE.Platform%3DDesktop&amp;hl=fr\">Google Chrome<\/a><\/li>\n<li><a href=\"https:\/\/support.mozilla.org\/fr\/kb\/effacer-les-cookies-pour-supprimer-les-information\">Mozilla Firefox<\/a><\/li>\n<li><a href=\"https:\/\/support.microsoft.com\/fr-fr\/help\/278835\/how-to-delete-cookie-files-in-internet-explorer\">Internet Explorer<\/a><\/li>\n<li><a href=\"https:\/\/support.apple.com\/fr-fr\/guide\/safari\/sfri11471\/mac\">Safari<\/a><\/li>\n<li><a href=\"https:\/\/support.apple.com\/fr-fr\/HT201265\">Safari pour iOS (iPhone et iPad)<\/a><\/li>\n<li><a href=\"https:\/\/support.google.com\/accounts\/answer\/61416?co=GENIE.Platform%3DAndroid&amp;hl=fr&amp;oco=1\">Google Chrome pour Android<\/a><\/li>\n<li><a href=\"https:\/\/support.google.com\/accounts\/answer\/61416?co=GENIE.Platform%3DiOS&amp;hl=fr&amp;oco=1\">Google Chrome pour iPhone et iPad<\/a><\/li>\n<\/ul>\n<p>Voici \u00e9galement les liens vers les syst\u00e8mes de d\u00e9sactivation des cookies mis en place par les fournisseurs tiers :<\/p>\n<ul class=\"cookiePuntos\">\n<li><a href=\"https:\/\/wpml.org\/documentation\/privacy-policy-and-gdpr-compliance\/\">https:\/\/wpml.org\/documentation\/privacy-policy-and-gdpr-compliance\/<\/a><\/li>\n<li><a href=\"https:\/\/www.mooveagency.com\/privacy-policy\/\">https:\/\/www.mooveagency.com\/privacy-policy\/<\/a><\/li>\n<\/ul>\n<p>[\/vc_column_text][\/vc_column][\/vc_row]<\/p>\n<\/section>","protected":false},"excerpt":{"rendered":"<p>[vc_row type=\u00a0\u00bbgrid\u00a0\u00bb el_class=\u00a0\u00bbwhitesection\u00a0\u00bb][vc_column][vc_column_text]Bienvenue dans la POLITIQUE DE COOKIES du site web de l&rsquo;entit\u00e9 LUIS PAR\u00c9S S.L., identifi\u00e9e par le NIF B08284002, o\u00f9 nous vous expliquerons de mani\u00e8re claire et simple toutes les informations n\u00e9cessaires afin que vous puissiez garder le contr\u00f4le sur les cookies selon&#8230;<\/p>\n","protected":false},"author":3,"featured_media":6637,"parent":0,"menu_order":10,"comment_status":"closed","ping_status":"closed","template":"","meta":{"footnotes":""},"class_list":["post-9257","page","type-page","status-publish","has-post-thumbnail","hentry"],"yoast_head":"<!-- This site is optimized with the Yoast SEO plugin v27.3 - https:\/\/yoast.com\/product\/yoast-seo-wordpress\/ -->\n<title>Politique de Cookies &#8211; Luis Pares<\/title>\n<meta name=\"robots\" content=\"index, follow, max-snippet:-1, max-image-preview:large, max-video-preview:-1\" \/>\n<link rel=\"canonical\" href=\"https:\/\/luispares.com\/fr\/politica-cookies\/\" \/>\n<meta property=\"og:locale\" content=\"fr_FR\" \/>\n<meta property=\"og:type\" content=\"article\" \/>\n<meta property=\"og:title\" content=\"Politique de Cookies &#8211; Luis Pares\" \/>\n<meta property=\"og:description\" content=\"[vc_row type=\u00a0\u00bbgrid\u00a0\u00bb el_class=\u00a0\u00bbwhitesection\u00a0\u00bb][vc_column][vc_column_text]Bienvenue dans la POLITIQUE DE COOKIES du site web de l&rsquo;entit\u00e9 LUIS PAR\u00c9S S.L., identifi\u00e9e par le NIF B08284002, o\u00f9 nous vous expliquerons de mani\u00e8re claire et simple toutes les informations n\u00e9cessaires afin que vous puissiez garder le contr\u00f4le sur les cookies selon...\" \/>\n<meta property=\"og:url\" content=\"https:\/\/luispares.com\/fr\/politica-cookies\/\" \/>\n<meta property=\"og:site_name\" content=\"Luis Pares\" \/>\n<meta property=\"article:modified_time\" content=\"2025-03-27T07:01:48+00:00\" \/>\n<meta property=\"og:image\" content=\"https:\/\/luispares.com\/wp-content\/uploads\/2016\/07\/FeaturedGeneric_v2_LuisPares.jpg\" \/>\n\t<meta property=\"og:image:width\" content=\"475\" \/>\n\t<meta property=\"og:image:height\" content=\"227\" \/>\n\t<meta property=\"og:image:type\" content=\"image\/jpeg\" \/>\n<meta name=\"twitter:card\" content=\"summary_large_image\" \/>\n<meta name=\"twitter:label1\" content=\"Dur\u00e9e de lecture estim\u00e9e\" \/>\n\t<meta name=\"twitter:data1\" content=\"6 minutes\" \/>\n<script type=\"application\/ld+json\" class=\"yoast-schema-graph\">{\"@context\":\"https:\\\/\\\/schema.org\",\"@graph\":[{\"@type\":\"WebPage\",\"@id\":\"https:\\\/\\\/luispares.com\\\/fr\\\/politica-cookies\\\/\",\"url\":\"https:\\\/\\\/luispares.com\\\/fr\\\/politica-cookies\\\/\",\"name\":\"Politique de Cookies &#8211; Luis Pares\",\"isPartOf\":{\"@id\":\"https:\\\/\\\/luispares.com\\\/fr\\\/#website\"},\"primaryImageOfPage\":{\"@id\":\"https:\\\/\\\/luispares.com\\\/fr\\\/politica-cookies\\\/#primaryimage\"},\"image\":{\"@id\":\"https:\\\/\\\/luispares.com\\\/fr\\\/politica-cookies\\\/#primaryimage\"},\"thumbnailUrl\":\"https:\\\/\\\/luispares.com\\\/wp-content\\\/uploads\\\/2016\\\/07\\\/FeaturedGeneric_v2_LuisPares.jpg\",\"datePublished\":\"2016-07-18T14:31:51+00:00\",\"dateModified\":\"2025-03-27T07:01:48+00:00\",\"breadcrumb\":{\"@id\":\"https:\\\/\\\/luispares.com\\\/fr\\\/politica-cookies\\\/#breadcrumb\"},\"inLanguage\":\"fr-FR\",\"potentialAction\":[{\"@type\":\"ReadAction\",\"target\":[\"https:\\\/\\\/luispares.com\\\/fr\\\/politica-cookies\\\/\"]}]},{\"@type\":\"ImageObject\",\"inLanguage\":\"fr-FR\",\"@id\":\"https:\\\/\\\/luispares.com\\\/fr\\\/politica-cookies\\\/#primaryimage\",\"url\":\"https:\\\/\\\/luispares.com\\\/wp-content\\\/uploads\\\/2016\\\/07\\\/FeaturedGeneric_v2_LuisPares.jpg\",\"contentUrl\":\"https:\\\/\\\/luispares.com\\\/wp-content\\\/uploads\\\/2016\\\/07\\\/FeaturedGeneric_v2_LuisPares.jpg\",\"width\":475,\"height\":227},{\"@type\":\"BreadcrumbList\",\"@id\":\"https:\\\/\\\/luispares.com\\\/fr\\\/politica-cookies\\\/#breadcrumb\",\"itemListElement\":[{\"@type\":\"ListItem\",\"position\":1,\"name\":\"Portada\",\"item\":\"https:\\\/\\\/luispares.com\\\/fr\\\/\"},{\"@type\":\"ListItem\",\"position\":2,\"name\":\"Politique de Cookies\"}]},{\"@type\":\"WebSite\",\"@id\":\"https:\\\/\\\/luispares.com\\\/fr\\\/#website\",\"url\":\"https:\\\/\\\/luispares.com\\\/fr\\\/\",\"name\":\"Luis Pares\",\"description\":\"Empresa constructora y miembro del Gremi de Constructors de Barcelona.\",\"publisher\":{\"@id\":\"https:\\\/\\\/luispares.com\\\/fr\\\/#organization\"},\"potentialAction\":[{\"@type\":\"SearchAction\",\"target\":{\"@type\":\"EntryPoint\",\"urlTemplate\":\"https:\\\/\\\/luispares.com\\\/fr\\\/?s={search_term_string}\"},\"query-input\":{\"@type\":\"PropertyValueSpecification\",\"valueRequired\":true,\"valueName\":\"search_term_string\"}}],\"inLanguage\":\"fr-FR\"},{\"@type\":\"Organization\",\"@id\":\"https:\\\/\\\/luispares.com\\\/fr\\\/#organization\",\"name\":\"Luis Par\u00e9s, S.L.\",\"url\":\"https:\\\/\\\/luispares.com\\\/fr\\\/\",\"logo\":{\"@type\":\"ImageObject\",\"inLanguage\":\"fr-FR\",\"@id\":\"https:\\\/\\\/luispares.com\\\/fr\\\/#\\\/schema\\\/logo\\\/image\\\/\",\"url\":\"https:\\\/\\\/www.luispares.com\\\/wp-content\\\/uploads\\\/2016\\\/07\\\/luispares_logo.png\",\"contentUrl\":\"https:\\\/\\\/www.luispares.com\\\/wp-content\\\/uploads\\\/2016\\\/07\\\/luispares_logo.png\",\"width\":208,\"height\":56,\"caption\":\"Luis Par\u00e9s, S.L.\"},\"image\":{\"@id\":\"https:\\\/\\\/luispares.com\\\/fr\\\/#\\\/schema\\\/logo\\\/image\\\/\"},\"sameAs\":[\"https:\\\/\\\/www.instagram.com\\\/luispares_sl\\\/\",\"https:\\\/\\\/www.linkedin.com\\\/company\\\/luis-par\u00e9s-s-l-\",\"https:\\\/\\\/www.youtube.com\\\/channel\\\/UCryaT4fZmdocCgSnzi9fiew\"]}]}<\/script>\n<!-- \/ Yoast SEO plugin. -->","yoast_head_json":{"title":"Politique de Cookies &#8211; Luis Pares","robots":{"index":"index","follow":"follow","max-snippet":"max-snippet:-1","max-image-preview":"max-image-preview:large","max-video-preview":"max-video-preview:-1"},"canonical":"https:\/\/luispares.com\/fr\/politica-cookies\/","og_locale":"fr_FR","og_type":"article","og_title":"Politique de Cookies &#8211; Luis Pares","og_description":"[vc_row type=\u00a0\u00bbgrid\u00a0\u00bb el_class=\u00a0\u00bbwhitesection\u00a0\u00bb][vc_column][vc_column_text]Bienvenue dans la POLITIQUE DE COOKIES du site web de l&rsquo;entit\u00e9 LUIS PAR\u00c9S S.L., identifi\u00e9e par le NIF B08284002, o\u00f9 nous vous expliquerons de mani\u00e8re claire et simple toutes les informations n\u00e9cessaires afin que vous puissiez garder le contr\u00f4le sur les cookies selon...","og_url":"https:\/\/luispares.com\/fr\/politica-cookies\/","og_site_name":"Luis Pares","article_modified_time":"2025-03-27T07:01:48+00:00","og_image":[{"width":475,"height":227,"url":"https:\/\/luispares.com\/wp-content\/uploads\/2016\/07\/FeaturedGeneric_v2_LuisPares.jpg","type":"image\/jpeg"}],"twitter_card":"summary_large_image","twitter_misc":{"Dur\u00e9e de lecture estim\u00e9e":"6 minutes"},"schema":{"@context":"https:\/\/schema.org","@graph":[{"@type":"WebPage","@id":"https:\/\/luispares.com\/fr\/politica-cookies\/","url":"https:\/\/luispares.com\/fr\/politica-cookies\/","name":"Politique de Cookies &#8211; Luis Pares","isPartOf":{"@id":"https:\/\/luispares.com\/fr\/#website"},"primaryImageOfPage":{"@id":"https:\/\/luispares.com\/fr\/politica-cookies\/#primaryimage"},"image":{"@id":"https:\/\/luispares.com\/fr\/politica-cookies\/#primaryimage"},"thumbnailUrl":"https:\/\/luispares.com\/wp-content\/uploads\/2016\/07\/FeaturedGeneric_v2_LuisPares.jpg","datePublished":"2016-07-18T14:31:51+00:00","dateModified":"2025-03-27T07:01:48+00:00","breadcrumb":{"@id":"https:\/\/luispares.com\/fr\/politica-cookies\/#breadcrumb"},"inLanguage":"fr-FR","potentialAction":[{"@type":"ReadAction","target":["https:\/\/luispares.com\/fr\/politica-cookies\/"]}]},{"@type":"ImageObject","inLanguage":"fr-FR","@id":"https:\/\/luispares.com\/fr\/politica-cookies\/#primaryimage","url":"https:\/\/luispares.com\/wp-content\/uploads\/2016\/07\/FeaturedGeneric_v2_LuisPares.jpg","contentUrl":"https:\/\/luispares.com\/wp-content\/uploads\/2016\/07\/FeaturedGeneric_v2_LuisPares.jpg","width":475,"height":227},{"@type":"BreadcrumbList","@id":"https:\/\/luispares.com\/fr\/politica-cookies\/#breadcrumb","itemListElement":[{"@type":"ListItem","position":1,"name":"Portada","item":"https:\/\/luispares.com\/fr\/"},{"@type":"ListItem","position":2,"name":"Politique de Cookies"}]},{"@type":"WebSite","@id":"https:\/\/luispares.com\/fr\/#website","url":"https:\/\/luispares.com\/fr\/","name":"Luis Pares","description":"Empresa constructora y miembro del Gremi de Constructors de Barcelona.","publisher":{"@id":"https:\/\/luispares.com\/fr\/#organization"},"potentialAction":[{"@type":"SearchAction","target":{"@type":"EntryPoint","urlTemplate":"https:\/\/luispares.com\/fr\/?s={search_term_string}"},"query-input":{"@type":"PropertyValueSpecification","valueRequired":true,"valueName":"search_term_string"}}],"inLanguage":"fr-FR"},{"@type":"Organization","@id":"https:\/\/luispares.com\/fr\/#organization","name":"Luis Par\u00e9s, S.L.","url":"https:\/\/luispares.com\/fr\/","logo":{"@type":"ImageObject","inLanguage":"fr-FR","@id":"https:\/\/luispares.com\/fr\/#\/schema\/logo\/image\/","url":"https:\/\/www.luispares.com\/wp-content\/uploads\/2016\/07\/luispares_logo.png","contentUrl":"https:\/\/www.luispares.com\/wp-content\/uploads\/2016\/07\/luispares_logo.png","width":208,"height":56,"caption":"Luis Par\u00e9s, S.L."},"image":{"@id":"https:\/\/luispares.com\/fr\/#\/schema\/logo\/image\/"},"sameAs":["https:\/\/www.instagram.com\/luispares_sl\/","https:\/\/www.linkedin.com\/company\/luis-par\u00e9s-s-l-","https:\/\/www.youtube.com\/channel\/UCryaT4fZmdocCgSnzi9fiew"]}]}},"_links":{"self":[{"href":"https:\/\/luispares.com\/fr\/wp-json\/wp\/v2\/pages\/9257","targetHints":{"allow":["GET"]}}],"collection":[{"href":"https:\/\/luispares.com\/fr\/wp-json\/wp\/v2\/pages"}],"about":[{"href":"https:\/\/luispares.com\/fr\/wp-json\/wp\/v2\/types\/page"}],"author":[{"embeddable":true,"href":"https:\/\/luispares.com\/fr\/wp-json\/wp\/v2\/users\/3"}],"replies":[{"embeddable":true,"href":"https:\/\/luispares.com\/fr\/wp-json\/wp\/v2\/comments?post=9257"}],"version-history":[{"count":2,"href":"https:\/\/luispares.com\/fr\/wp-json\/wp\/v2\/pages\/9257\/revisions"}],"predecessor-version":[{"id":9261,"href":"https:\/\/luispares.com\/fr\/wp-json\/wp\/v2\/pages\/9257\/revisions\/9261"}],"wp:featuredmedia":[{"embeddable":true,"href":"https:\/\/luispares.com\/fr\/wp-json\/wp\/v2\/media\/6637"}],"wp:attachment":[{"href":"https:\/\/luispares.com\/fr\/wp-json\/wp\/v2\/media?parent=9257"}],"curies":[{"name":"wp","href":"https:\/\/api.w.org\/{rel}","templated":true}]}}