{"id":7093,"date":"2021-05-28T07:43:10","date_gmt":"2021-05-28T05:43:10","guid":{"rendered":"https:\/\/luispares.com\/politica-proteccion-datos\/"},"modified":"2025-03-25T14:38:22","modified_gmt":"2025-03-25T12:38:22","slug":"politica-proteccion-datos","status":"publish","type":"page","link":"https:\/\/luispares.com\/fr\/politica-proteccion-datos\/","title":{"rendered":"Politique de protection des donn\u00e9es"},"content":{"rendered":"<section class=\"wpb-content-wrapper\"><p>[vc_row][vc_column][vc_column_text]<\/p>\n<p>&nbsp;<\/p>\n<p>[\/vc_column_text][vc_column_text]<\/p>\n<p class=\"\" data-start=\"3078\" data-end=\"3994\">La Direction \/ Organe de Gouvernance de <strong>LUIS PAR\u00c9S S.L.<\/strong> (ci-apr\u00e8s, le responsable du traitement) assume la responsabilit\u00e9 et l\u2019engagement les plus \u00e9lev\u00e9s pour l\u2019\u00e9tablissement, la mise en \u0153uvre et le maintien de la pr\u00e9sente Politique de Protection des Donn\u00e9es, en garantissant l\u2019am\u00e9lioration continue du responsable du traitement dans le but d\u2019atteindre l\u2019excellence en mati\u00e8re de conformit\u00e9 au R\u00e8glement (UE) 2016\/679 du Parlement europ\u00e9en et du Conseil du 27 avril 2016 relatif \u00e0 la protection des personnes physiques \u00e0 l\u2019\u00e9gard du traitement des donn\u00e9es \u00e0 caract\u00e8re personnel et \u00e0 la libre circulation de ces donn\u00e9es, et abrogeant la directive 95\/46\/CE (R\u00e8glement G\u00e9n\u00e9ral sur la Protection des Donn\u00e9es &#8211; RGPD) (JOUE L 119\/1, 04-05-2016), ainsi que la r\u00e9glementation espagnole en mati\u00e8re de protection des donn\u00e9es \u00e0 caract\u00e8re personnel (Loi Organique, l\u00e9gislation sectorielle sp\u00e9cifique et ses normes d\u2019application).<\/p>\n<p class=\"\" data-start=\"3996\" data-end=\"4322\">La Politique de Protection des Donn\u00e9es de <strong>LUIS PAR\u00c9S S.L.<\/strong> repose sur le <u>principe de responsabilit\u00e9 proactive<\/u>, selon lequel le responsable du traitement est responsable du respect du cadre juridique et jurisprudentiel r\u00e9gissant ladite politique, et est capable d\u2019en faire la preuve aupr\u00e8s des autorit\u00e9s de contr\u00f4le comp\u00e9tentes.<\/p>\n<p class=\"\" data-start=\"4324\" data-end=\"4532\">\u00c0 ce titre, le responsable du traitement sera guid\u00e9 par les principes suivants, qui doivent servir de guide et de cadre de r\u00e9f\u00e9rence \u00e0 l\u2019ensemble de son personnel dans le traitement des donn\u00e9es personnelles :<\/p>\n<ol class=\"cookiePuntos\">\n<li class=\"\" data-start=\"2727\" data-end=\"3095\">\n<p class=\"\" data-start=\"2729\" data-end=\"3095\"><strong data-start=\"2729\" data-end=\"2759\">Data protection by design:<\/strong> the data controller shall apply, both when determining the means of processing and during the processing itself, appropriate technical and organizational measures\u2014such as pseudonymisation\u2014designed to effectively implement data protection principles, such as data minimisation, and to integrate necessary safeguards into the processing.<\/p>\n<\/li>\n<li class=\"\" data-start=\"3097\" data-end=\"3332\">\n<p class=\"\" data-start=\"3099\" data-end=\"3332\"><strong data-start=\"3099\" data-end=\"3130\">Data protection by default:<\/strong> the data controller shall apply appropriate technical and organizational measures to ensure that, by default, only the personal data necessary for each specific purpose of the processing are processed.<\/p>\n<\/li>\n<li class=\"\" data-start=\"3334\" data-end=\"3508\">\n<p class=\"\" data-start=\"3336\" data-end=\"3508\"><strong data-start=\"3336\" data-end=\"3393\">Data protection throughout the information lifecycle:<\/strong> measures ensuring the protection of personal data shall be applicable throughout the entire information lifecycle.<\/p>\n<\/li>\n<li class=\"\" data-start=\"3510\" data-end=\"3666\">\n<p class=\"\" data-start=\"3512\" data-end=\"3666\"><strong data-start=\"3512\" data-end=\"3555\">Lawfulness, fairness, and transparency:<\/strong> personal data shall be processed lawfully, fairly and in a transparent manner in relation to the data subject.<\/p>\n<\/li>\n<li class=\"\" data-start=\"3668\" data-end=\"3846\">\n<p class=\"\" data-start=\"3670\" data-end=\"3846\"><strong data-start=\"3670\" data-end=\"3693\">Purpose limitation:<\/strong> personal data shall be collected for specified, explicit and legitimate purposes and not further processed in a manner incompatible with those purposes.<\/p>\n<\/li>\n<li class=\"\" data-start=\"3848\" data-end=\"4005\">\n<p class=\"\" data-start=\"3850\" data-end=\"4005\"><strong data-start=\"3850\" data-end=\"3872\">Data minimisation:<\/strong> personal data shall be adequate, relevant and limited to what is necessary in relation to the purposes for which they are processed.<\/p>\n<\/li>\n<li class=\"\" data-start=\"4007\" data-end=\"4209\">\n<p class=\"\" data-start=\"4009\" data-end=\"4209\"><strong data-start=\"4009\" data-end=\"4022\">Accuracy:<\/strong> personal data shall be accurate and, where necessary, kept up to date; every reasonable step shall be taken to ensure that inaccurate personal data are erased or rectified without delay.<\/p>\n<\/li>\n<li class=\"\" data-start=\"4211\" data-end=\"4412\">\n<p class=\"\" data-start=\"4213\" data-end=\"4412\"><strong data-start=\"4213\" data-end=\"4236\">Storage limitation:<\/strong> personal data shall be kept in a form which permits identification of data subjects for no longer than is necessary for the purposes for which the personal data are processed.<\/p>\n<\/li>\n<li class=\"\" data-start=\"4414\" data-end=\"4703\">\n<p class=\"\" data-start=\"4416\" data-end=\"4703\"><strong data-start=\"4416\" data-end=\"4450\">Integrity and confidentiality:<\/strong> personal data shall be processed in a manner that ensures appropriate security, including protection against unauthorised or unlawful processing and against accidental loss, destruction or damage, using appropriate technical or organizational measures.<\/p>\n<\/li>\n<li class=\"\" data-start=\"4705\" data-end=\"5045\">\n<p class=\"\" data-start=\"4707\" data-end=\"5045\"><strong data-start=\"4707\" data-end=\"4736\">Information and training:<\/strong> one of the key elements for ensuring personal data protection is the training and awareness of staff involved in their processing. Throughout the information lifecycle, all staff with access to personal data shall be properly trained and informed about their obligations regarding data protection compliance.<\/p>\n<\/li>\n<\/ol>\n<p class=\"\" data-start=\"1779\" data-end=\"1967\">La Politique de Protection des Donn\u00e9es de <strong>LUIS PAR\u00c9S S.L.<\/strong> est communiqu\u00e9e \u00e0 l\u2019ensemble du personnel du responsable du traitement et mise \u00e0 la disposition de toutes les parties int\u00e9ress\u00e9es.<\/p>\n<p class=\"\" data-start=\"1969\" data-end=\"2422\">En cons\u00e9quence, la pr\u00e9sente Politique de Protection des Donn\u00e9es implique tout le personnel du responsable du traitement, qui doit la conna\u00eetre et l\u2019assumer comme sienne, chaque membre \u00e9tant responsable de sa mise en \u0153uvre et de la v\u00e9rification des r\u00e8gles de protection des donn\u00e9es applicables \u00e0 son activit\u00e9, ainsi que de l\u2019identification et de la proposition d\u2019am\u00e9liorations qu\u2019il juge opportunes afin d\u2019atteindre l\u2019excellence en mati\u00e8re de conformit\u00e9.<\/p>\n<p class=\"\" data-start=\"2424\" data-end=\"2663\">Cette Politique sera r\u00e9vis\u00e9e par la Direction \/ Organe de Gouvernance de <strong>LUIS PAR\u00c9S S.L.<\/strong>, aussi souvent que n\u00e9cessaire, afin de s\u2019adapter en permanence aux dispositions en vigueur en mati\u00e8re de protection des donn\u00e9es \u00e0 caract\u00e8re personnel.<\/p>\n<p>[\/vc_column_text][\/vc_column][\/vc_row]<\/p>\n<\/section>","protected":false},"excerpt":{"rendered":"<p>[vc_row][vc_column][vc_column_text] &nbsp; [\/vc_column_text][vc_column_text] La Direction \/ Organe de Gouvernance de LUIS PAR\u00c9S S.L. (ci-apr\u00e8s, le responsable du traitement) assume la responsabilit\u00e9 et l\u2019engagement les plus \u00e9lev\u00e9s pour l\u2019\u00e9tablissement, la mise en \u0153uvre et le maintien de la pr\u00e9sente Politique de Protection des Donn\u00e9es, en garantissant&#8230;<\/p>\n","protected":false},"author":5,"featured_media":6637,"parent":0,"menu_order":0,"comment_status":"closed","ping_status":"closed","template":"","meta":{"footnotes":""},"class_list":["post-7093","page","type-page","status-publish","has-post-thumbnail","hentry"],"yoast_head":"<!-- This site is optimized with the Yoast SEO plugin v27.3 - https:\/\/yoast.com\/product\/yoast-seo-wordpress\/ -->\n<title>Politique de protection des donn\u00e9es &#8211; Luis Pares<\/title>\n<meta name=\"robots\" content=\"index, follow, max-snippet:-1, max-image-preview:large, max-video-preview:-1\" \/>\n<link rel=\"canonical\" href=\"https:\/\/luispares.com\/fr\/politica-proteccion-datos\/\" \/>\n<meta property=\"og:locale\" content=\"fr_FR\" \/>\n<meta property=\"og:type\" content=\"article\" \/>\n<meta property=\"og:title\" content=\"Politique de protection des donn\u00e9es &#8211; Luis Pares\" \/>\n<meta property=\"og:description\" content=\"[vc_row][vc_column][vc_column_text] &nbsp; [\/vc_column_text][vc_column_text] La Direction \/ Organe de Gouvernance de LUIS PAR\u00c9S S.L. (ci-apr\u00e8s, le responsable du traitement) assume la responsabilit\u00e9 et l\u2019engagement les plus \u00e9lev\u00e9s pour l\u2019\u00e9tablissement, la mise en \u0153uvre et le maintien de la pr\u00e9sente Politique de Protection des Donn\u00e9es, en garantissant...\" \/>\n<meta property=\"og:url\" content=\"https:\/\/luispares.com\/fr\/politica-proteccion-datos\/\" \/>\n<meta property=\"og:site_name\" content=\"Luis Pares\" \/>\n<meta property=\"article:modified_time\" content=\"2025-03-25T12:38:22+00:00\" \/>\n<meta property=\"og:image\" content=\"https:\/\/luispares.com\/wp-content\/uploads\/2016\/07\/FeaturedGeneric_v2_LuisPares.jpg\" \/>\n\t<meta property=\"og:image:width\" content=\"475\" \/>\n\t<meta property=\"og:image:height\" content=\"227\" \/>\n\t<meta property=\"og:image:type\" content=\"image\/jpeg\" \/>\n<meta name=\"twitter:card\" content=\"summary_large_image\" \/>\n<meta name=\"twitter:label1\" content=\"Dur\u00e9e de lecture estim\u00e9e\" \/>\n\t<meta name=\"twitter:data1\" content=\"4 minutes\" \/>\n<script type=\"application\/ld+json\" class=\"yoast-schema-graph\">{\"@context\":\"https:\\\/\\\/schema.org\",\"@graph\":[{\"@type\":\"WebPage\",\"@id\":\"https:\\\/\\\/luispares.com\\\/fr\\\/politica-proteccion-datos\\\/\",\"url\":\"https:\\\/\\\/luispares.com\\\/fr\\\/politica-proteccion-datos\\\/\",\"name\":\"Politique de protection des donn\u00e9es &#8211; Luis Pares\",\"isPartOf\":{\"@id\":\"https:\\\/\\\/luispares.com\\\/fr\\\/#website\"},\"primaryImageOfPage\":{\"@id\":\"https:\\\/\\\/luispares.com\\\/fr\\\/politica-proteccion-datos\\\/#primaryimage\"},\"image\":{\"@id\":\"https:\\\/\\\/luispares.com\\\/fr\\\/politica-proteccion-datos\\\/#primaryimage\"},\"thumbnailUrl\":\"https:\\\/\\\/luispares.com\\\/wp-content\\\/uploads\\\/2016\\\/07\\\/FeaturedGeneric_v2_LuisPares.jpg\",\"datePublished\":\"2021-05-28T05:43:10+00:00\",\"dateModified\":\"2025-03-25T12:38:22+00:00\",\"breadcrumb\":{\"@id\":\"https:\\\/\\\/luispares.com\\\/fr\\\/politica-proteccion-datos\\\/#breadcrumb\"},\"inLanguage\":\"fr-FR\",\"potentialAction\":[{\"@type\":\"ReadAction\",\"target\":[\"https:\\\/\\\/luispares.com\\\/fr\\\/politica-proteccion-datos\\\/\"]}]},{\"@type\":\"ImageObject\",\"inLanguage\":\"fr-FR\",\"@id\":\"https:\\\/\\\/luispares.com\\\/fr\\\/politica-proteccion-datos\\\/#primaryimage\",\"url\":\"https:\\\/\\\/luispares.com\\\/wp-content\\\/uploads\\\/2016\\\/07\\\/FeaturedGeneric_v2_LuisPares.jpg\",\"contentUrl\":\"https:\\\/\\\/luispares.com\\\/wp-content\\\/uploads\\\/2016\\\/07\\\/FeaturedGeneric_v2_LuisPares.jpg\",\"width\":475,\"height\":227},{\"@type\":\"BreadcrumbList\",\"@id\":\"https:\\\/\\\/luispares.com\\\/fr\\\/politica-proteccion-datos\\\/#breadcrumb\",\"itemListElement\":[{\"@type\":\"ListItem\",\"position\":1,\"name\":\"Portada\",\"item\":\"https:\\\/\\\/luispares.com\\\/fr\\\/\"},{\"@type\":\"ListItem\",\"position\":2,\"name\":\"Politique de protection des donn\u00e9es\"}]},{\"@type\":\"WebSite\",\"@id\":\"https:\\\/\\\/luispares.com\\\/fr\\\/#website\",\"url\":\"https:\\\/\\\/luispares.com\\\/fr\\\/\",\"name\":\"Luis Pares\",\"description\":\"Empresa constructora y miembro del Gremi de Constructors de Barcelona.\",\"publisher\":{\"@id\":\"https:\\\/\\\/luispares.com\\\/fr\\\/#organization\"},\"potentialAction\":[{\"@type\":\"SearchAction\",\"target\":{\"@type\":\"EntryPoint\",\"urlTemplate\":\"https:\\\/\\\/luispares.com\\\/fr\\\/?s={search_term_string}\"},\"query-input\":{\"@type\":\"PropertyValueSpecification\",\"valueRequired\":true,\"valueName\":\"search_term_string\"}}],\"inLanguage\":\"fr-FR\"},{\"@type\":\"Organization\",\"@id\":\"https:\\\/\\\/luispares.com\\\/fr\\\/#organization\",\"name\":\"Luis Par\u00e9s, S.L.\",\"url\":\"https:\\\/\\\/luispares.com\\\/fr\\\/\",\"logo\":{\"@type\":\"ImageObject\",\"inLanguage\":\"fr-FR\",\"@id\":\"https:\\\/\\\/luispares.com\\\/fr\\\/#\\\/schema\\\/logo\\\/image\\\/\",\"url\":\"https:\\\/\\\/www.luispares.com\\\/wp-content\\\/uploads\\\/2016\\\/07\\\/luispares_logo.png\",\"contentUrl\":\"https:\\\/\\\/www.luispares.com\\\/wp-content\\\/uploads\\\/2016\\\/07\\\/luispares_logo.png\",\"width\":208,\"height\":56,\"caption\":\"Luis Par\u00e9s, S.L.\"},\"image\":{\"@id\":\"https:\\\/\\\/luispares.com\\\/fr\\\/#\\\/schema\\\/logo\\\/image\\\/\"},\"sameAs\":[\"https:\\\/\\\/www.instagram.com\\\/luispares_sl\\\/\",\"https:\\\/\\\/www.linkedin.com\\\/company\\\/luis-par\u00e9s-s-l-\",\"https:\\\/\\\/www.youtube.com\\\/channel\\\/UCryaT4fZmdocCgSnzi9fiew\"]}]}<\/script>\n<!-- \/ Yoast SEO plugin. -->","yoast_head_json":{"title":"Politique de protection des donn\u00e9es &#8211; Luis Pares","robots":{"index":"index","follow":"follow","max-snippet":"max-snippet:-1","max-image-preview":"max-image-preview:large","max-video-preview":"max-video-preview:-1"},"canonical":"https:\/\/luispares.com\/fr\/politica-proteccion-datos\/","og_locale":"fr_FR","og_type":"article","og_title":"Politique de protection des donn\u00e9es &#8211; Luis Pares","og_description":"[vc_row][vc_column][vc_column_text] &nbsp; [\/vc_column_text][vc_column_text] La Direction \/ Organe de Gouvernance de LUIS PAR\u00c9S S.L. (ci-apr\u00e8s, le responsable du traitement) assume la responsabilit\u00e9 et l\u2019engagement les plus \u00e9lev\u00e9s pour l\u2019\u00e9tablissement, la mise en \u0153uvre et le maintien de la pr\u00e9sente Politique de Protection des Donn\u00e9es, en garantissant...","og_url":"https:\/\/luispares.com\/fr\/politica-proteccion-datos\/","og_site_name":"Luis Pares","article_modified_time":"2025-03-25T12:38:22+00:00","og_image":[{"width":475,"height":227,"url":"https:\/\/luispares.com\/wp-content\/uploads\/2016\/07\/FeaturedGeneric_v2_LuisPares.jpg","type":"image\/jpeg"}],"twitter_card":"summary_large_image","twitter_misc":{"Dur\u00e9e de lecture estim\u00e9e":"4 minutes"},"schema":{"@context":"https:\/\/schema.org","@graph":[{"@type":"WebPage","@id":"https:\/\/luispares.com\/fr\/politica-proteccion-datos\/","url":"https:\/\/luispares.com\/fr\/politica-proteccion-datos\/","name":"Politique de protection des donn\u00e9es &#8211; Luis Pares","isPartOf":{"@id":"https:\/\/luispares.com\/fr\/#website"},"primaryImageOfPage":{"@id":"https:\/\/luispares.com\/fr\/politica-proteccion-datos\/#primaryimage"},"image":{"@id":"https:\/\/luispares.com\/fr\/politica-proteccion-datos\/#primaryimage"},"thumbnailUrl":"https:\/\/luispares.com\/wp-content\/uploads\/2016\/07\/FeaturedGeneric_v2_LuisPares.jpg","datePublished":"2021-05-28T05:43:10+00:00","dateModified":"2025-03-25T12:38:22+00:00","breadcrumb":{"@id":"https:\/\/luispares.com\/fr\/politica-proteccion-datos\/#breadcrumb"},"inLanguage":"fr-FR","potentialAction":[{"@type":"ReadAction","target":["https:\/\/luispares.com\/fr\/politica-proteccion-datos\/"]}]},{"@type":"ImageObject","inLanguage":"fr-FR","@id":"https:\/\/luispares.com\/fr\/politica-proteccion-datos\/#primaryimage","url":"https:\/\/luispares.com\/wp-content\/uploads\/2016\/07\/FeaturedGeneric_v2_LuisPares.jpg","contentUrl":"https:\/\/luispares.com\/wp-content\/uploads\/2016\/07\/FeaturedGeneric_v2_LuisPares.jpg","width":475,"height":227},{"@type":"BreadcrumbList","@id":"https:\/\/luispares.com\/fr\/politica-proteccion-datos\/#breadcrumb","itemListElement":[{"@type":"ListItem","position":1,"name":"Portada","item":"https:\/\/luispares.com\/fr\/"},{"@type":"ListItem","position":2,"name":"Politique de protection des donn\u00e9es"}]},{"@type":"WebSite","@id":"https:\/\/luispares.com\/fr\/#website","url":"https:\/\/luispares.com\/fr\/","name":"Luis Pares","description":"Empresa constructora y miembro del Gremi de Constructors de Barcelona.","publisher":{"@id":"https:\/\/luispares.com\/fr\/#organization"},"potentialAction":[{"@type":"SearchAction","target":{"@type":"EntryPoint","urlTemplate":"https:\/\/luispares.com\/fr\/?s={search_term_string}"},"query-input":{"@type":"PropertyValueSpecification","valueRequired":true,"valueName":"search_term_string"}}],"inLanguage":"fr-FR"},{"@type":"Organization","@id":"https:\/\/luispares.com\/fr\/#organization","name":"Luis Par\u00e9s, S.L.","url":"https:\/\/luispares.com\/fr\/","logo":{"@type":"ImageObject","inLanguage":"fr-FR","@id":"https:\/\/luispares.com\/fr\/#\/schema\/logo\/image\/","url":"https:\/\/www.luispares.com\/wp-content\/uploads\/2016\/07\/luispares_logo.png","contentUrl":"https:\/\/www.luispares.com\/wp-content\/uploads\/2016\/07\/luispares_logo.png","width":208,"height":56,"caption":"Luis Par\u00e9s, S.L."},"image":{"@id":"https:\/\/luispares.com\/fr\/#\/schema\/logo\/image\/"},"sameAs":["https:\/\/www.instagram.com\/luispares_sl\/","https:\/\/www.linkedin.com\/company\/luis-par\u00e9s-s-l-","https:\/\/www.youtube.com\/channel\/UCryaT4fZmdocCgSnzi9fiew"]}]}},"_links":{"self":[{"href":"https:\/\/luispares.com\/fr\/wp-json\/wp\/v2\/pages\/7093","targetHints":{"allow":["GET"]}}],"collection":[{"href":"https:\/\/luispares.com\/fr\/wp-json\/wp\/v2\/pages"}],"about":[{"href":"https:\/\/luispares.com\/fr\/wp-json\/wp\/v2\/types\/page"}],"author":[{"embeddable":true,"href":"https:\/\/luispares.com\/fr\/wp-json\/wp\/v2\/users\/5"}],"replies":[{"embeddable":true,"href":"https:\/\/luispares.com\/fr\/wp-json\/wp\/v2\/comments?post=7093"}],"version-history":[{"count":5,"href":"https:\/\/luispares.com\/fr\/wp-json\/wp\/v2\/pages\/7093\/revisions"}],"predecessor-version":[{"id":9240,"href":"https:\/\/luispares.com\/fr\/wp-json\/wp\/v2\/pages\/7093\/revisions\/9240"}],"wp:featuredmedia":[{"embeddable":true,"href":"https:\/\/luispares.com\/fr\/wp-json\/wp\/v2\/media\/6637"}],"wp:attachment":[{"href":"https:\/\/luispares.com\/fr\/wp-json\/wp\/v2\/media?parent=7093"}],"curies":[{"name":"wp","href":"https:\/\/api.w.org\/{rel}","templated":true}]}}