{"id":1315,"date":"2016-07-15T09:15:04","date_gmt":"2016-07-15T07:15:04","guid":{"rendered":"https:\/\/luispares.com\/fr\/introduccion\/"},"modified":"2020-11-30T12:23:30","modified_gmt":"2020-11-30T10:23:30","slug":"introduccion","status":"publish","type":"page","link":"https:\/\/luispares.com\/fr\/empresa\/introduccion\/","title":{"rendered":"Introduction"},"content":{"rendered":"<section class=\"wpb-content-wrapper\"><p>[vc_row type=\u00a0\u00bbgrid\u00a0\u00bb el_class=\u00a0\u00bbwhitesection\u00a0\u00bb][vc_column][vc_row_inner][vc_column_inner el_class=\u00a0\u00bbcol1&Prime;][vc_column_text]<\/p>\n<h2>Tradici\u00f3n constructora<\/h2>\n<p>LUIS PAR\u00c9S est le r\u00e9sultat d&rsquo;une longue tradition du b\u00e2timent de caract\u00e8re familial qui a commenc\u00e9 \u00e0 la fin du XIXe si\u00e8cle dans la localit\u00e9 barcelonaise de Sant Boi de Llobregat.<\/p>\n<p>L&rsquo;activit\u00e9 du b\u00e2timent d\u00e9bute avec ce que l\u2019on appelle \u00e0 l\u2019\u00e9poque le \u201cmestre d\u2019obres\u201d. Au fil du temps l\u2019entreprise travaillera pour des clients et des architectes dont certains deviendront c\u00e9l\u00e8bre mondialement, comme Gaud\u00ed; pour des \u0153uvres aussi embl\u00e9matiques que la Colonia G\u00fcell \u00e0 Sta. Coloma de Cervell\u00f3.<\/p>\n<p>L\u2019entreprise s\u2019est constitu\u00e9e comme soci\u00e9t\u00e9 mercantile en janvier 1972.Elle existe depuis les ann\u00e9es 30 du si\u00e8cle dernier en tant qu\u2019entreprise unipersonnelle au nom d\u2019Alejo Par\u00e8s carbonell et ensuite d\u00e8s 1956 au nom de Lu\u00eds Par\u00e9s Mestres[\/vc_column_text][\/vc_column_inner][\/vc_row_inner][vc_row_inner][vc_column_inner width=\u00a0\u00bb1\/2&Prime;][vc_single_image image=\u00a0\u00bb846&Prime; img_size=\u00a0\u00bbfull\u00a0\u00bb mmxstudio_css_animation=\u00a0\u00bbelement_from_left\u00a0\u00bb][\/vc_column_inner][vc_column_inner el_class=\u00a0\u00bbcol2&Prime; width=\u00a0\u00bb1\/2&Prime;][vc_column_text]<\/p>\n<h2>Nuestra actividad<\/h2>\n<p>L&rsquo;actif principal de l&rsquo;entreprise est sa solvabilit\u00e9 tout comme la longue exp\u00e9rience de ses cadres dirigeants et techniques, ainsi que du personnel sur le chantier et des ing\u00e9nieurs selon leurs diff\u00e9rentes sp\u00e9cialit\u00e9s de m\u00e9tiers avec lesquels nous travaillons.[\/vc_column_text][\/vc_column_inner][\/vc_row_inner][vc_row_inner][vc_column_inner el_class=\u00a0\u00bbcol1&Prime; width=\u00a0\u00bb1\/2&Prime;][vc_column_text]<\/p>\n<h2>Nuestro equipo<\/h2>\n<p>Los trabajos comprenden desde el movimiento de tierras hasta los acabados finales. Para ejecutar estas tareas, la empresa dispone de directores de obra titulados y personal de obra de dilatada experiencia, as\u00ed como de los medios t\u00e9cnicos requeridos para cada ocasi\u00f3n.[\/vc_column_text][\/vc_column_inner][vc_column_inner width=\u00a0\u00bb1\/2&Prime;][vc_single_image image=\u00a0\u00bb847&Prime; img_size=\u00a0\u00bbfull\u00a0\u00bb alignment=\u00a0\u00bbright\u00a0\u00bb mmxstudio_css_animation=\u00a0\u00bbelement_from_right\u00a0\u00bb][\/vc_column_inner][\/vc_row_inner][vc_row_inner][vc_column_inner width=\u00a0\u00bb1\/2&Prime;][vc_single_image image=\u00a0\u00bb882&Prime; img_size=\u00a0\u00bbfull\u00a0\u00bb mmxstudio_css_animation=\u00a0\u00bbelement_from_left\u00a0\u00bb el_class=\u00a0\u00bbrwdhide\u00a0\u00bb][\/vc_column_inner][vc_column_inner el_class=\u00a0\u00bbcol2&Prime; width=\u00a0\u00bb1\/2&Prime;][vc_column_text]<\/p>\n<h2>M\u00e9moire corporative<\/h2>\n<p>Para construirse un escenario m\u00e1s completo de nuestra actividad, ponemos a su disposici\u00f3n un documento que refleja nuestra misi\u00f3n y valores, adem\u00e1s de un portafolio para conocer nuestros proyectos m\u00e1s relevantes.[\/vc_column_text][vc_btn title=\u00a0\u00bbConsulte la memoria\u00a0\u00bb style=\u00a0\u00bbflat\u00a0\u00bb shape=\u00a0\u00bbsquare\u00a0\u00bb color=\u00a0\u00bbviolet\u00a0\u00bb css_animation=\u00a0\u00bbbottom-to-top\u00a0\u00bb link=\u00a0\u00bburl:%2Fempresa%2Fmemoria-corporativa%2F|title:Memoria%20Corporativa%20Luis%20Par%C3%A9s||\u00a0\u00bb][\/vc_column_inner][\/vc_row_inner][\/vc_column][\/vc_row]<\/p>\n<\/section>","protected":false},"excerpt":{"rendered":"<p>[vc_row type=\u00a0\u00bbgrid\u00a0\u00bb el_class=\u00a0\u00bbwhitesection\u00a0\u00bb][vc_column][vc_row_inner][vc_column_inner el_class=\u00a0\u00bbcol1&Prime;][vc_column_text] Tradici\u00f3n constructora LUIS PAR\u00c9S est le r\u00e9sultat d&rsquo;une longue tradition du b\u00e2timent de caract\u00e8re familial qui a commenc\u00e9 \u00e0 la fin du XIXe si\u00e8cle dans la localit\u00e9 barcelonaise de Sant Boi de Llobregat. L&rsquo;activit\u00e9 du b\u00e2timent d\u00e9bute avec ce que l\u2019on&#8230;<\/p>\n","protected":false},"author":3,"featured_media":929,"parent":1322,"menu_order":1,"comment_status":"closed","ping_status":"closed","template":"full_width.php","meta":{"footnotes":""},"class_list":["post-1315","page","type-page","status-publish","has-post-thumbnail","hentry"],"yoast_head":"<!-- This site is optimized with the Yoast SEO plugin v27.3 - https:\/\/yoast.com\/product\/yoast-seo-wordpress\/ -->\n<title>Introduction &#8211; Luis Pares<\/title>\n<meta name=\"robots\" content=\"index, follow, max-snippet:-1, max-image-preview:large, max-video-preview:-1\" \/>\n<link rel=\"canonical\" href=\"https:\/\/luispares.com\/fr\/empresa\/introduccion\/\" \/>\n<meta property=\"og:locale\" content=\"fr_FR\" \/>\n<meta property=\"og:type\" content=\"article\" \/>\n<meta property=\"og:title\" content=\"Introduction &#8211; Luis Pares\" \/>\n<meta property=\"og:description\" content=\"[vc_row type=\u00a0\u00bbgrid\u00a0\u00bb el_class=\u00a0\u00bbwhitesection\u00a0\u00bb][vc_column][vc_row_inner][vc_column_inner el_class=\u00a0\u00bbcol1&Prime;][vc_column_text] Tradici\u00f3n constructora LUIS PAR\u00c9S est le r\u00e9sultat d&rsquo;une longue tradition du b\u00e2timent de caract\u00e8re familial qui a commenc\u00e9 \u00e0 la fin du XIXe si\u00e8cle dans la localit\u00e9 barcelonaise de Sant Boi de Llobregat. L&rsquo;activit\u00e9 du b\u00e2timent d\u00e9bute avec ce que l\u2019on...\" \/>\n<meta property=\"og:url\" content=\"https:\/\/luispares.com\/fr\/empresa\/introduccion\/\" \/>\n<meta property=\"og:site_name\" content=\"Luis Pares\" \/>\n<meta property=\"article:modified_time\" content=\"2020-11-30T10:23:30+00:00\" \/>\n<meta property=\"og:image\" content=\"https:\/\/luispares.com\/wp-content\/uploads\/2016\/07\/FeaturedGeneric_v2_LuisPares.jpg\" \/>\n\t<meta property=\"og:image:width\" content=\"475\" \/>\n\t<meta property=\"og:image:height\" content=\"227\" \/>\n\t<meta property=\"og:image:type\" content=\"image\/jpeg\" \/>\n<meta name=\"twitter:card\" content=\"summary_large_image\" \/>\n<meta name=\"twitter:label1\" content=\"Dur\u00e9e de lecture estim\u00e9e\" \/>\n\t<meta name=\"twitter:data1\" content=\"2 minutes\" \/>\n<script type=\"application\/ld+json\" class=\"yoast-schema-graph\">{\"@context\":\"https:\\\/\\\/schema.org\",\"@graph\":[{\"@type\":\"WebPage\",\"@id\":\"https:\\\/\\\/luispares.com\\\/fr\\\/empresa\\\/introduccion\\\/\",\"url\":\"https:\\\/\\\/luispares.com\\\/fr\\\/empresa\\\/introduccion\\\/\",\"name\":\"Introduction &#8211; Luis Pares\",\"isPartOf\":{\"@id\":\"https:\\\/\\\/luispares.com\\\/fr\\\/#website\"},\"primaryImageOfPage\":{\"@id\":\"https:\\\/\\\/luispares.com\\\/fr\\\/empresa\\\/introduccion\\\/#primaryimage\"},\"image\":{\"@id\":\"https:\\\/\\\/luispares.com\\\/fr\\\/empresa\\\/introduccion\\\/#primaryimage\"},\"thumbnailUrl\":\"https:\\\/\\\/luispares.com\\\/wp-content\\\/uploads\\\/2016\\\/07\\\/FeaturedGeneric_v2_LuisPares.jpg\",\"datePublished\":\"2016-07-15T07:15:04+00:00\",\"dateModified\":\"2020-11-30T10:23:30+00:00\",\"breadcrumb\":{\"@id\":\"https:\\\/\\\/luispares.com\\\/fr\\\/empresa\\\/introduccion\\\/#breadcrumb\"},\"inLanguage\":\"fr-FR\",\"potentialAction\":[{\"@type\":\"ReadAction\",\"target\":[\"https:\\\/\\\/luispares.com\\\/fr\\\/empresa\\\/introduccion\\\/\"]}]},{\"@type\":\"ImageObject\",\"inLanguage\":\"fr-FR\",\"@id\":\"https:\\\/\\\/luispares.com\\\/fr\\\/empresa\\\/introduccion\\\/#primaryimage\",\"url\":\"https:\\\/\\\/luispares.com\\\/wp-content\\\/uploads\\\/2016\\\/07\\\/FeaturedGeneric_v2_LuisPares.jpg\",\"contentUrl\":\"https:\\\/\\\/luispares.com\\\/wp-content\\\/uploads\\\/2016\\\/07\\\/FeaturedGeneric_v2_LuisPares.jpg\",\"width\":475,\"height\":227},{\"@type\":\"BreadcrumbList\",\"@id\":\"https:\\\/\\\/luispares.com\\\/fr\\\/empresa\\\/introduccion\\\/#breadcrumb\",\"itemListElement\":[{\"@type\":\"ListItem\",\"position\":1,\"name\":\"Portada\",\"item\":\"https:\\\/\\\/luispares.com\\\/fr\\\/\"},{\"@type\":\"ListItem\",\"position\":2,\"name\":\"Entreprise\",\"item\":\"https:\\\/\\\/luispares.com\\\/fr\\\/empresa\\\/\"},{\"@type\":\"ListItem\",\"position\":3,\"name\":\"Introduction\"}]},{\"@type\":\"WebSite\",\"@id\":\"https:\\\/\\\/luispares.com\\\/fr\\\/#website\",\"url\":\"https:\\\/\\\/luispares.com\\\/fr\\\/\",\"name\":\"Luis Pares\",\"description\":\"Empresa constructora y miembro del Gremi de Constructors de Barcelona.\",\"publisher\":{\"@id\":\"https:\\\/\\\/luispares.com\\\/fr\\\/#organization\"},\"potentialAction\":[{\"@type\":\"SearchAction\",\"target\":{\"@type\":\"EntryPoint\",\"urlTemplate\":\"https:\\\/\\\/luispares.com\\\/fr\\\/?s={search_term_string}\"},\"query-input\":{\"@type\":\"PropertyValueSpecification\",\"valueRequired\":true,\"valueName\":\"search_term_string\"}}],\"inLanguage\":\"fr-FR\"},{\"@type\":\"Organization\",\"@id\":\"https:\\\/\\\/luispares.com\\\/fr\\\/#organization\",\"name\":\"Luis Par\u00e9s, S.L.\",\"url\":\"https:\\\/\\\/luispares.com\\\/fr\\\/\",\"logo\":{\"@type\":\"ImageObject\",\"inLanguage\":\"fr-FR\",\"@id\":\"https:\\\/\\\/luispares.com\\\/fr\\\/#\\\/schema\\\/logo\\\/image\\\/\",\"url\":\"https:\\\/\\\/www.luispares.com\\\/wp-content\\\/uploads\\\/2016\\\/07\\\/luispares_logo.png\",\"contentUrl\":\"https:\\\/\\\/www.luispares.com\\\/wp-content\\\/uploads\\\/2016\\\/07\\\/luispares_logo.png\",\"width\":208,\"height\":56,\"caption\":\"Luis Par\u00e9s, S.L.\"},\"image\":{\"@id\":\"https:\\\/\\\/luispares.com\\\/fr\\\/#\\\/schema\\\/logo\\\/image\\\/\"},\"sameAs\":[\"https:\\\/\\\/www.instagram.com\\\/luispares_sl\\\/\",\"https:\\\/\\\/www.linkedin.com\\\/company\\\/luis-par\u00e9s-s-l-\",\"https:\\\/\\\/www.youtube.com\\\/channel\\\/UCryaT4fZmdocCgSnzi9fiew\"]}]}<\/script>\n<!-- \/ Yoast SEO plugin. -->","yoast_head_json":{"title":"Introduction &#8211; Luis Pares","robots":{"index":"index","follow":"follow","max-snippet":"max-snippet:-1","max-image-preview":"max-image-preview:large","max-video-preview":"max-video-preview:-1"},"canonical":"https:\/\/luispares.com\/fr\/empresa\/introduccion\/","og_locale":"fr_FR","og_type":"article","og_title":"Introduction &#8211; Luis Pares","og_description":"[vc_row type=\u00a0\u00bbgrid\u00a0\u00bb el_class=\u00a0\u00bbwhitesection\u00a0\u00bb][vc_column][vc_row_inner][vc_column_inner el_class=\u00a0\u00bbcol1&Prime;][vc_column_text] Tradici\u00f3n constructora LUIS PAR\u00c9S est le r\u00e9sultat d&rsquo;une longue tradition du b\u00e2timent de caract\u00e8re familial qui a commenc\u00e9 \u00e0 la fin du XIXe si\u00e8cle dans la localit\u00e9 barcelonaise de Sant Boi de Llobregat. L&rsquo;activit\u00e9 du b\u00e2timent d\u00e9bute avec ce que l\u2019on...","og_url":"https:\/\/luispares.com\/fr\/empresa\/introduccion\/","og_site_name":"Luis Pares","article_modified_time":"2020-11-30T10:23:30+00:00","og_image":[{"width":475,"height":227,"url":"https:\/\/luispares.com\/wp-content\/uploads\/2016\/07\/FeaturedGeneric_v2_LuisPares.jpg","type":"image\/jpeg"}],"twitter_card":"summary_large_image","twitter_misc":{"Dur\u00e9e de lecture estim\u00e9e":"2 minutes"},"schema":{"@context":"https:\/\/schema.org","@graph":[{"@type":"WebPage","@id":"https:\/\/luispares.com\/fr\/empresa\/introduccion\/","url":"https:\/\/luispares.com\/fr\/empresa\/introduccion\/","name":"Introduction &#8211; Luis Pares","isPartOf":{"@id":"https:\/\/luispares.com\/fr\/#website"},"primaryImageOfPage":{"@id":"https:\/\/luispares.com\/fr\/empresa\/introduccion\/#primaryimage"},"image":{"@id":"https:\/\/luispares.com\/fr\/empresa\/introduccion\/#primaryimage"},"thumbnailUrl":"https:\/\/luispares.com\/wp-content\/uploads\/2016\/07\/FeaturedGeneric_v2_LuisPares.jpg","datePublished":"2016-07-15T07:15:04+00:00","dateModified":"2020-11-30T10:23:30+00:00","breadcrumb":{"@id":"https:\/\/luispares.com\/fr\/empresa\/introduccion\/#breadcrumb"},"inLanguage":"fr-FR","potentialAction":[{"@type":"ReadAction","target":["https:\/\/luispares.com\/fr\/empresa\/introduccion\/"]}]},{"@type":"ImageObject","inLanguage":"fr-FR","@id":"https:\/\/luispares.com\/fr\/empresa\/introduccion\/#primaryimage","url":"https:\/\/luispares.com\/wp-content\/uploads\/2016\/07\/FeaturedGeneric_v2_LuisPares.jpg","contentUrl":"https:\/\/luispares.com\/wp-content\/uploads\/2016\/07\/FeaturedGeneric_v2_LuisPares.jpg","width":475,"height":227},{"@type":"BreadcrumbList","@id":"https:\/\/luispares.com\/fr\/empresa\/introduccion\/#breadcrumb","itemListElement":[{"@type":"ListItem","position":1,"name":"Portada","item":"https:\/\/luispares.com\/fr\/"},{"@type":"ListItem","position":2,"name":"Entreprise","item":"https:\/\/luispares.com\/fr\/empresa\/"},{"@type":"ListItem","position":3,"name":"Introduction"}]},{"@type":"WebSite","@id":"https:\/\/luispares.com\/fr\/#website","url":"https:\/\/luispares.com\/fr\/","name":"Luis Pares","description":"Empresa constructora y miembro del Gremi de Constructors de Barcelona.","publisher":{"@id":"https:\/\/luispares.com\/fr\/#organization"},"potentialAction":[{"@type":"SearchAction","target":{"@type":"EntryPoint","urlTemplate":"https:\/\/luispares.com\/fr\/?s={search_term_string}"},"query-input":{"@type":"PropertyValueSpecification","valueRequired":true,"valueName":"search_term_string"}}],"inLanguage":"fr-FR"},{"@type":"Organization","@id":"https:\/\/luispares.com\/fr\/#organization","name":"Luis Par\u00e9s, S.L.","url":"https:\/\/luispares.com\/fr\/","logo":{"@type":"ImageObject","inLanguage":"fr-FR","@id":"https:\/\/luispares.com\/fr\/#\/schema\/logo\/image\/","url":"https:\/\/www.luispares.com\/wp-content\/uploads\/2016\/07\/luispares_logo.png","contentUrl":"https:\/\/www.luispares.com\/wp-content\/uploads\/2016\/07\/luispares_logo.png","width":208,"height":56,"caption":"Luis Par\u00e9s, S.L."},"image":{"@id":"https:\/\/luispares.com\/fr\/#\/schema\/logo\/image\/"},"sameAs":["https:\/\/www.instagram.com\/luispares_sl\/","https:\/\/www.linkedin.com\/company\/luis-par\u00e9s-s-l-","https:\/\/www.youtube.com\/channel\/UCryaT4fZmdocCgSnzi9fiew"]}]}},"_links":{"self":[{"href":"https:\/\/luispares.com\/fr\/wp-json\/wp\/v2\/pages\/1315","targetHints":{"allow":["GET"]}}],"collection":[{"href":"https:\/\/luispares.com\/fr\/wp-json\/wp\/v2\/pages"}],"about":[{"href":"https:\/\/luispares.com\/fr\/wp-json\/wp\/v2\/types\/page"}],"author":[{"embeddable":true,"href":"https:\/\/luispares.com\/fr\/wp-json\/wp\/v2\/users\/3"}],"replies":[{"embeddable":true,"href":"https:\/\/luispares.com\/fr\/wp-json\/wp\/v2\/comments?post=1315"}],"version-history":[{"count":5,"href":"https:\/\/luispares.com\/fr\/wp-json\/wp\/v2\/pages\/1315\/revisions"}],"predecessor-version":[{"id":5745,"href":"https:\/\/luispares.com\/fr\/wp-json\/wp\/v2\/pages\/1315\/revisions\/5745"}],"up":[{"embeddable":true,"href":"https:\/\/luispares.com\/fr\/wp-json\/wp\/v2\/pages\/1322"}],"wp:featuredmedia":[{"embeddable":true,"href":"https:\/\/luispares.com\/fr\/wp-json\/wp\/v2\/media\/929"}],"wp:attachment":[{"href":"https:\/\/luispares.com\/fr\/wp-json\/wp\/v2\/media?parent=1315"}],"curies":[{"name":"wp","href":"https:\/\/api.w.org\/{rel}","templated":true}]}}