{"id":1308,"date":"2016-07-15T09:15:28","date_gmt":"2016-07-15T07:15:28","guid":{"rendered":"https:\/\/luispares.com\/fr\/estrategia-y-valores\/"},"modified":"2020-11-30T13:10:34","modified_gmt":"2020-11-30T11:10:34","slug":"estrategia-y-valores","status":"publish","type":"page","link":"https:\/\/luispares.com\/fr\/empresa\/estrategia-y-valores\/","title":{"rendered":"Strat\u00e9gie et Valeus"},"content":{"rendered":"<section class=\"wpb-content-wrapper\"><p>[vc_row type=\u00a0\u00bbgrid\u00a0\u00bb el_class=\u00a0\u00bbwhitesection\u00a0\u00bb][vc_column][vc_row_inner][vc_column_inner el_class=\u00a0\u00bbcol1&Prime; width=\u00a0\u00bb1\/2&Prime;][vc_column_text]<\/p>\n<h2>Notre strat\u00e9gie<\/h2>\n<p>Les principaux aspects qui d\u00e9finissent les crit\u00e8res de gestion et la strat\u00e9gie de l\u2019entreprise LUIS PAR\u00c9S sont les suivants:[\/vc_column_text][\/vc_column_inner][vc_column_inner width=\u00a0\u00bb1\/2&Prime;][vc_single_image image=\u00a0\u00bb884&Prime; img_size=\u00a0\u00bbfull\u00a0\u00bb alignment=\u00a0\u00bbright\u00a0\u00bb mmxstudio_css_animation=\u00a0\u00bbelement_from_right\u00a0\u00bb][\/vc_column_inner][\/vc_row_inner][vc_row_inner el_class=\u00a0\u00bbvaloresitems\u00a0\u00bb][vc_column_inner width=\u00a0\u00bb1\/4&Prime;][vc_single_image image=\u00a0\u00bb861&Prime; img_size=\u00a0\u00bbfull\u00a0\u00bb alignment=\u00a0\u00bbcenter\u00a0\u00bb mmxstudio_css_animation=\u00a0\u00bbelement_from_fade\u00a0\u00bb][vc_column_text]<\/p>\n<h4>Organisation dirig\u00e9e aux clients<\/h4>\n<p>Relaci\u00f3n directa con el cliente durante todo el proyecto.[\/vc_column_text][\/vc_column_inner][vc_column_inner width=\u00a0\u00bb1\/4&Prime;][vc_single_image image=\u00a0\u00bb1113&Prime; img_size=\u00a0\u00bbfull\u00a0\u00bb alignment=\u00a0\u00bbcenter\u00a0\u00bb mmxstudio_css_animation=\u00a0\u00bbelement_from_fade\u00a0\u00bb][vc_column_text]<\/p>\n<h4>Estructura patrimonial saneada<\/h4>\n<p>Solvencia econ\u00f3mica contrastada que da seguridad y confianza a clientes y proveedores.[\/vc_column_text][\/vc_column_inner][vc_column_inner width=\u00a0\u00bb1\/4&Prime;][vc_single_image image=\u00a0\u00bb862&Prime; img_size=\u00a0\u00bbfull\u00a0\u00bb alignment=\u00a0\u00bbcenter\u00a0\u00bb mmxstudio_css_animation=\u00a0\u00bbelement_from_fade\u00a0\u00bb][vc_column_text]<\/p>\n<h4>Gestion active du capital intellectuel<\/h4>\n<p>Buscamos una mejora constante de todos los procesos.[\/vc_column_text][\/vc_column_inner][vc_column_inner width=\u00a0\u00bb1\/4&Prime;][vc_single_image image=\u00a0\u00bb1015&Prime; img_size=\u00a0\u00bbfull\u00a0\u00bb alignment=\u00a0\u00bbcenter\u00a0\u00bb mmxstudio_css_animation=\u00a0\u00bbelement_from_fade\u00a0\u00bb][vc_column_text]<\/p>\n<h4>Formation et motivation de l\u2019\u00e9quipe humaine<\/h4>\n<p>Equipo bien formado y con s\u00f3lida experiencia en el sector.[\/vc_column_text][\/vc_column_inner][\/vc_row_inner][vc_row_inner el_class=\u00a0\u00bbvaloresitems\u00a0\u00bb][vc_column_inner width=\u00a0\u00bb1\/4&Prime;][vc_single_image image=\u00a0\u00bb864&Prime; img_size=\u00a0\u00bbfull\u00a0\u00bb alignment=\u00a0\u00bbcenter\u00a0\u00bb mmxstudio_css_animation=\u00a0\u00bbelement_from_fade\u00a0\u00bb][vc_column_text]<\/p>\n<h4>R\u00e9gularit\u00e9 sur le volume des travaux en cours<\/h4>\n<p>Rechercher une croissance durable afin de permettre une structure patrimoniale saine.[\/vc_column_text][\/vc_column_inner][vc_column_inner width=\u00a0\u00bb1\/4&Prime;][vc_single_image image=\u00a0\u00bb865&Prime; img_size=\u00a0\u00bbfull\u00a0\u00bb alignment=\u00a0\u00bbcenter\u00a0\u00bb mmxstudio_css_animation=\u00a0\u00bbelement_from_fade\u00a0\u00bb][vc_column_text]<\/p>\n<h4>Nuevas tecnolog\u00edas de la informaci\u00f3n<\/h4>\n<p>Utilisation intensive des nouvelles technologies de l\u2019information permettant une am\u00e9lioration continue de l\u2019efficacit\u00e9 op\u00e9rative.[\/vc_column_text][\/vc_column_inner][vc_column_inner width=\u00a0\u00bb1\/4&Prime;][vc_single_image image=\u00a0\u00bb866&Prime; img_size=\u00a0\u00bbfull\u00a0\u00bb alignment=\u00a0\u00bbcenter\u00a0\u00bb mmxstudio_css_animation=\u00a0\u00bbelement_from_fade\u00a0\u00bb][vc_column_text]<\/p>\n<h4>Sp\u00e9cialisation<\/h4>\n<p>Sp\u00e9cialisation sur des travaux d\u2019\u00e9dification (immeubles neufs ou restauration) et lotissements.[\/vc_column_text][\/vc_column_inner][vc_column_inner width=\u00a0\u00bb1\/4&Prime;][vc_single_image image=\u00a0\u00bb867&Prime; img_size=\u00a0\u00bbfull\u00a0\u00bb alignment=\u00a0\u00bbcenter\u00a0\u00bb mmxstudio_css_animation=\u00a0\u00bbelement_from_fade\u00a0\u00bb][vc_column_text]<\/p>\n<h4>Concentration sur le march\u00e9 national<\/h4>\n<p>Para una mayor consolidaci\u00f3n dentro del sector.[\/vc_column_text][\/vc_column_inner][\/vc_row_inner][\/vc_column][\/vc_row][vc_row type=\u00a0\u00bbgrid\u00a0\u00bb el_class=\u00a0\u00bbgreysection\u00a0\u00bb][vc_column][vc_row_inner][vc_column_inner el_class=\u00a0\u00bbcol1&Prime; width=\u00a0\u00bb1\/2&Prime;][vc_column_text]<\/p>\n<h2>Notre Valeurs<\/h2>\n<p>Les valeurs prioritaires \u00e9tablies pour les travaux de l\u2019entreprise sont:[\/vc_column_text][\/vc_column_inner][vc_column_inner width=\u00a0\u00bb1\/2&Prime;][vc_single_image image=\u00a0\u00bb885&Prime; img_size=\u00a0\u00bbfull\u00a0\u00bb alignment=\u00a0\u00bbright\u00a0\u00bb mmxstudio_css_animation=\u00a0\u00bbelement_from_right\u00a0\u00bb][\/vc_column_inner][\/vc_row_inner][vc_row_inner el_class=\u00a0\u00bbvaloresitems\u00a0\u00bb][vc_column_inner width=\u00a0\u00bb1\/4&Prime;][vc_single_image image=\u00a0\u00bb869&Prime; img_size=\u00a0\u00bbfull\u00a0\u00bb alignment=\u00a0\u00bbcenter\u00a0\u00bb mmxstudio_css_animation=\u00a0\u00bbelement_from_fade\u00a0\u00bb][vc_column_text]<\/p>\n<h4>Capaces y flexibles<\/h4>\n<p>Nos adaptamos a nuestros clientes, solucionamos sus problemas.[\/vc_column_text][\/vc_column_inner][vc_column_inner width=\u00a0\u00bb1\/4&Prime;][vc_single_image image=\u00a0\u00bb870&Prime; img_size=\u00a0\u00bbfull\u00a0\u00bb alignment=\u00a0\u00bbcenter\u00a0\u00bb mmxstudio_css_animation=\u00a0\u00bbelement_from_fade\u00a0\u00bb][vc_column_text]<\/p>\n<h4>Calendarios sagrados<\/h4>\n<p>Puntualidad en los plazos, sin concesiones.[\/vc_column_text][\/vc_column_inner][vc_column_inner width=\u00a0\u00bb1\/4&Prime;][vc_single_image image=\u00a0\u00bb871&Prime; img_size=\u00a0\u00bbfull\u00a0\u00bb alignment=\u00a0\u00bbcenter\u00a0\u00bb mmxstudio_css_animation=\u00a0\u00bbelement_from_fade\u00a0\u00bb][vc_column_text]<\/p>\n<h4>Presupuestos sin sorpresas<\/h4>\n<p>N\u00fameros muy claros desde el principio y durante toda la obra, sin sopresas ni confusiones.[\/vc_column_text][\/vc_column_inner][vc_column_inner width=\u00a0\u00bb1\/4&Prime;][vc_single_image image=\u00a0\u00bb872&Prime; img_size=\u00a0\u00bbfull\u00a0\u00bb alignment=\u00a0\u00bbcenter\u00a0\u00bb mmxstudio_css_animation=\u00a0\u00bbelement_from_fade\u00a0\u00bb][vc_column_text]<\/p>\n<h4>Coherencia profesional<\/h4>\n<p>Apoyo t\u00e9cnico constante buscando soluciones \u00f3ptimas y coherentes con las buenas pr\u00e1cticas constructivas y con la normativa vigente.[\/vc_column_text][\/vc_column_inner][\/vc_row_inner][vc_row_inner el_class=\u00a0\u00bbvaloresitems\u00a0\u00bb][vc_column_inner width=\u00a0\u00bb1\/3&Prime;][\/vc_column_inner][vc_column_inner width=\u00a0\u00bb1\/3&Prime;][vc_single_image image=\u00a0\u00bb1141&Prime; img_size=\u00a0\u00bbfull\u00a0\u00bb alignment=\u00a0\u00bbcenter\u00a0\u00bb mmxstudio_css_animation=\u00a0\u00bbelement_from_fade\u00a0\u00bb][vc_column_text]<\/p>\n<h4>Seguridad<\/h4>\n<p>Cumplimiento estricto de la legislaci\u00f3n laboral vigente. La seguridad de nuestros trabajadores es la seguridad y tranquilidad de nuestros clientes.[\/vc_column_text][\/vc_column_inner][vc_column_inner width=\u00a0\u00bb1\/3&Prime;][\/vc_column_inner][\/vc_row_inner][\/vc_column][\/vc_row][vc_row type=\u00a0\u00bbgrid\u00a0\u00bb el_class=\u00a0\u00bbproyectosfooter\u00a0\u00bb][vc_column][vc_row_inner][vc_column_inner][vc_column_text]Consulte algunos de nuestros proyectos seleccionados a continuaci\u00f3n[\/vc_column_text][vc_btn title=\u00a0\u00bbTodos los proyectos\u00a0\u00bb style=\u00a0\u00bbflat\u00a0\u00bb shape=\u00a0\u00bbsquare\u00a0\u00bb color=\u00a0\u00bbwhite\u00a0\u00bb align=\u00a0\u00bbcenter\u00a0\u00bb css_animation=\u00a0\u00bbbottom-to-top\u00a0\u00bb link=\u00a0\u00bburl:%2Fproyectos%2F|title:Proyectos%20seleccionados%20Luis%20Par%C3%A9s||\u00a0\u00bb][\/vc_column_inner][\/vc_row_inner][\/vc_column][\/vc_row]<\/p>\n<\/section>","protected":false},"excerpt":{"rendered":"<p>[vc_row type=\u00a0\u00bbgrid\u00a0\u00bb el_class=\u00a0\u00bbwhitesection\u00a0\u00bb][vc_column][vc_row_inner][vc_column_inner el_class=\u00a0\u00bbcol1&Prime; width=\u00a0\u00bb1\/2&Prime;][vc_column_text] Notre strat\u00e9gie Les principaux aspects qui d\u00e9finissent les crit\u00e8res de gestion et la strat\u00e9gie de l\u2019entreprise LUIS PAR\u00c9S sont les suivants:[\/vc_column_text][\/vc_column_inner][vc_column_inner width=\u00a0\u00bb1\/2&Prime;][vc_single_image image=\u00a0\u00bb884&Prime; img_size=\u00a0\u00bbfull\u00a0\u00bb alignment=\u00a0\u00bbright\u00a0\u00bb mmxstudio_css_animation=\u00a0\u00bbelement_from_right\u00a0\u00bb][\/vc_column_inner][\/vc_row_inner][vc_row_inner el_class=\u00a0\u00bbvaloresitems\u00a0\u00bb][vc_column_inner width=\u00a0\u00bb1\/4&Prime;][vc_single_image image=\u00a0\u00bb861&Prime; img_size=\u00a0\u00bbfull\u00a0\u00bb alignment=\u00a0\u00bbcenter\u00a0\u00bb mmxstudio_css_animation=\u00a0\u00bbelement_from_fade\u00a0\u00bb][vc_column_text] Organisation dirig\u00e9e aux clients Relaci\u00f3n directa con el&#8230;<\/p>\n","protected":false},"author":3,"featured_media":929,"parent":1322,"menu_order":3,"comment_status":"closed","ping_status":"closed","template":"full_width.php","meta":{"footnotes":""},"class_list":["post-1308","page","type-page","status-publish","has-post-thumbnail","hentry"],"yoast_head":"<!-- This site is optimized with the Yoast SEO plugin v27.3 - https:\/\/yoast.com\/product\/yoast-seo-wordpress\/ -->\n<title>Strat\u00e9gie et Valeus &#8211; Luis Pares<\/title>\n<meta name=\"robots\" content=\"index, follow, max-snippet:-1, max-image-preview:large, max-video-preview:-1\" \/>\n<link rel=\"canonical\" href=\"https:\/\/luispares.com\/fr\/empresa\/estrategia-y-valores\/\" \/>\n<meta property=\"og:locale\" content=\"fr_FR\" \/>\n<meta property=\"og:type\" content=\"article\" \/>\n<meta property=\"og:title\" content=\"Strat\u00e9gie et Valeus &#8211; Luis Pares\" \/>\n<meta property=\"og:description\" content=\"[vc_row type=\u00a0\u00bbgrid\u00a0\u00bb el_class=\u00a0\u00bbwhitesection\u00a0\u00bb][vc_column][vc_row_inner][vc_column_inner el_class=\u00a0\u00bbcol1&Prime; width=\u00a0\u00bb1\/2&Prime;][vc_column_text] Notre strat\u00e9gie Les principaux aspects qui d\u00e9finissent les crit\u00e8res de gestion et la strat\u00e9gie de l\u2019entreprise LUIS PAR\u00c9S sont les suivants:[\/vc_column_text][\/vc_column_inner][vc_column_inner width=\u00a0\u00bb1\/2&Prime;][vc_single_image image=\u00a0\u00bb884&Prime; img_size=\u00a0\u00bbfull\u00a0\u00bb alignment=\u00a0\u00bbright\u00a0\u00bb mmxstudio_css_animation=\u00a0\u00bbelement_from_right\u00a0\u00bb][\/vc_column_inner][\/vc_row_inner][vc_row_inner el_class=\u00a0\u00bbvaloresitems\u00a0\u00bb][vc_column_inner width=\u00a0\u00bb1\/4&Prime;][vc_single_image image=\u00a0\u00bb861&Prime; img_size=\u00a0\u00bbfull\u00a0\u00bb alignment=\u00a0\u00bbcenter\u00a0\u00bb mmxstudio_css_animation=\u00a0\u00bbelement_from_fade\u00a0\u00bb][vc_column_text] Organisation dirig\u00e9e aux clients Relaci\u00f3n directa con el...\" \/>\n<meta property=\"og:url\" content=\"https:\/\/luispares.com\/fr\/empresa\/estrategia-y-valores\/\" \/>\n<meta property=\"og:site_name\" content=\"Luis Pares\" \/>\n<meta property=\"article:modified_time\" content=\"2020-11-30T11:10:34+00:00\" \/>\n<meta property=\"og:image\" content=\"https:\/\/luispares.com\/wp-content\/uploads\/2016\/07\/FeaturedGeneric_v2_LuisPares.jpg\" \/>\n\t<meta property=\"og:image:width\" content=\"475\" \/>\n\t<meta property=\"og:image:height\" content=\"227\" \/>\n\t<meta property=\"og:image:type\" content=\"image\/jpeg\" \/>\n<meta name=\"twitter:card\" content=\"summary_large_image\" \/>\n<meta name=\"twitter:label1\" content=\"Dur\u00e9e de lecture estim\u00e9e\" \/>\n\t<meta name=\"twitter:data1\" content=\"4 minutes\" \/>\n<script type=\"application\/ld+json\" class=\"yoast-schema-graph\">{\"@context\":\"https:\\\/\\\/schema.org\",\"@graph\":[{\"@type\":\"WebPage\",\"@id\":\"https:\\\/\\\/luispares.com\\\/fr\\\/empresa\\\/estrategia-y-valores\\\/\",\"url\":\"https:\\\/\\\/luispares.com\\\/fr\\\/empresa\\\/estrategia-y-valores\\\/\",\"name\":\"Strat\u00e9gie et Valeus &#8211; Luis Pares\",\"isPartOf\":{\"@id\":\"https:\\\/\\\/luispares.com\\\/fr\\\/#website\"},\"primaryImageOfPage\":{\"@id\":\"https:\\\/\\\/luispares.com\\\/fr\\\/empresa\\\/estrategia-y-valores\\\/#primaryimage\"},\"image\":{\"@id\":\"https:\\\/\\\/luispares.com\\\/fr\\\/empresa\\\/estrategia-y-valores\\\/#primaryimage\"},\"thumbnailUrl\":\"https:\\\/\\\/luispares.com\\\/wp-content\\\/uploads\\\/2016\\\/07\\\/FeaturedGeneric_v2_LuisPares.jpg\",\"datePublished\":\"2016-07-15T07:15:28+00:00\",\"dateModified\":\"2020-11-30T11:10:34+00:00\",\"breadcrumb\":{\"@id\":\"https:\\\/\\\/luispares.com\\\/fr\\\/empresa\\\/estrategia-y-valores\\\/#breadcrumb\"},\"inLanguage\":\"fr-FR\",\"potentialAction\":[{\"@type\":\"ReadAction\",\"target\":[\"https:\\\/\\\/luispares.com\\\/fr\\\/empresa\\\/estrategia-y-valores\\\/\"]}]},{\"@type\":\"ImageObject\",\"inLanguage\":\"fr-FR\",\"@id\":\"https:\\\/\\\/luispares.com\\\/fr\\\/empresa\\\/estrategia-y-valores\\\/#primaryimage\",\"url\":\"https:\\\/\\\/luispares.com\\\/wp-content\\\/uploads\\\/2016\\\/07\\\/FeaturedGeneric_v2_LuisPares.jpg\",\"contentUrl\":\"https:\\\/\\\/luispares.com\\\/wp-content\\\/uploads\\\/2016\\\/07\\\/FeaturedGeneric_v2_LuisPares.jpg\",\"width\":475,\"height\":227},{\"@type\":\"BreadcrumbList\",\"@id\":\"https:\\\/\\\/luispares.com\\\/fr\\\/empresa\\\/estrategia-y-valores\\\/#breadcrumb\",\"itemListElement\":[{\"@type\":\"ListItem\",\"position\":1,\"name\":\"Portada\",\"item\":\"https:\\\/\\\/luispares.com\\\/fr\\\/\"},{\"@type\":\"ListItem\",\"position\":2,\"name\":\"Entreprise\",\"item\":\"https:\\\/\\\/luispares.com\\\/fr\\\/empresa\\\/\"},{\"@type\":\"ListItem\",\"position\":3,\"name\":\"Strat\u00e9gie et Valeus\"}]},{\"@type\":\"WebSite\",\"@id\":\"https:\\\/\\\/luispares.com\\\/fr\\\/#website\",\"url\":\"https:\\\/\\\/luispares.com\\\/fr\\\/\",\"name\":\"Luis Pares\",\"description\":\"Empresa constructora y miembro del Gremi de Constructors de Barcelona.\",\"publisher\":{\"@id\":\"https:\\\/\\\/luispares.com\\\/fr\\\/#organization\"},\"potentialAction\":[{\"@type\":\"SearchAction\",\"target\":{\"@type\":\"EntryPoint\",\"urlTemplate\":\"https:\\\/\\\/luispares.com\\\/fr\\\/?s={search_term_string}\"},\"query-input\":{\"@type\":\"PropertyValueSpecification\",\"valueRequired\":true,\"valueName\":\"search_term_string\"}}],\"inLanguage\":\"fr-FR\"},{\"@type\":\"Organization\",\"@id\":\"https:\\\/\\\/luispares.com\\\/fr\\\/#organization\",\"name\":\"Luis Par\u00e9s, S.L.\",\"url\":\"https:\\\/\\\/luispares.com\\\/fr\\\/\",\"logo\":{\"@type\":\"ImageObject\",\"inLanguage\":\"fr-FR\",\"@id\":\"https:\\\/\\\/luispares.com\\\/fr\\\/#\\\/schema\\\/logo\\\/image\\\/\",\"url\":\"https:\\\/\\\/www.luispares.com\\\/wp-content\\\/uploads\\\/2016\\\/07\\\/luispares_logo.png\",\"contentUrl\":\"https:\\\/\\\/www.luispares.com\\\/wp-content\\\/uploads\\\/2016\\\/07\\\/luispares_logo.png\",\"width\":208,\"height\":56,\"caption\":\"Luis Par\u00e9s, S.L.\"},\"image\":{\"@id\":\"https:\\\/\\\/luispares.com\\\/fr\\\/#\\\/schema\\\/logo\\\/image\\\/\"},\"sameAs\":[\"https:\\\/\\\/www.instagram.com\\\/luispares_sl\\\/\",\"https:\\\/\\\/www.linkedin.com\\\/company\\\/luis-par\u00e9s-s-l-\",\"https:\\\/\\\/www.youtube.com\\\/channel\\\/UCryaT4fZmdocCgSnzi9fiew\"]}]}<\/script>\n<!-- \/ Yoast SEO plugin. -->","yoast_head_json":{"title":"Strat\u00e9gie et Valeus &#8211; Luis Pares","robots":{"index":"index","follow":"follow","max-snippet":"max-snippet:-1","max-image-preview":"max-image-preview:large","max-video-preview":"max-video-preview:-1"},"canonical":"https:\/\/luispares.com\/fr\/empresa\/estrategia-y-valores\/","og_locale":"fr_FR","og_type":"article","og_title":"Strat\u00e9gie et Valeus &#8211; Luis Pares","og_description":"[vc_row type=\u00a0\u00bbgrid\u00a0\u00bb el_class=\u00a0\u00bbwhitesection\u00a0\u00bb][vc_column][vc_row_inner][vc_column_inner el_class=\u00a0\u00bbcol1&Prime; width=\u00a0\u00bb1\/2&Prime;][vc_column_text] Notre strat\u00e9gie Les principaux aspects qui d\u00e9finissent les crit\u00e8res de gestion et la strat\u00e9gie de l\u2019entreprise LUIS PAR\u00c9S sont les suivants:[\/vc_column_text][\/vc_column_inner][vc_column_inner width=\u00a0\u00bb1\/2&Prime;][vc_single_image image=\u00a0\u00bb884&Prime; img_size=\u00a0\u00bbfull\u00a0\u00bb alignment=\u00a0\u00bbright\u00a0\u00bb mmxstudio_css_animation=\u00a0\u00bbelement_from_right\u00a0\u00bb][\/vc_column_inner][\/vc_row_inner][vc_row_inner el_class=\u00a0\u00bbvaloresitems\u00a0\u00bb][vc_column_inner width=\u00a0\u00bb1\/4&Prime;][vc_single_image image=\u00a0\u00bb861&Prime; img_size=\u00a0\u00bbfull\u00a0\u00bb alignment=\u00a0\u00bbcenter\u00a0\u00bb mmxstudio_css_animation=\u00a0\u00bbelement_from_fade\u00a0\u00bb][vc_column_text] Organisation dirig\u00e9e aux clients Relaci\u00f3n directa con el...","og_url":"https:\/\/luispares.com\/fr\/empresa\/estrategia-y-valores\/","og_site_name":"Luis Pares","article_modified_time":"2020-11-30T11:10:34+00:00","og_image":[{"width":475,"height":227,"url":"https:\/\/luispares.com\/wp-content\/uploads\/2016\/07\/FeaturedGeneric_v2_LuisPares.jpg","type":"image\/jpeg"}],"twitter_card":"summary_large_image","twitter_misc":{"Dur\u00e9e de lecture estim\u00e9e":"4 minutes"},"schema":{"@context":"https:\/\/schema.org","@graph":[{"@type":"WebPage","@id":"https:\/\/luispares.com\/fr\/empresa\/estrategia-y-valores\/","url":"https:\/\/luispares.com\/fr\/empresa\/estrategia-y-valores\/","name":"Strat\u00e9gie et Valeus &#8211; Luis Pares","isPartOf":{"@id":"https:\/\/luispares.com\/fr\/#website"},"primaryImageOfPage":{"@id":"https:\/\/luispares.com\/fr\/empresa\/estrategia-y-valores\/#primaryimage"},"image":{"@id":"https:\/\/luispares.com\/fr\/empresa\/estrategia-y-valores\/#primaryimage"},"thumbnailUrl":"https:\/\/luispares.com\/wp-content\/uploads\/2016\/07\/FeaturedGeneric_v2_LuisPares.jpg","datePublished":"2016-07-15T07:15:28+00:00","dateModified":"2020-11-30T11:10:34+00:00","breadcrumb":{"@id":"https:\/\/luispares.com\/fr\/empresa\/estrategia-y-valores\/#breadcrumb"},"inLanguage":"fr-FR","potentialAction":[{"@type":"ReadAction","target":["https:\/\/luispares.com\/fr\/empresa\/estrategia-y-valores\/"]}]},{"@type":"ImageObject","inLanguage":"fr-FR","@id":"https:\/\/luispares.com\/fr\/empresa\/estrategia-y-valores\/#primaryimage","url":"https:\/\/luispares.com\/wp-content\/uploads\/2016\/07\/FeaturedGeneric_v2_LuisPares.jpg","contentUrl":"https:\/\/luispares.com\/wp-content\/uploads\/2016\/07\/FeaturedGeneric_v2_LuisPares.jpg","width":475,"height":227},{"@type":"BreadcrumbList","@id":"https:\/\/luispares.com\/fr\/empresa\/estrategia-y-valores\/#breadcrumb","itemListElement":[{"@type":"ListItem","position":1,"name":"Portada","item":"https:\/\/luispares.com\/fr\/"},{"@type":"ListItem","position":2,"name":"Entreprise","item":"https:\/\/luispares.com\/fr\/empresa\/"},{"@type":"ListItem","position":3,"name":"Strat\u00e9gie et Valeus"}]},{"@type":"WebSite","@id":"https:\/\/luispares.com\/fr\/#website","url":"https:\/\/luispares.com\/fr\/","name":"Luis Pares","description":"Empresa constructora y miembro del Gremi de Constructors de Barcelona.","publisher":{"@id":"https:\/\/luispares.com\/fr\/#organization"},"potentialAction":[{"@type":"SearchAction","target":{"@type":"EntryPoint","urlTemplate":"https:\/\/luispares.com\/fr\/?s={search_term_string}"},"query-input":{"@type":"PropertyValueSpecification","valueRequired":true,"valueName":"search_term_string"}}],"inLanguage":"fr-FR"},{"@type":"Organization","@id":"https:\/\/luispares.com\/fr\/#organization","name":"Luis Par\u00e9s, S.L.","url":"https:\/\/luispares.com\/fr\/","logo":{"@type":"ImageObject","inLanguage":"fr-FR","@id":"https:\/\/luispares.com\/fr\/#\/schema\/logo\/image\/","url":"https:\/\/www.luispares.com\/wp-content\/uploads\/2016\/07\/luispares_logo.png","contentUrl":"https:\/\/www.luispares.com\/wp-content\/uploads\/2016\/07\/luispares_logo.png","width":208,"height":56,"caption":"Luis Par\u00e9s, S.L."},"image":{"@id":"https:\/\/luispares.com\/fr\/#\/schema\/logo\/image\/"},"sameAs":["https:\/\/www.instagram.com\/luispares_sl\/","https:\/\/www.linkedin.com\/company\/luis-par\u00e9s-s-l-","https:\/\/www.youtube.com\/channel\/UCryaT4fZmdocCgSnzi9fiew"]}]}},"_links":{"self":[{"href":"https:\/\/luispares.com\/fr\/wp-json\/wp\/v2\/pages\/1308","targetHints":{"allow":["GET"]}}],"collection":[{"href":"https:\/\/luispares.com\/fr\/wp-json\/wp\/v2\/pages"}],"about":[{"href":"https:\/\/luispares.com\/fr\/wp-json\/wp\/v2\/types\/page"}],"author":[{"embeddable":true,"href":"https:\/\/luispares.com\/fr\/wp-json\/wp\/v2\/users\/3"}],"replies":[{"embeddable":true,"href":"https:\/\/luispares.com\/fr\/wp-json\/wp\/v2\/comments?post=1308"}],"version-history":[{"count":3,"href":"https:\/\/luispares.com\/fr\/wp-json\/wp\/v2\/pages\/1308\/revisions"}],"predecessor-version":[{"id":5747,"href":"https:\/\/luispares.com\/fr\/wp-json\/wp\/v2\/pages\/1308\/revisions\/5747"}],"up":[{"embeddable":true,"href":"https:\/\/luispares.com\/fr\/wp-json\/wp\/v2\/pages\/1322"}],"wp:featuredmedia":[{"embeddable":true,"href":"https:\/\/luispares.com\/fr\/wp-json\/wp\/v2\/media\/929"}],"wp:attachment":[{"href":"https:\/\/luispares.com\/fr\/wp-json\/wp\/v2\/media?parent=1308"}],"curies":[{"name":"wp","href":"https:\/\/api.w.org\/{rel}","templated":true}]}}