{"id":1304,"date":"2016-07-15T09:15:37","date_gmt":"2016-07-15T07:15:37","guid":{"rendered":"https:\/\/luispares.com\/fr\/calidad-y-seguridad\/"},"modified":"2020-11-30T11:47:45","modified_gmt":"2020-11-30T09:47:45","slug":"calidad-y-seguridad","status":"publish","type":"page","link":"https:\/\/luispares.com\/fr\/empresa\/calidad-y-seguridad\/","title":{"rendered":"Qualit\u00e9, s\u00e9curit\u00e9 et environnement"},"content":{"rendered":"<section class=\"wpb-content-wrapper\"><p>[vc_row type=\u00a0\u00bbgrid\u00a0\u00bb el_class=\u00a0\u00bbwhitesection\u00a0\u00bb][vc_column][vc_row_inner el_class=\u00a0\u00bbcalidad\u00a0\u00bb][vc_column_inner el_class=\u00a0\u00bbcol1&Prime; width=\u00a0\u00bb2\/3&Prime;][vc_column_text]<\/p>\n<h2>ISO 9001<br \/>\nSistema de Gesti\u00f3n de la Calidad<\/h2>\n<p>Desde el a\u00f1o 2001, la empresa tiene implantado el sistema ISO (International Organization for Standarization) de gesti\u00f3n de la calidad conforme a la norma UNE EN ISO 9001, obteniendo la acreditaci\u00f3n por la LGAI en julio del 2001. La nueva denominaci\u00f3n comercial de LGAI a partir del a\u00f1o 2003 es la de Applus. Actualmente la entidad certificadora es ENAC.<\/p>\n<p>Este sistema de gesti\u00f3n tiene como principal objetivo suministrar de forma consistente productos que satisfagan los requisitos del cliente y los reglamentarios aplicables, adem\u00e1s de fomentar la mejora continua y prevenir las no conformidades. La herramienta permite mejorar y asegurar la calidad de todo el proceso constructivo, desde el encargo de la obra hasta su entrega final, lo que produce un ahorro en costes y plazos que beneficia finalmente a nuestros clientes.[\/vc_column_text][\/vc_column_inner][vc_column_inner width=\u00a0\u00bb1\/3&Prime;][vc_empty_space height=\u00a0\u00bb50px\u00a0\u00bb][vc_single_image image=\u00a0\u00bb875&Prime; img_size=\u00a0\u00bbfull\u00a0\u00bb alignment=\u00a0\u00bbcenter\u00a0\u00bb][\/vc_column_inner][\/vc_row_inner][vc_row_inner el_class=\u00a0\u00bbcalidad\u00a0\u00bb][vc_column_inner el_class=\u00a0\u00bbcol1&Prime; width=\u00a0\u00bb2\/3&Prime;][vc_column_text]<\/p>\n<h2>OHSAS 18001<br \/>\nSistema de gesti\u00f3n de seguridad y salud en el trabajo<\/h2>\n<p>La empresa tiene implantado un sistema de Gesti\u00f3n de Prevenci\u00f3n de Riesgos Laborales seg\u00fan la especificaci\u00f3n de la Health and Safety Assessement Series, conocido popularmente bajo las siglas OHSAS 18001.<\/p>\n<p>Esta certificaci\u00f3n se rige por una Pol\u00edtica de Prevenci\u00f3n de Riesgos Laborales que se sustenta en el compromiso de mejora continua para cumplir con la legislaci\u00f3n aplicable. Otros principios son la documentaci\u00f3n, implantaci\u00f3n y mantenimiento del sistema y la revisi\u00f3n peri\u00f3dica para asegurarse que la certificaci\u00f3n sigue siendo apropiada para la organizaci\u00f3n. La excelencia en la gesti\u00f3n de la Seguridad y la Salud en obra, documentando exhaustivamente todo el proceso de su gesti\u00f3n, y teniendo a nuestros mandos directivos y personal de obra formado en esta disciplina, proporciona a LUIS PAR\u00c9S y a nuestros clientes seguridad jur\u00eddica ante la multitud de incidencias que pueden derivarse del incumplimiento de la actual normativa, ya no s\u00f3lo desde el punto de vista laboral, sino tambi\u00e9n del fiscal, civil o incluso penal.[\/vc_column_text][\/vc_column_inner][vc_column_inner width=\u00a0\u00bb1\/3&Prime;][vc_empty_space height=\u00a0\u00bb50px\u00a0\u00bb][vc_single_image image=\u00a0\u00bb876&Prime; img_size=\u00a0\u00bbfull\u00a0\u00bb alignment=\u00a0\u00bbcenter\u00a0\u00bb][\/vc_column_inner][\/vc_row_inner][vc_row_inner el_class=\u00a0\u00bbcalidad\u00a0\u00bb][vc_column_inner el_class=\u00a0\u00bbcol1&Prime; width=\u00a0\u00bb2\/3&Prime;][vc_column_text]<\/p>\n<h2>ISO 14001<br \/>\nSistema de Gesti\u00f3n Ambiental<\/h2>\n<p>Desde 2017 LUIS PAR\u00c9S tiene acreditado por Applus la norma internacional ISO 14001, de Sistema de Gesti\u00f3n Ambiental que identifica, prioriza y gestiona los riesgos ambientales en el d\u00eda a d\u00eda de su gesti\u00f3n empresarial.<\/p>\n<p>Con este sistema se consigue entre otros los siguientes objetivos:<\/p>\n<ul>\n<li>Uso eficiente de las materias primas y de los recursos energ\u00e9ticos.<\/li>\n<li>Clasificaci\u00f3n y reciclaje de los residuos en todas las \u00e1reas de actividad de la empresa.<\/li>\n<li>Reducci\u00f3n de riesgos asociados a problemas de contaminaci\u00f3n y a las sanciones que se pudiera derivar.<\/li>\n<li>Control y cumplimiento de toda la normativa ambiental relacionada con los productos utilizados y procesos seguidos en la empresa.<\/li>\n<li>Revisi\u00f3n peri\u00f3dica de los objetivos establecidos en materia medioambiental para evaluar su cumplimiento con el firme compromiso de seguir un proceso de mejora continua.<\/li>\n<li>Todo el sistema est\u00e1 orientado a mitigar al m\u00e1ximo los impactos medioambientales derivados de las operaciones de la actividad constructora de LUIS PAR\u00c9S.<\/li>\n<\/ul>\n<p>[\/vc_column_text][\/vc_column_inner][vc_column_inner width=\u00a0\u00bb1\/3&Prime;][vc_empty_space height=\u00a0\u00bb50px\u00a0\u00bb][\/vc_column_inner][\/vc_row_inner][vc_row_inner el_class=\u00a0\u00bbcalidad\u00a0\u00bb][vc_column_inner el_class=\u00a0\u00bbcol1&Prime; width=\u00a0\u00bb2\/3&Prime;][vc_column_text]<\/p>\n<h2>Seguros<\/h2>\n<p>Tenemos contratada una p\u00f3liza abierta de Responsabilidad Civil y Patronal que incluye gr\u00faas y maquinaria con un capital de 3.000.000\u20ac y una de Todo Riesgo Construcci\u00f3n con un capital equivalente a los importes de las obras contratadas. Nuestro agente de seguros es:<\/p>\n<p><a href=\"http:\/\/www.ferrerojeda.com\/\" target=\"_blank\" rel=\"noopener noreferrer\">Ferrer&amp;Ojeda \/ Sr. Ram\u00f3n Bertr\u00e1n<\/a><br \/>\nC\/Tamarit, 155, 08015 Barcelona &#8211; Tel.: 93 280 59 59 &#8211; <a href=\"&#x6d;&#x61;&#x69;&#x6c;&#x74;&#x6f;&#x3a;&#x72;&#x62;&#x65;&#x72;&#x74;&#x72;&#x61;&#x6e;&#x40;&#x66;&#x65;&#x72;&#x72;&#x65;&#x72;&#x6f;&#x6a;&#x65;&#x64;&#x61;&#x2e;&#x63;&#x6f;&#x6d;\">rb&#101;&#114;&#x74;&#x72;&#x61;&#x6e;&#64;f&#101;&#114;&#x72;&#x65;&#x72;&#x6f;je&#100;&#97;&#46;&#x63;&#x6f;&#x6d;<\/a>[\/vc_column_text][\/vc_column_inner][vc_column_inner width=\u00a0\u00bb1\/3&Prime;][vc_empty_space height=\u00a0\u00bb50px\u00a0\u00bb][vc_single_image image=\u00a0\u00bb901&Prime; img_size=\u00a0\u00bbfull\u00a0\u00bb alignment=\u00a0\u00bbcenter\u00a0\u00bb][\/vc_column_inner][\/vc_row_inner][\/vc_column][\/vc_row][vc_row type=\u00a0\u00bbgrid\u00a0\u00bb el_class=\u00a0\u00bbproyectosfooter\u00a0\u00bb][vc_column][vc_row_inner][vc_column_inner][vc_column_text]Consulte algunos de nuestros proyectos seleccionados a continuaci\u00f3n[\/vc_column_text][vc_btn title=\u00a0\u00bbTodos los proyectos\u00a0\u00bb style=\u00a0\u00bbflat\u00a0\u00bb shape=\u00a0\u00bbsquare\u00a0\u00bb color=\u00a0\u00bbwhite\u00a0\u00bb align=\u00a0\u00bbcenter\u00a0\u00bb css_animation=\u00a0\u00bbbottom-to-top\u00a0\u00bb link=\u00a0\u00bburl:%2Fproyectos%2F|title:Proyectos%20seleccionados%20Luis%20Par%C3%A9s||\u00a0\u00bb][\/vc_column_inner][\/vc_row_inner][\/vc_column][\/vc_row]<\/p>\n<\/section>","protected":false},"excerpt":{"rendered":"<p>[vc_row type=\u00a0\u00bbgrid\u00a0\u00bb el_class=\u00a0\u00bbwhitesection\u00a0\u00bb][vc_column][vc_row_inner el_class=\u00a0\u00bbcalidad\u00a0\u00bb][vc_column_inner el_class=\u00a0\u00bbcol1&Prime; width=\u00a0\u00bb2\/3&Prime;][vc_column_text] ISO 9001 Sistema de Gesti\u00f3n de la Calidad Desde el a\u00f1o 2001, la empresa tiene implantado el sistema ISO (International Organization for Standarization) de gesti\u00f3n de la calidad conforme a la norma UNE EN ISO 9001, obteniendo la acreditaci\u00f3n&#8230;<\/p>\n","protected":false},"author":3,"featured_media":929,"parent":1322,"menu_order":4,"comment_status":"closed","ping_status":"closed","template":"full_width.php","meta":{"footnotes":""},"class_list":["post-1304","page","type-page","status-publish","has-post-thumbnail","hentry"],"yoast_head":"<!-- This site is optimized with the Yoast SEO plugin v27.2 - https:\/\/yoast.com\/product\/yoast-seo-wordpress\/ -->\n<title>Qualit\u00e9, s\u00e9curit\u00e9 et environnement &#8211; Luis Pares<\/title>\n<meta name=\"robots\" content=\"index, follow, max-snippet:-1, max-image-preview:large, max-video-preview:-1\" \/>\n<link rel=\"canonical\" href=\"https:\/\/luispares.com\/fr\/empresa\/calidad-y-seguridad\/\" \/>\n<meta property=\"og:locale\" content=\"fr_FR\" \/>\n<meta property=\"og:type\" content=\"article\" \/>\n<meta property=\"og:title\" content=\"Qualit\u00e9, s\u00e9curit\u00e9 et environnement &#8211; Luis Pares\" \/>\n<meta property=\"og:description\" content=\"[vc_row type=\u00a0\u00bbgrid\u00a0\u00bb el_class=\u00a0\u00bbwhitesection\u00a0\u00bb][vc_column][vc_row_inner el_class=\u00a0\u00bbcalidad\u00a0\u00bb][vc_column_inner el_class=\u00a0\u00bbcol1&Prime; width=\u00a0\u00bb2\/3&Prime;][vc_column_text] ISO 9001 Sistema de Gesti\u00f3n de la Calidad Desde el a\u00f1o 2001, la empresa tiene implantado el sistema ISO (International Organization for Standarization) de gesti\u00f3n de la calidad conforme a la norma UNE EN ISO 9001, obteniendo la acreditaci\u00f3n...\" \/>\n<meta property=\"og:url\" content=\"https:\/\/luispares.com\/fr\/empresa\/calidad-y-seguridad\/\" \/>\n<meta property=\"og:site_name\" content=\"Luis Pares\" \/>\n<meta property=\"article:modified_time\" content=\"2020-11-30T09:47:45+00:00\" \/>\n<meta property=\"og:image\" content=\"https:\/\/luispares.com\/wp-content\/uploads\/2016\/07\/FeaturedGeneric_v2_LuisPares.jpg\" \/>\n\t<meta property=\"og:image:width\" content=\"475\" \/>\n\t<meta property=\"og:image:height\" content=\"227\" \/>\n\t<meta property=\"og:image:type\" content=\"image\/jpeg\" \/>\n<meta name=\"twitter:card\" content=\"summary_large_image\" \/>\n<meta name=\"twitter:label1\" content=\"Dur\u00e9e de lecture estim\u00e9e\" \/>\n\t<meta name=\"twitter:data1\" content=\"4 minutes\" \/>\n<script type=\"application\/ld+json\" class=\"yoast-schema-graph\">{\"@context\":\"https:\/\/schema.org\",\"@graph\":[{\"@type\":\"WebPage\",\"@id\":\"https:\/\/luispares.com\/fr\/empresa\/calidad-y-seguridad\/\",\"url\":\"https:\/\/luispares.com\/fr\/empresa\/calidad-y-seguridad\/\",\"name\":\"Qualit\u00e9, s\u00e9curit\u00e9 et environnement &#8211; Luis Pares\",\"isPartOf\":{\"@id\":\"https:\/\/luispares.com\/fr\/#website\"},\"primaryImageOfPage\":{\"@id\":\"https:\/\/luispares.com\/fr\/empresa\/calidad-y-seguridad\/#primaryimage\"},\"image\":{\"@id\":\"https:\/\/luispares.com\/fr\/empresa\/calidad-y-seguridad\/#primaryimage\"},\"thumbnailUrl\":\"https:\/\/luispares.com\/wp-content\/uploads\/2016\/07\/FeaturedGeneric_v2_LuisPares.jpg\",\"datePublished\":\"2016-07-15T07:15:37+00:00\",\"dateModified\":\"2020-11-30T09:47:45+00:00\",\"breadcrumb\":{\"@id\":\"https:\/\/luispares.com\/fr\/empresa\/calidad-y-seguridad\/#breadcrumb\"},\"inLanguage\":\"fr-FR\",\"potentialAction\":[{\"@type\":\"ReadAction\",\"target\":[\"https:\/\/luispares.com\/fr\/empresa\/calidad-y-seguridad\/\"]}]},{\"@type\":\"ImageObject\",\"inLanguage\":\"fr-FR\",\"@id\":\"https:\/\/luispares.com\/fr\/empresa\/calidad-y-seguridad\/#primaryimage\",\"url\":\"https:\/\/luispares.com\/wp-content\/uploads\/2016\/07\/FeaturedGeneric_v2_LuisPares.jpg\",\"contentUrl\":\"https:\/\/luispares.com\/wp-content\/uploads\/2016\/07\/FeaturedGeneric_v2_LuisPares.jpg\",\"width\":475,\"height\":227},{\"@type\":\"BreadcrumbList\",\"@id\":\"https:\/\/luispares.com\/fr\/empresa\/calidad-y-seguridad\/#breadcrumb\",\"itemListElement\":[{\"@type\":\"ListItem\",\"position\":1,\"name\":\"Portada\",\"item\":\"https:\/\/luispares.com\/fr\/\"},{\"@type\":\"ListItem\",\"position\":2,\"name\":\"Entreprise\",\"item\":\"https:\/\/luispares.com\/fr\/empresa\/\"},{\"@type\":\"ListItem\",\"position\":3,\"name\":\"Qualit\u00e9, s\u00e9curit\u00e9 et environnement\"}]},{\"@type\":\"WebSite\",\"@id\":\"https:\/\/luispares.com\/fr\/#website\",\"url\":\"https:\/\/luispares.com\/fr\/\",\"name\":\"Luis Pares\",\"description\":\"Empresa constructora y miembro del Gremi de Constructors de Barcelona.\",\"publisher\":{\"@id\":\"https:\/\/luispares.com\/fr\/#organization\"},\"potentialAction\":[{\"@type\":\"SearchAction\",\"target\":{\"@type\":\"EntryPoint\",\"urlTemplate\":\"https:\/\/luispares.com\/fr\/?s={search_term_string}\"},\"query-input\":{\"@type\":\"PropertyValueSpecification\",\"valueRequired\":true,\"valueName\":\"search_term_string\"}}],\"inLanguage\":\"fr-FR\"},{\"@type\":\"Organization\",\"@id\":\"https:\/\/luispares.com\/fr\/#organization\",\"name\":\"Luis Par\u00e9s, S.L.\",\"url\":\"https:\/\/luispares.com\/fr\/\",\"logo\":{\"@type\":\"ImageObject\",\"inLanguage\":\"fr-FR\",\"@id\":\"https:\/\/luispares.com\/fr\/#\/schema\/logo\/image\/\",\"url\":\"https:\/\/www.luispares.com\/wp-content\/uploads\/2016\/07\/luispares_logo.png\",\"contentUrl\":\"https:\/\/www.luispares.com\/wp-content\/uploads\/2016\/07\/luispares_logo.png\",\"width\":208,\"height\":56,\"caption\":\"Luis Par\u00e9s, S.L.\"},\"image\":{\"@id\":\"https:\/\/luispares.com\/fr\/#\/schema\/logo\/image\/\"},\"sameAs\":[\"https:\/\/www.instagram.com\/luispares_sl\/\",\"https:\/\/www.linkedin.com\/company\/luis-par\u00e9s-s-l-\",\"https:\/\/www.youtube.com\/channel\/UCryaT4fZmdocCgSnzi9fiew\"]}]}<\/script>\n<!-- \/ Yoast SEO plugin. -->","yoast_head_json":{"title":"Qualit\u00e9, s\u00e9curit\u00e9 et environnement &#8211; Luis Pares","robots":{"index":"index","follow":"follow","max-snippet":"max-snippet:-1","max-image-preview":"max-image-preview:large","max-video-preview":"max-video-preview:-1"},"canonical":"https:\/\/luispares.com\/fr\/empresa\/calidad-y-seguridad\/","og_locale":"fr_FR","og_type":"article","og_title":"Qualit\u00e9, s\u00e9curit\u00e9 et environnement &#8211; Luis Pares","og_description":"[vc_row type=\u00a0\u00bbgrid\u00a0\u00bb el_class=\u00a0\u00bbwhitesection\u00a0\u00bb][vc_column][vc_row_inner el_class=\u00a0\u00bbcalidad\u00a0\u00bb][vc_column_inner el_class=\u00a0\u00bbcol1&Prime; width=\u00a0\u00bb2\/3&Prime;][vc_column_text] ISO 9001 Sistema de Gesti\u00f3n de la Calidad Desde el a\u00f1o 2001, la empresa tiene implantado el sistema ISO (International Organization for Standarization) de gesti\u00f3n de la calidad conforme a la norma UNE EN ISO 9001, obteniendo la acreditaci\u00f3n...","og_url":"https:\/\/luispares.com\/fr\/empresa\/calidad-y-seguridad\/","og_site_name":"Luis Pares","article_modified_time":"2020-11-30T09:47:45+00:00","og_image":[{"width":475,"height":227,"url":"https:\/\/luispares.com\/wp-content\/uploads\/2016\/07\/FeaturedGeneric_v2_LuisPares.jpg","type":"image\/jpeg"}],"twitter_card":"summary_large_image","twitter_misc":{"Dur\u00e9e de lecture estim\u00e9e":"4 minutes"},"schema":{"@context":"https:\/\/schema.org","@graph":[{"@type":"WebPage","@id":"https:\/\/luispares.com\/fr\/empresa\/calidad-y-seguridad\/","url":"https:\/\/luispares.com\/fr\/empresa\/calidad-y-seguridad\/","name":"Qualit\u00e9, s\u00e9curit\u00e9 et environnement &#8211; Luis Pares","isPartOf":{"@id":"https:\/\/luispares.com\/fr\/#website"},"primaryImageOfPage":{"@id":"https:\/\/luispares.com\/fr\/empresa\/calidad-y-seguridad\/#primaryimage"},"image":{"@id":"https:\/\/luispares.com\/fr\/empresa\/calidad-y-seguridad\/#primaryimage"},"thumbnailUrl":"https:\/\/luispares.com\/wp-content\/uploads\/2016\/07\/FeaturedGeneric_v2_LuisPares.jpg","datePublished":"2016-07-15T07:15:37+00:00","dateModified":"2020-11-30T09:47:45+00:00","breadcrumb":{"@id":"https:\/\/luispares.com\/fr\/empresa\/calidad-y-seguridad\/#breadcrumb"},"inLanguage":"fr-FR","potentialAction":[{"@type":"ReadAction","target":["https:\/\/luispares.com\/fr\/empresa\/calidad-y-seguridad\/"]}]},{"@type":"ImageObject","inLanguage":"fr-FR","@id":"https:\/\/luispares.com\/fr\/empresa\/calidad-y-seguridad\/#primaryimage","url":"https:\/\/luispares.com\/wp-content\/uploads\/2016\/07\/FeaturedGeneric_v2_LuisPares.jpg","contentUrl":"https:\/\/luispares.com\/wp-content\/uploads\/2016\/07\/FeaturedGeneric_v2_LuisPares.jpg","width":475,"height":227},{"@type":"BreadcrumbList","@id":"https:\/\/luispares.com\/fr\/empresa\/calidad-y-seguridad\/#breadcrumb","itemListElement":[{"@type":"ListItem","position":1,"name":"Portada","item":"https:\/\/luispares.com\/fr\/"},{"@type":"ListItem","position":2,"name":"Entreprise","item":"https:\/\/luispares.com\/fr\/empresa\/"},{"@type":"ListItem","position":3,"name":"Qualit\u00e9, s\u00e9curit\u00e9 et environnement"}]},{"@type":"WebSite","@id":"https:\/\/luispares.com\/fr\/#website","url":"https:\/\/luispares.com\/fr\/","name":"Luis Pares","description":"Empresa constructora y miembro del Gremi de Constructors de Barcelona.","publisher":{"@id":"https:\/\/luispares.com\/fr\/#organization"},"potentialAction":[{"@type":"SearchAction","target":{"@type":"EntryPoint","urlTemplate":"https:\/\/luispares.com\/fr\/?s={search_term_string}"},"query-input":{"@type":"PropertyValueSpecification","valueRequired":true,"valueName":"search_term_string"}}],"inLanguage":"fr-FR"},{"@type":"Organization","@id":"https:\/\/luispares.com\/fr\/#organization","name":"Luis Par\u00e9s, S.L.","url":"https:\/\/luispares.com\/fr\/","logo":{"@type":"ImageObject","inLanguage":"fr-FR","@id":"https:\/\/luispares.com\/fr\/#\/schema\/logo\/image\/","url":"https:\/\/www.luispares.com\/wp-content\/uploads\/2016\/07\/luispares_logo.png","contentUrl":"https:\/\/www.luispares.com\/wp-content\/uploads\/2016\/07\/luispares_logo.png","width":208,"height":56,"caption":"Luis Par\u00e9s, S.L."},"image":{"@id":"https:\/\/luispares.com\/fr\/#\/schema\/logo\/image\/"},"sameAs":["https:\/\/www.instagram.com\/luispares_sl\/","https:\/\/www.linkedin.com\/company\/luis-par\u00e9s-s-l-","https:\/\/www.youtube.com\/channel\/UCryaT4fZmdocCgSnzi9fiew"]}]}},"_links":{"self":[{"href":"https:\/\/luispares.com\/fr\/wp-json\/wp\/v2\/pages\/1304","targetHints":{"allow":["GET"]}}],"collection":[{"href":"https:\/\/luispares.com\/fr\/wp-json\/wp\/v2\/pages"}],"about":[{"href":"https:\/\/luispares.com\/fr\/wp-json\/wp\/v2\/types\/page"}],"author":[{"embeddable":true,"href":"https:\/\/luispares.com\/fr\/wp-json\/wp\/v2\/users\/3"}],"replies":[{"embeddable":true,"href":"https:\/\/luispares.com\/fr\/wp-json\/wp\/v2\/comments?post=1304"}],"version-history":[{"count":5,"href":"https:\/\/luispares.com\/fr\/wp-json\/wp\/v2\/pages\/1304\/revisions"}],"predecessor-version":[{"id":5692,"href":"https:\/\/luispares.com\/fr\/wp-json\/wp\/v2\/pages\/1304\/revisions\/5692"}],"up":[{"embeddable":true,"href":"https:\/\/luispares.com\/fr\/wp-json\/wp\/v2\/pages\/1322"}],"wp:featuredmedia":[{"embeddable":true,"href":"https:\/\/luispares.com\/fr\/wp-json\/wp\/v2\/media\/929"}],"wp:attachment":[{"href":"https:\/\/luispares.com\/fr\/wp-json\/wp\/v2\/media?parent=1304"}],"curies":[{"name":"wp","href":"https:\/\/api.w.org\/{rel}","templated":true}]}}