{"id":1301,"date":"2016-07-15T09:15:49","date_gmt":"2016-07-15T07:15:49","guid":{"rendered":"https:\/\/luispares.com\/fr\/contratistas-del-estado\/"},"modified":"2020-11-30T13:57:07","modified_gmt":"2020-11-30T11:57:07","slug":"contratistas-del-estado","status":"publish","type":"page","link":"https:\/\/luispares.com\/fr\/empresa\/contratistas-del-estado\/","title":{"rendered":"Prestataires de l\u2019\u00e9tat"},"content":{"rendered":"<section class=\"wpb-content-wrapper\"><p>[vc_row type=\u00a0\u00bbgrid\u00a0\u00bb el_class=\u00a0\u00bbwhitesection\u00a0\u00bb][vc_column][vc_row_inner][vc_column_inner el_class=\u00a0\u00bbcol1&Prime; width=\u00a0\u00bb1\/2&Prime;][vc_column_text]<\/p>\n<h2>Certificados por la Administraci\u00f3n<\/h2>\n<p>Poseemos el Certificado de Clasificaci\u00f3n Empresarial (n\u00famero 6.669 en el Registro Oficial de Contratistas), que renovamos regularmente, para poder contratar con las Administraciones P\u00fablicas, tanto a nivel de Catalu\u00f1a como a nivel estatal, con una clasificaci\u00f3n que nos permite licitar por todo tipo de obras de edificaci\u00f3n, urbanizaci\u00f3n y rehabilitaci\u00f3n.[\/vc_column_text][\/vc_column_inner][vc_column_inner width=\u00a0\u00bb1\/2&Prime;][vc_single_image image=\u00a0\u00bb879&Prime; img_size=\u00a0\u00bbfull\u00a0\u00bb alignment=\u00a0\u00bbright\u00a0\u00bb mmxstudio_css_animation=\u00a0\u00bbelement_from_right\u00a0\u00bb][\/vc_column_inner][\/vc_row_inner][vc_row_inner][vc_column_inner width=\u00a0\u00bb1\/2&Prime;][vc_single_image image=\u00a0\u00bb880&Prime; img_size=\u00a0\u00bbfull\u00a0\u00bb alignment=\u00a0\u00bbright\u00a0\u00bb mmxstudio_css_animation=\u00a0\u00bbelement_from_right\u00a0\u00bb el_class=\u00a0\u00bbrwdhide\u00a0\u00bb][\/vc_column_inner][vc_column_inner el_class=\u00a0\u00bbcol2&Prime; width=\u00a0\u00bb1\/2&Prime;][vc_column_text]<\/p>\n<h2>Obras contratadas<\/h2>\n<p>Hemos contratado obras con diversas administraciones, entre otras: Infraestructures.cat (antes GISA), ADIGSA, Ayuntamientos (Barcelona, Cornell\u00e0, Sant Boi), de diversas tipolog\u00edas como colegios, centros m\u00e9dicos, urbanizaciones, parques, instalaciones deportivas, etc.[\/vc_column_text][\/vc_column_inner][\/vc_row_inner][\/vc_column][\/vc_row][vc_row type=\u00a0\u00bbgrid\u00a0\u00bb el_class=\u00a0\u00bbgreysection\u00a0\u00bb][vc_column][vc_row_inner el_class=\u00a0\u00bbestado\u00a0\u00bb][vc_column_inner el_class=\u00a0\u00bbcol1&Prime;][vc_column_text]<\/p>\n<h2>Clasificaci\u00f3n Empresarial<\/h2>\n<p>El Certificado de Clasificaci\u00f3n Empresarial supone el reconocimiento de nuestra empresa para contratar con las administraciones p\u00fablicas en los siguientes tipos de obras:[\/vc_column_text][vc_empty_space height=\u00a0\u00bb50px\u00a0\u00bb][\/vc_column_inner][\/vc_row_inner][vc_row_inner el_class=\u00a0\u00bbestado\u00a0\u00bb][vc_column_inner width=\u00a0\u00bb1\/4&Prime;][vc_single_image image=\u00a0\u00bb905&Prime; img_size=\u00a0\u00bbfull\u00a0\u00bb alignment=\u00a0\u00bbcenter\u00a0\u00bb mmxstudio_css_animation=\u00a0\u00bbelement_from_fade\u00a0\u00bb][vc_column_text]<\/p>\n<h4>Grupo A\u2028 (TERRASSEMENT ET FORAGES)<\/h4>\n<p>Sous-groupes 1, 2, 3 et 4 (d\u00e9montage et d\u00e9gagement, travaux de terrassement, carri\u00e8res, puits et galerie)[\/vc_column_text][\/vc_column_inner][vc_column_inner width=\u00a0\u00bb1\/4&Prime;][vc_single_image image=\u00a0\u00bb906&Prime; img_size=\u00a0\u00bbfull\u00a0\u00bb alignment=\u00a0\u00bbcenter\u00a0\u00bb mmxstudio_css_animation=\u00a0\u00bbelement_from_fade\u00a0\u00bb][vc_column_text]<\/p>\n<h4>Grupo B\u2028 (PONTS, VIADUCTS ET GRANDES STRUCTURES)<\/h4>\n<p>Sous-groupes 1, 2 et 4 (d\u2019usine ou en b\u00e9ton ou b\u00e9ton arm\u00e9, m\u00e9talliques)[\/vc_column_text][\/vc_column_inner][vc_column_inner width=\u00a0\u00bb1\/4&Prime;][vc_single_image image=\u00a0\u00bb907&Prime; img_size=\u00a0\u00bbfull\u00a0\u00bb alignment=\u00a0\u00bbcenter\u00a0\u00bb mmxstudio_css_animation=\u00a0\u00bbelement_from_fade\u00a0\u00bb][vc_column_text]<\/p>\n<h4>GRUPO C \u2028(B\u00c2TIMENT)<\/h4>\n<p>Sous-groupes 1, 2, 3, 4, 5, 6, 7, 8, et 9 (d\u00e9molitions, charpentes d\u2019usine ou en b\u00e9ton,\u00a0 charpentes m\u00e9talliques , ma\u00e7onnerie, ravalement et cr\u00e9pi , pierre et marbre, rev\u00eatement de sol, carrelage des sols et des\u00a0 murs, isolation et imperm\u00e9abilisation, charpente bois ou m\u00e9tal)[\/vc_column_text][\/vc_column_inner][vc_column_inner width=\u00a0\u00bb1\/4&Prime;][vc_single_image image=\u00a0\u00bb908&Prime; img_size=\u00a0\u00bbfull\u00a0\u00bb alignment=\u00a0\u00bbcenter\u00a0\u00bb mmxstudio_css_animation=\u00a0\u00bbelement_from_fade\u00a0\u00bb][vc_column_text]<\/p>\n<h4>Grupo E\u2028 (HYDRAULIQUES)<\/h4>\n<p>Sous-groupes 1, 4, 5 et 7 (approvisionnement et assainissement, canalisations et \u00e9gouts, foss\u00e9s et canalisations, travaux public hydraulique sans qualification sp\u00e9cifique)[\/vc_column_text][\/vc_column_inner][\/vc_row_inner][vc_row_inner el_class=\u00a0\u00bbestado\u00a0\u00bb][vc_column_inner width=\u00a0\u00bb1\/4&Prime;][vc_single_image image=\u00a0\u00bb909&Prime; img_size=\u00a0\u00bbfull\u00a0\u00bb alignment=\u00a0\u00bbcenter\u00a0\u00bb mmxstudio_css_animation=\u00a0\u00bbelement_from_fade\u00a0\u00bb][vc_column_text]<\/p>\n<h4>Grupo G\u2028 (ROUTES ET CHEMINS)<\/h4>\n<p>Sous-groupes 4, 5 et 6 (tous types de rev\u00eatements routiers et m\u00e9langes bitumineux signalisations et panneaux routiers, travaux routiers sans qualification sp\u00e9cifique)[\/vc_column_text][\/vc_column_inner][vc_column_inner width=\u00a0\u00bb1\/4&Prime;][vc_single_image image=\u00a0\u00bb910&Prime; img_size=\u00a0\u00bbfull\u00a0\u00bb alignment=\u00a0\u00bbcenter\u00a0\u00bb mmxstudio_css_animation=\u00a0\u00bbelement_from_fade\u00a0\u00bb][vc_column_text]<\/p>\n<h4>Grupo I \u2028(INSTALLATIONS \u00c9LECTRIQUES)<\/h4>\n<p>Sous-groupes 1, 6, 8 et 9 (\u00e9clairage, illumination et balisage lumineux, distribution basse tension, installations \u00e9lectroniques, installations \u00e9lectriques sans qualifications sp\u00e9ciales)[\/vc_column_text][\/vc_column_inner][vc_column_inner width=\u00a0\u00bb1\/4&Prime;][vc_single_image image=\u00a0\u00bb911&Prime; img_size=\u00a0\u00bbfull\u00a0\u00bb alignment=\u00a0\u00bbcenter\u00a0\u00bb mmxstudio_css_animation=\u00a0\u00bbelement_from_fade\u00a0\u00bb][vc_column_text]<\/p>\n<h4>Grupo J\u2028 (INSTALLATIONS M\u00c9CANIQUES)<\/h4>\n<p>Sous-groupes 1, 2, 4 et 5 (\u00e9l\u00e9vateurs ou transporteurs, a\u00e9ration, chauffage et climatisation, plomberie et sanitaires, installations m\u00e9caniques sans qualifications sp\u00e9ciales)[\/vc_column_text][\/vc_column_inner][vc_column_inner width=\u00a0\u00bb1\/4&Prime;][vc_single_image image=\u00a0\u00bb912&Prime; img_size=\u00a0\u00bbfull\u00a0\u00bb alignment=\u00a0\u00bbcenter\u00a0\u00bb mmxstudio_css_animation=\u00a0\u00bbelement_from_fade\u00a0\u00bb][vc_column_text]<\/p>\n<h4>Grupo K\u2028 (SP\u00c9CIALIT\u00c9S)<\/h4>\n<p>Sous-groupes1, 2, 4, 5, 6, 7 et 9 (cimentations sp\u00e9ciales, sondages, injections et pilotages, peintures et m\u00e9tallisations, ornementations et d\u00e9corations, jardinage et plantations, restaurations d\u2019immeubles historiques-artistiques, installations anti-incendie)[\/vc_column_text][\/vc_column_inner][\/vc_row_inner][\/vc_column][\/vc_row][vc_row type=\u00a0\u00bbgrid\u00a0\u00bb el_class=\u00a0\u00bbproyectosfooter\u00a0\u00bb][vc_column][vc_row_inner][vc_column_inner][vc_column_text]Consulte algunos de nuestros proyectos seleccionados a continuaci\u00f3n[\/vc_column_text][vc_btn title=\u00a0\u00bbTodos los proyectos\u00a0\u00bb style=\u00a0\u00bbflat\u00a0\u00bb shape=\u00a0\u00bbsquare\u00a0\u00bb color=\u00a0\u00bbwhite\u00a0\u00bb align=\u00a0\u00bbcenter\u00a0\u00bb css_animation=\u00a0\u00bbbottom-to-top\u00a0\u00bb link=\u00a0\u00bburl:%2Fproyectos%2F|title:Proyectos%20seleccionados%20Luis%20Par%C3%A9s||\u00a0\u00bb][\/vc_column_inner][\/vc_row_inner][\/vc_column][\/vc_row]<\/p>\n<\/section>","protected":false},"excerpt":{"rendered":"<p>[vc_row type=\u00a0\u00bbgrid\u00a0\u00bb el_class=\u00a0\u00bbwhitesection\u00a0\u00bb][vc_column][vc_row_inner][vc_column_inner el_class=\u00a0\u00bbcol1&Prime; width=\u00a0\u00bb1\/2&Prime;][vc_column_text] Certificados por la Administraci\u00f3n Poseemos el Certificado de Clasificaci\u00f3n Empresarial (n\u00famero 6.669 en el Registro Oficial de Contratistas), que renovamos regularmente, para poder contratar con las Administraciones P\u00fablicas, tanto a nivel de Catalu\u00f1a como a nivel estatal, con una clasificaci\u00f3n&#8230;<\/p>\n","protected":false},"author":3,"featured_media":929,"parent":1322,"menu_order":5,"comment_status":"closed","ping_status":"closed","template":"full_width.php","meta":{"footnotes":""},"class_list":["post-1301","page","type-page","status-publish","has-post-thumbnail","hentry"],"yoast_head":"<!-- This site is optimized with the Yoast SEO plugin v27.3 - https:\/\/yoast.com\/product\/yoast-seo-wordpress\/ -->\n<title>Prestataires de l\u2019\u00e9tat &#8211; Luis Pares<\/title>\n<meta name=\"robots\" content=\"index, follow, max-snippet:-1, max-image-preview:large, max-video-preview:-1\" \/>\n<link rel=\"canonical\" href=\"https:\/\/luispares.com\/fr\/empresa\/contratistas-del-estado\/\" \/>\n<meta property=\"og:locale\" content=\"fr_FR\" \/>\n<meta property=\"og:type\" content=\"article\" \/>\n<meta property=\"og:title\" content=\"Prestataires de l\u2019\u00e9tat &#8211; Luis Pares\" \/>\n<meta property=\"og:description\" content=\"[vc_row type=\u00a0\u00bbgrid\u00a0\u00bb el_class=\u00a0\u00bbwhitesection\u00a0\u00bb][vc_column][vc_row_inner][vc_column_inner el_class=\u00a0\u00bbcol1&Prime; width=\u00a0\u00bb1\/2&Prime;][vc_column_text] Certificados por la Administraci\u00f3n Poseemos el Certificado de Clasificaci\u00f3n Empresarial (n\u00famero 6.669 en el Registro Oficial de Contratistas), que renovamos regularmente, para poder contratar con las Administraciones P\u00fablicas, tanto a nivel de Catalu\u00f1a como a nivel estatal, con una clasificaci\u00f3n...\" \/>\n<meta property=\"og:url\" content=\"https:\/\/luispares.com\/fr\/empresa\/contratistas-del-estado\/\" \/>\n<meta property=\"og:site_name\" content=\"Luis Pares\" \/>\n<meta property=\"article:modified_time\" content=\"2020-11-30T11:57:07+00:00\" \/>\n<meta property=\"og:image\" content=\"https:\/\/luispares.com\/wp-content\/uploads\/2016\/07\/FeaturedGeneric_v2_LuisPares.jpg\" \/>\n\t<meta property=\"og:image:width\" content=\"475\" \/>\n\t<meta property=\"og:image:height\" content=\"227\" \/>\n\t<meta property=\"og:image:type\" content=\"image\/jpeg\" \/>\n<meta name=\"twitter:card\" content=\"summary_large_image\" \/>\n<meta name=\"twitter:label1\" content=\"Dur\u00e9e de lecture estim\u00e9e\" \/>\n\t<meta name=\"twitter:data1\" content=\"4 minutes\" \/>\n<script type=\"application\/ld+json\" class=\"yoast-schema-graph\">{\"@context\":\"https:\\\/\\\/schema.org\",\"@graph\":[{\"@type\":\"WebPage\",\"@id\":\"https:\\\/\\\/luispares.com\\\/fr\\\/empresa\\\/contratistas-del-estado\\\/\",\"url\":\"https:\\\/\\\/luispares.com\\\/fr\\\/empresa\\\/contratistas-del-estado\\\/\",\"name\":\"Prestataires de l\u2019\u00e9tat &#8211; Luis Pares\",\"isPartOf\":{\"@id\":\"https:\\\/\\\/luispares.com\\\/fr\\\/#website\"},\"primaryImageOfPage\":{\"@id\":\"https:\\\/\\\/luispares.com\\\/fr\\\/empresa\\\/contratistas-del-estado\\\/#primaryimage\"},\"image\":{\"@id\":\"https:\\\/\\\/luispares.com\\\/fr\\\/empresa\\\/contratistas-del-estado\\\/#primaryimage\"},\"thumbnailUrl\":\"https:\\\/\\\/luispares.com\\\/wp-content\\\/uploads\\\/2016\\\/07\\\/FeaturedGeneric_v2_LuisPares.jpg\",\"datePublished\":\"2016-07-15T07:15:49+00:00\",\"dateModified\":\"2020-11-30T11:57:07+00:00\",\"breadcrumb\":{\"@id\":\"https:\\\/\\\/luispares.com\\\/fr\\\/empresa\\\/contratistas-del-estado\\\/#breadcrumb\"},\"inLanguage\":\"fr-FR\",\"potentialAction\":[{\"@type\":\"ReadAction\",\"target\":[\"https:\\\/\\\/luispares.com\\\/fr\\\/empresa\\\/contratistas-del-estado\\\/\"]}]},{\"@type\":\"ImageObject\",\"inLanguage\":\"fr-FR\",\"@id\":\"https:\\\/\\\/luispares.com\\\/fr\\\/empresa\\\/contratistas-del-estado\\\/#primaryimage\",\"url\":\"https:\\\/\\\/luispares.com\\\/wp-content\\\/uploads\\\/2016\\\/07\\\/FeaturedGeneric_v2_LuisPares.jpg\",\"contentUrl\":\"https:\\\/\\\/luispares.com\\\/wp-content\\\/uploads\\\/2016\\\/07\\\/FeaturedGeneric_v2_LuisPares.jpg\",\"width\":475,\"height\":227},{\"@type\":\"BreadcrumbList\",\"@id\":\"https:\\\/\\\/luispares.com\\\/fr\\\/empresa\\\/contratistas-del-estado\\\/#breadcrumb\",\"itemListElement\":[{\"@type\":\"ListItem\",\"position\":1,\"name\":\"Portada\",\"item\":\"https:\\\/\\\/luispares.com\\\/fr\\\/\"},{\"@type\":\"ListItem\",\"position\":2,\"name\":\"Entreprise\",\"item\":\"https:\\\/\\\/luispares.com\\\/fr\\\/empresa\\\/\"},{\"@type\":\"ListItem\",\"position\":3,\"name\":\"Prestataires de l\u2019\u00e9tat\"}]},{\"@type\":\"WebSite\",\"@id\":\"https:\\\/\\\/luispares.com\\\/fr\\\/#website\",\"url\":\"https:\\\/\\\/luispares.com\\\/fr\\\/\",\"name\":\"Luis Pares\",\"description\":\"Empresa constructora y miembro del Gremi de Constructors de Barcelona.\",\"publisher\":{\"@id\":\"https:\\\/\\\/luispares.com\\\/fr\\\/#organization\"},\"potentialAction\":[{\"@type\":\"SearchAction\",\"target\":{\"@type\":\"EntryPoint\",\"urlTemplate\":\"https:\\\/\\\/luispares.com\\\/fr\\\/?s={search_term_string}\"},\"query-input\":{\"@type\":\"PropertyValueSpecification\",\"valueRequired\":true,\"valueName\":\"search_term_string\"}}],\"inLanguage\":\"fr-FR\"},{\"@type\":\"Organization\",\"@id\":\"https:\\\/\\\/luispares.com\\\/fr\\\/#organization\",\"name\":\"Luis Par\u00e9s, S.L.\",\"url\":\"https:\\\/\\\/luispares.com\\\/fr\\\/\",\"logo\":{\"@type\":\"ImageObject\",\"inLanguage\":\"fr-FR\",\"@id\":\"https:\\\/\\\/luispares.com\\\/fr\\\/#\\\/schema\\\/logo\\\/image\\\/\",\"url\":\"https:\\\/\\\/www.luispares.com\\\/wp-content\\\/uploads\\\/2016\\\/07\\\/luispares_logo.png\",\"contentUrl\":\"https:\\\/\\\/www.luispares.com\\\/wp-content\\\/uploads\\\/2016\\\/07\\\/luispares_logo.png\",\"width\":208,\"height\":56,\"caption\":\"Luis Par\u00e9s, S.L.\"},\"image\":{\"@id\":\"https:\\\/\\\/luispares.com\\\/fr\\\/#\\\/schema\\\/logo\\\/image\\\/\"},\"sameAs\":[\"https:\\\/\\\/www.instagram.com\\\/luispares_sl\\\/\",\"https:\\\/\\\/www.linkedin.com\\\/company\\\/luis-par\u00e9s-s-l-\",\"https:\\\/\\\/www.youtube.com\\\/channel\\\/UCryaT4fZmdocCgSnzi9fiew\"]}]}<\/script>\n<!-- \/ Yoast SEO plugin. -->","yoast_head_json":{"title":"Prestataires de l\u2019\u00e9tat &#8211; Luis Pares","robots":{"index":"index","follow":"follow","max-snippet":"max-snippet:-1","max-image-preview":"max-image-preview:large","max-video-preview":"max-video-preview:-1"},"canonical":"https:\/\/luispares.com\/fr\/empresa\/contratistas-del-estado\/","og_locale":"fr_FR","og_type":"article","og_title":"Prestataires de l\u2019\u00e9tat &#8211; Luis Pares","og_description":"[vc_row type=\u00a0\u00bbgrid\u00a0\u00bb el_class=\u00a0\u00bbwhitesection\u00a0\u00bb][vc_column][vc_row_inner][vc_column_inner el_class=\u00a0\u00bbcol1&Prime; width=\u00a0\u00bb1\/2&Prime;][vc_column_text] Certificados por la Administraci\u00f3n Poseemos el Certificado de Clasificaci\u00f3n Empresarial (n\u00famero 6.669 en el Registro Oficial de Contratistas), que renovamos regularmente, para poder contratar con las Administraciones P\u00fablicas, tanto a nivel de Catalu\u00f1a como a nivel estatal, con una clasificaci\u00f3n...","og_url":"https:\/\/luispares.com\/fr\/empresa\/contratistas-del-estado\/","og_site_name":"Luis Pares","article_modified_time":"2020-11-30T11:57:07+00:00","og_image":[{"width":475,"height":227,"url":"https:\/\/luispares.com\/wp-content\/uploads\/2016\/07\/FeaturedGeneric_v2_LuisPares.jpg","type":"image\/jpeg"}],"twitter_card":"summary_large_image","twitter_misc":{"Dur\u00e9e de lecture estim\u00e9e":"4 minutes"},"schema":{"@context":"https:\/\/schema.org","@graph":[{"@type":"WebPage","@id":"https:\/\/luispares.com\/fr\/empresa\/contratistas-del-estado\/","url":"https:\/\/luispares.com\/fr\/empresa\/contratistas-del-estado\/","name":"Prestataires de l\u2019\u00e9tat &#8211; Luis Pares","isPartOf":{"@id":"https:\/\/luispares.com\/fr\/#website"},"primaryImageOfPage":{"@id":"https:\/\/luispares.com\/fr\/empresa\/contratistas-del-estado\/#primaryimage"},"image":{"@id":"https:\/\/luispares.com\/fr\/empresa\/contratistas-del-estado\/#primaryimage"},"thumbnailUrl":"https:\/\/luispares.com\/wp-content\/uploads\/2016\/07\/FeaturedGeneric_v2_LuisPares.jpg","datePublished":"2016-07-15T07:15:49+00:00","dateModified":"2020-11-30T11:57:07+00:00","breadcrumb":{"@id":"https:\/\/luispares.com\/fr\/empresa\/contratistas-del-estado\/#breadcrumb"},"inLanguage":"fr-FR","potentialAction":[{"@type":"ReadAction","target":["https:\/\/luispares.com\/fr\/empresa\/contratistas-del-estado\/"]}]},{"@type":"ImageObject","inLanguage":"fr-FR","@id":"https:\/\/luispares.com\/fr\/empresa\/contratistas-del-estado\/#primaryimage","url":"https:\/\/luispares.com\/wp-content\/uploads\/2016\/07\/FeaturedGeneric_v2_LuisPares.jpg","contentUrl":"https:\/\/luispares.com\/wp-content\/uploads\/2016\/07\/FeaturedGeneric_v2_LuisPares.jpg","width":475,"height":227},{"@type":"BreadcrumbList","@id":"https:\/\/luispares.com\/fr\/empresa\/contratistas-del-estado\/#breadcrumb","itemListElement":[{"@type":"ListItem","position":1,"name":"Portada","item":"https:\/\/luispares.com\/fr\/"},{"@type":"ListItem","position":2,"name":"Entreprise","item":"https:\/\/luispares.com\/fr\/empresa\/"},{"@type":"ListItem","position":3,"name":"Prestataires de l\u2019\u00e9tat"}]},{"@type":"WebSite","@id":"https:\/\/luispares.com\/fr\/#website","url":"https:\/\/luispares.com\/fr\/","name":"Luis Pares","description":"Empresa constructora y miembro del Gremi de Constructors de Barcelona.","publisher":{"@id":"https:\/\/luispares.com\/fr\/#organization"},"potentialAction":[{"@type":"SearchAction","target":{"@type":"EntryPoint","urlTemplate":"https:\/\/luispares.com\/fr\/?s={search_term_string}"},"query-input":{"@type":"PropertyValueSpecification","valueRequired":true,"valueName":"search_term_string"}}],"inLanguage":"fr-FR"},{"@type":"Organization","@id":"https:\/\/luispares.com\/fr\/#organization","name":"Luis Par\u00e9s, S.L.","url":"https:\/\/luispares.com\/fr\/","logo":{"@type":"ImageObject","inLanguage":"fr-FR","@id":"https:\/\/luispares.com\/fr\/#\/schema\/logo\/image\/","url":"https:\/\/www.luispares.com\/wp-content\/uploads\/2016\/07\/luispares_logo.png","contentUrl":"https:\/\/www.luispares.com\/wp-content\/uploads\/2016\/07\/luispares_logo.png","width":208,"height":56,"caption":"Luis Par\u00e9s, S.L."},"image":{"@id":"https:\/\/luispares.com\/fr\/#\/schema\/logo\/image\/"},"sameAs":["https:\/\/www.instagram.com\/luispares_sl\/","https:\/\/www.linkedin.com\/company\/luis-par\u00e9s-s-l-","https:\/\/www.youtube.com\/channel\/UCryaT4fZmdocCgSnzi9fiew"]}]}},"_links":{"self":[{"href":"https:\/\/luispares.com\/fr\/wp-json\/wp\/v2\/pages\/1301","targetHints":{"allow":["GET"]}}],"collection":[{"href":"https:\/\/luispares.com\/fr\/wp-json\/wp\/v2\/pages"}],"about":[{"href":"https:\/\/luispares.com\/fr\/wp-json\/wp\/v2\/types\/page"}],"author":[{"embeddable":true,"href":"https:\/\/luispares.com\/fr\/wp-json\/wp\/v2\/users\/3"}],"replies":[{"embeddable":true,"href":"https:\/\/luispares.com\/fr\/wp-json\/wp\/v2\/comments?post=1301"}],"version-history":[{"count":3,"href":"https:\/\/luispares.com\/fr\/wp-json\/wp\/v2\/pages\/1301\/revisions"}],"predecessor-version":[{"id":5748,"href":"https:\/\/luispares.com\/fr\/wp-json\/wp\/v2\/pages\/1301\/revisions\/5748"}],"up":[{"embeddable":true,"href":"https:\/\/luispares.com\/fr\/wp-json\/wp\/v2\/pages\/1322"}],"wp:featuredmedia":[{"embeddable":true,"href":"https:\/\/luispares.com\/fr\/wp-json\/wp\/v2\/media\/929"}],"wp:attachment":[{"href":"https:\/\/luispares.com\/fr\/wp-json\/wp\/v2\/media?parent=1301"}],"curies":[{"name":"wp","href":"https:\/\/api.w.org\/{rel}","templated":true}]}}