{"id":1294,"date":"2016-07-15T09:15:56","date_gmt":"2016-07-15T07:15:56","guid":{"rendered":"https:\/\/luispares.com\/fr\/servicios\/"},"modified":"2016-11-23T17:42:44","modified_gmt":"2016-11-23T15:42:44","slug":"servicios","status":"publish","type":"page","link":"https:\/\/luispares.com\/fr\/servicios\/","title":{"rendered":"Servicios"},"content":{"rendered":"<section class=\"wpb-content-wrapper\"><p>[vc_row type=\u00a0\u00bbgrid\u00a0\u00bb el_class=\u00a0\u00bbwhitesection\u00a0\u00bb][vc_column][vc_row_inner el_class=\u00a0\u00bbcalidad\u00a0\u00bb][vc_column_inner el_class=\u00a0\u00bbcol1&Prime; width=\u00a0\u00bb1\/2&Prime;][vc_column_text]<\/p>\n<h2>Construcci\u00f3n<\/h2>\n<p>En LUIS PAR\u00c9S nos avalan m\u00e1s de 100 a\u00f1os de experiencia prestando servicios como constructora. Nuestra actividad abarca desde la construcci\u00f3n de edificios de viviendas hasta grandes conjuntos residenciales, pasando por hoteles, oficinas comerciales, equipamientos, naves industriales y rehabilitaci\u00f3n de fachadas, entre otros.[\/vc_column_text][\/vc_column_inner][vc_column_inner width=\u00a0\u00bb1\/2&Prime;][vc_single_image image=\u00a0\u00bb1135&Prime; img_size=\u00a0\u00bbfull\u00a0\u00bb mmxstudio_css_animation=\u00a0\u00bbelement_from_right\u00a0\u00bb][\/vc_column_inner][\/vc_row_inner][vc_row_inner el_class=\u00a0\u00bbcalidad\u00a0\u00bb][vc_column_inner el_class=\u00a0\u00bbcol1&Prime; width=\u00a0\u00bb1\/2&Prime;][vc_single_image image=\u00a0\u00bb1136&Prime; img_size=\u00a0\u00bbfull\u00a0\u00bb mmxstudio_css_animation=\u00a0\u00bbelement_from_left\u00a0\u00bb el_class=\u00a0\u00bbrwdhide\u00a0\u00bb][\/vc_column_inner][vc_column_inner width=\u00a0\u00bb1\/2&Prime;][vc_column_text]<\/p>\n<h2>Otros Servicios<\/h2>\n<p>Al Departamento de Obras, se le suma nuestra Oficina T\u00e9cnica y de Estudios (trabajos de levantamientos topogr\u00e1ficos, delineaci\u00f3n de planos, derribos, legalizaci\u00f3n de las instalaciones, tramitaci\u00f3n de licencias, etc.) y los servicios de Construction Management para los clientes que prefieran este tipo de contrataci\u00f3n.[\/vc_column_text][\/vc_column_inner][\/vc_row_inner][\/vc_column][\/vc_row][vc_row type=\u00a0\u00bbgrid\u00a0\u00bb el_class=\u00a0\u00bbproyectosfooter\u00a0\u00bb][vc_column][vc_row_inner][vc_column_inner][vc_column_text]Consulte algunos de nuestros proyectos seleccionados a continuaci\u00f3n[\/vc_column_text][vc_btn title=\u00a0\u00bbTodos los proyectos\u00a0\u00bb style=\u00a0\u00bbflat\u00a0\u00bb shape=\u00a0\u00bbsquare\u00a0\u00bb color=\u00a0\u00bbwhite\u00a0\u00bb align=\u00a0\u00bbcenter\u00a0\u00bb css_animation=\u00a0\u00bbbottom-to-top\u00a0\u00bb link=\u00a0\u00bburl:%2Fproyectos%2F|title:Proyectos%20seleccionados%20Luis%20Par%C3%A9s||\u00a0\u00bb][\/vc_column_inner][\/vc_row_inner][\/vc_column][\/vc_row]<\/p>\n<\/section>","protected":false},"excerpt":{"rendered":"<p>[vc_row type=\u00a0\u00bbgrid\u00a0\u00bb el_class=\u00a0\u00bbwhitesection\u00a0\u00bb][vc_column][vc_row_inner el_class=\u00a0\u00bbcalidad\u00a0\u00bb][vc_column_inner el_class=\u00a0\u00bbcol1&Prime; width=\u00a0\u00bb1\/2&Prime;][vc_column_text] Construcci\u00f3n En LUIS PAR\u00c9S nos avalan m\u00e1s de 100 a\u00f1os de experiencia prestando servicios como constructora. Nuestra actividad abarca desde la construcci\u00f3n de edificios de viviendas hasta grandes conjuntos residenciales, pasando por hoteles, oficinas comerciales, equipamientos, naves industriales y&#8230;<\/p>\n","protected":false},"author":3,"featured_media":929,"parent":0,"menu_order":3,"comment_status":"closed","ping_status":"closed","template":"full_width.php","meta":{"footnotes":""},"class_list":["post-1294","page","type-page","status-publish","has-post-thumbnail","hentry"],"yoast_head":"<!-- This site is optimized with the Yoast SEO plugin v27.3 - https:\/\/yoast.com\/product\/yoast-seo-wordpress\/ -->\n<title>Servicios &#8211; Luis Pares<\/title>\n<meta name=\"robots\" content=\"index, follow, max-snippet:-1, max-image-preview:large, max-video-preview:-1\" \/>\n<link rel=\"canonical\" href=\"https:\/\/luispares.com\/fr\/servicios\/\" \/>\n<meta property=\"og:locale\" content=\"fr_FR\" \/>\n<meta property=\"og:type\" content=\"article\" \/>\n<meta property=\"og:title\" content=\"Servicios &#8211; Luis Pares\" \/>\n<meta property=\"og:description\" content=\"[vc_row type=\u00a0\u00bbgrid\u00a0\u00bb el_class=\u00a0\u00bbwhitesection\u00a0\u00bb][vc_column][vc_row_inner el_class=\u00a0\u00bbcalidad\u00a0\u00bb][vc_column_inner el_class=\u00a0\u00bbcol1&Prime; width=\u00a0\u00bb1\/2&Prime;][vc_column_text] Construcci\u00f3n En LUIS PAR\u00c9S nos avalan m\u00e1s de 100 a\u00f1os de experiencia prestando servicios como constructora. Nuestra actividad abarca desde la construcci\u00f3n de edificios de viviendas hasta grandes conjuntos residenciales, pasando por hoteles, oficinas comerciales, equipamientos, naves industriales y...\" \/>\n<meta property=\"og:url\" content=\"https:\/\/luispares.com\/fr\/servicios\/\" \/>\n<meta property=\"og:site_name\" content=\"Luis Pares\" \/>\n<meta property=\"article:modified_time\" content=\"2016-11-23T15:42:44+00:00\" \/>\n<meta property=\"og:image\" content=\"https:\/\/luispares.com\/wp-content\/uploads\/2016\/07\/FeaturedGeneric_v2_LuisPares.jpg\" \/>\n\t<meta property=\"og:image:width\" content=\"475\" \/>\n\t<meta property=\"og:image:height\" content=\"227\" \/>\n\t<meta property=\"og:image:type\" content=\"image\/jpeg\" \/>\n<meta name=\"twitter:card\" content=\"summary_large_image\" \/>\n<meta name=\"twitter:label1\" content=\"Dur\u00e9e de lecture estim\u00e9e\" \/>\n\t<meta name=\"twitter:data1\" content=\"1 minute\" \/>\n<script type=\"application\/ld+json\" class=\"yoast-schema-graph\">{\"@context\":\"https:\\\/\\\/schema.org\",\"@graph\":[{\"@type\":\"WebPage\",\"@id\":\"https:\\\/\\\/luispares.com\\\/fr\\\/servicios\\\/\",\"url\":\"https:\\\/\\\/luispares.com\\\/fr\\\/servicios\\\/\",\"name\":\"Servicios &#8211; Luis Pares\",\"isPartOf\":{\"@id\":\"https:\\\/\\\/luispares.com\\\/fr\\\/#website\"},\"primaryImageOfPage\":{\"@id\":\"https:\\\/\\\/luispares.com\\\/fr\\\/servicios\\\/#primaryimage\"},\"image\":{\"@id\":\"https:\\\/\\\/luispares.com\\\/fr\\\/servicios\\\/#primaryimage\"},\"thumbnailUrl\":\"https:\\\/\\\/luispares.com\\\/wp-content\\\/uploads\\\/2016\\\/07\\\/FeaturedGeneric_v2_LuisPares.jpg\",\"datePublished\":\"2016-07-15T07:15:56+00:00\",\"dateModified\":\"2016-11-23T15:42:44+00:00\",\"breadcrumb\":{\"@id\":\"https:\\\/\\\/luispares.com\\\/fr\\\/servicios\\\/#breadcrumb\"},\"inLanguage\":\"fr-FR\",\"potentialAction\":[{\"@type\":\"ReadAction\",\"target\":[\"https:\\\/\\\/luispares.com\\\/fr\\\/servicios\\\/\"]}]},{\"@type\":\"ImageObject\",\"inLanguage\":\"fr-FR\",\"@id\":\"https:\\\/\\\/luispares.com\\\/fr\\\/servicios\\\/#primaryimage\",\"url\":\"https:\\\/\\\/luispares.com\\\/wp-content\\\/uploads\\\/2016\\\/07\\\/FeaturedGeneric_v2_LuisPares.jpg\",\"contentUrl\":\"https:\\\/\\\/luispares.com\\\/wp-content\\\/uploads\\\/2016\\\/07\\\/FeaturedGeneric_v2_LuisPares.jpg\",\"width\":475,\"height\":227},{\"@type\":\"BreadcrumbList\",\"@id\":\"https:\\\/\\\/luispares.com\\\/fr\\\/servicios\\\/#breadcrumb\",\"itemListElement\":[{\"@type\":\"ListItem\",\"position\":1,\"name\":\"Portada\",\"item\":\"https:\\\/\\\/luispares.com\\\/fr\\\/\"},{\"@type\":\"ListItem\",\"position\":2,\"name\":\"Servicios\"}]},{\"@type\":\"WebSite\",\"@id\":\"https:\\\/\\\/luispares.com\\\/fr\\\/#website\",\"url\":\"https:\\\/\\\/luispares.com\\\/fr\\\/\",\"name\":\"Luis Pares\",\"description\":\"Empresa constructora y miembro del Gremi de Constructors de Barcelona.\",\"publisher\":{\"@id\":\"https:\\\/\\\/luispares.com\\\/fr\\\/#organization\"},\"potentialAction\":[{\"@type\":\"SearchAction\",\"target\":{\"@type\":\"EntryPoint\",\"urlTemplate\":\"https:\\\/\\\/luispares.com\\\/fr\\\/?s={search_term_string}\"},\"query-input\":{\"@type\":\"PropertyValueSpecification\",\"valueRequired\":true,\"valueName\":\"search_term_string\"}}],\"inLanguage\":\"fr-FR\"},{\"@type\":\"Organization\",\"@id\":\"https:\\\/\\\/luispares.com\\\/fr\\\/#organization\",\"name\":\"Luis Par\u00e9s, S.L.\",\"url\":\"https:\\\/\\\/luispares.com\\\/fr\\\/\",\"logo\":{\"@type\":\"ImageObject\",\"inLanguage\":\"fr-FR\",\"@id\":\"https:\\\/\\\/luispares.com\\\/fr\\\/#\\\/schema\\\/logo\\\/image\\\/\",\"url\":\"https:\\\/\\\/www.luispares.com\\\/wp-content\\\/uploads\\\/2016\\\/07\\\/luispares_logo.png\",\"contentUrl\":\"https:\\\/\\\/www.luispares.com\\\/wp-content\\\/uploads\\\/2016\\\/07\\\/luispares_logo.png\",\"width\":208,\"height\":56,\"caption\":\"Luis Par\u00e9s, S.L.\"},\"image\":{\"@id\":\"https:\\\/\\\/luispares.com\\\/fr\\\/#\\\/schema\\\/logo\\\/image\\\/\"},\"sameAs\":[\"https:\\\/\\\/www.instagram.com\\\/luispares_sl\\\/\",\"https:\\\/\\\/www.linkedin.com\\\/company\\\/luis-par\u00e9s-s-l-\",\"https:\\\/\\\/www.youtube.com\\\/channel\\\/UCryaT4fZmdocCgSnzi9fiew\"]}]}<\/script>\n<!-- \/ Yoast SEO plugin. -->","yoast_head_json":{"title":"Servicios &#8211; Luis Pares","robots":{"index":"index","follow":"follow","max-snippet":"max-snippet:-1","max-image-preview":"max-image-preview:large","max-video-preview":"max-video-preview:-1"},"canonical":"https:\/\/luispares.com\/fr\/servicios\/","og_locale":"fr_FR","og_type":"article","og_title":"Servicios &#8211; Luis Pares","og_description":"[vc_row type=\u00a0\u00bbgrid\u00a0\u00bb el_class=\u00a0\u00bbwhitesection\u00a0\u00bb][vc_column][vc_row_inner el_class=\u00a0\u00bbcalidad\u00a0\u00bb][vc_column_inner el_class=\u00a0\u00bbcol1&Prime; width=\u00a0\u00bb1\/2&Prime;][vc_column_text] Construcci\u00f3n En LUIS PAR\u00c9S nos avalan m\u00e1s de 100 a\u00f1os de experiencia prestando servicios como constructora. Nuestra actividad abarca desde la construcci\u00f3n de edificios de viviendas hasta grandes conjuntos residenciales, pasando por hoteles, oficinas comerciales, equipamientos, naves industriales y...","og_url":"https:\/\/luispares.com\/fr\/servicios\/","og_site_name":"Luis Pares","article_modified_time":"2016-11-23T15:42:44+00:00","og_image":[{"width":475,"height":227,"url":"https:\/\/luispares.com\/wp-content\/uploads\/2016\/07\/FeaturedGeneric_v2_LuisPares.jpg","type":"image\/jpeg"}],"twitter_card":"summary_large_image","twitter_misc":{"Dur\u00e9e de lecture estim\u00e9e":"1 minute"},"schema":{"@context":"https:\/\/schema.org","@graph":[{"@type":"WebPage","@id":"https:\/\/luispares.com\/fr\/servicios\/","url":"https:\/\/luispares.com\/fr\/servicios\/","name":"Servicios &#8211; Luis Pares","isPartOf":{"@id":"https:\/\/luispares.com\/fr\/#website"},"primaryImageOfPage":{"@id":"https:\/\/luispares.com\/fr\/servicios\/#primaryimage"},"image":{"@id":"https:\/\/luispares.com\/fr\/servicios\/#primaryimage"},"thumbnailUrl":"https:\/\/luispares.com\/wp-content\/uploads\/2016\/07\/FeaturedGeneric_v2_LuisPares.jpg","datePublished":"2016-07-15T07:15:56+00:00","dateModified":"2016-11-23T15:42:44+00:00","breadcrumb":{"@id":"https:\/\/luispares.com\/fr\/servicios\/#breadcrumb"},"inLanguage":"fr-FR","potentialAction":[{"@type":"ReadAction","target":["https:\/\/luispares.com\/fr\/servicios\/"]}]},{"@type":"ImageObject","inLanguage":"fr-FR","@id":"https:\/\/luispares.com\/fr\/servicios\/#primaryimage","url":"https:\/\/luispares.com\/wp-content\/uploads\/2016\/07\/FeaturedGeneric_v2_LuisPares.jpg","contentUrl":"https:\/\/luispares.com\/wp-content\/uploads\/2016\/07\/FeaturedGeneric_v2_LuisPares.jpg","width":475,"height":227},{"@type":"BreadcrumbList","@id":"https:\/\/luispares.com\/fr\/servicios\/#breadcrumb","itemListElement":[{"@type":"ListItem","position":1,"name":"Portada","item":"https:\/\/luispares.com\/fr\/"},{"@type":"ListItem","position":2,"name":"Servicios"}]},{"@type":"WebSite","@id":"https:\/\/luispares.com\/fr\/#website","url":"https:\/\/luispares.com\/fr\/","name":"Luis Pares","description":"Empresa constructora y miembro del Gremi de Constructors de Barcelona.","publisher":{"@id":"https:\/\/luispares.com\/fr\/#organization"},"potentialAction":[{"@type":"SearchAction","target":{"@type":"EntryPoint","urlTemplate":"https:\/\/luispares.com\/fr\/?s={search_term_string}"},"query-input":{"@type":"PropertyValueSpecification","valueRequired":true,"valueName":"search_term_string"}}],"inLanguage":"fr-FR"},{"@type":"Organization","@id":"https:\/\/luispares.com\/fr\/#organization","name":"Luis Par\u00e9s, S.L.","url":"https:\/\/luispares.com\/fr\/","logo":{"@type":"ImageObject","inLanguage":"fr-FR","@id":"https:\/\/luispares.com\/fr\/#\/schema\/logo\/image\/","url":"https:\/\/www.luispares.com\/wp-content\/uploads\/2016\/07\/luispares_logo.png","contentUrl":"https:\/\/www.luispares.com\/wp-content\/uploads\/2016\/07\/luispares_logo.png","width":208,"height":56,"caption":"Luis Par\u00e9s, S.L."},"image":{"@id":"https:\/\/luispares.com\/fr\/#\/schema\/logo\/image\/"},"sameAs":["https:\/\/www.instagram.com\/luispares_sl\/","https:\/\/www.linkedin.com\/company\/luis-par\u00e9s-s-l-","https:\/\/www.youtube.com\/channel\/UCryaT4fZmdocCgSnzi9fiew"]}]}},"_links":{"self":[{"href":"https:\/\/luispares.com\/fr\/wp-json\/wp\/v2\/pages\/1294","targetHints":{"allow":["GET"]}}],"collection":[{"href":"https:\/\/luispares.com\/fr\/wp-json\/wp\/v2\/pages"}],"about":[{"href":"https:\/\/luispares.com\/fr\/wp-json\/wp\/v2\/types\/page"}],"author":[{"embeddable":true,"href":"https:\/\/luispares.com\/fr\/wp-json\/wp\/v2\/users\/3"}],"replies":[{"embeddable":true,"href":"https:\/\/luispares.com\/fr\/wp-json\/wp\/v2\/comments?post=1294"}],"version-history":[{"count":1,"href":"https:\/\/luispares.com\/fr\/wp-json\/wp\/v2\/pages\/1294\/revisions"}],"predecessor-version":[{"id":1298,"href":"https:\/\/luispares.com\/fr\/wp-json\/wp\/v2\/pages\/1294\/revisions\/1298"}],"wp:featuredmedia":[{"embeddable":true,"href":"https:\/\/luispares.com\/fr\/wp-json\/wp\/v2\/media\/929"}],"wp:attachment":[{"href":"https:\/\/luispares.com\/fr\/wp-json\/wp\/v2\/media?parent=1294"}],"curies":[{"name":"wp","href":"https:\/\/api.w.org\/{rel}","templated":true}]}}