{"id":1273,"date":"2016-07-17T12:44:52","date_gmt":"2016-07-17T10:44:52","guid":{"rendered":"https:\/\/luispares.com\/fr\/legal\/"},"modified":"2025-03-25T16:15:12","modified_gmt":"2025-03-25T14:15:12","slug":"legal","status":"publish","type":"page","link":"https:\/\/luispares.com\/fr\/legal\/","title":{"rendered":"Mentions L\u00e9gales"},"content":{"rendered":"<section class=\"wpb-content-wrapper\"><p>[vc_row type=\u00a0\u00bbgrid\u00a0\u00bb el_class=\u00a0\u00bbwhitesection\u00a0\u00bb][vc_column width=\u00a0\u00bb2\/3&Prime;][vc_column_text]<span class=\"relative -mx-px my-[-0.2rem] rounded px-px py-[0.2rem]\">La pr\u00e9sente mention l\u00e9gale (ci-apr\u00e8s \u00ab Mention L\u00e9gale \u00bb) r\u00e9git l&rsquo;utilisation du service du portail Internet www.luispares.com (ci-apr\u00e8s, le \u00ab Site \u00bb) de LUIS PAR\u00c9S, S.L., domicili\u00e9e \u00e0 GRAN VIA CARLES III, 124 2\u00ba, 08034 BARCELONE, Barcelone, et avec CIF\/NIF B08284002 inscrite au Registre du Commerce de Barcelone, Tome : 2021, Livre : 1425, Folio : 162, Section : 2\u00aa, Feuille : 19937.<\/span>\u200b<\/p>\n<h3 class=\"\" data-start=\"408\" data-end=\"423\">L\u00e9gislation<\/h3>\n<p class=\"\" data-start=\"425\" data-end=\"506\"><span class=\"relative -mx-px my-[-0.2rem] rounded px-px py-[0.2rem]\">De mani\u00e8re g\u00e9n\u00e9rale, les relations entre LUIS PAR\u00c9S S.L. et les utilisateurs de ses services t\u00e9l\u00e9matiques, pr\u00e9sents sur le Site, sont soumises \u00e0 la l\u00e9gislation et \u00e0 la juridiction espagnoles. Les parties renoncent express\u00e9ment au for qui pourrait leur correspondre et se soumettent express\u00e9ment aux Cours et Tribunaux de Barcelone pour r\u00e9soudre toute controverse qui pourrait surgir dans l&rsquo;interpr\u00e9tation ou l&rsquo;ex\u00e9cution des pr\u00e9sentes conditions contractuelles.<\/span><\/p>\n<h3 class=\"\" data-start=\"508\" data-end=\"534\">Contenu et utilisation<\/h3>\n<p class=\"\" data-start=\"536\" data-end=\"659\"><span class=\"relative -mx-px my-[-0.2rem] rounded px-px py-[0.2rem]\">L&rsquo;utilisateur est inform\u00e9 et accepte que l&rsquo;acc\u00e8s au pr\u00e9sent Site ne suppose, en aucun cas, le d\u00e9but d&rsquo;une relation commerciale avec LUIS PAR\u00c9S S.L.<\/span><br data-start=\"573\" data-end=\"576\" \/><span class=\"relative -mx-px my-[-0.2rem] rounded px-px py-[0.2rem]\">Le titulaire du Site ne s&rsquo;identifie pas aux opinions exprim\u00e9es sur celui-ci par ses collaborateurs. L&rsquo;Entreprise se r\u00e9serve le droit d&rsquo;effectuer sans pr\u00e9avis les modifications qu&rsquo;elle juge appropri\u00e9es sur son Site, pouvant changer, supprimer ou ajouter tant les contenus et services fournis \u00e0 travers celui-ci que la mani\u00e8re dont ils sont pr\u00e9sent\u00e9s ou localis\u00e9s sur ses serveurs.<\/span><\/p>\n<h3 class=\"\" data-start=\"661\" data-end=\"705\">Propri\u00e9t\u00e9 intellectuelle et industrielle<\/h3>\n<p class=\"\" data-start=\"707\" data-end=\"792\"><span class=\"relative -mx-px my-[-0.2rem] rounded px-px py-[0.2rem]\">Les droits de propri\u00e9t\u00e9 intellectuelle du contenu des pages Web, de leur design graphique et de leurs codes sont la propri\u00e9t\u00e9 de LUIS PAR\u00c9S S.L. et, par cons\u00e9quent, leur reproduction, distribution, communication publique, transformation ou toute autre activit\u00e9 pouvant \u00eatre r\u00e9alis\u00e9e avec les contenus de ses pages Web est interdite, m\u00eame en citant les sources, sauf consentement \u00e9crit de LUIS PAR\u00c9S S.L. Tous les noms commerciaux, marques ou signes distinctifs de toute nature contenus dans les pages Web de l&rsquo;entreprise sont la propri\u00e9t\u00e9 de leurs propri\u00e9taires et sont prot\u00e9g\u00e9s par la loi.<\/span>\u200b<\/p>\n<h3 class=\"\" data-start=\"794\" data-end=\"811\">Liens (links)<\/h3>\n<p class=\"\" data-start=\"813\" data-end=\"898\"><span class=\"relative -mx-px my-[-0.2rem] rounded px-px py-[0.2rem]\">La pr\u00e9sence de liens (links) sur les pages Web de LUIS PAR\u00c9S S.L. a une finalit\u00e9 purement informative et n&rsquo;implique en aucun cas une suggestion, invitation ou recommandation \u00e0 leur sujet.<\/span><\/p>\n<p>[\/vc_column_text][\/vc_column][\/vc_row]<\/p>\n<\/section>","protected":false},"excerpt":{"rendered":"<p>[vc_row type=\u00a0\u00bbgrid\u00a0\u00bb el_class=\u00a0\u00bbwhitesection\u00a0\u00bb][vc_column width=\u00a0\u00bb2\/3&Prime;][vc_column_text]La pr\u00e9sente mention l\u00e9gale (ci-apr\u00e8s \u00ab Mention L\u00e9gale \u00bb) r\u00e9git l&rsquo;utilisation du service du portail Internet www.luispares.com (ci-apr\u00e8s, le \u00ab Site \u00bb) de LUIS PAR\u00c9S, S.L., domicili\u00e9e \u00e0 GRAN VIA CARLES III, 124 2\u00ba, 08034 BARCELONE, Barcelone, et avec CIF\/NIF B08284002 inscrite&#8230;<\/p>\n","protected":false},"author":3,"featured_media":929,"parent":0,"menu_order":10,"comment_status":"closed","ping_status":"closed","template":"full_width.php","meta":{"footnotes":""},"class_list":["post-1273","page","type-page","status-publish","has-post-thumbnail","hentry"],"yoast_head":"<!-- This site is optimized with the Yoast SEO plugin v27.2 - https:\/\/yoast.com\/product\/yoast-seo-wordpress\/ -->\n<title>Mentions L\u00e9gales &#8211; Luis Pares<\/title>\n<meta name=\"robots\" content=\"index, follow, max-snippet:-1, max-image-preview:large, max-video-preview:-1\" \/>\n<link rel=\"canonical\" href=\"https:\/\/luispares.com\/fr\/legal\/\" \/>\n<meta property=\"og:locale\" content=\"fr_FR\" \/>\n<meta property=\"og:type\" content=\"article\" \/>\n<meta property=\"og:title\" content=\"Mentions L\u00e9gales &#8211; Luis Pares\" \/>\n<meta property=\"og:description\" content=\"[vc_row type=\u00a0\u00bbgrid\u00a0\u00bb el_class=\u00a0\u00bbwhitesection\u00a0\u00bb][vc_column width=\u00a0\u00bb2\/3&Prime;][vc_column_text]La pr\u00e9sente mention l\u00e9gale (ci-apr\u00e8s \u00ab Mention L\u00e9gale \u00bb) r\u00e9git l&rsquo;utilisation du service du portail Internet www.luispares.com (ci-apr\u00e8s, le \u00ab Site \u00bb) de LUIS PAR\u00c9S, S.L., domicili\u00e9e \u00e0 GRAN VIA CARLES III, 124 2\u00ba, 08034 BARCELONE, Barcelone, et avec CIF\/NIF B08284002 inscrite...\" \/>\n<meta property=\"og:url\" content=\"https:\/\/luispares.com\/fr\/legal\/\" \/>\n<meta property=\"og:site_name\" content=\"Luis Pares\" \/>\n<meta property=\"article:modified_time\" content=\"2025-03-25T14:15:12+00:00\" \/>\n<meta name=\"twitter:card\" content=\"summary_large_image\" \/>\n<meta name=\"twitter:label1\" content=\"Dur\u00e9e de lecture estim\u00e9e\" \/>\n\t<meta name=\"twitter:data1\" content=\"2 minutes\" \/>\n<script type=\"application\/ld+json\" class=\"yoast-schema-graph\">{\"@context\":\"https:\/\/schema.org\",\"@graph\":[{\"@type\":\"WebPage\",\"@id\":\"https:\/\/luispares.com\/fr\/legal\/\",\"url\":\"https:\/\/luispares.com\/fr\/legal\/\",\"name\":\"Mentions L\u00e9gales &#8211; Luis Pares\",\"isPartOf\":{\"@id\":\"https:\/\/luispares.com\/fr\/#website\"},\"primaryImageOfPage\":{\"@id\":\"https:\/\/luispares.com\/fr\/legal\/#primaryimage\"},\"image\":{\"@id\":\"https:\/\/luispares.com\/fr\/legal\/#primaryimage\"},\"thumbnailUrl\":\"https:\/\/luispares.com\/wp-content\/uploads\/2016\/07\/FeaturedGeneric_v2_LuisPares.jpg\",\"datePublished\":\"2016-07-17T10:44:52+00:00\",\"dateModified\":\"2025-03-25T14:15:12+00:00\",\"breadcrumb\":{\"@id\":\"https:\/\/luispares.com\/fr\/legal\/#breadcrumb\"},\"inLanguage\":\"fr-FR\",\"potentialAction\":[{\"@type\":\"ReadAction\",\"target\":[\"https:\/\/luispares.com\/fr\/legal\/\"]}]},{\"@type\":\"ImageObject\",\"inLanguage\":\"fr-FR\",\"@id\":\"https:\/\/luispares.com\/fr\/legal\/#primaryimage\",\"url\":\"https:\/\/luispares.com\/wp-content\/uploads\/2016\/07\/FeaturedGeneric_v2_LuisPares.jpg\",\"contentUrl\":\"https:\/\/luispares.com\/wp-content\/uploads\/2016\/07\/FeaturedGeneric_v2_LuisPares.jpg\",\"width\":475,\"height\":227},{\"@type\":\"BreadcrumbList\",\"@id\":\"https:\/\/luispares.com\/fr\/legal\/#breadcrumb\",\"itemListElement\":[{\"@type\":\"ListItem\",\"position\":1,\"name\":\"Portada\",\"item\":\"https:\/\/luispares.com\/fr\/\"},{\"@type\":\"ListItem\",\"position\":2,\"name\":\"Mentions L\u00e9gales\"}]},{\"@type\":\"WebSite\",\"@id\":\"https:\/\/luispares.com\/fr\/#website\",\"url\":\"https:\/\/luispares.com\/fr\/\",\"name\":\"Luis Pares\",\"description\":\"Empresa constructora y miembro del Gremi de Constructors de Barcelona.\",\"publisher\":{\"@id\":\"https:\/\/luispares.com\/fr\/#organization\"},\"potentialAction\":[{\"@type\":\"SearchAction\",\"target\":{\"@type\":\"EntryPoint\",\"urlTemplate\":\"https:\/\/luispares.com\/fr\/?s={search_term_string}\"},\"query-input\":{\"@type\":\"PropertyValueSpecification\",\"valueRequired\":true,\"valueName\":\"search_term_string\"}}],\"inLanguage\":\"fr-FR\"},{\"@type\":\"Organization\",\"@id\":\"https:\/\/luispares.com\/fr\/#organization\",\"name\":\"Luis Par\u00e9s, S.L.\",\"url\":\"https:\/\/luispares.com\/fr\/\",\"logo\":{\"@type\":\"ImageObject\",\"inLanguage\":\"fr-FR\",\"@id\":\"https:\/\/luispares.com\/fr\/#\/schema\/logo\/image\/\",\"url\":\"https:\/\/www.luispares.com\/wp-content\/uploads\/2016\/07\/luispares_logo.png\",\"contentUrl\":\"https:\/\/www.luispares.com\/wp-content\/uploads\/2016\/07\/luispares_logo.png\",\"width\":208,\"height\":56,\"caption\":\"Luis Par\u00e9s, S.L.\"},\"image\":{\"@id\":\"https:\/\/luispares.com\/fr\/#\/schema\/logo\/image\/\"},\"sameAs\":[\"https:\/\/www.instagram.com\/luispares_sl\/\",\"https:\/\/www.linkedin.com\/company\/luis-par\u00e9s-s-l-\",\"https:\/\/www.youtube.com\/channel\/UCryaT4fZmdocCgSnzi9fiew\"]}]}<\/script>\n<!-- \/ Yoast SEO plugin. -->","yoast_head_json":{"title":"Mentions L\u00e9gales &#8211; Luis Pares","robots":{"index":"index","follow":"follow","max-snippet":"max-snippet:-1","max-image-preview":"max-image-preview:large","max-video-preview":"max-video-preview:-1"},"canonical":"https:\/\/luispares.com\/fr\/legal\/","og_locale":"fr_FR","og_type":"article","og_title":"Mentions L\u00e9gales &#8211; Luis Pares","og_description":"[vc_row type=\u00a0\u00bbgrid\u00a0\u00bb el_class=\u00a0\u00bbwhitesection\u00a0\u00bb][vc_column width=\u00a0\u00bb2\/3&Prime;][vc_column_text]La pr\u00e9sente mention l\u00e9gale (ci-apr\u00e8s \u00ab Mention L\u00e9gale \u00bb) r\u00e9git l&rsquo;utilisation du service du portail Internet www.luispares.com (ci-apr\u00e8s, le \u00ab Site \u00bb) de LUIS PAR\u00c9S, S.L., domicili\u00e9e \u00e0 GRAN VIA CARLES III, 124 2\u00ba, 08034 BARCELONE, Barcelone, et avec CIF\/NIF B08284002 inscrite...","og_url":"https:\/\/luispares.com\/fr\/legal\/","og_site_name":"Luis Pares","article_modified_time":"2025-03-25T14:15:12+00:00","twitter_card":"summary_large_image","twitter_misc":{"Dur\u00e9e de lecture estim\u00e9e":"2 minutes"},"schema":{"@context":"https:\/\/schema.org","@graph":[{"@type":"WebPage","@id":"https:\/\/luispares.com\/fr\/legal\/","url":"https:\/\/luispares.com\/fr\/legal\/","name":"Mentions L\u00e9gales &#8211; Luis Pares","isPartOf":{"@id":"https:\/\/luispares.com\/fr\/#website"},"primaryImageOfPage":{"@id":"https:\/\/luispares.com\/fr\/legal\/#primaryimage"},"image":{"@id":"https:\/\/luispares.com\/fr\/legal\/#primaryimage"},"thumbnailUrl":"https:\/\/luispares.com\/wp-content\/uploads\/2016\/07\/FeaturedGeneric_v2_LuisPares.jpg","datePublished":"2016-07-17T10:44:52+00:00","dateModified":"2025-03-25T14:15:12+00:00","breadcrumb":{"@id":"https:\/\/luispares.com\/fr\/legal\/#breadcrumb"},"inLanguage":"fr-FR","potentialAction":[{"@type":"ReadAction","target":["https:\/\/luispares.com\/fr\/legal\/"]}]},{"@type":"ImageObject","inLanguage":"fr-FR","@id":"https:\/\/luispares.com\/fr\/legal\/#primaryimage","url":"https:\/\/luispares.com\/wp-content\/uploads\/2016\/07\/FeaturedGeneric_v2_LuisPares.jpg","contentUrl":"https:\/\/luispares.com\/wp-content\/uploads\/2016\/07\/FeaturedGeneric_v2_LuisPares.jpg","width":475,"height":227},{"@type":"BreadcrumbList","@id":"https:\/\/luispares.com\/fr\/legal\/#breadcrumb","itemListElement":[{"@type":"ListItem","position":1,"name":"Portada","item":"https:\/\/luispares.com\/fr\/"},{"@type":"ListItem","position":2,"name":"Mentions L\u00e9gales"}]},{"@type":"WebSite","@id":"https:\/\/luispares.com\/fr\/#website","url":"https:\/\/luispares.com\/fr\/","name":"Luis Pares","description":"Empresa constructora y miembro del Gremi de Constructors de Barcelona.","publisher":{"@id":"https:\/\/luispares.com\/fr\/#organization"},"potentialAction":[{"@type":"SearchAction","target":{"@type":"EntryPoint","urlTemplate":"https:\/\/luispares.com\/fr\/?s={search_term_string}"},"query-input":{"@type":"PropertyValueSpecification","valueRequired":true,"valueName":"search_term_string"}}],"inLanguage":"fr-FR"},{"@type":"Organization","@id":"https:\/\/luispares.com\/fr\/#organization","name":"Luis Par\u00e9s, S.L.","url":"https:\/\/luispares.com\/fr\/","logo":{"@type":"ImageObject","inLanguage":"fr-FR","@id":"https:\/\/luispares.com\/fr\/#\/schema\/logo\/image\/","url":"https:\/\/www.luispares.com\/wp-content\/uploads\/2016\/07\/luispares_logo.png","contentUrl":"https:\/\/www.luispares.com\/wp-content\/uploads\/2016\/07\/luispares_logo.png","width":208,"height":56,"caption":"Luis Par\u00e9s, S.L."},"image":{"@id":"https:\/\/luispares.com\/fr\/#\/schema\/logo\/image\/"},"sameAs":["https:\/\/www.instagram.com\/luispares_sl\/","https:\/\/www.linkedin.com\/company\/luis-par\u00e9s-s-l-","https:\/\/www.youtube.com\/channel\/UCryaT4fZmdocCgSnzi9fiew"]}]}},"_links":{"self":[{"href":"https:\/\/luispares.com\/fr\/wp-json\/wp\/v2\/pages\/1273","targetHints":{"allow":["GET"]}}],"collection":[{"href":"https:\/\/luispares.com\/fr\/wp-json\/wp\/v2\/pages"}],"about":[{"href":"https:\/\/luispares.com\/fr\/wp-json\/wp\/v2\/types\/page"}],"author":[{"embeddable":true,"href":"https:\/\/luispares.com\/fr\/wp-json\/wp\/v2\/users\/3"}],"replies":[{"embeddable":true,"href":"https:\/\/luispares.com\/fr\/wp-json\/wp\/v2\/comments?post=1273"}],"version-history":[{"count":4,"href":"https:\/\/luispares.com\/fr\/wp-json\/wp\/v2\/pages\/1273\/revisions"}],"predecessor-version":[{"id":9243,"href":"https:\/\/luispares.com\/fr\/wp-json\/wp\/v2\/pages\/1273\/revisions\/9243"}],"wp:featuredmedia":[{"embeddable":true,"href":"https:\/\/luispares.com\/fr\/wp-json\/wp\/v2\/media\/929"}],"wp:attachment":[{"href":"https:\/\/luispares.com\/fr\/wp-json\/wp\/v2\/media?parent=1273"}],"curies":[{"name":"wp","href":"https:\/\/api.w.org\/{rel}","templated":true}]}}