{"id":1270,"date":"2016-07-17T12:46:34","date_gmt":"2016-07-17T10:46:34","guid":{"rendered":"https:\/\/luispares.com\/fr\/privacidad\/"},"modified":"2025-03-27T09:23:23","modified_gmt":"2025-03-27T07:23:23","slug":"privacidad","status":"publish","type":"page","link":"https:\/\/luispares.com\/fr\/privacidad\/","title":{"rendered":"Politique de privacit\u00e9"},"content":{"rendered":"<section class=\"wpb-content-wrapper\"><p>[vc_row type=\u00a0\u00bbgrid\u00a0\u00bb el_class=\u00a0\u00bbwhitesection\u00a0\u00bb][vc_column width=\u00a0\u00bb2\/3&Prime;][vc_column_text]<\/p>\n<h3>Confidentialit\u00e9 et protection des donn\u00e9es<\/h3>\n<p>Conform\u00e9ment \u00e0 la Loi organique 15\/1999 du 13 d\u00e9cembre relative \u00e0 la protection des donn\u00e9es \u00e0 caract\u00e8re personnel, LUIS PAR\u00c9S S.L informe l\u2019utilisateur de l\u2019existence d\u2019un fichier automatis\u00e9 de donn\u00e9es \u00e0 caract\u00e8re personnel cr\u00e9\u00e9 par et pour LUIS PAR\u00c9S S.L, sous sa responsabilit\u00e9, dans le but d\u2019assurer la maintenance et la gestion de la relation avec l\u2019utilisateur, ainsi que les t\u00e2ches d&rsquo;information. Au moment de l&rsquo;acceptation des pr\u00e9sentes conditions g\u00e9n\u00e9rales, LUIS PAR\u00c9S S.L exigera de l&rsquo;utilisateur la collecte des donn\u00e9es indispensables \u00e0 la prestation de ses services et\/ou informations.<\/p>\n<h3>Enregistrement des fichiers et formulaires<\/h3>\n<p>La saisie du formulaire d\u2019enregistrement est obligatoire pour acc\u00e9der \u00e0 certains services propos\u00e9s sur le site ou pour recevoir les informations demand\u00e9es. Le fait de ne pas fournir les donn\u00e9es personnelles demand\u00e9es ou de ne pas accepter la pr\u00e9sente politique de protection des donn\u00e9es rend impossible l&rsquo;information, l&rsquo;abonnement, l&rsquo;inscription ou la participation \u00e0 l&rsquo;une quelconque des promotions requ\u00e9rant des donn\u00e9es personnelles.<\/p>\n<p>Conform\u00e9ment \u00e0 la Loi organique 15\/1999 du 13 d\u00e9cembre, les donn\u00e9es personnelles obtenues suite \u00e0 votre enregistrement comme Utilisateur ou \u00e0 la compl\u00e9tion du formulaire de contact seront incorpor\u00e9es \u00e0 un fichier appartenant \u00e0 LUIS PAR\u00c9S S.L, avec CIF\/NIF B08284002 et si\u00e8ge social \u00e0 GRAN VIA CARLES III, 124 2\u00ba, 08034 BARCELONE, Barcelone, ayant mis en \u0153uvre les mesures de s\u00e9curit\u00e9 \u00e9tablies dans le D\u00e9cret royal 1720\/2007 du 21 d\u00e9cembre.<\/p>\n<h3>Exactitude et v\u00e9racit\u00e9 des donn\u00e9es<\/h3>\n<p>L&rsquo;utilisateur est seul responsable de l&rsquo;exactitude et de la v\u00e9racit\u00e9 des donn\u00e9es fournies, LUIS PAR\u00c9S S.L \u00e9tant d\u00e9gag\u00e9e de toute responsabilit\u00e9 \u00e0 cet \u00e9gard. Les utilisateurs garantissent et sont responsables, en tout cas, de l\u2019exactitude, la validit\u00e9 et l\u2019authenticit\u00e9 des donn\u00e9es personnelles fournies, et s\u2019engagent \u00e0 les tenir d\u00fbment \u00e0 jour. L\u2019utilisateur s\u2019engage \u00e0 fournir des informations compl\u00e8tes et correctes dans le formulaire de contact, d\u2019enregistrement ou d\u2019abonnement.<\/p>\n<p>LUIS PAR\u00c9S S.L ne r\u00e9pond pas de la v\u00e9racit\u00e9 des informations ne provenant pas d\u2019elle-m\u00eame et pour lesquelles une autre source est indiqu\u00e9e, n\u2019assumant donc aucune responsabilit\u00e9 quant aux \u00e9ventuels dommages pouvant d\u00e9couler de l\u2019utilisation de ces informations.<\/p>\n<p>LUIS PAR\u00c9S S.L se r\u00e9serve le droit de mettre \u00e0 jour, modifier ou supprimer les informations contenues sur ses sites Web, pouvant m\u00eame limiter ou refuser l\u2019acc\u00e8s \u00e0 ces informations.<\/p>\n<p>LUIS PAR\u00c9S S.L est exon\u00e9r\u00e9e de toute responsabilit\u00e9 pour tout dommage ou pr\u00e9judice que l&rsquo;utilisateur pourrait subir en raison d&rsquo;erreurs, de d\u00e9fauts ou d&rsquo;omissions dans les informations fournies par LUIS PAR\u00c9S S.L si elles proviennent de sources ext\u00e9rieures \u00e0 LUIS PAR\u00c9S S.L.<\/p>\n<h3>Cookies<\/h3>\n<p>Le site www.luispares.com n\u2019utilise pas de cookies permettant d\u2019\u00e9laborer un profil des pr\u00e9f\u00e9rences et de la navigation de l\u2019utilisateur, ces fichiers physiques \u00e9tant consid\u00e9r\u00e9s comme des informations h\u00e9berg\u00e9es sur le terminal de l\u2019utilisateur et servant \u00e0 faciliter la navigation sur le portail.<\/p>\n<p>Dans tous les cas, l\u2019utilisateur peut configurer son navigateur afin d\u2019emp\u00eacher l\u2019installation de ces fichiers.<\/p>\n<h3>Finalit\u00e9s<\/h3>\n<p>Les finalit\u00e9s de LUIS PAR\u00c9S S.L sont le maintien et la gestion de la relation avec l\u2019utilisateur et l\u2019envoi d\u2019informations sur nos produits et services.<\/p>\n<h3>Mineurs<\/h3>\n<p>Dans le cas o\u00f9 certains de nos services s\u2019adresseraient sp\u00e9cifiquement \u00e0 des mineurs, LUIS PAR\u00c9S S.L demandera le consentement des parents ou tuteurs pour la collecte des donn\u00e9es personnelles ou, le cas \u00e9ch\u00e9ant, pour leur traitement automatis\u00e9.<\/p>\n<h3>Transfert de donn\u00e9es \u00e0 des tiers<\/h3>\n<p>LUIS PAR\u00c9S S.L ne transf\u00e9rera pas les donn\u00e9es des utilisateurs \u00e0 des tiers.[\/vc_column_text][\/vc_column][\/vc_row]<\/p>\n<\/section>","protected":false},"excerpt":{"rendered":"<p>[vc_row type=\u00a0\u00bbgrid\u00a0\u00bb el_class=\u00a0\u00bbwhitesection\u00a0\u00bb][vc_column width=\u00a0\u00bb2\/3&Prime;][vc_column_text] Confidentialit\u00e9 et protection des donn\u00e9es Conform\u00e9ment \u00e0 la Loi organique 15\/1999 du 13 d\u00e9cembre relative \u00e0 la protection des donn\u00e9es \u00e0 caract\u00e8re personnel, LUIS PAR\u00c9S S.L informe l\u2019utilisateur de l\u2019existence d\u2019un fichier automatis\u00e9 de donn\u00e9es \u00e0 caract\u00e8re personnel cr\u00e9\u00e9 par et&#8230;<\/p>\n","protected":false},"author":3,"featured_media":929,"parent":0,"menu_order":10,"comment_status":"closed","ping_status":"closed","template":"full_width.php","meta":{"footnotes":""},"class_list":["post-1270","page","type-page","status-publish","has-post-thumbnail","hentry"],"yoast_head":"<!-- This site is optimized with the Yoast SEO plugin v27.4 - https:\/\/yoast.com\/product\/yoast-seo-wordpress\/ -->\n<title>Politique de privacit\u00e9 &#8211; Luis Pares<\/title>\n<meta name=\"robots\" content=\"index, follow, max-snippet:-1, max-image-preview:large, max-video-preview:-1\" \/>\n<link rel=\"canonical\" href=\"https:\/\/luispares.com\/fr\/privacidad\/\" \/>\n<meta property=\"og:locale\" content=\"fr_FR\" \/>\n<meta property=\"og:type\" content=\"article\" \/>\n<meta property=\"og:title\" content=\"Politique de privacit\u00e9 &#8211; Luis Pares\" \/>\n<meta property=\"og:description\" content=\"[vc_row type=\u00a0\u00bbgrid\u00a0\u00bb el_class=\u00a0\u00bbwhitesection\u00a0\u00bb][vc_column width=\u00a0\u00bb2\/3&Prime;][vc_column_text] Confidentialit\u00e9 et protection des donn\u00e9es Conform\u00e9ment \u00e0 la Loi organique 15\/1999 du 13 d\u00e9cembre relative \u00e0 la protection des donn\u00e9es \u00e0 caract\u00e8re personnel, LUIS PAR\u00c9S S.L informe l\u2019utilisateur de l\u2019existence d\u2019un fichier automatis\u00e9 de donn\u00e9es \u00e0 caract\u00e8re personnel cr\u00e9\u00e9 par et...\" \/>\n<meta property=\"og:url\" content=\"https:\/\/luispares.com\/fr\/privacidad\/\" \/>\n<meta property=\"og:site_name\" content=\"Luis Pares\" \/>\n<meta property=\"article:modified_time\" content=\"2025-03-27T07:23:23+00:00\" \/>\n<meta name=\"twitter:card\" content=\"summary_large_image\" \/>\n<meta name=\"twitter:label1\" content=\"Dur\u00e9e de lecture estim\u00e9e\" \/>\n\t<meta name=\"twitter:data1\" content=\"3 minutes\" \/>\n<script type=\"application\/ld+json\" class=\"yoast-schema-graph\">{\"@context\":\"https:\\\/\\\/schema.org\",\"@graph\":[{\"@type\":\"WebPage\",\"@id\":\"https:\\\/\\\/luispares.com\\\/fr\\\/privacidad\\\/\",\"url\":\"https:\\\/\\\/luispares.com\\\/fr\\\/privacidad\\\/\",\"name\":\"Politique de privacit\u00e9 &#8211; Luis Pares\",\"isPartOf\":{\"@id\":\"https:\\\/\\\/luispares.com\\\/fr\\\/#website\"},\"primaryImageOfPage\":{\"@id\":\"https:\\\/\\\/luispares.com\\\/fr\\\/privacidad\\\/#primaryimage\"},\"image\":{\"@id\":\"https:\\\/\\\/luispares.com\\\/fr\\\/privacidad\\\/#primaryimage\"},\"thumbnailUrl\":\"https:\\\/\\\/luispares.com\\\/wp-content\\\/uploads\\\/2016\\\/07\\\/FeaturedGeneric_v2_LuisPares.jpg\",\"datePublished\":\"2016-07-17T10:46:34+00:00\",\"dateModified\":\"2025-03-27T07:23:23+00:00\",\"breadcrumb\":{\"@id\":\"https:\\\/\\\/luispares.com\\\/fr\\\/privacidad\\\/#breadcrumb\"},\"inLanguage\":\"fr-FR\",\"potentialAction\":[{\"@type\":\"ReadAction\",\"target\":[\"https:\\\/\\\/luispares.com\\\/fr\\\/privacidad\\\/\"]}]},{\"@type\":\"ImageObject\",\"inLanguage\":\"fr-FR\",\"@id\":\"https:\\\/\\\/luispares.com\\\/fr\\\/privacidad\\\/#primaryimage\",\"url\":\"https:\\\/\\\/luispares.com\\\/wp-content\\\/uploads\\\/2016\\\/07\\\/FeaturedGeneric_v2_LuisPares.jpg\",\"contentUrl\":\"https:\\\/\\\/luispares.com\\\/wp-content\\\/uploads\\\/2016\\\/07\\\/FeaturedGeneric_v2_LuisPares.jpg\",\"width\":475,\"height\":227},{\"@type\":\"BreadcrumbList\",\"@id\":\"https:\\\/\\\/luispares.com\\\/fr\\\/privacidad\\\/#breadcrumb\",\"itemListElement\":[{\"@type\":\"ListItem\",\"position\":1,\"name\":\"Portada\",\"item\":\"https:\\\/\\\/luispares.com\\\/fr\\\/\"},{\"@type\":\"ListItem\",\"position\":2,\"name\":\"Politique de privacit\u00e9\"}]},{\"@type\":\"WebSite\",\"@id\":\"https:\\\/\\\/luispares.com\\\/fr\\\/#website\",\"url\":\"https:\\\/\\\/luispares.com\\\/fr\\\/\",\"name\":\"Luis Pares\",\"description\":\"Empresa constructora y miembro del Gremi de Constructors de Barcelona.\",\"publisher\":{\"@id\":\"https:\\\/\\\/luispares.com\\\/fr\\\/#organization\"},\"potentialAction\":[{\"@type\":\"SearchAction\",\"target\":{\"@type\":\"EntryPoint\",\"urlTemplate\":\"https:\\\/\\\/luispares.com\\\/fr\\\/?s={search_term_string}\"},\"query-input\":{\"@type\":\"PropertyValueSpecification\",\"valueRequired\":true,\"valueName\":\"search_term_string\"}}],\"inLanguage\":\"fr-FR\"},{\"@type\":\"Organization\",\"@id\":\"https:\\\/\\\/luispares.com\\\/fr\\\/#organization\",\"name\":\"Luis Par\u00e9s, S.L.\",\"url\":\"https:\\\/\\\/luispares.com\\\/fr\\\/\",\"logo\":{\"@type\":\"ImageObject\",\"inLanguage\":\"fr-FR\",\"@id\":\"https:\\\/\\\/luispares.com\\\/fr\\\/#\\\/schema\\\/logo\\\/image\\\/\",\"url\":\"https:\\\/\\\/www.luispares.com\\\/wp-content\\\/uploads\\\/2016\\\/07\\\/luispares_logo.png\",\"contentUrl\":\"https:\\\/\\\/www.luispares.com\\\/wp-content\\\/uploads\\\/2016\\\/07\\\/luispares_logo.png\",\"width\":208,\"height\":56,\"caption\":\"Luis Par\u00e9s, S.L.\"},\"image\":{\"@id\":\"https:\\\/\\\/luispares.com\\\/fr\\\/#\\\/schema\\\/logo\\\/image\\\/\"},\"sameAs\":[\"https:\\\/\\\/www.instagram.com\\\/luispares_sl\\\/\",\"https:\\\/\\\/www.linkedin.com\\\/company\\\/luis-par\u00e9s-s-l-\",\"https:\\\/\\\/www.youtube.com\\\/channel\\\/UCryaT4fZmdocCgSnzi9fiew\"]}]}<\/script>\n<!-- \/ Yoast SEO plugin. -->","yoast_head_json":{"title":"Politique de privacit\u00e9 &#8211; Luis Pares","robots":{"index":"index","follow":"follow","max-snippet":"max-snippet:-1","max-image-preview":"max-image-preview:large","max-video-preview":"max-video-preview:-1"},"canonical":"https:\/\/luispares.com\/fr\/privacidad\/","og_locale":"fr_FR","og_type":"article","og_title":"Politique de privacit\u00e9 &#8211; Luis Pares","og_description":"[vc_row type=\u00a0\u00bbgrid\u00a0\u00bb el_class=\u00a0\u00bbwhitesection\u00a0\u00bb][vc_column width=\u00a0\u00bb2\/3&Prime;][vc_column_text] Confidentialit\u00e9 et protection des donn\u00e9es Conform\u00e9ment \u00e0 la Loi organique 15\/1999 du 13 d\u00e9cembre relative \u00e0 la protection des donn\u00e9es \u00e0 caract\u00e8re personnel, LUIS PAR\u00c9S S.L informe l\u2019utilisateur de l\u2019existence d\u2019un fichier automatis\u00e9 de donn\u00e9es \u00e0 caract\u00e8re personnel cr\u00e9\u00e9 par et...","og_url":"https:\/\/luispares.com\/fr\/privacidad\/","og_site_name":"Luis Pares","article_modified_time":"2025-03-27T07:23:23+00:00","twitter_card":"summary_large_image","twitter_misc":{"Dur\u00e9e de lecture estim\u00e9e":"3 minutes"},"schema":{"@context":"https:\/\/schema.org","@graph":[{"@type":"WebPage","@id":"https:\/\/luispares.com\/fr\/privacidad\/","url":"https:\/\/luispares.com\/fr\/privacidad\/","name":"Politique de privacit\u00e9 &#8211; Luis Pares","isPartOf":{"@id":"https:\/\/luispares.com\/fr\/#website"},"primaryImageOfPage":{"@id":"https:\/\/luispares.com\/fr\/privacidad\/#primaryimage"},"image":{"@id":"https:\/\/luispares.com\/fr\/privacidad\/#primaryimage"},"thumbnailUrl":"https:\/\/luispares.com\/wp-content\/uploads\/2016\/07\/FeaturedGeneric_v2_LuisPares.jpg","datePublished":"2016-07-17T10:46:34+00:00","dateModified":"2025-03-27T07:23:23+00:00","breadcrumb":{"@id":"https:\/\/luispares.com\/fr\/privacidad\/#breadcrumb"},"inLanguage":"fr-FR","potentialAction":[{"@type":"ReadAction","target":["https:\/\/luispares.com\/fr\/privacidad\/"]}]},{"@type":"ImageObject","inLanguage":"fr-FR","@id":"https:\/\/luispares.com\/fr\/privacidad\/#primaryimage","url":"https:\/\/luispares.com\/wp-content\/uploads\/2016\/07\/FeaturedGeneric_v2_LuisPares.jpg","contentUrl":"https:\/\/luispares.com\/wp-content\/uploads\/2016\/07\/FeaturedGeneric_v2_LuisPares.jpg","width":475,"height":227},{"@type":"BreadcrumbList","@id":"https:\/\/luispares.com\/fr\/privacidad\/#breadcrumb","itemListElement":[{"@type":"ListItem","position":1,"name":"Portada","item":"https:\/\/luispares.com\/fr\/"},{"@type":"ListItem","position":2,"name":"Politique de privacit\u00e9"}]},{"@type":"WebSite","@id":"https:\/\/luispares.com\/fr\/#website","url":"https:\/\/luispares.com\/fr\/","name":"Luis Pares","description":"Empresa constructora y miembro del Gremi de Constructors de Barcelona.","publisher":{"@id":"https:\/\/luispares.com\/fr\/#organization"},"potentialAction":[{"@type":"SearchAction","target":{"@type":"EntryPoint","urlTemplate":"https:\/\/luispares.com\/fr\/?s={search_term_string}"},"query-input":{"@type":"PropertyValueSpecification","valueRequired":true,"valueName":"search_term_string"}}],"inLanguage":"fr-FR"},{"@type":"Organization","@id":"https:\/\/luispares.com\/fr\/#organization","name":"Luis Par\u00e9s, S.L.","url":"https:\/\/luispares.com\/fr\/","logo":{"@type":"ImageObject","inLanguage":"fr-FR","@id":"https:\/\/luispares.com\/fr\/#\/schema\/logo\/image\/","url":"https:\/\/www.luispares.com\/wp-content\/uploads\/2016\/07\/luispares_logo.png","contentUrl":"https:\/\/www.luispares.com\/wp-content\/uploads\/2016\/07\/luispares_logo.png","width":208,"height":56,"caption":"Luis Par\u00e9s, S.L."},"image":{"@id":"https:\/\/luispares.com\/fr\/#\/schema\/logo\/image\/"},"sameAs":["https:\/\/www.instagram.com\/luispares_sl\/","https:\/\/www.linkedin.com\/company\/luis-par\u00e9s-s-l-","https:\/\/www.youtube.com\/channel\/UCryaT4fZmdocCgSnzi9fiew"]}]}},"_links":{"self":[{"href":"https:\/\/luispares.com\/fr\/wp-json\/wp\/v2\/pages\/1270","targetHints":{"allow":["GET"]}}],"collection":[{"href":"https:\/\/luispares.com\/fr\/wp-json\/wp\/v2\/pages"}],"about":[{"href":"https:\/\/luispares.com\/fr\/wp-json\/wp\/v2\/types\/page"}],"author":[{"embeddable":true,"href":"https:\/\/luispares.com\/fr\/wp-json\/wp\/v2\/users\/3"}],"replies":[{"embeddable":true,"href":"https:\/\/luispares.com\/fr\/wp-json\/wp\/v2\/comments?post=1270"}],"version-history":[{"count":2,"href":"https:\/\/luispares.com\/fr\/wp-json\/wp\/v2\/pages\/1270\/revisions"}],"predecessor-version":[{"id":9265,"href":"https:\/\/luispares.com\/fr\/wp-json\/wp\/v2\/pages\/1270\/revisions\/9265"}],"wp:featuredmedia":[{"embeddable":true,"href":"https:\/\/luispares.com\/fr\/wp-json\/wp\/v2\/media\/929"}],"wp:attachment":[{"href":"https:\/\/luispares.com\/fr\/wp-json\/wp\/v2\/media?parent=1270"}],"curies":[{"name":"wp","href":"https:\/\/api.w.org\/{rel}","templated":true}]}}