{"id":1314,"date":"2016-07-15T09:15:04","date_gmt":"2016-07-15T07:15:04","guid":{"rendered":"https:\/\/luispares.com\/en\/introduccion\/"},"modified":"2020-11-26T09:19:51","modified_gmt":"2020-11-26T07:19:51","slug":"introduccion","status":"publish","type":"page","link":"https:\/\/luispares.com\/en\/empresa\/introduccion\/","title":{"rendered":"Introduction"},"content":{"rendered":"<section class=\"wpb-content-wrapper\"><p>[vc_row type=&#8221;grid&#8221; el_class=&#8221;whitesection&#8221;][vc_column][vc_row_inner][vc_column_inner el_class=&#8221;col1&#8243;][vc_column_text]<\/p>\n<h2>Constructor tradition<\/h2>\n<p>LUIS PAR\u00c9S is the result of a long family building tradition that started at the end of the 19th century in the Barcelona town of Sant Boi de Llobregat. The construction activity began in what was then called the &#8220;mestre d&#8217;obres&#8221;, professionals who incorporated the applied arts of Modernism to ennoble the buildings. Over time, work was carried out for clients and architects, some of whom became world-renowned, such as Gaud\u00ed, and on such emblematic works as the Colonia G\u00fcell in Santa Coloma de Cervell\u00f3. It was constituted as a trading company in January 1972, although already in the 1930s it acted as an individual company in the name of Alejo Par\u00e9s Carbonell and then, since 1956, in the name of Luis Par\u00e9s Mestres.[\/vc_column_text][\/vc_column_inner][\/vc_row_inner][vc_row_inner][vc_column_inner width=&#8221;1\/2&#8243;][vc_single_image image=&#8221;846&#8243; img_size=&#8221;full&#8221; mmxstudio_css_animation=&#8221;element_from_left&#8221;][\/vc_column_inner][vc_column_inner el_class=&#8221;col2&#8243; width=&#8221;1\/2&#8243;][vc_column_text]<\/p>\n<h2>Our activity<\/h2>\n<p>The company&#8217;s activity is focused on building, rehabilitation and urbanization works for public and private clients, working for prestigious Faculty Managers. We have built and rehabilitated houses, schools, markets, hotels, offices, restaurants, etc., and urbanized complete streets and urban sectors.[\/vc_column_text][\/vc_column_inner][\/vc_row_inner][vc_row_inner][vc_column_inner el_class=&#8221;col1&#8243; width=&#8221;1\/2&#8243;][vc_column_text]<\/p>\n<h2>Our team<\/h2>\n<p>The work ranges from earthmoving to final finishing. To carry out these tasks, the company has qualified project managers and highly experienced site personnel, as well as the technical means required for each occasion.[\/vc_column_text][\/vc_column_inner][vc_column_inner width=&#8221;1\/2&#8243;][vc_single_image image=&#8221;847&#8243; img_size=&#8221;full&#8221; alignment=&#8221;right&#8221; mmxstudio_css_animation=&#8221;element_from_right&#8221;][\/vc_column_inner][\/vc_row_inner][vc_row_inner][vc_column_inner width=&#8221;1\/2&#8243;][vc_single_image image=&#8221;882&#8243; img_size=&#8221;full&#8221; mmxstudio_css_animation=&#8221;element_from_left&#8221; el_class=&#8221;rwdhide&#8221;][\/vc_column_inner][vc_column_inner el_class=&#8221;col2&#8243; width=&#8221;1\/2&#8243;][vc_column_text]<\/p>\n<h2>Corporate report<\/h2>\n<p>In order to build a more complete scenario of our activity, we put at your disposal a document that reflects our mission and values, as well as a portfolio to know our most relevant projects.[\/vc_column_text][vc_btn title=&#8221;Consulte la memoria&#8221; style=&#8221;flat&#8221; shape=&#8221;square&#8221; color=&#8221;violet&#8221; css_animation=&#8221;bottom-to-top&#8221; link=&#8221;url:%2Fempresa%2Fmemoria-corporativa%2F|title:Memoria%20Corporativa%20Luis%20Par%C3%A9s||&#8221;][\/vc_column_inner][\/vc_row_inner][\/vc_column][\/vc_row][vc_row type=&#8221;grid&#8221; el_class=&#8221;proyectosfooter&#8221;][vc_column][vc_row_inner][vc_column_inner][vc_column_text]Consulte algunos de nuestros proyectos seleccionados a continuaci\u00f3n[\/vc_column_text][vc_btn title=&#8221;Todos los proyectos&#8221; style=&#8221;flat&#8221; shape=&#8221;square&#8221; color=&#8221;white&#8221; align=&#8221;center&#8221; css_animation=&#8221;bottom-to-top&#8221; link=&#8221;url:%2Fproyectos%2F|title:Proyectos%20seleccionados%20Luis%20Par%C3%A9s||&#8221;][\/vc_column_inner][\/vc_row_inner][\/vc_column][\/vc_row]<\/p>\n<\/section>","protected":false},"excerpt":{"rendered":"<p>[vc_row type=&#8221;grid&#8221; el_class=&#8221;whitesection&#8221;][vc_column][vc_row_inner][vc_column_inner el_class=&#8221;col1&#8243;][vc_column_text] Constructor tradition LUIS PAR\u00c9S is the result of a long family building tradition that started at the end of the 19th century in the Barcelona town of Sant Boi de Llobregat. The construction activity began in what was then called the&#8230;<\/p>\n","protected":false},"author":3,"featured_media":929,"parent":1321,"menu_order":1,"comment_status":"closed","ping_status":"closed","template":"full_width.php","meta":{"footnotes":""},"class_list":["post-1314","page","type-page","status-publish","has-post-thumbnail","hentry"],"yoast_head":"<!-- This site is optimized with the Yoast SEO plugin v27.3 - https:\/\/yoast.com\/product\/yoast-seo-wordpress\/ -->\n<title>Introduction &#8211; Luis Pares<\/title>\n<meta name=\"robots\" content=\"index, follow, max-snippet:-1, max-image-preview:large, max-video-preview:-1\" \/>\n<link rel=\"canonical\" href=\"https:\/\/luispares.com\/en\/empresa\/introduccion\/\" \/>\n<meta property=\"og:locale\" content=\"en_US\" \/>\n<meta property=\"og:type\" content=\"article\" \/>\n<meta property=\"og:title\" content=\"Introduction &#8211; Luis Pares\" \/>\n<meta property=\"og:description\" content=\"[vc_row type=&#8221;grid&#8221; el_class=&#8221;whitesection&#8221;][vc_column][vc_row_inner][vc_column_inner el_class=&#8221;col1&#8243;][vc_column_text] Constructor tradition LUIS PAR\u00c9S is the result of a long family building tradition that started at the end of the 19th century in the Barcelona town of Sant Boi de Llobregat. The construction activity began in what was then called the...\" \/>\n<meta property=\"og:url\" content=\"https:\/\/luispares.com\/en\/empresa\/introduccion\/\" \/>\n<meta property=\"og:site_name\" content=\"Luis Pares\" \/>\n<meta property=\"article:modified_time\" content=\"2020-11-26T07:19:51+00:00\" \/>\n<meta property=\"og:image\" content=\"https:\/\/luispares.com\/wp-content\/uploads\/2016\/07\/FeaturedGeneric_v2_LuisPares.jpg\" \/>\n\t<meta property=\"og:image:width\" content=\"475\" \/>\n\t<meta property=\"og:image:height\" content=\"227\" \/>\n\t<meta property=\"og:image:type\" content=\"image\/jpeg\" \/>\n<meta name=\"twitter:card\" content=\"summary_large_image\" \/>\n<meta name=\"twitter:label1\" content=\"Est. reading time\" \/>\n\t<meta name=\"twitter:data1\" content=\"3 minutes\" \/>\n<script type=\"application\/ld+json\" class=\"yoast-schema-graph\">{\"@context\":\"https:\\\/\\\/schema.org\",\"@graph\":[{\"@type\":\"WebPage\",\"@id\":\"https:\\\/\\\/luispares.com\\\/en\\\/empresa\\\/introduccion\\\/\",\"url\":\"https:\\\/\\\/luispares.com\\\/en\\\/empresa\\\/introduccion\\\/\",\"name\":\"Introduction &#8211; Luis Pares\",\"isPartOf\":{\"@id\":\"https:\\\/\\\/luispares.com\\\/en\\\/#website\"},\"primaryImageOfPage\":{\"@id\":\"https:\\\/\\\/luispares.com\\\/en\\\/empresa\\\/introduccion\\\/#primaryimage\"},\"image\":{\"@id\":\"https:\\\/\\\/luispares.com\\\/en\\\/empresa\\\/introduccion\\\/#primaryimage\"},\"thumbnailUrl\":\"https:\\\/\\\/luispares.com\\\/wp-content\\\/uploads\\\/2016\\\/07\\\/FeaturedGeneric_v2_LuisPares.jpg\",\"datePublished\":\"2016-07-15T07:15:04+00:00\",\"dateModified\":\"2020-11-26T07:19:51+00:00\",\"breadcrumb\":{\"@id\":\"https:\\\/\\\/luispares.com\\\/en\\\/empresa\\\/introduccion\\\/#breadcrumb\"},\"inLanguage\":\"en-US\",\"potentialAction\":[{\"@type\":\"ReadAction\",\"target\":[\"https:\\\/\\\/luispares.com\\\/en\\\/empresa\\\/introduccion\\\/\"]}]},{\"@type\":\"ImageObject\",\"inLanguage\":\"en-US\",\"@id\":\"https:\\\/\\\/luispares.com\\\/en\\\/empresa\\\/introduccion\\\/#primaryimage\",\"url\":\"https:\\\/\\\/luispares.com\\\/wp-content\\\/uploads\\\/2016\\\/07\\\/FeaturedGeneric_v2_LuisPares.jpg\",\"contentUrl\":\"https:\\\/\\\/luispares.com\\\/wp-content\\\/uploads\\\/2016\\\/07\\\/FeaturedGeneric_v2_LuisPares.jpg\",\"width\":475,\"height\":227},{\"@type\":\"BreadcrumbList\",\"@id\":\"https:\\\/\\\/luispares.com\\\/en\\\/empresa\\\/introduccion\\\/#breadcrumb\",\"itemListElement\":[{\"@type\":\"ListItem\",\"position\":1,\"name\":\"Portada\",\"item\":\"https:\\\/\\\/luispares.com\\\/en\\\/\"},{\"@type\":\"ListItem\",\"position\":2,\"name\":\"Company\",\"item\":\"https:\\\/\\\/luispares.com\\\/en\\\/empresa\\\/\"},{\"@type\":\"ListItem\",\"position\":3,\"name\":\"Introduction\"}]},{\"@type\":\"WebSite\",\"@id\":\"https:\\\/\\\/luispares.com\\\/en\\\/#website\",\"url\":\"https:\\\/\\\/luispares.com\\\/en\\\/\",\"name\":\"Luis Pares\",\"description\":\"Empresa constructora y miembro del Gremi de Constructors de Barcelona.\",\"publisher\":{\"@id\":\"https:\\\/\\\/luispares.com\\\/en\\\/#organization\"},\"potentialAction\":[{\"@type\":\"SearchAction\",\"target\":{\"@type\":\"EntryPoint\",\"urlTemplate\":\"https:\\\/\\\/luispares.com\\\/en\\\/?s={search_term_string}\"},\"query-input\":{\"@type\":\"PropertyValueSpecification\",\"valueRequired\":true,\"valueName\":\"search_term_string\"}}],\"inLanguage\":\"en-US\"},{\"@type\":\"Organization\",\"@id\":\"https:\\\/\\\/luispares.com\\\/en\\\/#organization\",\"name\":\"Luis Par\u00e9s, S.L.\",\"url\":\"https:\\\/\\\/luispares.com\\\/en\\\/\",\"logo\":{\"@type\":\"ImageObject\",\"inLanguage\":\"en-US\",\"@id\":\"https:\\\/\\\/luispares.com\\\/en\\\/#\\\/schema\\\/logo\\\/image\\\/\",\"url\":\"https:\\\/\\\/www.luispares.com\\\/wp-content\\\/uploads\\\/2016\\\/07\\\/luispares_logo.png\",\"contentUrl\":\"https:\\\/\\\/www.luispares.com\\\/wp-content\\\/uploads\\\/2016\\\/07\\\/luispares_logo.png\",\"width\":208,\"height\":56,\"caption\":\"Luis Par\u00e9s, S.L.\"},\"image\":{\"@id\":\"https:\\\/\\\/luispares.com\\\/en\\\/#\\\/schema\\\/logo\\\/image\\\/\"},\"sameAs\":[\"https:\\\/\\\/www.instagram.com\\\/luispares_sl\\\/\",\"https:\\\/\\\/www.linkedin.com\\\/company\\\/luis-par\u00e9s-s-l-\",\"https:\\\/\\\/www.youtube.com\\\/channel\\\/UCryaT4fZmdocCgSnzi9fiew\"]}]}<\/script>\n<!-- \/ Yoast SEO plugin. -->","yoast_head_json":{"title":"Introduction &#8211; Luis Pares","robots":{"index":"index","follow":"follow","max-snippet":"max-snippet:-1","max-image-preview":"max-image-preview:large","max-video-preview":"max-video-preview:-1"},"canonical":"https:\/\/luispares.com\/en\/empresa\/introduccion\/","og_locale":"en_US","og_type":"article","og_title":"Introduction &#8211; Luis Pares","og_description":"[vc_row type=&#8221;grid&#8221; el_class=&#8221;whitesection&#8221;][vc_column][vc_row_inner][vc_column_inner el_class=&#8221;col1&#8243;][vc_column_text] Constructor tradition LUIS PAR\u00c9S is the result of a long family building tradition that started at the end of the 19th century in the Barcelona town of Sant Boi de Llobregat. The construction activity began in what was then called the...","og_url":"https:\/\/luispares.com\/en\/empresa\/introduccion\/","og_site_name":"Luis Pares","article_modified_time":"2020-11-26T07:19:51+00:00","og_image":[{"width":475,"height":227,"url":"https:\/\/luispares.com\/wp-content\/uploads\/2016\/07\/FeaturedGeneric_v2_LuisPares.jpg","type":"image\/jpeg"}],"twitter_card":"summary_large_image","twitter_misc":{"Est. reading time":"3 minutes"},"schema":{"@context":"https:\/\/schema.org","@graph":[{"@type":"WebPage","@id":"https:\/\/luispares.com\/en\/empresa\/introduccion\/","url":"https:\/\/luispares.com\/en\/empresa\/introduccion\/","name":"Introduction &#8211; Luis Pares","isPartOf":{"@id":"https:\/\/luispares.com\/en\/#website"},"primaryImageOfPage":{"@id":"https:\/\/luispares.com\/en\/empresa\/introduccion\/#primaryimage"},"image":{"@id":"https:\/\/luispares.com\/en\/empresa\/introduccion\/#primaryimage"},"thumbnailUrl":"https:\/\/luispares.com\/wp-content\/uploads\/2016\/07\/FeaturedGeneric_v2_LuisPares.jpg","datePublished":"2016-07-15T07:15:04+00:00","dateModified":"2020-11-26T07:19:51+00:00","breadcrumb":{"@id":"https:\/\/luispares.com\/en\/empresa\/introduccion\/#breadcrumb"},"inLanguage":"en-US","potentialAction":[{"@type":"ReadAction","target":["https:\/\/luispares.com\/en\/empresa\/introduccion\/"]}]},{"@type":"ImageObject","inLanguage":"en-US","@id":"https:\/\/luispares.com\/en\/empresa\/introduccion\/#primaryimage","url":"https:\/\/luispares.com\/wp-content\/uploads\/2016\/07\/FeaturedGeneric_v2_LuisPares.jpg","contentUrl":"https:\/\/luispares.com\/wp-content\/uploads\/2016\/07\/FeaturedGeneric_v2_LuisPares.jpg","width":475,"height":227},{"@type":"BreadcrumbList","@id":"https:\/\/luispares.com\/en\/empresa\/introduccion\/#breadcrumb","itemListElement":[{"@type":"ListItem","position":1,"name":"Portada","item":"https:\/\/luispares.com\/en\/"},{"@type":"ListItem","position":2,"name":"Company","item":"https:\/\/luispares.com\/en\/empresa\/"},{"@type":"ListItem","position":3,"name":"Introduction"}]},{"@type":"WebSite","@id":"https:\/\/luispares.com\/en\/#website","url":"https:\/\/luispares.com\/en\/","name":"Luis Pares","description":"Empresa constructora y miembro del Gremi de Constructors de Barcelona.","publisher":{"@id":"https:\/\/luispares.com\/en\/#organization"},"potentialAction":[{"@type":"SearchAction","target":{"@type":"EntryPoint","urlTemplate":"https:\/\/luispares.com\/en\/?s={search_term_string}"},"query-input":{"@type":"PropertyValueSpecification","valueRequired":true,"valueName":"search_term_string"}}],"inLanguage":"en-US"},{"@type":"Organization","@id":"https:\/\/luispares.com\/en\/#organization","name":"Luis Par\u00e9s, S.L.","url":"https:\/\/luispares.com\/en\/","logo":{"@type":"ImageObject","inLanguage":"en-US","@id":"https:\/\/luispares.com\/en\/#\/schema\/logo\/image\/","url":"https:\/\/www.luispares.com\/wp-content\/uploads\/2016\/07\/luispares_logo.png","contentUrl":"https:\/\/www.luispares.com\/wp-content\/uploads\/2016\/07\/luispares_logo.png","width":208,"height":56,"caption":"Luis Par\u00e9s, S.L."},"image":{"@id":"https:\/\/luispares.com\/en\/#\/schema\/logo\/image\/"},"sameAs":["https:\/\/www.instagram.com\/luispares_sl\/","https:\/\/www.linkedin.com\/company\/luis-par\u00e9s-s-l-","https:\/\/www.youtube.com\/channel\/UCryaT4fZmdocCgSnzi9fiew"]}]}},"_links":{"self":[{"href":"https:\/\/luispares.com\/en\/wp-json\/wp\/v2\/pages\/1314","targetHints":{"allow":["GET"]}}],"collection":[{"href":"https:\/\/luispares.com\/en\/wp-json\/wp\/v2\/pages"}],"about":[{"href":"https:\/\/luispares.com\/en\/wp-json\/wp\/v2\/types\/page"}],"author":[{"embeddable":true,"href":"https:\/\/luispares.com\/en\/wp-json\/wp\/v2\/users\/3"}],"replies":[{"embeddable":true,"href":"https:\/\/luispares.com\/en\/wp-json\/wp\/v2\/comments?post=1314"}],"version-history":[{"count":3,"href":"https:\/\/luispares.com\/en\/wp-json\/wp\/v2\/pages\/1314\/revisions"}],"predecessor-version":[{"id":5453,"href":"https:\/\/luispares.com\/en\/wp-json\/wp\/v2\/pages\/1314\/revisions\/5453"}],"up":[{"embeddable":true,"href":"https:\/\/luispares.com\/en\/wp-json\/wp\/v2\/pages\/1321"}],"wp:featuredmedia":[{"embeddable":true,"href":"https:\/\/luispares.com\/en\/wp-json\/wp\/v2\/media\/929"}],"wp:attachment":[{"href":"https:\/\/luispares.com\/en\/wp-json\/wp\/v2\/media?parent=1314"}],"curies":[{"name":"wp","href":"https:\/\/api.w.org\/{rel}","templated":true}]}}