{"id":1300,"date":"2016-07-15T09:15:49","date_gmt":"2016-07-15T07:15:49","guid":{"rendered":"https:\/\/luispares.com\/en\/contratistas-del-estado\/"},"modified":"2020-11-30T09:44:59","modified_gmt":"2020-11-30T07:44:59","slug":"contratistas-del-estado","status":"publish","type":"page","link":"https:\/\/luispares.com\/en\/empresa\/contratistas-del-estado\/","title":{"rendered":"Government contractors"},"content":{"rendered":"<section class=\"wpb-content-wrapper\"><p>[vc_row type=&#8221;grid&#8221; el_class=&#8221;whitesection&#8221;][vc_column][vc_row_inner][vc_column_inner el_class=&#8221;col1&#8243; width=&#8221;1\/2&#8243;][vc_column_text]<\/p>\n<h2><strong>Certified by the administration<\/strong><\/h2>\n<p>We have the Business Classification Certificate (number 6,669 in the Official Contractors&#8217; Register), which we renew regularly, in order to be able to contract with the Public Administrations, both at the level of Catalonia and at the state level, with a classification that allows us to bid for all types of building, urbanization and rehabilitation works.[\/vc_column_text][\/vc_column_inner][vc_column_inner width=&#8221;1\/2&#8243;][vc_single_image image=&#8221;879&#8243; img_size=&#8221;full&#8221; alignment=&#8221;right&#8221; mmxstudio_css_animation=&#8221;element_from_right&#8221;][\/vc_column_inner][\/vc_row_inner][vc_row_inner][vc_column_inner width=&#8221;1\/2&#8243;][vc_single_image image=&#8221;880&#8243; img_size=&#8221;full&#8221; alignment=&#8221;right&#8221; mmxstudio_css_animation=&#8221;element_from_right&#8221; el_class=&#8221;rwdhide&#8221;][\/vc_column_inner][vc_column_inner el_class=&#8221;col2&#8243; width=&#8221;1\/2&#8243;][vc_column_text]<\/p>\n<h2>Contracted works<\/h2>\n<p>We have contracted works with various administrations, among others: Infraestructures.cat (formerly GISA), ADIGSA, City Councils (Barcelona, Cornell\u00e0, Sant Boi), of various types such as schools, medical centres, housing developments, parks, sports facilities, etc.[\/vc_column_text][\/vc_column_inner][\/vc_row_inner][\/vc_column][\/vc_row][vc_row type=&#8221;grid&#8221; el_class=&#8221;greysection&#8221;][vc_column][vc_row_inner el_class=&#8221;estado&#8221;][vc_column_inner el_class=&#8221;col1&#8243;][vc_column_text]<\/p>\n<h2>Clasificaci\u00f3n Empresarial<\/h2>\n<p>El Certificado de Clasificaci\u00f3n Empresarial supone el reconocimiento de nuestra empresa para contratar con las administraciones p\u00fablicas en los siguientes tipos de obras:[\/vc_column_text][vc_empty_space height=&#8221;50px&#8221;][\/vc_column_inner][\/vc_row_inner][vc_row_inner el_class=&#8221;estado&#8221;][vc_column_inner width=&#8221;1\/4&#8243;][vc_single_image image=&#8221;905&#8243; img_size=&#8221;full&#8221; alignment=&#8221;center&#8221; mmxstudio_css_animation=&#8221;element_from_fade&#8221;][vc_column_text]<\/p>\n<h4>Grupo A\u2028 (MOVIMIENTO DE TIERRAS Y PERFORACIONES)<\/h4>\n<p>Subgrupos 1, 2, 3 y 4 (desmontes y vaciados, explanaciones, canteras, pozos y galer\u00edas)[\/vc_column_text][\/vc_column_inner][vc_column_inner width=&#8221;1\/4&#8243;][vc_single_image image=&#8221;906&#8243; img_size=&#8221;full&#8221; alignment=&#8221;center&#8221; mmxstudio_css_animation=&#8221;element_from_fade&#8221;][vc_column_text]<\/p>\n<h4>Grupo B\u2028 (PUENTES, VIADUCTOS Y GRANDES ESTRUCTURAS)<\/h4>\n<p>Subgrupos 1, 2 y 4 (de f\u00e1brica u hormig\u00f3n en masa, de hormig\u00f3n armado, met\u00e1licos)[\/vc_column_text][\/vc_column_inner][vc_column_inner width=&#8221;1\/4&#8243;][vc_single_image image=&#8221;907&#8243; img_size=&#8221;full&#8221; alignment=&#8221;center&#8221; mmxstudio_css_animation=&#8221;element_from_fade&#8221;][vc_column_text]<\/p>\n<h4>GRUPO C \u2028(EDIFICACIONES)<\/h4>\n<p>Subgrupos 1, 2, 3, 4, 5, 6, 7, 8, y 9 (demoliciones, estructuras de f\u00e1brica u hormig\u00f3n, estructuras met\u00e1licas, alba\u00f1iler\u00eda, revocos y revestidos, canter\u00eda y marmoler\u00eda, pavimentos, solados y alicatados, aislamientos e impermeabilizaciones, carpinter\u00eda de madera, carpinter\u00eda met\u00e1lica)[\/vc_column_text][\/vc_column_inner][vc_column_inner width=&#8221;1\/4&#8243;][vc_single_image image=&#8221;908&#8243; img_size=&#8221;full&#8221; alignment=&#8221;center&#8221; mmxstudio_css_animation=&#8221;element_from_fade&#8221;][vc_column_text]<\/p>\n<h4>Grupo E\u2028 (HIDR\u00c1ULICAS)<\/h4>\n<p>Subgrupos 1, 4, 5 y 7 (abastecimientos y saneamientos, acequias y desag\u00fces, defensas de m\u00e1rgenes y encauzamientos, obras hidr\u00e1ulicas sin cualificaci\u00f3n espec\u00edfica)[\/vc_column_text][\/vc_column_inner][\/vc_row_inner][vc_row_inner el_class=&#8221;estado&#8221;][vc_column_inner width=&#8221;1\/4&#8243;][vc_single_image image=&#8221;909&#8243; img_size=&#8221;full&#8221; alignment=&#8221;center&#8221; mmxstudio_css_animation=&#8221;element_from_fade&#8221;][vc_column_text]<\/p>\n<h4>Grupo G\u2028 (VIALES Y PISTAS)<\/h4>\n<p>Subgrupos 4, 5 y 6 (con firmes de mezclas bituminosas, se\u00f1alizaciones y balizamientos viales, obras viales sin cualificaci\u00f3n espec\u00edfica)[\/vc_column_text][\/vc_column_inner][vc_column_inner width=&#8221;1\/4&#8243;][vc_single_image image=&#8221;910&#8243; img_size=&#8221;full&#8221; alignment=&#8221;center&#8221; mmxstudio_css_animation=&#8221;element_from_fade&#8221;][vc_column_text]<\/p>\n<h4>Grupo I \u2028(INSTALACIONES EL\u00c9CTRICAS)<\/h4>\n<p>Subgrupos 1, 6, 8 y 9 (alumbrados, iluminaciones y balizamientos luminosos, distribuci\u00f3n en baja tensi\u00f3n, instalaciones electr\u00f3nicas, instalaciones el\u00e9ctricas sin cualificaci\u00f3n espec\u00edfica)[\/vc_column_text][\/vc_column_inner][vc_column_inner width=&#8221;1\/4&#8243;][vc_single_image image=&#8221;911&#8243; img_size=&#8221;full&#8221; alignment=&#8221;center&#8221; mmxstudio_css_animation=&#8221;element_from_fade&#8221;][vc_column_text]<\/p>\n<h4>Grupo J\u2028 (INSTALACIONES MEC\u00c1NICAS)<\/h4>\n<p>Subgrupos 1, 2, 4 y 5 (elevadoras o transportadoras, de ventilaci\u00f3n, calefacci\u00f3n y climatizaci\u00f3n, de fontaner\u00eda y sanitarias, instalaciones mec\u00e1nicas sin cualificaci\u00f3n espec\u00edfica)[\/vc_column_text][\/vc_column_inner][vc_column_inner width=&#8221;1\/4&#8243;][vc_single_image image=&#8221;912&#8243; img_size=&#8221;full&#8221; alignment=&#8221;center&#8221; mmxstudio_css_animation=&#8221;element_from_fade&#8221;][vc_column_text]<\/p>\n<h4>Grupo K\u2028 (ESPECIALES)<\/h4>\n<p>Subgrupos 1, 2, 4, 5, 6, 7 y 9 (cimentaciones especiales, sondeos, inyecciones y pilotajes, pinturas y metalizaciones, ornamentaciones y decoraciones, jardiner\u00eda y plantaciones, restauraci\u00f3n de bienes inmuebles hist\u00f3rico-art\u00edsticos, instalaciones contra incendios)[\/vc_column_text][\/vc_column_inner][\/vc_row_inner][\/vc_column][\/vc_row][vc_row type=&#8221;grid&#8221; el_class=&#8221;proyectosfooter&#8221;][vc_column][vc_row_inner][vc_column_inner][vc_column_text]Consulte algunos de nuestros proyectos seleccionados a continuaci\u00f3n[\/vc_column_text][vc_btn title=&#8221;Todos los proyectos&#8221; style=&#8221;flat&#8221; shape=&#8221;square&#8221; color=&#8221;white&#8221; align=&#8221;center&#8221; css_animation=&#8221;bottom-to-top&#8221; link=&#8221;url:%2Fproyectos%2F|title:Proyectos%20seleccionados%20Luis%20Par%C3%A9s||&#8221;][\/vc_column_inner][\/vc_row_inner][\/vc_column][\/vc_row]<\/p>\n<\/section>","protected":false},"excerpt":{"rendered":"<p>[vc_row type=&#8221;grid&#8221; el_class=&#8221;whitesection&#8221;][vc_column][vc_row_inner][vc_column_inner el_class=&#8221;col1&#8243; width=&#8221;1\/2&#8243;][vc_column_text] Certified by the administration We have the Business Classification Certificate (number 6,669 in the Official Contractors&#8217; Register), which we renew regularly, in order to be able to contract with the Public Administrations, both at the level of Catalonia and at&#8230;<\/p>\n","protected":false},"author":3,"featured_media":929,"parent":1321,"menu_order":5,"comment_status":"closed","ping_status":"closed","template":"full_width.php","meta":{"footnotes":""},"class_list":["post-1300","page","type-page","status-publish","has-post-thumbnail","hentry"],"yoast_head":"<!-- This site is optimized with the Yoast SEO plugin v27.4 - https:\/\/yoast.com\/product\/yoast-seo-wordpress\/ -->\n<title>Government contractors &#8211; Luis Pares<\/title>\n<meta name=\"robots\" content=\"index, follow, max-snippet:-1, max-image-preview:large, max-video-preview:-1\" \/>\n<link rel=\"canonical\" href=\"https:\/\/luispares.com\/en\/empresa\/contratistas-del-estado\/\" \/>\n<meta property=\"og:locale\" content=\"en_US\" \/>\n<meta property=\"og:type\" content=\"article\" \/>\n<meta property=\"og:title\" content=\"Government contractors &#8211; Luis Pares\" \/>\n<meta property=\"og:description\" content=\"[vc_row type=&#8221;grid&#8221; el_class=&#8221;whitesection&#8221;][vc_column][vc_row_inner][vc_column_inner el_class=&#8221;col1&#8243; width=&#8221;1\/2&#8243;][vc_column_text] Certified by the administration We have the Business Classification Certificate (number 6,669 in the Official Contractors&#8217; Register), which we renew regularly, in order to be able to contract with the Public Administrations, both at the level of Catalonia and at...\" \/>\n<meta property=\"og:url\" content=\"https:\/\/luispares.com\/en\/empresa\/contratistas-del-estado\/\" \/>\n<meta property=\"og:site_name\" content=\"Luis Pares\" \/>\n<meta property=\"article:modified_time\" content=\"2020-11-30T07:44:59+00:00\" \/>\n<meta property=\"og:image\" content=\"https:\/\/luispares.com\/wp-content\/uploads\/2016\/07\/FeaturedGeneric_v2_LuisPares.jpg\" \/>\n\t<meta property=\"og:image:width\" content=\"475\" \/>\n\t<meta property=\"og:image:height\" content=\"227\" \/>\n\t<meta property=\"og:image:type\" content=\"image\/jpeg\" \/>\n<meta name=\"twitter:card\" content=\"summary_large_image\" \/>\n<meta name=\"twitter:label1\" content=\"Est. reading time\" \/>\n\t<meta name=\"twitter:data1\" content=\"4 minutes\" \/>\n<script type=\"application\/ld+json\" class=\"yoast-schema-graph\">{\"@context\":\"https:\\\/\\\/schema.org\",\"@graph\":[{\"@type\":\"WebPage\",\"@id\":\"https:\\\/\\\/luispares.com\\\/en\\\/empresa\\\/contratistas-del-estado\\\/\",\"url\":\"https:\\\/\\\/luispares.com\\\/en\\\/empresa\\\/contratistas-del-estado\\\/\",\"name\":\"Government contractors &#8211; Luis Pares\",\"isPartOf\":{\"@id\":\"https:\\\/\\\/luispares.com\\\/en\\\/#website\"},\"primaryImageOfPage\":{\"@id\":\"https:\\\/\\\/luispares.com\\\/en\\\/empresa\\\/contratistas-del-estado\\\/#primaryimage\"},\"image\":{\"@id\":\"https:\\\/\\\/luispares.com\\\/en\\\/empresa\\\/contratistas-del-estado\\\/#primaryimage\"},\"thumbnailUrl\":\"https:\\\/\\\/luispares.com\\\/wp-content\\\/uploads\\\/2016\\\/07\\\/FeaturedGeneric_v2_LuisPares.jpg\",\"datePublished\":\"2016-07-15T07:15:49+00:00\",\"dateModified\":\"2020-11-30T07:44:59+00:00\",\"breadcrumb\":{\"@id\":\"https:\\\/\\\/luispares.com\\\/en\\\/empresa\\\/contratistas-del-estado\\\/#breadcrumb\"},\"inLanguage\":\"en-US\",\"potentialAction\":[{\"@type\":\"ReadAction\",\"target\":[\"https:\\\/\\\/luispares.com\\\/en\\\/empresa\\\/contratistas-del-estado\\\/\"]}]},{\"@type\":\"ImageObject\",\"inLanguage\":\"en-US\",\"@id\":\"https:\\\/\\\/luispares.com\\\/en\\\/empresa\\\/contratistas-del-estado\\\/#primaryimage\",\"url\":\"https:\\\/\\\/luispares.com\\\/wp-content\\\/uploads\\\/2016\\\/07\\\/FeaturedGeneric_v2_LuisPares.jpg\",\"contentUrl\":\"https:\\\/\\\/luispares.com\\\/wp-content\\\/uploads\\\/2016\\\/07\\\/FeaturedGeneric_v2_LuisPares.jpg\",\"width\":475,\"height\":227},{\"@type\":\"BreadcrumbList\",\"@id\":\"https:\\\/\\\/luispares.com\\\/en\\\/empresa\\\/contratistas-del-estado\\\/#breadcrumb\",\"itemListElement\":[{\"@type\":\"ListItem\",\"position\":1,\"name\":\"Portada\",\"item\":\"https:\\\/\\\/luispares.com\\\/en\\\/\"},{\"@type\":\"ListItem\",\"position\":2,\"name\":\"Company\",\"item\":\"https:\\\/\\\/luispares.com\\\/en\\\/empresa\\\/\"},{\"@type\":\"ListItem\",\"position\":3,\"name\":\"Government contractors\"}]},{\"@type\":\"WebSite\",\"@id\":\"https:\\\/\\\/luispares.com\\\/en\\\/#website\",\"url\":\"https:\\\/\\\/luispares.com\\\/en\\\/\",\"name\":\"Luis Pares\",\"description\":\"Empresa constructora y miembro del Gremi de Constructors de Barcelona.\",\"publisher\":{\"@id\":\"https:\\\/\\\/luispares.com\\\/en\\\/#organization\"},\"potentialAction\":[{\"@type\":\"SearchAction\",\"target\":{\"@type\":\"EntryPoint\",\"urlTemplate\":\"https:\\\/\\\/luispares.com\\\/en\\\/?s={search_term_string}\"},\"query-input\":{\"@type\":\"PropertyValueSpecification\",\"valueRequired\":true,\"valueName\":\"search_term_string\"}}],\"inLanguage\":\"en-US\"},{\"@type\":\"Organization\",\"@id\":\"https:\\\/\\\/luispares.com\\\/en\\\/#organization\",\"name\":\"Luis Par\u00e9s, S.L.\",\"url\":\"https:\\\/\\\/luispares.com\\\/en\\\/\",\"logo\":{\"@type\":\"ImageObject\",\"inLanguage\":\"en-US\",\"@id\":\"https:\\\/\\\/luispares.com\\\/en\\\/#\\\/schema\\\/logo\\\/image\\\/\",\"url\":\"https:\\\/\\\/www.luispares.com\\\/wp-content\\\/uploads\\\/2016\\\/07\\\/luispares_logo.png\",\"contentUrl\":\"https:\\\/\\\/www.luispares.com\\\/wp-content\\\/uploads\\\/2016\\\/07\\\/luispares_logo.png\",\"width\":208,\"height\":56,\"caption\":\"Luis Par\u00e9s, S.L.\"},\"image\":{\"@id\":\"https:\\\/\\\/luispares.com\\\/en\\\/#\\\/schema\\\/logo\\\/image\\\/\"},\"sameAs\":[\"https:\\\/\\\/www.instagram.com\\\/luispares_sl\\\/\",\"https:\\\/\\\/www.linkedin.com\\\/company\\\/luis-par\u00e9s-s-l-\",\"https:\\\/\\\/www.youtube.com\\\/channel\\\/UCryaT4fZmdocCgSnzi9fiew\"]}]}<\/script>\n<!-- \/ Yoast SEO plugin. -->","yoast_head_json":{"title":"Government contractors &#8211; Luis Pares","robots":{"index":"index","follow":"follow","max-snippet":"max-snippet:-1","max-image-preview":"max-image-preview:large","max-video-preview":"max-video-preview:-1"},"canonical":"https:\/\/luispares.com\/en\/empresa\/contratistas-del-estado\/","og_locale":"en_US","og_type":"article","og_title":"Government contractors &#8211; Luis Pares","og_description":"[vc_row type=&#8221;grid&#8221; el_class=&#8221;whitesection&#8221;][vc_column][vc_row_inner][vc_column_inner el_class=&#8221;col1&#8243; width=&#8221;1\/2&#8243;][vc_column_text] Certified by the administration We have the Business Classification Certificate (number 6,669 in the Official Contractors&#8217; Register), which we renew regularly, in order to be able to contract with the Public Administrations, both at the level of Catalonia and at...","og_url":"https:\/\/luispares.com\/en\/empresa\/contratistas-del-estado\/","og_site_name":"Luis Pares","article_modified_time":"2020-11-30T07:44:59+00:00","og_image":[{"width":475,"height":227,"url":"https:\/\/luispares.com\/wp-content\/uploads\/2016\/07\/FeaturedGeneric_v2_LuisPares.jpg","type":"image\/jpeg"}],"twitter_card":"summary_large_image","twitter_misc":{"Est. reading time":"4 minutes"},"schema":{"@context":"https:\/\/schema.org","@graph":[{"@type":"WebPage","@id":"https:\/\/luispares.com\/en\/empresa\/contratistas-del-estado\/","url":"https:\/\/luispares.com\/en\/empresa\/contratistas-del-estado\/","name":"Government contractors &#8211; Luis Pares","isPartOf":{"@id":"https:\/\/luispares.com\/en\/#website"},"primaryImageOfPage":{"@id":"https:\/\/luispares.com\/en\/empresa\/contratistas-del-estado\/#primaryimage"},"image":{"@id":"https:\/\/luispares.com\/en\/empresa\/contratistas-del-estado\/#primaryimage"},"thumbnailUrl":"https:\/\/luispares.com\/wp-content\/uploads\/2016\/07\/FeaturedGeneric_v2_LuisPares.jpg","datePublished":"2016-07-15T07:15:49+00:00","dateModified":"2020-11-30T07:44:59+00:00","breadcrumb":{"@id":"https:\/\/luispares.com\/en\/empresa\/contratistas-del-estado\/#breadcrumb"},"inLanguage":"en-US","potentialAction":[{"@type":"ReadAction","target":["https:\/\/luispares.com\/en\/empresa\/contratistas-del-estado\/"]}]},{"@type":"ImageObject","inLanguage":"en-US","@id":"https:\/\/luispares.com\/en\/empresa\/contratistas-del-estado\/#primaryimage","url":"https:\/\/luispares.com\/wp-content\/uploads\/2016\/07\/FeaturedGeneric_v2_LuisPares.jpg","contentUrl":"https:\/\/luispares.com\/wp-content\/uploads\/2016\/07\/FeaturedGeneric_v2_LuisPares.jpg","width":475,"height":227},{"@type":"BreadcrumbList","@id":"https:\/\/luispares.com\/en\/empresa\/contratistas-del-estado\/#breadcrumb","itemListElement":[{"@type":"ListItem","position":1,"name":"Portada","item":"https:\/\/luispares.com\/en\/"},{"@type":"ListItem","position":2,"name":"Company","item":"https:\/\/luispares.com\/en\/empresa\/"},{"@type":"ListItem","position":3,"name":"Government contractors"}]},{"@type":"WebSite","@id":"https:\/\/luispares.com\/en\/#website","url":"https:\/\/luispares.com\/en\/","name":"Luis Pares","description":"Empresa constructora y miembro del Gremi de Constructors de Barcelona.","publisher":{"@id":"https:\/\/luispares.com\/en\/#organization"},"potentialAction":[{"@type":"SearchAction","target":{"@type":"EntryPoint","urlTemplate":"https:\/\/luispares.com\/en\/?s={search_term_string}"},"query-input":{"@type":"PropertyValueSpecification","valueRequired":true,"valueName":"search_term_string"}}],"inLanguage":"en-US"},{"@type":"Organization","@id":"https:\/\/luispares.com\/en\/#organization","name":"Luis Par\u00e9s, S.L.","url":"https:\/\/luispares.com\/en\/","logo":{"@type":"ImageObject","inLanguage":"en-US","@id":"https:\/\/luispares.com\/en\/#\/schema\/logo\/image\/","url":"https:\/\/www.luispares.com\/wp-content\/uploads\/2016\/07\/luispares_logo.png","contentUrl":"https:\/\/www.luispares.com\/wp-content\/uploads\/2016\/07\/luispares_logo.png","width":208,"height":56,"caption":"Luis Par\u00e9s, S.L."},"image":{"@id":"https:\/\/luispares.com\/en\/#\/schema\/logo\/image\/"},"sameAs":["https:\/\/www.instagram.com\/luispares_sl\/","https:\/\/www.linkedin.com\/company\/luis-par\u00e9s-s-l-","https:\/\/www.youtube.com\/channel\/UCryaT4fZmdocCgSnzi9fiew"]}]}},"_links":{"self":[{"href":"https:\/\/luispares.com\/en\/wp-json\/wp\/v2\/pages\/1300","targetHints":{"allow":["GET"]}}],"collection":[{"href":"https:\/\/luispares.com\/en\/wp-json\/wp\/v2\/pages"}],"about":[{"href":"https:\/\/luispares.com\/en\/wp-json\/wp\/v2\/types\/page"}],"author":[{"embeddable":true,"href":"https:\/\/luispares.com\/en\/wp-json\/wp\/v2\/users\/3"}],"replies":[{"embeddable":true,"href":"https:\/\/luispares.com\/en\/wp-json\/wp\/v2\/comments?post=1300"}],"version-history":[{"count":3,"href":"https:\/\/luispares.com\/en\/wp-json\/wp\/v2\/pages\/1300\/revisions"}],"predecessor-version":[{"id":5472,"href":"https:\/\/luispares.com\/en\/wp-json\/wp\/v2\/pages\/1300\/revisions\/5472"}],"up":[{"embeddable":true,"href":"https:\/\/luispares.com\/en\/wp-json\/wp\/v2\/pages\/1321"}],"wp:featuredmedia":[{"embeddable":true,"href":"https:\/\/luispares.com\/en\/wp-json\/wp\/v2\/media\/929"}],"wp:attachment":[{"href":"https:\/\/luispares.com\/en\/wp-json\/wp\/v2\/media?parent=1300"}],"curies":[{"name":"wp","href":"https:\/\/api.w.org\/{rel}","templated":true}]}}