{"id":1293,"date":"2016-07-15T09:15:56","date_gmt":"2016-07-15T07:15:56","guid":{"rendered":"https:\/\/luispares.com\/en\/servicios\/"},"modified":"2020-11-30T09:50:56","modified_gmt":"2020-11-30T07:50:56","slug":"servicios","status":"publish","type":"page","link":"https:\/\/luispares.com\/en\/servicios\/","title":{"rendered":"Services"},"content":{"rendered":"<section class=\"wpb-content-wrapper\"><p>[vc_row type=&#8221;grid&#8221; el_class=&#8221;whitesection&#8221;][vc_column][vc_row_inner el_class=&#8221;calidad&#8221;][vc_column_inner el_class=&#8221;col1&#8243; width=&#8221;1\/2&#8243;][vc_column_text]<\/p>\n<h2>Construcci\u00f3n<\/h2>\n<p>En LUIS PAR\u00c9S nos avalan m\u00e1s de 100 a\u00f1os de experiencia prestando servicios como constructora. Nuestra actividad abarca desde la construcci\u00f3n de edificios de viviendas hasta grandes conjuntos residenciales, pasando por hoteles, oficinas comerciales, equipamientos, naves industriales y rehabilitaci\u00f3n de fachadas, entre otros.[\/vc_column_text][\/vc_column_inner][vc_column_inner width=&#8221;1\/2&#8243;][vc_single_image image=&#8221;1135&#8243; img_size=&#8221;full&#8221; mmxstudio_css_animation=&#8221;element_from_right&#8221;][\/vc_column_inner][\/vc_row_inner][vc_row_inner el_class=&#8221;calidad&#8221;][vc_column_inner el_class=&#8221;col1&#8243; width=&#8221;1\/2&#8243;][vc_single_image image=&#8221;1136&#8243; img_size=&#8221;full&#8221; mmxstudio_css_animation=&#8221;element_from_left&#8221; el_class=&#8221;rwdhide&#8221;][\/vc_column_inner][vc_column_inner width=&#8221;1\/2&#8243;][vc_column_text]<\/p>\n<h2>Otros Servicios<\/h2>\n<p>Al Departamento de Obras, se le suma nuestra Oficina T\u00e9cnica y de Estudios (trabajos de levantamientos topogr\u00e1ficos, delineaci\u00f3n de planos, derribos, legalizaci\u00f3n de las instalaciones, tramitaci\u00f3n de licencias, etc.) y los servicios de Construction Management para los clientes que prefieran este tipo de contrataci\u00f3n.[\/vc_column_text][\/vc_column_inner][\/vc_row_inner][\/vc_column][\/vc_row][vc_row type=&#8221;grid&#8221; el_class=&#8221;proyectosfooter&#8221;][vc_column][vc_row_inner][vc_column_inner][vc_column_text]Consulte algunos de nuestros proyectos seleccionados a continuaci\u00f3n[\/vc_column_text][vc_btn title=&#8221;Todos los proyectos&#8221; style=&#8221;flat&#8221; shape=&#8221;square&#8221; color=&#8221;white&#8221; align=&#8221;center&#8221; css_animation=&#8221;bottom-to-top&#8221; link=&#8221;url:%2Fproyectos%2F|title:Proyectos%20seleccionados%20Luis%20Par%C3%A9s||&#8221;][\/vc_column_inner][\/vc_row_inner][\/vc_column][\/vc_row]<\/p>\n<\/section>","protected":false},"excerpt":{"rendered":"<p>[vc_row type=&#8221;grid&#8221; el_class=&#8221;whitesection&#8221;][vc_column][vc_row_inner el_class=&#8221;calidad&#8221;][vc_column_inner el_class=&#8221;col1&#8243; width=&#8221;1\/2&#8243;][vc_column_text] Construcci\u00f3n En LUIS PAR\u00c9S nos avalan m\u00e1s de 100 a\u00f1os de experiencia prestando servicios como constructora. Nuestra actividad abarca desde la construcci\u00f3n de edificios de viviendas hasta grandes conjuntos residenciales, pasando por hoteles, oficinas comerciales, equipamientos, naves industriales y&#8230;<\/p>\n","protected":false},"author":3,"featured_media":929,"parent":0,"menu_order":3,"comment_status":"closed","ping_status":"closed","template":"full_width.php","meta":{"footnotes":""},"class_list":["post-1293","page","type-page","status-publish","has-post-thumbnail","hentry"],"yoast_head":"<!-- This site is optimized with the Yoast SEO plugin v27.4 - https:\/\/yoast.com\/product\/yoast-seo-wordpress\/ -->\n<title>Services &#8211; Luis Pares<\/title>\n<meta name=\"robots\" content=\"index, follow, max-snippet:-1, max-image-preview:large, max-video-preview:-1\" \/>\n<link rel=\"canonical\" href=\"https:\/\/luispares.com\/en\/servicios\/\" \/>\n<meta property=\"og:locale\" content=\"en_US\" \/>\n<meta property=\"og:type\" content=\"article\" \/>\n<meta property=\"og:title\" content=\"Services &#8211; Luis Pares\" \/>\n<meta property=\"og:description\" content=\"[vc_row type=&#8221;grid&#8221; el_class=&#8221;whitesection&#8221;][vc_column][vc_row_inner el_class=&#8221;calidad&#8221;][vc_column_inner el_class=&#8221;col1&#8243; width=&#8221;1\/2&#8243;][vc_column_text] Construcci\u00f3n En LUIS PAR\u00c9S nos avalan m\u00e1s de 100 a\u00f1os de experiencia prestando servicios como constructora. Nuestra actividad abarca desde la construcci\u00f3n de edificios de viviendas hasta grandes conjuntos residenciales, pasando por hoteles, oficinas comerciales, equipamientos, naves industriales y...\" \/>\n<meta property=\"og:url\" content=\"https:\/\/luispares.com\/en\/servicios\/\" \/>\n<meta property=\"og:site_name\" content=\"Luis Pares\" \/>\n<meta property=\"article:modified_time\" content=\"2020-11-30T07:50:56+00:00\" \/>\n<meta property=\"og:image\" content=\"https:\/\/luispares.com\/wp-content\/uploads\/2016\/07\/FeaturedGeneric_v2_LuisPares.jpg\" \/>\n\t<meta property=\"og:image:width\" content=\"475\" \/>\n\t<meta property=\"og:image:height\" content=\"227\" \/>\n\t<meta property=\"og:image:type\" content=\"image\/jpeg\" \/>\n<meta name=\"twitter:card\" content=\"summary_large_image\" \/>\n<meta name=\"twitter:label1\" content=\"Est. reading time\" \/>\n\t<meta name=\"twitter:data1\" content=\"1 minute\" \/>\n<script type=\"application\/ld+json\" class=\"yoast-schema-graph\">{\"@context\":\"https:\\\/\\\/schema.org\",\"@graph\":[{\"@type\":\"WebPage\",\"@id\":\"https:\\\/\\\/luispares.com\\\/en\\\/servicios\\\/\",\"url\":\"https:\\\/\\\/luispares.com\\\/en\\\/servicios\\\/\",\"name\":\"Services &#8211; Luis Pares\",\"isPartOf\":{\"@id\":\"https:\\\/\\\/luispares.com\\\/en\\\/#website\"},\"primaryImageOfPage\":{\"@id\":\"https:\\\/\\\/luispares.com\\\/en\\\/servicios\\\/#primaryimage\"},\"image\":{\"@id\":\"https:\\\/\\\/luispares.com\\\/en\\\/servicios\\\/#primaryimage\"},\"thumbnailUrl\":\"https:\\\/\\\/luispares.com\\\/wp-content\\\/uploads\\\/2016\\\/07\\\/FeaturedGeneric_v2_LuisPares.jpg\",\"datePublished\":\"2016-07-15T07:15:56+00:00\",\"dateModified\":\"2020-11-30T07:50:56+00:00\",\"breadcrumb\":{\"@id\":\"https:\\\/\\\/luispares.com\\\/en\\\/servicios\\\/#breadcrumb\"},\"inLanguage\":\"en-US\",\"potentialAction\":[{\"@type\":\"ReadAction\",\"target\":[\"https:\\\/\\\/luispares.com\\\/en\\\/servicios\\\/\"]}]},{\"@type\":\"ImageObject\",\"inLanguage\":\"en-US\",\"@id\":\"https:\\\/\\\/luispares.com\\\/en\\\/servicios\\\/#primaryimage\",\"url\":\"https:\\\/\\\/luispares.com\\\/wp-content\\\/uploads\\\/2016\\\/07\\\/FeaturedGeneric_v2_LuisPares.jpg\",\"contentUrl\":\"https:\\\/\\\/luispares.com\\\/wp-content\\\/uploads\\\/2016\\\/07\\\/FeaturedGeneric_v2_LuisPares.jpg\",\"width\":475,\"height\":227},{\"@type\":\"BreadcrumbList\",\"@id\":\"https:\\\/\\\/luispares.com\\\/en\\\/servicios\\\/#breadcrumb\",\"itemListElement\":[{\"@type\":\"ListItem\",\"position\":1,\"name\":\"Portada\",\"item\":\"https:\\\/\\\/luispares.com\\\/en\\\/\"},{\"@type\":\"ListItem\",\"position\":2,\"name\":\"Services\"}]},{\"@type\":\"WebSite\",\"@id\":\"https:\\\/\\\/luispares.com\\\/en\\\/#website\",\"url\":\"https:\\\/\\\/luispares.com\\\/en\\\/\",\"name\":\"Luis Pares\",\"description\":\"Empresa constructora y miembro del Gremi de Constructors de Barcelona.\",\"publisher\":{\"@id\":\"https:\\\/\\\/luispares.com\\\/en\\\/#organization\"},\"potentialAction\":[{\"@type\":\"SearchAction\",\"target\":{\"@type\":\"EntryPoint\",\"urlTemplate\":\"https:\\\/\\\/luispares.com\\\/en\\\/?s={search_term_string}\"},\"query-input\":{\"@type\":\"PropertyValueSpecification\",\"valueRequired\":true,\"valueName\":\"search_term_string\"}}],\"inLanguage\":\"en-US\"},{\"@type\":\"Organization\",\"@id\":\"https:\\\/\\\/luispares.com\\\/en\\\/#organization\",\"name\":\"Luis Par\u00e9s, S.L.\",\"url\":\"https:\\\/\\\/luispares.com\\\/en\\\/\",\"logo\":{\"@type\":\"ImageObject\",\"inLanguage\":\"en-US\",\"@id\":\"https:\\\/\\\/luispares.com\\\/en\\\/#\\\/schema\\\/logo\\\/image\\\/\",\"url\":\"https:\\\/\\\/www.luispares.com\\\/wp-content\\\/uploads\\\/2016\\\/07\\\/luispares_logo.png\",\"contentUrl\":\"https:\\\/\\\/www.luispares.com\\\/wp-content\\\/uploads\\\/2016\\\/07\\\/luispares_logo.png\",\"width\":208,\"height\":56,\"caption\":\"Luis Par\u00e9s, S.L.\"},\"image\":{\"@id\":\"https:\\\/\\\/luispares.com\\\/en\\\/#\\\/schema\\\/logo\\\/image\\\/\"},\"sameAs\":[\"https:\\\/\\\/www.instagram.com\\\/luispares_sl\\\/\",\"https:\\\/\\\/www.linkedin.com\\\/company\\\/luis-par\u00e9s-s-l-\",\"https:\\\/\\\/www.youtube.com\\\/channel\\\/UCryaT4fZmdocCgSnzi9fiew\"]}]}<\/script>\n<!-- \/ Yoast SEO plugin. -->","yoast_head_json":{"title":"Services &#8211; Luis Pares","robots":{"index":"index","follow":"follow","max-snippet":"max-snippet:-1","max-image-preview":"max-image-preview:large","max-video-preview":"max-video-preview:-1"},"canonical":"https:\/\/luispares.com\/en\/servicios\/","og_locale":"en_US","og_type":"article","og_title":"Services &#8211; Luis Pares","og_description":"[vc_row type=&#8221;grid&#8221; el_class=&#8221;whitesection&#8221;][vc_column][vc_row_inner el_class=&#8221;calidad&#8221;][vc_column_inner el_class=&#8221;col1&#8243; width=&#8221;1\/2&#8243;][vc_column_text] Construcci\u00f3n En LUIS PAR\u00c9S nos avalan m\u00e1s de 100 a\u00f1os de experiencia prestando servicios como constructora. Nuestra actividad abarca desde la construcci\u00f3n de edificios de viviendas hasta grandes conjuntos residenciales, pasando por hoteles, oficinas comerciales, equipamientos, naves industriales y...","og_url":"https:\/\/luispares.com\/en\/servicios\/","og_site_name":"Luis Pares","article_modified_time":"2020-11-30T07:50:56+00:00","og_image":[{"width":475,"height":227,"url":"https:\/\/luispares.com\/wp-content\/uploads\/2016\/07\/FeaturedGeneric_v2_LuisPares.jpg","type":"image\/jpeg"}],"twitter_card":"summary_large_image","twitter_misc":{"Est. reading time":"1 minute"},"schema":{"@context":"https:\/\/schema.org","@graph":[{"@type":"WebPage","@id":"https:\/\/luispares.com\/en\/servicios\/","url":"https:\/\/luispares.com\/en\/servicios\/","name":"Services &#8211; Luis Pares","isPartOf":{"@id":"https:\/\/luispares.com\/en\/#website"},"primaryImageOfPage":{"@id":"https:\/\/luispares.com\/en\/servicios\/#primaryimage"},"image":{"@id":"https:\/\/luispares.com\/en\/servicios\/#primaryimage"},"thumbnailUrl":"https:\/\/luispares.com\/wp-content\/uploads\/2016\/07\/FeaturedGeneric_v2_LuisPares.jpg","datePublished":"2016-07-15T07:15:56+00:00","dateModified":"2020-11-30T07:50:56+00:00","breadcrumb":{"@id":"https:\/\/luispares.com\/en\/servicios\/#breadcrumb"},"inLanguage":"en-US","potentialAction":[{"@type":"ReadAction","target":["https:\/\/luispares.com\/en\/servicios\/"]}]},{"@type":"ImageObject","inLanguage":"en-US","@id":"https:\/\/luispares.com\/en\/servicios\/#primaryimage","url":"https:\/\/luispares.com\/wp-content\/uploads\/2016\/07\/FeaturedGeneric_v2_LuisPares.jpg","contentUrl":"https:\/\/luispares.com\/wp-content\/uploads\/2016\/07\/FeaturedGeneric_v2_LuisPares.jpg","width":475,"height":227},{"@type":"BreadcrumbList","@id":"https:\/\/luispares.com\/en\/servicios\/#breadcrumb","itemListElement":[{"@type":"ListItem","position":1,"name":"Portada","item":"https:\/\/luispares.com\/en\/"},{"@type":"ListItem","position":2,"name":"Services"}]},{"@type":"WebSite","@id":"https:\/\/luispares.com\/en\/#website","url":"https:\/\/luispares.com\/en\/","name":"Luis Pares","description":"Empresa constructora y miembro del Gremi de Constructors de Barcelona.","publisher":{"@id":"https:\/\/luispares.com\/en\/#organization"},"potentialAction":[{"@type":"SearchAction","target":{"@type":"EntryPoint","urlTemplate":"https:\/\/luispares.com\/en\/?s={search_term_string}"},"query-input":{"@type":"PropertyValueSpecification","valueRequired":true,"valueName":"search_term_string"}}],"inLanguage":"en-US"},{"@type":"Organization","@id":"https:\/\/luispares.com\/en\/#organization","name":"Luis Par\u00e9s, S.L.","url":"https:\/\/luispares.com\/en\/","logo":{"@type":"ImageObject","inLanguage":"en-US","@id":"https:\/\/luispares.com\/en\/#\/schema\/logo\/image\/","url":"https:\/\/www.luispares.com\/wp-content\/uploads\/2016\/07\/luispares_logo.png","contentUrl":"https:\/\/www.luispares.com\/wp-content\/uploads\/2016\/07\/luispares_logo.png","width":208,"height":56,"caption":"Luis Par\u00e9s, S.L."},"image":{"@id":"https:\/\/luispares.com\/en\/#\/schema\/logo\/image\/"},"sameAs":["https:\/\/www.instagram.com\/luispares_sl\/","https:\/\/www.linkedin.com\/company\/luis-par\u00e9s-s-l-","https:\/\/www.youtube.com\/channel\/UCryaT4fZmdocCgSnzi9fiew"]}]}},"_links":{"self":[{"href":"https:\/\/luispares.com\/en\/wp-json\/wp\/v2\/pages\/1293","targetHints":{"allow":["GET"]}}],"collection":[{"href":"https:\/\/luispares.com\/en\/wp-json\/wp\/v2\/pages"}],"about":[{"href":"https:\/\/luispares.com\/en\/wp-json\/wp\/v2\/types\/page"}],"author":[{"embeddable":true,"href":"https:\/\/luispares.com\/en\/wp-json\/wp\/v2\/users\/3"}],"replies":[{"embeddable":true,"href":"https:\/\/luispares.com\/en\/wp-json\/wp\/v2\/comments?post=1293"}],"version-history":[{"count":2,"href":"https:\/\/luispares.com\/en\/wp-json\/wp\/v2\/pages\/1293\/revisions"}],"predecessor-version":[{"id":5483,"href":"https:\/\/luispares.com\/en\/wp-json\/wp\/v2\/pages\/1293\/revisions\/5483"}],"wp:featuredmedia":[{"embeddable":true,"href":"https:\/\/luispares.com\/en\/wp-json\/wp\/v2\/media\/929"}],"wp:attachment":[{"href":"https:\/\/luispares.com\/en\/wp-json\/wp\/v2\/media?parent=1293"}],"curies":[{"name":"wp","href":"https:\/\/api.w.org\/{rel}","templated":true}]}}