{"id":9255,"date":"2016-07-18T16:31:51","date_gmt":"2016-07-18T14:31:51","guid":{"rendered":"https:\/\/luispares.com\/politica-cookies\/"},"modified":"2025-03-27T09:20:34","modified_gmt":"2025-03-27T07:20:34","slug":"politica-cookies","status":"publish","type":"page","link":"https:\/\/luispares.com\/ca\/politica-cookies\/","title":{"rendered":"Pol\u00edtica de Cookies"},"content":{"rendered":"<section class=\"wpb-content-wrapper\"><p>[vc_row type=&#8221;grid&#8221; el_class=&#8221;whitesection&#8221;][vc_column][vc_column_text]Benvinguda o benvingut a la <strong>POL\u00cdTICA DE COOKIES<\/strong> de la p\u00e0gina web de l&#8217;entitat <strong>LUIS PAR\u00c9S S.L.<\/strong>, provista amb NIF B08284002, on t\u2019explicarem amb un llenguatge clar i senzill totes les q\u00fcestions necess\u00e0ries perqu\u00e8 puguis tenir el control sobre elles en base a les teves decisions personals.<\/p>\n<h3>QU\u00c8 S\u00d3N LES COOKIES I PER A QU\u00c8 LES FEM SERVIR?<\/h3>\n<p>Una cookie o galeta inform\u00e0tica \u00e9s un petit fitxer d\u2019informaci\u00f3 que es desa al teu ordinador, \u201csmartphone\u201d o tauleta cada vegada que visites la nostra p\u00e0gina web.<\/p>\n<p>En principi, una cookie \u00e9s inofensiva: no cont\u00e9 virus, troians, cucs, etc. que puguin danyar el teu terminal, per\u00f2 s\u00ed que t\u00e9 cert impacte sobre el teu dret a la protecci\u00f3 de les teves dades personals, ja que recull determinada informaci\u00f3 relativa a la teva persona (h\u00e0bits de navegaci\u00f3, identitat, prefer\u00e8ncies, etc.).<\/p>\n<p>\u00c9s per aix\u00f2 que, en base al que estableix la normativa aplicable (LSSI i normativa vigent de protecci\u00f3 de dades personals), l\u2019activaci\u00f3 de determinats tipus de cookies necessitar\u00e0 la teva autoritzaci\u00f3 pr\u00e8via.<\/p>\n<p>Abans d\u2019aix\u00f2, et donarem una informaci\u00f3 addicional que t\u2019ajudar\u00e0 a prendre millors decisions al respecte:<\/p>\n<ul class=\"cookiePuntos\">\n<li class=\"cookiePuntos\">Les cookies poden ser de diversos tipus en funci\u00f3 de la seva finalitat:\n<ul class=\"cookiePuntos\">\n<li class=\"cookiePuntos\">Les cookies t\u00e8cniques s\u00f3n necess\u00e0ries perqu\u00e8 la nostra p\u00e0gina web pugui funcionar, no necessiten la teva autoritzaci\u00f3 i s\u00f3n les \u00faniques que tenim activades per defecte.<\/li>\n<li class=\"cookiePuntos\">La resta de cookies serveixen per millorar la nostra p\u00e0gina, per personalitzar-la segons les teves prefer\u00e8ncies, o per poder mostrar-te publicitat ajustada a les teves cerques, gustos i interessos personals. Pots acceptar totes aquestes cookies prement el bot\u00f3 <strong>ACCEPTAR<\/strong> o configurar-les o rebutjar-ne l\u2019\u00fas clicant a l\u2019apartat <strong>CONFIGURACI\u00d3 DE COOKIES<\/strong>.<\/li>\n<\/ul>\n<\/li>\n<li class=\"cookiePuntos\">Algunes cookies s\u00f3n nostres (les anomenarem cookies pr\u00f2pies) i altres pertanyen a empreses externes que presten serveis per a la nostra p\u00e0gina web (les anomenarem cookies de tercers: un exemple podrien ser les cookies de prove\u00efdors externs com Google). En aquest sentit, \u00e9s important que s\u00e0pigues que alguns d\u2019aquests prove\u00efdors externs poden estar ubicats fora d\u2019Espanya. A nivell mundial, no tots els pa\u00efsos tenen el mateix nivell de protecci\u00f3 de dades, existint alguns pa\u00efsos m\u00e9s segurs que altres (per exemple, la Uni\u00f3 Europea \u00e9s un entorn segur per a les teves dades). La nostra pol\u00edtica \u00e9s rec\u00f3rrer a prove\u00efdors fiables que, amb independ\u00e8ncia d\u2019on es trobin ubicats, hagin adoptat les garanties adequades per protegir la teva informaci\u00f3 personal. Tanmateix, a l\u2019apartat anomenat QUIN TIPUS DE COOKIES S\u2019UTILITZEN ACTUALMENT A LA NOSTRA P\u00c0GINA WEB?, pots consultar les diferents Pol\u00edtiques de privacitat i protecci\u00f3 de dades de cadascun dels prove\u00efdors externs esmentats, per tal de prendre una decisi\u00f3 conscient sobre l\u2019activaci\u00f3 o no de les cookies de tercers que utilitza la nostra p\u00e0gina web.<\/li>\n<li class=\"cookiePuntos\">Finalment, indicar-te que, en funci\u00f3 del temps que romanen actives, les cookies poden ser de dos tipus:\n<ul class=\"cookiePuntos\">\n<li class=\"cookiePuntos\"><strong>Cookies de sessi\u00f3<\/strong>: expiren autom\u00e0ticament quan acabes la sessi\u00f3 al teu ordinador, \u201csmartphone\u201d o tauleta. S\u2019acostumen a utilitzar per conservar la informaci\u00f3 necess\u00e0ria mentre se\u2019t presta un servei en una sola ocasi\u00f3.<\/li>\n<li class=\"cookiePuntos\"><strong>Cookies persistents<\/strong>: romanen emmagatzemades al teu ordinador, \u201csmartphone\u201d o tauleta durant un per\u00edode determinat, que pot variar des d\u2019uns minuts fins a diversos anys.<\/li>\n<\/ul>\n<\/li>\n<\/ul>\n<h3>QUIN TIPUS DE COOKIES PODEM UTILITZAR A LA NOSTRA P\u00c0GINA WEB?<\/h3>\n<ul class=\"cookiePuntos\">\n<li><strong>Cookies T\u00e8cniques<\/strong>:<\/li>\n<\/ul>\n<p style=\"padding-left: 40px;\">Les cookies t\u00e8cniques s\u00f3n estrictament necess\u00e0ries perqu\u00e8 la nostra p\u00e0gina web funcioni i puguis navegar-hi. Aquest tipus de cookies s\u00f3n les que, per exemple, ens permeten identificar-te, donar-te acc\u00e9s a determinades parts restringides de la p\u00e0gina si fos necessari, o recordar diferents opcions o serveis ja seleccionats per tu, com les teves prefer\u00e8ncies de privacitat. Per aix\u00f2, estan activades per defecte, no essent necess\u00e0ria la teva autoritzaci\u00f3.<\/p>\n<p>Mitjan\u00e7ant la configuraci\u00f3 del teu navegador, pots bloquejar o alertar sobre la pres\u00e8ncia d\u2019aquest tipus de cookies, per\u00f2 aquest bloqueig afectar\u00e0 el funcionament correcte de les diferents funcionalitats de la nostra p\u00e0gina web.<\/p>\n<ul class=\"cookiePuntos\">\n<li><strong>Cookies d\u2019An\u00e0lisi:<\/strong><\/li>\n<\/ul>\n<p style=\"padding-left: 40px;\">Les cookies d\u2019an\u00e0lisi ens permeten estudiar la navegaci\u00f3 dels usuaris de la nostra p\u00e0gina web en general (per exemple, quines seccions de la p\u00e0gina s\u00f3n les m\u00e9s visitades, quins serveis s\u2019utilitzen m\u00e9s i si funcionen correctament, etc.).<\/p>\n<p>A partir de la informaci\u00f3 estad\u00edstica sobre la navegaci\u00f3 a la nostra p\u00e0gina web, podem millorar tant el funcionament de la pr\u00f2pia p\u00e0gina com els diferents serveis que ofereix. Per tant, aquestes cookies no tenen una finalitat publicit\u00e0ria, sin\u00f3 que \u00fanicament serveixen perqu\u00e8 la nostra p\u00e0gina web funcioni millor, adaptant-se als nostres usuaris en general. Si les actives, contribuir\u00e0s a aquesta millora cont\u00ednua.<\/p>\n<p>Pots activar o desactivar aquestes cookies marcant la casella corresponent, estant desactivades per defecte.<\/p>\n<ul class=\"cookiePuntos\">\n<li><strong>Cookies de Funcionalitat i Personalitzaci\u00f3:<\/strong><\/li>\n<\/ul>\n<p style=\"padding-left: 40px;\">Les cookies de funcionalitat ens permeten recordar les teves prefer\u00e8ncies, per personalitzar a la teva mida determinades caracter\u00edstiques i opcions generals de la nostra p\u00e0gina web, cada vegada que hi accedeixis (per exemple, l\u2019idioma en qu\u00e8 se t\u2019ofereix la informaci\u00f3, les seccions marcades com a preferides, el teu tipus de navegador, etc.).<\/p>\n<p>Per tant, aquest tipus de cookies no tenen una finalitat publicit\u00e0ria, per\u00f2 si les actives millorar\u00e0s la funcionalitat de la p\u00e0gina web (per exemple, adaptant-se al teu tipus de navegador) i la personalitzaci\u00f3 segons les teves prefer\u00e8ncies (per exemple, mostrant la informaci\u00f3 en l\u2019idioma que hagis escollit anteriorment), la qual cosa contribuir\u00e0 a fer la navegaci\u00f3 m\u00e9s f\u00e0cil, usable i c\u00f2moda.<\/p>\n<p>Pots activar o desactivar aquestes cookies marcant la casella corresponent, estant desactivades per defecte.<\/p>\n<ul class=\"cookiePuntos\">\n<li><strong>Cookies de Publicitat:<\/strong><\/li>\n<\/ul>\n<p style=\"padding-left: 40px;\">Les cookies de publicitat ens permeten la gesti\u00f3 dels espais publicitaris inclosos a la nostra p\u00e0gina web en base a criteris com el contingut mostrat o la freq\u00fc\u00e8ncia amb qu\u00e8 es mostren els anuncis.<\/p>\n<p>Aix\u00ed, per exemple, si se t\u2019ha mostrat diverses vegades un mateix anunci i no has mostrat inter\u00e8s personal fent clic sobre ell, aquest no tornar\u00e0 a apar\u00e8ixer. En resum, activant aquest tipus de cookies, la publicitat mostrada a la nostra p\u00e0gina web ser\u00e0 m\u00e9s \u00fatil, diversa i menys repetitiva.<\/p>\n<p>Pots activar o desactivar aquestes cookies marcant la casella corresponent, estant desactivades per defecte.<\/p>\n<ul class=\"cookiePuntos\">\n<li><strong>Cookies de Publicitat Comportamental:<\/strong><\/li>\n<\/ul>\n<p style=\"padding-left: 40px;\">Les cookies de publicitat comportamental ens permeten obtenir informaci\u00f3 basada en l\u2019observaci\u00f3 dels teus h\u00e0bits i comportaments de navegaci\u00f3 a la web, amb l\u2019objectiu de mostrar-te continguts publicitaris que s\u2019ajustin millor als teus gustos i interessos personals.<\/p>\n<p>Perqu\u00e8 ho entenguis de manera molt senzilla, et posarem un exemple fictici: si les teves \u00faltimes cerques a la web estiguessin relacionades amb literatura de suspens, et mostrar\u00edem publicitat sobre llibres de suspens.<\/p>\n<p>Per tant, activant aquest tipus de cookies, la publicitat que et mostrem a la nostra p\u00e0gina web no ser\u00e0 gen\u00e8rica, sin\u00f3 que estar\u00e0 orientada a les teves cerques, gustos i interessos, ajustant-se exclusivament a tu.<\/p>\n<p>Pots activar o desactivar aquestes cookies marcant la casella corresponent, estant desactivades per defecte.<\/p>\n<h3>QUIN TIPUS DE COOKIES S\u2019UTILITZEN ACTUALMENT A LA NOSTRA P\u00c0GINA WEB?<\/h3>\n<p>A continuaci\u00f3, t\u2019informem sobre tots els tipus de cookies que s\u2019utilitzen actualment a la nostra p\u00e0gina web i la finalitat de cadascuna:<\/p>\n<table class=\"wt-cli-element cookielawinfo-classic cookielawinfo-row-cat-table\">\n<thead>\n<tr>\n<th class=\"cookielawinfo-column-1\" scope=\"col\">Nom de la cookie<\/th>\n<th class=\"cookielawinfo-column-2\" scope=\"col\">Finalitat<\/th>\n<th class=\"cookielawinfo-column-3\" scope=\"col\">Quan i com es desa<\/th>\n<\/tr>\n<\/thead>\n<tbody>\n<tr class=\"cookielawinfo-row\">\n<td class=\"cookielawinfo-column-1\">wpml_browser_redirect_test<\/td>\n<td class=\"cookielawinfo-column-2\">Permet con\u00e8ixer l\u2019idioma de la persona usu\u00e0ria per oferir-li el contingut en aquest idioma. T\u00e8cnica de sessi\u00f3. Necess\u00e0ria.<\/td>\n<td class=\"cookielawinfo-column-3\">Nom\u00e9s mentre dura la sessi\u00f3<\/td>\n<\/tr>\n<tr class=\"cookielawinfo-row\">\n<td class=\"cookielawinfo-column-1\">wp-wpml_current_language<\/td>\n<td class=\"cookielawinfo-column-2\">Emmagatzema l\u2019idioma actual. T\u00e8cnica de sessi\u00f3. Necess\u00e0ria.<\/td>\n<td class=\"cookielawinfo-column-3\">1 dia<\/td>\n<\/tr>\n<tr class=\"cookielawinfo-row\">\n<td class=\"cookielawinfo-column-1\">_icl_visitor_lang_js<\/td>\n<td class=\"cookielawinfo-column-2\">Emmagatzema l\u2019idioma redirigit. T\u00e8cnica de sessi\u00f3. Necess\u00e0ria.<\/td>\n<td class=\"cookielawinfo-column-3\">1 dia<\/td>\n<\/tr>\n<tr class=\"cookielawinfo-row\">\n<td class=\"cookielawinfo-column-1\">moove_gdpr_popup<\/td>\n<td class=\"cookielawinfo-column-2\">Utilitzada per desar les prefer\u00e8ncies sobre cookies. T\u00e8cnica de sessi\u00f3. Necess\u00e0ria.<\/td>\n<td class=\"cookielawinfo-column-3\">Nom\u00e9s mentre dura la sessi\u00f3<\/td>\n<\/tr>\n<\/tbody>\n<\/table>\n<p>&nbsp;<\/p>\n<h3><strong>QU\u00c8 POTS FER AMB LES COOKIES?<\/strong><\/h3>\n<p>Quan accedeixes per primera vegada a la nostra p\u00e0gina web, se\u2019t mostra una finestra en la qual t\u2019informem que les cookies poden ser de diversos tipus:<\/p>\n<ul class=\"cookiePuntos\">\n<li>Les cookies t\u00e8cniques s\u00f3n necess\u00e0ries perqu\u00e8 la nostra p\u00e0gina web funcioni, no necessiten la teva autoritzaci\u00f3 i s\u00f3n les \u00faniques que tenim activades per defecte.<\/li>\n<li>La resta de cookies serveixen per millorar la nostra p\u00e0gina, per personalitzar-la segons les teves prefer\u00e8ncies, o per mostrar-te publicitat ajustada a les teves cerques, gustos i interessos personals. Pots acceptar totes aquestes cookies prement el bot\u00f3 <strong>ACCEPTAR<\/strong> o configurar-les o rebutjar-ne l\u2019\u00fas clicant a l\u2019apartat <strong>CONFIGURACI\u00d3 DE COOKIES<\/strong>.<\/li>\n<\/ul>\n<p>Informar-te tamb\u00e9 que, un cop hagis activat qualsevol tipus de cookies, tens la possibilitat de desactivar-les quan vulguis, simplement desmarcant la casella corresponent a l\u2019apartat <strong>CONFIGURACI\u00d3 DE COOKIES<\/strong> de la nostra p\u00e0gina web. Sempre ser\u00e0 tan senzill per a tu activar com desactivar les nostres cookies pr\u00f2pies.<\/p>\n<p>Recordar-te tamb\u00e9 que, mitjan\u00e7ant la configuraci\u00f3 del teu navegador, pots bloquejar o alertar sobre la pres\u00e8ncia de cookies, encara que aquest bloqueig pot afectar el funcionament correcte de les diferents funcionalitats de la nostra p\u00e0gina web en el cas de les cookies t\u00e8cniques necess\u00e0ries.<\/p>\n<p>Finalment, indicar-te que, si actives <strong>cookies de tercers<\/strong> (empreses externes que presten serveis a la nostra p\u00e0gina web) i posteriorment vols desactivar-les, podr\u00e0s fer-ho de dues maneres: utilitzant les eines de desactivaci\u00f3 de cookies del teu navegador o a trav\u00e9s dels sistemes habilitats per aquests prove\u00efdors externs.<\/p>\n<p>Per fer-t\u2019ho m\u00e9s f\u00e0cil, a continuaci\u00f3 et facilitem una s\u00e8rie d\u2019enlla\u00e7os a les pautes per desactivar cookies dels navegadors m\u00e9s comuns:<\/p>\n<ul class=\"cookiePuntos\">\n<li><a href=\"https:\/\/support.google.com\/accounts\/answer\/61416?co=GENIE.Platform%3DDesktop&amp;hl=es\">Google Chrome<\/a>.<\/li>\n<li><a href=\"https:\/\/support.mozilla.org\/es\/kb\/Borrar%20cookies\">Mozilla Firefox<\/a>.<\/li>\n<li><a href=\"https:\/\/support.microsoft.com\/es-es\/help\/278835\/how-to-delete-cookie-files-in-internet-explorer\">Internet Explorer<\/a>.<\/li>\n<li><a href=\"https:\/\/support.apple.com\/es-es\/guide\/safari\/sfri11471\/mac\">Safari<\/a>.<\/li>\n<li><a href=\"https:\/\/support.apple.com\/es-es\/HT201265\">Safari per a iOS (iPhone i iPad)<\/a>.<\/li>\n<li><a href=\"https:\/\/support.google.com\/accounts\/answer\/61416?co=GENIE.Platform%3DAndroid&amp;hl=es&amp;oco=1\">Google Chrome per a Android<\/a>.<\/li>\n<li><a href=\"https:\/\/support.google.com\/accounts\/answer\/61416?co=GENIE.Platform%3DiOS&amp;hl=es&amp;oco=1\">Google Chrome per a iPhone i iPad<\/a>.<\/li>\n<\/ul>\n<p>Aix\u00ed mateix, et facilitem els enlla\u00e7os als sistemes propis habilitats per cadascun dels prove\u00efdors externs esmentats per a la desactivaci\u00f3 de les seves cookies:<\/p>\n<ul class=\"cookiePuntos\">\n<li><a href=\"https:\/\/wpml.org\/documentation\/privacy-policy-and-gdpr-compliance\/\">https:\/\/wpml.org\/documentation\/privacy-policy-and-gdpr-compliance\/<\/a><\/li>\n<li><a href=\"https:\/\/www.mooveagency.com\/privacy-policy\/\">https:\/\/www.mooveagency.com\/privacy-policy\/<\/a><\/li>\n<\/ul>\n<p>[\/vc_column_text][\/vc_column][\/vc_row]<\/p>\n<\/section>","protected":false},"excerpt":{"rendered":"<p>[vc_row type=&#8221;grid&#8221; el_class=&#8221;whitesection&#8221;][vc_column][vc_column_text]Benvinguda o benvingut a la POL\u00cdTICA DE COOKIES de la p\u00e0gina web de l&#8217;entitat LUIS PAR\u00c9S S.L., provista amb NIF B08284002, on t\u2019explicarem amb un llenguatge clar i senzill totes les q\u00fcestions necess\u00e0ries perqu\u00e8 puguis tenir el control sobre elles en base a&#8230;<\/p>\n","protected":false},"author":3,"featured_media":6633,"parent":0,"menu_order":10,"comment_status":"closed","ping_status":"closed","template":"","meta":{"footnotes":""},"class_list":["post-9255","page","type-page","status-publish","has-post-thumbnail","hentry"],"yoast_head":"<!-- This site is optimized with the Yoast SEO plugin v27.3 - https:\/\/yoast.com\/product\/yoast-seo-wordpress\/ -->\n<title>Pol\u00edtica de Cookies &#8211; Luis Pares<\/title>\n<meta name=\"robots\" content=\"index, follow, max-snippet:-1, max-image-preview:large, max-video-preview:-1\" \/>\n<link rel=\"canonical\" href=\"https:\/\/luispares.com\/ca\/politica-cookies\/\" \/>\n<meta property=\"og:locale\" content=\"ca_ES\" \/>\n<meta property=\"og:type\" content=\"article\" \/>\n<meta property=\"og:title\" content=\"Pol\u00edtica de Cookies &#8211; Luis Pares\" \/>\n<meta property=\"og:description\" content=\"[vc_row type=&#8221;grid&#8221; el_class=&#8221;whitesection&#8221;][vc_column][vc_column_text]Benvinguda o benvingut a la POL\u00cdTICA DE COOKIES de la p\u00e0gina web de l&#8217;entitat LUIS PAR\u00c9S S.L., provista amb NIF B08284002, on t\u2019explicarem amb un llenguatge clar i senzill totes les q\u00fcestions necess\u00e0ries perqu\u00e8 puguis tenir el control sobre elles en base a...\" \/>\n<meta property=\"og:url\" content=\"https:\/\/luispares.com\/ca\/politica-cookies\/\" \/>\n<meta property=\"og:site_name\" content=\"Luis Pares\" \/>\n<meta property=\"article:modified_time\" content=\"2025-03-27T07:20:34+00:00\" \/>\n<meta property=\"og:image\" content=\"https:\/\/luispares.com\/wp-content\/uploads\/2016\/07\/FeaturedGeneric_v2_LuisPares.jpg\" \/>\n\t<meta property=\"og:image:width\" content=\"475\" \/>\n\t<meta property=\"og:image:height\" content=\"227\" \/>\n\t<meta property=\"og:image:type\" content=\"image\/jpeg\" \/>\n<meta name=\"twitter:card\" content=\"summary_large_image\" \/>\n<meta name=\"twitter:label1\" content=\"Temps estimat de lectura\" \/>\n\t<meta name=\"twitter:data1\" content=\"8 minuts\" \/>\n<script type=\"application\/ld+json\" class=\"yoast-schema-graph\">{\"@context\":\"https:\\\/\\\/schema.org\",\"@graph\":[{\"@type\":\"WebPage\",\"@id\":\"https:\\\/\\\/luispares.com\\\/ca\\\/politica-cookies\\\/\",\"url\":\"https:\\\/\\\/luispares.com\\\/ca\\\/politica-cookies\\\/\",\"name\":\"Pol\u00edtica de Cookies &#8211; Luis Pares\",\"isPartOf\":{\"@id\":\"https:\\\/\\\/luispares.com\\\/ca\\\/#website\"},\"primaryImageOfPage\":{\"@id\":\"https:\\\/\\\/luispares.com\\\/ca\\\/politica-cookies\\\/#primaryimage\"},\"image\":{\"@id\":\"https:\\\/\\\/luispares.com\\\/ca\\\/politica-cookies\\\/#primaryimage\"},\"thumbnailUrl\":\"https:\\\/\\\/luispares.com\\\/wp-content\\\/uploads\\\/2016\\\/07\\\/FeaturedGeneric_v2_LuisPares.jpg\",\"datePublished\":\"2016-07-18T14:31:51+00:00\",\"dateModified\":\"2025-03-27T07:20:34+00:00\",\"breadcrumb\":{\"@id\":\"https:\\\/\\\/luispares.com\\\/ca\\\/politica-cookies\\\/#breadcrumb\"},\"inLanguage\":\"ca\",\"potentialAction\":[{\"@type\":\"ReadAction\",\"target\":[\"https:\\\/\\\/luispares.com\\\/ca\\\/politica-cookies\\\/\"]}]},{\"@type\":\"ImageObject\",\"inLanguage\":\"ca\",\"@id\":\"https:\\\/\\\/luispares.com\\\/ca\\\/politica-cookies\\\/#primaryimage\",\"url\":\"https:\\\/\\\/luispares.com\\\/wp-content\\\/uploads\\\/2016\\\/07\\\/FeaturedGeneric_v2_LuisPares.jpg\",\"contentUrl\":\"https:\\\/\\\/luispares.com\\\/wp-content\\\/uploads\\\/2016\\\/07\\\/FeaturedGeneric_v2_LuisPares.jpg\",\"width\":475,\"height\":227},{\"@type\":\"BreadcrumbList\",\"@id\":\"https:\\\/\\\/luispares.com\\\/ca\\\/politica-cookies\\\/#breadcrumb\",\"itemListElement\":[{\"@type\":\"ListItem\",\"position\":1,\"name\":\"Portada\",\"item\":\"https:\\\/\\\/luispares.com\\\/ca\\\/\"},{\"@type\":\"ListItem\",\"position\":2,\"name\":\"Pol\u00edtica de Cookies\"}]},{\"@type\":\"WebSite\",\"@id\":\"https:\\\/\\\/luispares.com\\\/ca\\\/#website\",\"url\":\"https:\\\/\\\/luispares.com\\\/ca\\\/\",\"name\":\"Luis Pares\",\"description\":\"Empresa constructora y miembro del Gremi de Constructors de Barcelona.\",\"publisher\":{\"@id\":\"https:\\\/\\\/luispares.com\\\/ca\\\/#organization\"},\"potentialAction\":[{\"@type\":\"SearchAction\",\"target\":{\"@type\":\"EntryPoint\",\"urlTemplate\":\"https:\\\/\\\/luispares.com\\\/ca\\\/?s={search_term_string}\"},\"query-input\":{\"@type\":\"PropertyValueSpecification\",\"valueRequired\":true,\"valueName\":\"search_term_string\"}}],\"inLanguage\":\"ca\"},{\"@type\":\"Organization\",\"@id\":\"https:\\\/\\\/luispares.com\\\/ca\\\/#organization\",\"name\":\"Luis Par\u00e9s, S.L.\",\"url\":\"https:\\\/\\\/luispares.com\\\/ca\\\/\",\"logo\":{\"@type\":\"ImageObject\",\"inLanguage\":\"ca\",\"@id\":\"https:\\\/\\\/luispares.com\\\/ca\\\/#\\\/schema\\\/logo\\\/image\\\/\",\"url\":\"https:\\\/\\\/www.luispares.com\\\/wp-content\\\/uploads\\\/2016\\\/07\\\/luispares_logo.png\",\"contentUrl\":\"https:\\\/\\\/www.luispares.com\\\/wp-content\\\/uploads\\\/2016\\\/07\\\/luispares_logo.png\",\"width\":208,\"height\":56,\"caption\":\"Luis Par\u00e9s, S.L.\"},\"image\":{\"@id\":\"https:\\\/\\\/luispares.com\\\/ca\\\/#\\\/schema\\\/logo\\\/image\\\/\"},\"sameAs\":[\"https:\\\/\\\/www.instagram.com\\\/luispares_sl\\\/\",\"https:\\\/\\\/www.linkedin.com\\\/company\\\/luis-par\u00e9s-s-l-\",\"https:\\\/\\\/www.youtube.com\\\/channel\\\/UCryaT4fZmdocCgSnzi9fiew\"]}]}<\/script>\n<!-- \/ Yoast SEO plugin. -->","yoast_head_json":{"title":"Pol\u00edtica de Cookies &#8211; Luis Pares","robots":{"index":"index","follow":"follow","max-snippet":"max-snippet:-1","max-image-preview":"max-image-preview:large","max-video-preview":"max-video-preview:-1"},"canonical":"https:\/\/luispares.com\/ca\/politica-cookies\/","og_locale":"ca_ES","og_type":"article","og_title":"Pol\u00edtica de Cookies &#8211; Luis Pares","og_description":"[vc_row type=&#8221;grid&#8221; el_class=&#8221;whitesection&#8221;][vc_column][vc_column_text]Benvinguda o benvingut a la POL\u00cdTICA DE COOKIES de la p\u00e0gina web de l&#8217;entitat LUIS PAR\u00c9S S.L., provista amb NIF B08284002, on t\u2019explicarem amb un llenguatge clar i senzill totes les q\u00fcestions necess\u00e0ries perqu\u00e8 puguis tenir el control sobre elles en base a...","og_url":"https:\/\/luispares.com\/ca\/politica-cookies\/","og_site_name":"Luis Pares","article_modified_time":"2025-03-27T07:20:34+00:00","og_image":[{"width":475,"height":227,"url":"https:\/\/luispares.com\/wp-content\/uploads\/2016\/07\/FeaturedGeneric_v2_LuisPares.jpg","type":"image\/jpeg"}],"twitter_card":"summary_large_image","twitter_misc":{"Temps estimat de lectura":"8 minuts"},"schema":{"@context":"https:\/\/schema.org","@graph":[{"@type":"WebPage","@id":"https:\/\/luispares.com\/ca\/politica-cookies\/","url":"https:\/\/luispares.com\/ca\/politica-cookies\/","name":"Pol\u00edtica de Cookies &#8211; Luis Pares","isPartOf":{"@id":"https:\/\/luispares.com\/ca\/#website"},"primaryImageOfPage":{"@id":"https:\/\/luispares.com\/ca\/politica-cookies\/#primaryimage"},"image":{"@id":"https:\/\/luispares.com\/ca\/politica-cookies\/#primaryimage"},"thumbnailUrl":"https:\/\/luispares.com\/wp-content\/uploads\/2016\/07\/FeaturedGeneric_v2_LuisPares.jpg","datePublished":"2016-07-18T14:31:51+00:00","dateModified":"2025-03-27T07:20:34+00:00","breadcrumb":{"@id":"https:\/\/luispares.com\/ca\/politica-cookies\/#breadcrumb"},"inLanguage":"ca","potentialAction":[{"@type":"ReadAction","target":["https:\/\/luispares.com\/ca\/politica-cookies\/"]}]},{"@type":"ImageObject","inLanguage":"ca","@id":"https:\/\/luispares.com\/ca\/politica-cookies\/#primaryimage","url":"https:\/\/luispares.com\/wp-content\/uploads\/2016\/07\/FeaturedGeneric_v2_LuisPares.jpg","contentUrl":"https:\/\/luispares.com\/wp-content\/uploads\/2016\/07\/FeaturedGeneric_v2_LuisPares.jpg","width":475,"height":227},{"@type":"BreadcrumbList","@id":"https:\/\/luispares.com\/ca\/politica-cookies\/#breadcrumb","itemListElement":[{"@type":"ListItem","position":1,"name":"Portada","item":"https:\/\/luispares.com\/ca\/"},{"@type":"ListItem","position":2,"name":"Pol\u00edtica de Cookies"}]},{"@type":"WebSite","@id":"https:\/\/luispares.com\/ca\/#website","url":"https:\/\/luispares.com\/ca\/","name":"Luis Pares","description":"Empresa constructora y miembro del Gremi de Constructors de Barcelona.","publisher":{"@id":"https:\/\/luispares.com\/ca\/#organization"},"potentialAction":[{"@type":"SearchAction","target":{"@type":"EntryPoint","urlTemplate":"https:\/\/luispares.com\/ca\/?s={search_term_string}"},"query-input":{"@type":"PropertyValueSpecification","valueRequired":true,"valueName":"search_term_string"}}],"inLanguage":"ca"},{"@type":"Organization","@id":"https:\/\/luispares.com\/ca\/#organization","name":"Luis Par\u00e9s, S.L.","url":"https:\/\/luispares.com\/ca\/","logo":{"@type":"ImageObject","inLanguage":"ca","@id":"https:\/\/luispares.com\/ca\/#\/schema\/logo\/image\/","url":"https:\/\/www.luispares.com\/wp-content\/uploads\/2016\/07\/luispares_logo.png","contentUrl":"https:\/\/www.luispares.com\/wp-content\/uploads\/2016\/07\/luispares_logo.png","width":208,"height":56,"caption":"Luis Par\u00e9s, S.L."},"image":{"@id":"https:\/\/luispares.com\/ca\/#\/schema\/logo\/image\/"},"sameAs":["https:\/\/www.instagram.com\/luispares_sl\/","https:\/\/www.linkedin.com\/company\/luis-par\u00e9s-s-l-","https:\/\/www.youtube.com\/channel\/UCryaT4fZmdocCgSnzi9fiew"]}]}},"_links":{"self":[{"href":"https:\/\/luispares.com\/ca\/wp-json\/wp\/v2\/pages\/9255","targetHints":{"allow":["GET"]}}],"collection":[{"href":"https:\/\/luispares.com\/ca\/wp-json\/wp\/v2\/pages"}],"about":[{"href":"https:\/\/luispares.com\/ca\/wp-json\/wp\/v2\/types\/page"}],"author":[{"embeddable":true,"href":"https:\/\/luispares.com\/ca\/wp-json\/wp\/v2\/users\/3"}],"replies":[{"embeddable":true,"href":"https:\/\/luispares.com\/ca\/wp-json\/wp\/v2\/comments?post=9255"}],"version-history":[{"count":2,"href":"https:\/\/luispares.com\/ca\/wp-json\/wp\/v2\/pages\/9255\/revisions"}],"predecessor-version":[{"id":9263,"href":"https:\/\/luispares.com\/ca\/wp-json\/wp\/v2\/pages\/9255\/revisions\/9263"}],"wp:featuredmedia":[{"embeddable":true,"href":"https:\/\/luispares.com\/ca\/wp-json\/wp\/v2\/media\/6633"}],"wp:attachment":[{"href":"https:\/\/luispares.com\/ca\/wp-json\/wp\/v2\/media?parent=9255"}],"curies":[{"name":"wp","href":"https:\/\/api.w.org\/{rel}","templated":true}]}}