{"id":7091,"date":"2021-05-28T07:43:10","date_gmt":"2021-05-28T05:43:10","guid":{"rendered":"https:\/\/luispares.com\/politica-proteccion-datos\/"},"modified":"2025-03-25T14:26:52","modified_gmt":"2025-03-25T12:26:52","slug":"politica-proteccion-datos","status":"publish","type":"page","link":"https:\/\/luispares.com\/ca\/politica-proteccion-datos\/","title":{"rendered":"Pol\u00edtica de protecci\u00f3 de dades"},"content":{"rendered":"<section class=\"wpb-content-wrapper\"><p>[vc_row][vc_column][vc_column_text]<\/p>\n<p>&nbsp;<\/p>\n<p>[\/vc_column_text][vc_column_text]<\/p>\n<p class=\"\" data-start=\"152\" data-end=\"1008\">La Direcci\u00f3 \/ \u00d2rgan de Govern de <strong>LUIS PAR\u00c9S S.L.<\/strong> (d\u2019ara endavant, el responsable del tractament) assumeix la m\u00e0xima responsabilitat i comprom\u00eds amb l\u2019establiment, implementaci\u00f3 i manteniment de la present Pol\u00edtica de Protecci\u00f3 de Dades, garantint la millora cont\u00ednua del responsable del tractament amb l\u2019objectiu d\u2019assolir l\u2019excel\u00b7l\u00e8ncia en el compliment del Reglament (UE) 2016\/679 del Parlament Europeu i del Consell, de 27 d\u2019abril de 2016, relatiu a la protecci\u00f3 de les persones f\u00edsiques pel que fa al tractament de dades personals i a la lliure circulaci\u00f3 d\u2019aquestes dades, i pel qual es deroga la Directiva 95\/46\/CE (Reglament general de protecci\u00f3 de dades) (DOUE L 119\/1, 04-05-2016), aix\u00ed com de la normativa espanyola de protecci\u00f3 de dades de car\u00e0cter personal (Llei Org\u00e0nica, legislaci\u00f3 sectorial espec\u00edfica i les seves normes de desenvolupament).<\/p>\n<p class=\"\" data-start=\"1010\" data-end=\"1332\">La Pol\u00edtica de Protecci\u00f3 de Dades de <strong>LUIS PAR\u00c9S S.L.<\/strong> es fonamenta en el <u>principi de responsabilitat proactiva<\/u>, segons el qual el responsable del tractament \u00e9s responsable del compliment del marc normatiu i jurisprudencial que regeix aquesta Pol\u00edtica, i \u00e9s capa\u00e7 de demostrar-ho davant les autoritats de control competents.<\/p>\n<p class=\"\" data-start=\"1334\" data-end=\"1524\">En aquest sentit, el responsable del tractament es regir\u00e0 pels seg\u00fcents principis que han de servir a tot el seu personal com a guia i marc de refer\u00e8ncia en el tractament de dades personals:<\/p>\n<ol data-start=\"1720\" data-end=\"4401\">\n<li class=\"\" data-start=\"1720\" data-end=\"2133\">\n<p class=\"\" data-start=\"1723\" data-end=\"2133\"><strong data-start=\"1723\" data-end=\"1762\">Protecci\u00f3 de dades des del disseny:<\/strong> el responsable del tractament aplicar\u00e0, tant en el moment de determinar els mitjans de tractament com en el moment del propi tractament, mesures t\u00e8cniques i organitzatives apropiades, com la seudonimitzaci\u00f3, concebudes per aplicar de forma efectiva els principis de protecci\u00f3 de dades, com la minimitzaci\u00f3 de dades, i integrar les garanties necess\u00e0ries en el tractament.<\/p>\n<\/li>\n<li class=\"\" data-start=\"2135\" data-end=\"2438\">\n<p class=\"\" data-start=\"2138\" data-end=\"2438\"><strong data-start=\"2138\" data-end=\"2173\">Protecci\u00f3 de dades per defecte:<\/strong> el responsable del tractament aplicar\u00e0 les mesures t\u00e8cniques i organitzatives apropiades amb la finalitat de garantir que, per defecte, nom\u00e9s siguin objecte de tractament les dades personals que siguin necess\u00e0ries per a cada un dels fins espec\u00edfics del tractament.<\/p>\n<\/li>\n<li class=\"\" data-start=\"2440\" data-end=\"2637\">\n<p class=\"\" data-start=\"2443\" data-end=\"2637\"><strong data-start=\"2443\" data-end=\"2503\">Protecci\u00f3 de dades en el cicle de vida de la informaci\u00f3:<\/strong> les mesures que garanteixin la protecci\u00f3 de les dades personals seran aplicables durant el cicle complet de la vida de la informaci\u00f3.<\/p>\n<\/li>\n<li class=\"\" data-start=\"2639\" data-end=\"2786\">\n<p class=\"\" data-start=\"2642\" data-end=\"2786\"><strong data-start=\"2642\" data-end=\"2682\">Llicitud, lleialtat i transpar\u00e8ncia:<\/strong> les dades personals seran tractades de manera l\u00edcita, lleial i transparent en relaci\u00f3 amb l&#8217;interessat.<\/p>\n<\/li>\n<li class=\"\" data-start=\"2788\" data-end=\"2977\">\n<p class=\"\" data-start=\"2791\" data-end=\"2977\"><strong data-start=\"2791\" data-end=\"2821\">Limitaci\u00f3 de la finalitat:<\/strong> les dades personals seran recollides amb fins determinats, expl\u00edcits i leg\u00edtims, i no seran tractades ulteriorment de manera incompatible amb aquests fins.<\/p>\n<\/li>\n<li class=\"\" data-start=\"2979\" data-end=\"3142\">\n<p class=\"\" data-start=\"2982\" data-end=\"3142\"><strong data-start=\"2982\" data-end=\"3008\">Minimitzaci\u00f3 de dades:<\/strong> les dades personals seran adequades, pertinents i limitades al necessari en relaci\u00f3 amb les finalitats per a les quals s\u00f3n tractades.<\/p>\n<\/li>\n<li class=\"\" data-start=\"3144\" data-end=\"3411\">\n<p class=\"\" data-start=\"3147\" data-end=\"3411\"><strong data-start=\"3147\" data-end=\"3161\">Exactitud:<\/strong> les dades personals seran exactes i, si escau, actualitzades; s&#8217;adoptaran totes les mesures raonables perqu\u00e8 es suprimeixin o es rectifiquin sense dilaci\u00f3 les dades personals que siguin inexactes respecte a les finalitats per a les quals es tracten.<\/p>\n<\/li>\n<li class=\"\" data-start=\"3413\" data-end=\"3639\">\n<p class=\"\" data-start=\"3416\" data-end=\"3639\"><strong data-start=\"3416\" data-end=\"3457\">Limitaci\u00f3 del termini de conservaci\u00f3:<\/strong> les dades personals seran mantingudes de forma que es permeti la identificaci\u00f3 dels interessats durant no m\u00e9s temps del necessari per als fins del tractament de les dades personals.<\/p>\n<\/li>\n<li class=\"\" data-start=\"3641\" data-end=\"3988\">\n<p class=\"\" data-start=\"3644\" data-end=\"3988\"><strong data-start=\"3644\" data-end=\"3678\">Integritat i confidencialitat:<\/strong> les dades personals seran tractades de tal manera que es garanteixi una seguretat adequada de les dades personals, inclosa la protecci\u00f3 contra el tractament no autoritzat o il\u00b7l\u00edcit i contra la seva p\u00e8rdua, destrucci\u00f3 o dany accidental, mitjan\u00e7ant l&#8217;aplicaci\u00f3 de mesures t\u00e8cniques o organitzatives apropiades.<\/p>\n<\/li>\n<li class=\"\" data-start=\"3990\" data-end=\"4401\">\n<p class=\"\" data-start=\"3994\" data-end=\"4401\"><strong data-start=\"3994\" data-end=\"4020\">Informaci\u00f3 i formaci\u00f3:<\/strong> una de les claus per garantir la protecci\u00f3 de les dades personals \u00e9s la formaci\u00f3 i informaci\u00f3 que es faciliti al personal involucrat en el tractament de les mateixes. Durant el cicle de vida de la informaci\u00f3, tot el personal amb acc\u00e9s a les dades ser\u00e0 convenientment format i informat sobre les seves obligacions en relaci\u00f3 amb el compliment de la normativa de protecci\u00f3 de dades.<\/p>\n<\/li>\n<\/ol>\n<p class=\"\" data-start=\"4403\" data-end=\"4573\">La Pol\u00edtica de Protecci\u00f3 de Dades de <strong>LUIS PAR\u00c9S S.L.<\/strong> \u00e9s comunicada a tot el personal del responsable del tractament i posada a disposici\u00f3 de totes les parts interessades.<\/p>\n<p class=\"\" data-start=\"4575\" data-end=\"5035\">En conseq\u00fc\u00e8ncia, la present Pol\u00edtica de Protecci\u00f3 de Dades involucra tot el personal del responsable del tractament, que ha de con\u00e8ixer-la i assumir-la, considerant-la com a pr\u00f2pia, sent cada membre responsable d&#8217;aplicar-la i de verificar les normes de protecci\u00f3 de dades aplicables a la seva activitat, aix\u00ed com identificar i aportar les oportunitats de millora que consideri oportunes amb l&#8217;objectiu d&#8217;assolir l&#8217;excel\u00b7l\u00e8ncia en relaci\u00f3 amb el seu compliment.<\/p>\n<p class=\"\" data-start=\"5037\" data-end=\"5277\">Aquesta Pol\u00edtica ser\u00e0 revisada per la Direcci\u00f3 \/ \u00d2rgan de Govern de <strong>LUIS PAR\u00c9S S.L.<\/strong>, tantes vegades com es consideri necessari, per adequar-se, en tot moment, a les disposicions vigents en mat\u00e8ria de protecci\u00f3 de dades de car\u00e0cter personal.<\/p>\n<p>[\/vc_column_text][\/vc_column][\/vc_row]<\/p>\n<\/section>","protected":false},"excerpt":{"rendered":"<p>[vc_row][vc_column][vc_column_text] &nbsp; [\/vc_column_text][vc_column_text] La Direcci\u00f3 \/ \u00d2rgan de Govern de LUIS PAR\u00c9S S.L. (d\u2019ara endavant, el responsable del tractament) assumeix la m\u00e0xima responsabilitat i comprom\u00eds amb l\u2019establiment, implementaci\u00f3 i manteniment de la present Pol\u00edtica de Protecci\u00f3 de Dades, garantint la millora cont\u00ednua del responsable del&#8230;<\/p>\n","protected":false},"author":5,"featured_media":6633,"parent":0,"menu_order":0,"comment_status":"closed","ping_status":"closed","template":"","meta":{"footnotes":""},"class_list":["post-7091","page","type-page","status-publish","has-post-thumbnail","hentry"],"yoast_head":"<!-- This site is optimized with the Yoast SEO plugin v27.4 - https:\/\/yoast.com\/product\/yoast-seo-wordpress\/ -->\n<title>Pol\u00edtica de protecci\u00f3 de dades &#8211; Luis Pares<\/title>\n<meta name=\"robots\" content=\"index, follow, max-snippet:-1, max-image-preview:large, max-video-preview:-1\" \/>\n<link rel=\"canonical\" href=\"https:\/\/luispares.com\/ca\/politica-proteccion-datos\/\" \/>\n<meta property=\"og:locale\" content=\"ca_ES\" \/>\n<meta property=\"og:type\" content=\"article\" \/>\n<meta property=\"og:title\" content=\"Pol\u00edtica de protecci\u00f3 de dades &#8211; Luis Pares\" \/>\n<meta property=\"og:description\" content=\"[vc_row][vc_column][vc_column_text] &nbsp; [\/vc_column_text][vc_column_text] La Direcci\u00f3 \/ \u00d2rgan de Govern de LUIS PAR\u00c9S S.L. (d\u2019ara endavant, el responsable del tractament) assumeix la m\u00e0xima responsabilitat i comprom\u00eds amb l\u2019establiment, implementaci\u00f3 i manteniment de la present Pol\u00edtica de Protecci\u00f3 de Dades, garantint la millora cont\u00ednua del responsable del...\" \/>\n<meta property=\"og:url\" content=\"https:\/\/luispares.com\/ca\/politica-proteccion-datos\/\" \/>\n<meta property=\"og:site_name\" content=\"Luis Pares\" \/>\n<meta property=\"article:modified_time\" content=\"2025-03-25T12:26:52+00:00\" \/>\n<meta property=\"og:image\" content=\"https:\/\/luispares.com\/wp-content\/uploads\/2016\/07\/FeaturedGeneric_v2_LuisPares.jpg\" \/>\n\t<meta property=\"og:image:width\" content=\"475\" \/>\n\t<meta property=\"og:image:height\" content=\"227\" \/>\n\t<meta property=\"og:image:type\" content=\"image\/jpeg\" \/>\n<meta name=\"twitter:card\" content=\"summary_large_image\" \/>\n<meta name=\"twitter:label1\" content=\"Temps estimat de lectura\" \/>\n\t<meta name=\"twitter:data1\" content=\"4 minuts\" \/>\n<script type=\"application\/ld+json\" class=\"yoast-schema-graph\">{\"@context\":\"https:\\\/\\\/schema.org\",\"@graph\":[{\"@type\":\"WebPage\",\"@id\":\"https:\\\/\\\/luispares.com\\\/ca\\\/politica-proteccion-datos\\\/\",\"url\":\"https:\\\/\\\/luispares.com\\\/ca\\\/politica-proteccion-datos\\\/\",\"name\":\"Pol\u00edtica de protecci\u00f3 de dades &#8211; Luis Pares\",\"isPartOf\":{\"@id\":\"https:\\\/\\\/luispares.com\\\/ca\\\/#website\"},\"primaryImageOfPage\":{\"@id\":\"https:\\\/\\\/luispares.com\\\/ca\\\/politica-proteccion-datos\\\/#primaryimage\"},\"image\":{\"@id\":\"https:\\\/\\\/luispares.com\\\/ca\\\/politica-proteccion-datos\\\/#primaryimage\"},\"thumbnailUrl\":\"https:\\\/\\\/luispares.com\\\/wp-content\\\/uploads\\\/2016\\\/07\\\/FeaturedGeneric_v2_LuisPares.jpg\",\"datePublished\":\"2021-05-28T05:43:10+00:00\",\"dateModified\":\"2025-03-25T12:26:52+00:00\",\"breadcrumb\":{\"@id\":\"https:\\\/\\\/luispares.com\\\/ca\\\/politica-proteccion-datos\\\/#breadcrumb\"},\"inLanguage\":\"ca\",\"potentialAction\":[{\"@type\":\"ReadAction\",\"target\":[\"https:\\\/\\\/luispares.com\\\/ca\\\/politica-proteccion-datos\\\/\"]}]},{\"@type\":\"ImageObject\",\"inLanguage\":\"ca\",\"@id\":\"https:\\\/\\\/luispares.com\\\/ca\\\/politica-proteccion-datos\\\/#primaryimage\",\"url\":\"https:\\\/\\\/luispares.com\\\/wp-content\\\/uploads\\\/2016\\\/07\\\/FeaturedGeneric_v2_LuisPares.jpg\",\"contentUrl\":\"https:\\\/\\\/luispares.com\\\/wp-content\\\/uploads\\\/2016\\\/07\\\/FeaturedGeneric_v2_LuisPares.jpg\",\"width\":475,\"height\":227},{\"@type\":\"BreadcrumbList\",\"@id\":\"https:\\\/\\\/luispares.com\\\/ca\\\/politica-proteccion-datos\\\/#breadcrumb\",\"itemListElement\":[{\"@type\":\"ListItem\",\"position\":1,\"name\":\"Portada\",\"item\":\"https:\\\/\\\/luispares.com\\\/ca\\\/\"},{\"@type\":\"ListItem\",\"position\":2,\"name\":\"Pol\u00edtica de protecci\u00f3 de dades\"}]},{\"@type\":\"WebSite\",\"@id\":\"https:\\\/\\\/luispares.com\\\/ca\\\/#website\",\"url\":\"https:\\\/\\\/luispares.com\\\/ca\\\/\",\"name\":\"Luis Pares\",\"description\":\"Empresa constructora y miembro del Gremi de Constructors de Barcelona.\",\"publisher\":{\"@id\":\"https:\\\/\\\/luispares.com\\\/ca\\\/#organization\"},\"potentialAction\":[{\"@type\":\"SearchAction\",\"target\":{\"@type\":\"EntryPoint\",\"urlTemplate\":\"https:\\\/\\\/luispares.com\\\/ca\\\/?s={search_term_string}\"},\"query-input\":{\"@type\":\"PropertyValueSpecification\",\"valueRequired\":true,\"valueName\":\"search_term_string\"}}],\"inLanguage\":\"ca\"},{\"@type\":\"Organization\",\"@id\":\"https:\\\/\\\/luispares.com\\\/ca\\\/#organization\",\"name\":\"Luis Par\u00e9s, S.L.\",\"url\":\"https:\\\/\\\/luispares.com\\\/ca\\\/\",\"logo\":{\"@type\":\"ImageObject\",\"inLanguage\":\"ca\",\"@id\":\"https:\\\/\\\/luispares.com\\\/ca\\\/#\\\/schema\\\/logo\\\/image\\\/\",\"url\":\"https:\\\/\\\/www.luispares.com\\\/wp-content\\\/uploads\\\/2016\\\/07\\\/luispares_logo.png\",\"contentUrl\":\"https:\\\/\\\/www.luispares.com\\\/wp-content\\\/uploads\\\/2016\\\/07\\\/luispares_logo.png\",\"width\":208,\"height\":56,\"caption\":\"Luis Par\u00e9s, S.L.\"},\"image\":{\"@id\":\"https:\\\/\\\/luispares.com\\\/ca\\\/#\\\/schema\\\/logo\\\/image\\\/\"},\"sameAs\":[\"https:\\\/\\\/www.instagram.com\\\/luispares_sl\\\/\",\"https:\\\/\\\/www.linkedin.com\\\/company\\\/luis-par\u00e9s-s-l-\",\"https:\\\/\\\/www.youtube.com\\\/channel\\\/UCryaT4fZmdocCgSnzi9fiew\"]}]}<\/script>\n<!-- \/ Yoast SEO plugin. -->","yoast_head_json":{"title":"Pol\u00edtica de protecci\u00f3 de dades &#8211; Luis Pares","robots":{"index":"index","follow":"follow","max-snippet":"max-snippet:-1","max-image-preview":"max-image-preview:large","max-video-preview":"max-video-preview:-1"},"canonical":"https:\/\/luispares.com\/ca\/politica-proteccion-datos\/","og_locale":"ca_ES","og_type":"article","og_title":"Pol\u00edtica de protecci\u00f3 de dades &#8211; Luis Pares","og_description":"[vc_row][vc_column][vc_column_text] &nbsp; [\/vc_column_text][vc_column_text] La Direcci\u00f3 \/ \u00d2rgan de Govern de LUIS PAR\u00c9S S.L. (d\u2019ara endavant, el responsable del tractament) assumeix la m\u00e0xima responsabilitat i comprom\u00eds amb l\u2019establiment, implementaci\u00f3 i manteniment de la present Pol\u00edtica de Protecci\u00f3 de Dades, garantint la millora cont\u00ednua del responsable del...","og_url":"https:\/\/luispares.com\/ca\/politica-proteccion-datos\/","og_site_name":"Luis Pares","article_modified_time":"2025-03-25T12:26:52+00:00","og_image":[{"width":475,"height":227,"url":"https:\/\/luispares.com\/wp-content\/uploads\/2016\/07\/FeaturedGeneric_v2_LuisPares.jpg","type":"image\/jpeg"}],"twitter_card":"summary_large_image","twitter_misc":{"Temps estimat de lectura":"4 minuts"},"schema":{"@context":"https:\/\/schema.org","@graph":[{"@type":"WebPage","@id":"https:\/\/luispares.com\/ca\/politica-proteccion-datos\/","url":"https:\/\/luispares.com\/ca\/politica-proteccion-datos\/","name":"Pol\u00edtica de protecci\u00f3 de dades &#8211; Luis Pares","isPartOf":{"@id":"https:\/\/luispares.com\/ca\/#website"},"primaryImageOfPage":{"@id":"https:\/\/luispares.com\/ca\/politica-proteccion-datos\/#primaryimage"},"image":{"@id":"https:\/\/luispares.com\/ca\/politica-proteccion-datos\/#primaryimage"},"thumbnailUrl":"https:\/\/luispares.com\/wp-content\/uploads\/2016\/07\/FeaturedGeneric_v2_LuisPares.jpg","datePublished":"2021-05-28T05:43:10+00:00","dateModified":"2025-03-25T12:26:52+00:00","breadcrumb":{"@id":"https:\/\/luispares.com\/ca\/politica-proteccion-datos\/#breadcrumb"},"inLanguage":"ca","potentialAction":[{"@type":"ReadAction","target":["https:\/\/luispares.com\/ca\/politica-proteccion-datos\/"]}]},{"@type":"ImageObject","inLanguage":"ca","@id":"https:\/\/luispares.com\/ca\/politica-proteccion-datos\/#primaryimage","url":"https:\/\/luispares.com\/wp-content\/uploads\/2016\/07\/FeaturedGeneric_v2_LuisPares.jpg","contentUrl":"https:\/\/luispares.com\/wp-content\/uploads\/2016\/07\/FeaturedGeneric_v2_LuisPares.jpg","width":475,"height":227},{"@type":"BreadcrumbList","@id":"https:\/\/luispares.com\/ca\/politica-proteccion-datos\/#breadcrumb","itemListElement":[{"@type":"ListItem","position":1,"name":"Portada","item":"https:\/\/luispares.com\/ca\/"},{"@type":"ListItem","position":2,"name":"Pol\u00edtica de protecci\u00f3 de dades"}]},{"@type":"WebSite","@id":"https:\/\/luispares.com\/ca\/#website","url":"https:\/\/luispares.com\/ca\/","name":"Luis Pares","description":"Empresa constructora y miembro del Gremi de Constructors de Barcelona.","publisher":{"@id":"https:\/\/luispares.com\/ca\/#organization"},"potentialAction":[{"@type":"SearchAction","target":{"@type":"EntryPoint","urlTemplate":"https:\/\/luispares.com\/ca\/?s={search_term_string}"},"query-input":{"@type":"PropertyValueSpecification","valueRequired":true,"valueName":"search_term_string"}}],"inLanguage":"ca"},{"@type":"Organization","@id":"https:\/\/luispares.com\/ca\/#organization","name":"Luis Par\u00e9s, S.L.","url":"https:\/\/luispares.com\/ca\/","logo":{"@type":"ImageObject","inLanguage":"ca","@id":"https:\/\/luispares.com\/ca\/#\/schema\/logo\/image\/","url":"https:\/\/www.luispares.com\/wp-content\/uploads\/2016\/07\/luispares_logo.png","contentUrl":"https:\/\/www.luispares.com\/wp-content\/uploads\/2016\/07\/luispares_logo.png","width":208,"height":56,"caption":"Luis Par\u00e9s, S.L."},"image":{"@id":"https:\/\/luispares.com\/ca\/#\/schema\/logo\/image\/"},"sameAs":["https:\/\/www.instagram.com\/luispares_sl\/","https:\/\/www.linkedin.com\/company\/luis-par\u00e9s-s-l-","https:\/\/www.youtube.com\/channel\/UCryaT4fZmdocCgSnzi9fiew"]}]}},"_links":{"self":[{"href":"https:\/\/luispares.com\/ca\/wp-json\/wp\/v2\/pages\/7091","targetHints":{"allow":["GET"]}}],"collection":[{"href":"https:\/\/luispares.com\/ca\/wp-json\/wp\/v2\/pages"}],"about":[{"href":"https:\/\/luispares.com\/ca\/wp-json\/wp\/v2\/types\/page"}],"author":[{"embeddable":true,"href":"https:\/\/luispares.com\/ca\/wp-json\/wp\/v2\/users\/5"}],"replies":[{"embeddable":true,"href":"https:\/\/luispares.com\/ca\/wp-json\/wp\/v2\/comments?post=7091"}],"version-history":[{"count":5,"href":"https:\/\/luispares.com\/ca\/wp-json\/wp\/v2\/pages\/7091\/revisions"}],"predecessor-version":[{"id":9237,"href":"https:\/\/luispares.com\/ca\/wp-json\/wp\/v2\/pages\/7091\/revisions\/9237"}],"wp:featuredmedia":[{"embeddable":true,"href":"https:\/\/luispares.com\/ca\/wp-json\/wp\/v2\/media\/6633"}],"wp:attachment":[{"href":"https:\/\/luispares.com\/ca\/wp-json\/wp\/v2\/media?parent=7091"}],"curies":[{"name":"wp","href":"https:\/\/api.w.org\/{rel}","templated":true}]}}