{"id":2512,"date":"2017-02-07T14:03:01","date_gmt":"2017-02-07T12:03:01","guid":{"rendered":"https:\/\/luispares.com\/ca\/clientes-df\/direccion-facultativa\/"},"modified":"2017-02-22T11:59:30","modified_gmt":"2017-02-22T09:59:30","slug":"direccion-facultativa","status":"publish","type":"page","link":"https:\/\/luispares.com\/ca\/clientes-df\/direccion-facultativa\/","title":{"rendered":"Direcci\u00f3 Facultativa"},"content":{"rendered":"<section class=\"wpb-content-wrapper\"><p>[vc_row type=&#8221;grid&#8221; el_class=&#8221;whitesection&#8221;][vc_column width=&#8221;1\/3&#8243;][vc_column_text]<\/p>\n<h2>Arquitectes<\/h2>\n<p>Areu, Jordi<br \/>\nArqu\u00e9s Fust\u00e9, Jacinto<br \/>\nArribas, Alfredo<br \/>\nB\u00e0guena Maranges, Carles<br \/>\nBarba Torra, Javier<br \/>\nBass\u00f3 Vidal, Carles<br \/>\nBlanch Segarra, Albert<br \/>\nBlanxart Miserachs, Alejandro<br \/>\nBogu\u00f1\u00e1 Fisas, Joan<br \/>\nBoncompte Coll, Josep<br \/>\nBosch Planas, Andreu<br \/>\nCasanovas, Ram\u00f3n<br \/>\nCinnamond Planas, Norman<br \/>\nColli, Stefano<br \/>\nCompta Gonzalez, Ernest<br \/>\nConca G\u00f3mez, Merc\u00e8<br \/>\nCorset, Gemma<br \/>\nDomingo Amores Juan<br \/>\nEleuteri, Roberto<br \/>\nEspejo Barr\u00f3s, Antoni<br \/>\nFerrater Arquer, Borja<br \/>\nForaster Mariscal, Antonio<br \/>\nGarc\u00eda Gabarr\u00f3, Gustavo<br \/>\nGasc\u00f3n Climent, Eduard<br \/>\nGilabert Garc\u00eda, Fernando<br \/>\nGu\u00e0rdia, Francesc<br \/>\nG\u00fcell Guix, Xavier<br \/>\nHirsch, Rodrigo<br \/>\nHuertas Monte, Oscar<br \/>\nIsern, Daniel<br \/>\nMart\u00ed Garc\u00e9s, Xavier<br \/>\nMartinell, Cesar<br \/>\nMillet, Lluis<br \/>\nMir\u00f3 Rabago, Jordi<br \/>\nMitjans Perell\u00f3, Juan Pablo<br \/>\nMontero Madariaga, Jon<br \/>\nPar\u00eds, Jordi<br \/>\nP\u00e9rez Catal\u00e0, Juli<br \/>\nPich-Aguilera Baurier, Felipe<br \/>\nProus, Jaime<br \/>\nRibas, Damian<br \/>\nRoig Navarro, Jordi<br \/>\nRoger, Oriol<br \/>\nSabart\u00e9s Saperas, Xavier<br \/>\nSala Perez, Antoni<br \/>\nSard\u00e0 Valls, Mag\u00ed<br \/>\nTintor\u00e9 Espuny, Oriol<br \/>\nVeciana Gramunt, Ignasi<br \/>\nZanon, Susana[\/vc_column_text][\/vc_column][vc_column width=&#8221;1\/3&#8243;][vc_column_text]<\/p>\n<h2><span id=\"result_box\" class=\"short_text\" lang=\"ca\">Enginyeries<\/span><\/h2>\n<p><strong>BIS ARQUITECTES<\/strong><br \/>\nPicar\u00edn, Laia<br \/>\n<strong>BOMA CONSULTORES DE ESTR.<\/strong><br \/>\nMoya Ferrer, Luis<br \/>\n<strong>CRACK INGENIERIA CATALANA<\/strong><br \/>\nVillalba, Sergi<br \/>\n<strong>ESTUDIS ESL<\/strong><br \/>\nCodina, Ram\u00f3n<br \/>\n<strong>GRUPO JG INGENIEROS CONSUL.<\/strong><br \/>\nGallostra Isern, Juan<br \/>\n<strong>JFG CONSULTORS<\/strong><br \/>\nGarc\u00eda Beltr\u00e1n, Joan Francesc<br \/>\n<strong>NOLAC ENGINYERS<\/strong><br \/>\nLacambra, Jordi<br \/>\n<strong>PGI ENGINEERING<\/strong><br \/>\nCervero, David<br \/>\nOrtu\u00f1o, Daniel[\/vc_column_text][vc_column_text]<\/p>\n<h2><\/h2>\n<h2>Project Managers<\/h2>\n<p>Alloza Mel\u00f3n, Javier<br \/>\n<strong>EDETCO<\/strong><br \/>\nCabarrocas G\u00fcell, Eduard<br \/>\nMonells Descamps, Francesc<br \/>\nRecarens, Josep Maria<br \/>\n<strong>ENGINESA<\/strong><br \/>\nGarc\u00eda Fresno, Ana Mar\u00eda<br \/>\nGiner, Carles<br \/>\n<strong>INITIA OBRAS<\/strong><br \/>\nP\u00e9rez, Ricard<br \/>\nLarrosa, Eradio<br \/>\nMolina Bellido, Xavier<br \/>\nMoro, Ignacio<br \/>\n<strong>PLAAT AQUITECTURA T\u00c8C.<\/strong><br \/>\nPla, Xavier<br \/>\nRibas, Albert<br \/>\nSoucheiron, Juan Luis<br \/>\n<strong>TEC4, INGENIEROS CONSULT.<\/strong><br \/>\nYoldi, Antonio<br \/>\n<strong>TECNICS G3<\/strong><br \/>\nBarbeito Taboada, Pedro[\/vc_column_text][\/vc_column][vc_column width=&#8221;1\/3&#8243;][vc_column_text]<\/p>\n<h2>Directors execuci\u00f3 d&#8217;obra<\/h2>\n<p>Bala\u00f1\u00e1 Jim\u00e9nez, Ricard<br \/>\nBass\u00f3, Amanda<br \/>\nBordera Salvat, Albert<br \/>\nDomenech, Josep<br \/>\nEscoriza Lluch, Jordi<br \/>\nFloriach Puig, Toni<br \/>\nGaliana Alvarez, Vicen\u00e7<br \/>\nHernandez, Justo<br \/>\nIba\u00f1ez Mu\u00f1oz, Oscar<br \/>\nMarin, Joaquim<br \/>\nPla, Xavier<br \/>\nPujol Mu\u00f1oz, Anna<br \/>\nRibes, Ram\u00f3n<br \/>\nRuiz M\u00e9rida, Francisco<br \/>\nRuiz M\u00fcller, Alfredo<br \/>\nSerrabou Clemente-Alloza, Pau<br \/>\nSerrano, Angel<br \/>\nTrivi\u00f1o, Sergio[\/vc_column_text][vc_column_text]<\/p>\n<h2><\/h2>\n<h2>Interioristes<\/h2>\n<p>Bernat, Nina<br \/>\nCabarrocas, Carles<br \/>\nCastells, Kim<br \/>\nColl, Ana<br \/>\nElorduy Hernandez V., Blanca<br \/>\nL\u00e1zaro Rosa-Viol\u00e1n<br \/>\nRif\u00e9, Francesc<br \/>\nSerra Savall, Xavier<br \/>\n<strong>VERUM<\/strong><br \/>\nCuenca, Jordi<br \/>\nVila, Ferran<br \/>\nVilanova, Pau[\/vc_column_text][\/vc_column][\/vc_row]<\/p>\n<\/section>","protected":false},"excerpt":{"rendered":"<p>[vc_row type=&#8221;grid&#8221; el_class=&#8221;whitesection&#8221;][vc_column width=&#8221;1\/3&#8243;][vc_column_text] Arquitectes Areu, Jordi Arqu\u00e9s Fust\u00e9, Jacinto Arribas, Alfredo B\u00e0guena Maranges, Carles Barba Torra, Javier Bass\u00f3 Vidal, Carles Blanch Segarra, Albert Blanxart Miserachs, Alejandro Bogu\u00f1\u00e1 Fisas, Joan Boncompte Coll, Josep Bosch Planas, Andreu Casanovas, Ram\u00f3n Cinnamond Planas, Norman Colli, Stefano Compta Gonzalez,&#8230;<\/p>\n","protected":false},"author":3,"featured_media":929,"parent":2508,"menu_order":4,"comment_status":"closed","ping_status":"closed","template":"full_width.php","meta":{"footnotes":""},"class_list":["post-2512","page","type-page","status-publish","has-post-thumbnail","hentry"],"yoast_head":"<!-- This site is optimized with the Yoast SEO plugin v27.3 - https:\/\/yoast.com\/product\/yoast-seo-wordpress\/ -->\n<title>Direcci\u00f3 Facultativa &#8211; Luis Pares<\/title>\n<meta name=\"robots\" content=\"index, follow, max-snippet:-1, max-image-preview:large, max-video-preview:-1\" \/>\n<link rel=\"canonical\" href=\"https:\/\/luispares.com\/ca\/clientes-df\/direccion-facultativa\/\" \/>\n<meta property=\"og:locale\" content=\"ca_ES\" \/>\n<meta property=\"og:type\" content=\"article\" \/>\n<meta property=\"og:title\" content=\"Direcci\u00f3 Facultativa &#8211; Luis Pares\" \/>\n<meta property=\"og:description\" content=\"[vc_row type=&#8221;grid&#8221; el_class=&#8221;whitesection&#8221;][vc_column width=&#8221;1\/3&#8243;][vc_column_text] Arquitectes Areu, Jordi Arqu\u00e9s Fust\u00e9, Jacinto Arribas, Alfredo B\u00e0guena Maranges, Carles Barba Torra, Javier Bass\u00f3 Vidal, Carles Blanch Segarra, Albert Blanxart Miserachs, Alejandro Bogu\u00f1\u00e1 Fisas, Joan Boncompte Coll, Josep Bosch Planas, Andreu Casanovas, Ram\u00f3n Cinnamond Planas, Norman Colli, Stefano Compta Gonzalez,...\" \/>\n<meta property=\"og:url\" content=\"https:\/\/luispares.com\/ca\/clientes-df\/direccion-facultativa\/\" \/>\n<meta property=\"og:site_name\" content=\"Luis Pares\" \/>\n<meta property=\"article:modified_time\" content=\"2017-02-22T09:59:30+00:00\" \/>\n<meta property=\"og:image\" content=\"https:\/\/luispares.com\/wp-content\/uploads\/2016\/07\/FeaturedGeneric_v2_LuisPares.jpg\" \/>\n\t<meta property=\"og:image:width\" content=\"475\" \/>\n\t<meta property=\"og:image:height\" content=\"227\" \/>\n\t<meta property=\"og:image:type\" content=\"image\/jpeg\" \/>\n<meta name=\"twitter:card\" content=\"summary_large_image\" \/>\n<meta name=\"twitter:label1\" content=\"Temps estimat de lectura\" \/>\n\t<meta name=\"twitter:data1\" content=\"2 minuts\" \/>\n<script type=\"application\/ld+json\" class=\"yoast-schema-graph\">{\"@context\":\"https:\\\/\\\/schema.org\",\"@graph\":[{\"@type\":\"WebPage\",\"@id\":\"https:\\\/\\\/luispares.com\\\/ca\\\/clientes-df\\\/direccion-facultativa\\\/\",\"url\":\"https:\\\/\\\/luispares.com\\\/ca\\\/clientes-df\\\/direccion-facultativa\\\/\",\"name\":\"Direcci\u00f3 Facultativa &#8211; Luis Pares\",\"isPartOf\":{\"@id\":\"https:\\\/\\\/luispares.com\\\/ca\\\/#website\"},\"primaryImageOfPage\":{\"@id\":\"https:\\\/\\\/luispares.com\\\/ca\\\/clientes-df\\\/direccion-facultativa\\\/#primaryimage\"},\"image\":{\"@id\":\"https:\\\/\\\/luispares.com\\\/ca\\\/clientes-df\\\/direccion-facultativa\\\/#primaryimage\"},\"thumbnailUrl\":\"https:\\\/\\\/luispares.com\\\/wp-content\\\/uploads\\\/2016\\\/07\\\/FeaturedGeneric_v2_LuisPares.jpg\",\"datePublished\":\"2017-02-07T12:03:01+00:00\",\"dateModified\":\"2017-02-22T09:59:30+00:00\",\"breadcrumb\":{\"@id\":\"https:\\\/\\\/luispares.com\\\/ca\\\/clientes-df\\\/direccion-facultativa\\\/#breadcrumb\"},\"inLanguage\":\"ca\",\"potentialAction\":[{\"@type\":\"ReadAction\",\"target\":[\"https:\\\/\\\/luispares.com\\\/ca\\\/clientes-df\\\/direccion-facultativa\\\/\"]}]},{\"@type\":\"ImageObject\",\"inLanguage\":\"ca\",\"@id\":\"https:\\\/\\\/luispares.com\\\/ca\\\/clientes-df\\\/direccion-facultativa\\\/#primaryimage\",\"url\":\"https:\\\/\\\/luispares.com\\\/wp-content\\\/uploads\\\/2016\\\/07\\\/FeaturedGeneric_v2_LuisPares.jpg\",\"contentUrl\":\"https:\\\/\\\/luispares.com\\\/wp-content\\\/uploads\\\/2016\\\/07\\\/FeaturedGeneric_v2_LuisPares.jpg\",\"width\":475,\"height\":227},{\"@type\":\"BreadcrumbList\",\"@id\":\"https:\\\/\\\/luispares.com\\\/ca\\\/clientes-df\\\/direccion-facultativa\\\/#breadcrumb\",\"itemListElement\":[{\"@type\":\"ListItem\",\"position\":1,\"name\":\"Portada\",\"item\":\"https:\\\/\\\/luispares.com\\\/ca\\\/\"},{\"@type\":\"ListItem\",\"position\":2,\"name\":\"Clients i Direcci\u00f3 Facultativa\",\"item\":\"https:\\\/\\\/luispares.com\\\/ca\\\/clientes-df\\\/\"},{\"@type\":\"ListItem\",\"position\":3,\"name\":\"Direcci\u00f3 Facultativa\"}]},{\"@type\":\"WebSite\",\"@id\":\"https:\\\/\\\/luispares.com\\\/ca\\\/#website\",\"url\":\"https:\\\/\\\/luispares.com\\\/ca\\\/\",\"name\":\"Luis Pares\",\"description\":\"Empresa constructora y miembro del Gremi de Constructors de Barcelona.\",\"publisher\":{\"@id\":\"https:\\\/\\\/luispares.com\\\/ca\\\/#organization\"},\"potentialAction\":[{\"@type\":\"SearchAction\",\"target\":{\"@type\":\"EntryPoint\",\"urlTemplate\":\"https:\\\/\\\/luispares.com\\\/ca\\\/?s={search_term_string}\"},\"query-input\":{\"@type\":\"PropertyValueSpecification\",\"valueRequired\":true,\"valueName\":\"search_term_string\"}}],\"inLanguage\":\"ca\"},{\"@type\":\"Organization\",\"@id\":\"https:\\\/\\\/luispares.com\\\/ca\\\/#organization\",\"name\":\"Luis Par\u00e9s, S.L.\",\"url\":\"https:\\\/\\\/luispares.com\\\/ca\\\/\",\"logo\":{\"@type\":\"ImageObject\",\"inLanguage\":\"ca\",\"@id\":\"https:\\\/\\\/luispares.com\\\/ca\\\/#\\\/schema\\\/logo\\\/image\\\/\",\"url\":\"https:\\\/\\\/www.luispares.com\\\/wp-content\\\/uploads\\\/2016\\\/07\\\/luispares_logo.png\",\"contentUrl\":\"https:\\\/\\\/www.luispares.com\\\/wp-content\\\/uploads\\\/2016\\\/07\\\/luispares_logo.png\",\"width\":208,\"height\":56,\"caption\":\"Luis Par\u00e9s, S.L.\"},\"image\":{\"@id\":\"https:\\\/\\\/luispares.com\\\/ca\\\/#\\\/schema\\\/logo\\\/image\\\/\"},\"sameAs\":[\"https:\\\/\\\/www.instagram.com\\\/luispares_sl\\\/\",\"https:\\\/\\\/www.linkedin.com\\\/company\\\/luis-par\u00e9s-s-l-\",\"https:\\\/\\\/www.youtube.com\\\/channel\\\/UCryaT4fZmdocCgSnzi9fiew\"]}]}<\/script>\n<!-- \/ Yoast SEO plugin. -->","yoast_head_json":{"title":"Direcci\u00f3 Facultativa &#8211; Luis Pares","robots":{"index":"index","follow":"follow","max-snippet":"max-snippet:-1","max-image-preview":"max-image-preview:large","max-video-preview":"max-video-preview:-1"},"canonical":"https:\/\/luispares.com\/ca\/clientes-df\/direccion-facultativa\/","og_locale":"ca_ES","og_type":"article","og_title":"Direcci\u00f3 Facultativa &#8211; Luis Pares","og_description":"[vc_row type=&#8221;grid&#8221; el_class=&#8221;whitesection&#8221;][vc_column width=&#8221;1\/3&#8243;][vc_column_text] Arquitectes Areu, Jordi Arqu\u00e9s Fust\u00e9, Jacinto Arribas, Alfredo B\u00e0guena Maranges, Carles Barba Torra, Javier Bass\u00f3 Vidal, Carles Blanch Segarra, Albert Blanxart Miserachs, Alejandro Bogu\u00f1\u00e1 Fisas, Joan Boncompte Coll, Josep Bosch Planas, Andreu Casanovas, Ram\u00f3n Cinnamond Planas, Norman Colli, Stefano Compta Gonzalez,...","og_url":"https:\/\/luispares.com\/ca\/clientes-df\/direccion-facultativa\/","og_site_name":"Luis Pares","article_modified_time":"2017-02-22T09:59:30+00:00","og_image":[{"width":475,"height":227,"url":"https:\/\/luispares.com\/wp-content\/uploads\/2016\/07\/FeaturedGeneric_v2_LuisPares.jpg","type":"image\/jpeg"}],"twitter_card":"summary_large_image","twitter_misc":{"Temps estimat de lectura":"2 minuts"},"schema":{"@context":"https:\/\/schema.org","@graph":[{"@type":"WebPage","@id":"https:\/\/luispares.com\/ca\/clientes-df\/direccion-facultativa\/","url":"https:\/\/luispares.com\/ca\/clientes-df\/direccion-facultativa\/","name":"Direcci\u00f3 Facultativa &#8211; Luis Pares","isPartOf":{"@id":"https:\/\/luispares.com\/ca\/#website"},"primaryImageOfPage":{"@id":"https:\/\/luispares.com\/ca\/clientes-df\/direccion-facultativa\/#primaryimage"},"image":{"@id":"https:\/\/luispares.com\/ca\/clientes-df\/direccion-facultativa\/#primaryimage"},"thumbnailUrl":"https:\/\/luispares.com\/wp-content\/uploads\/2016\/07\/FeaturedGeneric_v2_LuisPares.jpg","datePublished":"2017-02-07T12:03:01+00:00","dateModified":"2017-02-22T09:59:30+00:00","breadcrumb":{"@id":"https:\/\/luispares.com\/ca\/clientes-df\/direccion-facultativa\/#breadcrumb"},"inLanguage":"ca","potentialAction":[{"@type":"ReadAction","target":["https:\/\/luispares.com\/ca\/clientes-df\/direccion-facultativa\/"]}]},{"@type":"ImageObject","inLanguage":"ca","@id":"https:\/\/luispares.com\/ca\/clientes-df\/direccion-facultativa\/#primaryimage","url":"https:\/\/luispares.com\/wp-content\/uploads\/2016\/07\/FeaturedGeneric_v2_LuisPares.jpg","contentUrl":"https:\/\/luispares.com\/wp-content\/uploads\/2016\/07\/FeaturedGeneric_v2_LuisPares.jpg","width":475,"height":227},{"@type":"BreadcrumbList","@id":"https:\/\/luispares.com\/ca\/clientes-df\/direccion-facultativa\/#breadcrumb","itemListElement":[{"@type":"ListItem","position":1,"name":"Portada","item":"https:\/\/luispares.com\/ca\/"},{"@type":"ListItem","position":2,"name":"Clients i Direcci\u00f3 Facultativa","item":"https:\/\/luispares.com\/ca\/clientes-df\/"},{"@type":"ListItem","position":3,"name":"Direcci\u00f3 Facultativa"}]},{"@type":"WebSite","@id":"https:\/\/luispares.com\/ca\/#website","url":"https:\/\/luispares.com\/ca\/","name":"Luis Pares","description":"Empresa constructora y miembro del Gremi de Constructors de Barcelona.","publisher":{"@id":"https:\/\/luispares.com\/ca\/#organization"},"potentialAction":[{"@type":"SearchAction","target":{"@type":"EntryPoint","urlTemplate":"https:\/\/luispares.com\/ca\/?s={search_term_string}"},"query-input":{"@type":"PropertyValueSpecification","valueRequired":true,"valueName":"search_term_string"}}],"inLanguage":"ca"},{"@type":"Organization","@id":"https:\/\/luispares.com\/ca\/#organization","name":"Luis Par\u00e9s, S.L.","url":"https:\/\/luispares.com\/ca\/","logo":{"@type":"ImageObject","inLanguage":"ca","@id":"https:\/\/luispares.com\/ca\/#\/schema\/logo\/image\/","url":"https:\/\/www.luispares.com\/wp-content\/uploads\/2016\/07\/luispares_logo.png","contentUrl":"https:\/\/www.luispares.com\/wp-content\/uploads\/2016\/07\/luispares_logo.png","width":208,"height":56,"caption":"Luis Par\u00e9s, S.L."},"image":{"@id":"https:\/\/luispares.com\/ca\/#\/schema\/logo\/image\/"},"sameAs":["https:\/\/www.instagram.com\/luispares_sl\/","https:\/\/www.linkedin.com\/company\/luis-par\u00e9s-s-l-","https:\/\/www.youtube.com\/channel\/UCryaT4fZmdocCgSnzi9fiew"]}]}},"_links":{"self":[{"href":"https:\/\/luispares.com\/ca\/wp-json\/wp\/v2\/pages\/2512","targetHints":{"allow":["GET"]}}],"collection":[{"href":"https:\/\/luispares.com\/ca\/wp-json\/wp\/v2\/pages"}],"about":[{"href":"https:\/\/luispares.com\/ca\/wp-json\/wp\/v2\/types\/page"}],"author":[{"embeddable":true,"href":"https:\/\/luispares.com\/ca\/wp-json\/wp\/v2\/users\/3"}],"replies":[{"embeddable":true,"href":"https:\/\/luispares.com\/ca\/wp-json\/wp\/v2\/comments?post=2512"}],"version-history":[{"count":2,"href":"https:\/\/luispares.com\/ca\/wp-json\/wp\/v2\/pages\/2512\/revisions"}],"predecessor-version":[{"id":2514,"href":"https:\/\/luispares.com\/ca\/wp-json\/wp\/v2\/pages\/2512\/revisions\/2514"}],"up":[{"embeddable":true,"href":"https:\/\/luispares.com\/ca\/wp-json\/wp\/v2\/pages\/2508"}],"wp:featuredmedia":[{"embeddable":true,"href":"https:\/\/luispares.com\/ca\/wp-json\/wp\/v2\/media\/929"}],"wp:attachment":[{"href":"https:\/\/luispares.com\/ca\/wp-json\/wp\/v2\/media?parent=2512"}],"curies":[{"name":"wp","href":"https:\/\/api.w.org\/{rel}","templated":true}]}}