{"id":1316,"date":"2016-07-15T09:15:04","date_gmt":"2016-07-15T07:15:04","guid":{"rendered":"https:\/\/luispares.com\/ca\/introduccion\/"},"modified":"2017-02-22T14:27:08","modified_gmt":"2017-02-22T12:27:08","slug":"introduccion","status":"publish","type":"page","link":"https:\/\/luispares.com\/ca\/empresa\/introduccion\/","title":{"rendered":"Introducci\u00f3"},"content":{"rendered":"<section class=\"wpb-content-wrapper\"><p>[vc_row type=&#8221;grid&#8221; el_class=&#8221;whitesection&#8221;][vc_column][vc_row_inner][vc_column_inner el_class=&#8221;col1&#8243;][vc_column_text]<\/p>\n<h2><span id=\"result_box\" class=\"short_text\" lang=\"ca\">Tradici\u00f3 constructora<\/span><\/h2>\n<p>LUIS PAR\u00c9S \u00e9s el resultat d&#8217;una llarga tradici\u00f3 constructora de car\u00e0cter familiar que va arrencar a finals del segle XIX a la localitat barcelonina de Sant Boi de Llobregat. L&#8217;activitat constructora s&#8217;inicia en el que llavors es denominava el &#8220;mestre d&#8217;obres&#8221;, professionals que van incorporar les arts aplicades del Modernisme per ennoblir els edificis. Amb el temps es treballar\u00e0 per a clients i arquitectes, alguns dels quals adquiriran renom mundial, com Gaud\u00ed, i en obres tan emblem\u00e0tiques com la Col\u00f2nia G\u00fcell, a Santa Coloma de Cervell\u00f3. Es va constituir com a societat mercantil al gener de 1972, encara que ja en els anys 30 del segle passat actuava com a empresa individual a nom de Alejo Par\u00e9s Carbonell i despr\u00e9s, des de 1956, a nom de Luis Par\u00e9s Mestres.[\/vc_column_text][\/vc_column_inner][\/vc_row_inner][vc_row_inner][vc_column_inner width=&#8221;1\/2&#8243;][vc_single_image image=&#8221;846&#8243; img_size=&#8221;full&#8221; mmxstudio_css_animation=&#8221;element_from_left&#8221;][\/vc_column_inner][vc_column_inner el_class=&#8221;col2&#8243; width=&#8221;1\/2&#8243;][vc_column_text]<\/p>\n<h2>La\u00a0<span id=\"result_box\" class=\"short_text\" lang=\"ca\">nostra activitat<\/span><\/h2>\n<p><span id=\"result_box\" lang=\"ca\">L&#8217;activitat de l&#8217;empresa es centra en obres d&#8217;edificaci\u00f3, rehabilitaci\u00f3 i urbanitzaci\u00f3 d&#8217;obres per a clients p\u00fablics i privats, treballant per Direccions Facultatives de reconegut prestigi. Hem constru\u00eft i rehabilitat habitatges, escoles, mercats, hotels, oficines, restaurants, etc., i urbanitzat carrers i sectors urban\u00edstics complets.<\/span><span id=\"t-served-community-button\" class=\"trans-verified-button goog-toolbar-button\"><\/span>[\/vc_column_text][\/vc_column_inner][\/vc_row_inner][vc_row_inner][vc_column_inner el_class=&#8221;col1&#8243; width=&#8221;1\/2&#8243;][vc_column_text]<\/p>\n<h2>El nostre equip<\/h2>\n<p><span id=\"result_box\" lang=\"ca\">Els treballs comprenen des del moviment de terres fins als acabats finals. Per executar aquestes tasques, l&#8217;empresa disposa de directors d&#8217;obra titulats i personal d&#8217;obra de dilatada experi\u00e8ncia, aix\u00ed com dels mitjans t\u00e8cnics requerits per a cada ocasi\u00f3.<\/span><span id=\"t-served-community-button\" class=\"trans-verified-button goog-toolbar-button\"><\/span>[\/vc_column_text][\/vc_column_inner][vc_column_inner width=&#8221;1\/2&#8243;][vc_single_image image=&#8221;847&#8243; img_size=&#8221;full&#8221; alignment=&#8221;right&#8221; mmxstudio_css_animation=&#8221;element_from_right&#8221;][\/vc_column_inner][\/vc_row_inner][vc_row_inner][vc_column_inner width=&#8221;1\/2&#8243;][vc_single_image image=&#8221;882&#8243; img_size=&#8221;full&#8221; mmxstudio_css_animation=&#8221;element_from_left&#8221; el_class=&#8221;rwdhide&#8221;][\/vc_column_inner][vc_column_inner el_class=&#8221;col2&#8243; width=&#8221;1\/2&#8243;][vc_column_text]<\/p>\n<h2>Mem\u00f2ria Corporativa<\/h2>\n<p>Per construir-se un escenari m\u00e9s complet de la nostra activitat, posem a la seva disposici\u00f3 un document que reflecteix la nostra missi\u00f3 i valors, a m\u00e9s d&#8217;un portafoli per con\u00e8ixer els nostres projectes m\u00e9s rellevants.[\/vc_column_text][vc_btn title=&#8221;Consulteu la mem\u00f2ria&#8221; style=&#8221;flat&#8221; shape=&#8221;square&#8221; color=&#8221;violet&#8221; css_animation=&#8221;bottom-to-top&#8221; link=&#8221;url:%2Fca%2Fempresa%2Fmemoria-corporativa%2F|title:Mem%C3%B2ria%20Corporativa%20Luis%20Par%C3%A9s%2C%20S.L.||&#8221;][\/vc_column_inner][\/vc_row_inner][\/vc_column][\/vc_row][vc_row type=&#8221;grid&#8221; el_class=&#8221;proyectosfooter&#8221;][vc_column][vc_row_inner][vc_column_inner][vc_column_text]<span id=\"result_box\" lang=\"ca\">Consulteu alguns dels nostres projectes seleccionats a continuaci\u00f3<\/span><span id=\"t-served-community-button\" class=\"trans-verified-button goog-toolbar-button\"><\/span>[\/vc_column_text][vc_btn title=&#8221;Tots els projectes&#8221; style=&#8221;flat&#8221; shape=&#8221;square&#8221; color=&#8221;white&#8221; align=&#8221;center&#8221; css_animation=&#8221;bottom-to-top&#8221; link=&#8221;url:%2Fca%2Fproyectos%2F|title:Projectes%20seleccionats%20Luis%20Par%C3%A9s%2C%20S.L.||&#8221;][\/vc_column_inner][\/vc_row_inner][\/vc_column][\/vc_row]<\/p>\n<\/section>","protected":false},"excerpt":{"rendered":"<p>[vc_row type=&#8221;grid&#8221; el_class=&#8221;whitesection&#8221;][vc_column][vc_row_inner][vc_column_inner el_class=&#8221;col1&#8243;][vc_column_text] Tradici\u00f3 constructora LUIS PAR\u00c9S \u00e9s el resultat d&#8217;una llarga tradici\u00f3 constructora de car\u00e0cter familiar que va arrencar a finals del segle XIX a la localitat barcelonina de Sant Boi de Llobregat. L&#8217;activitat constructora s&#8217;inicia en el que llavors es denominava el&#8230;<\/p>\n","protected":false},"author":3,"featured_media":929,"parent":1320,"menu_order":1,"comment_status":"closed","ping_status":"closed","template":"full_width.php","meta":{"footnotes":""},"class_list":["post-1316","page","type-page","status-publish","has-post-thumbnail","hentry"],"yoast_head":"<!-- This site is optimized with the Yoast SEO plugin v27.2 - https:\/\/yoast.com\/product\/yoast-seo-wordpress\/ -->\n<title>Introducci\u00f3 &#8211; Luis Pares<\/title>\n<meta name=\"robots\" content=\"index, follow, max-snippet:-1, max-image-preview:large, max-video-preview:-1\" \/>\n<link rel=\"canonical\" href=\"https:\/\/luispares.com\/ca\/empresa\/introduccion\/\" \/>\n<meta property=\"og:locale\" content=\"ca_ES\" \/>\n<meta property=\"og:type\" content=\"article\" \/>\n<meta property=\"og:title\" content=\"Introducci\u00f3 &#8211; Luis Pares\" \/>\n<meta property=\"og:description\" content=\"[vc_row type=&#8221;grid&#8221; el_class=&#8221;whitesection&#8221;][vc_column][vc_row_inner][vc_column_inner el_class=&#8221;col1&#8243;][vc_column_text] Tradici\u00f3 constructora LUIS PAR\u00c9S \u00e9s el resultat d&#8217;una llarga tradici\u00f3 constructora de car\u00e0cter familiar que va arrencar a finals del segle XIX a la localitat barcelonina de Sant Boi de Llobregat. L&#8217;activitat constructora s&#8217;inicia en el que llavors es denominava el...\" \/>\n<meta property=\"og:url\" content=\"https:\/\/luispares.com\/ca\/empresa\/introduccion\/\" \/>\n<meta property=\"og:site_name\" content=\"Luis Pares\" \/>\n<meta property=\"article:modified_time\" content=\"2017-02-22T12:27:08+00:00\" \/>\n<meta property=\"og:image\" content=\"https:\/\/luispares.com\/wp-content\/uploads\/2016\/07\/FeaturedGeneric_v2_LuisPares.jpg\" \/>\n\t<meta property=\"og:image:width\" content=\"475\" \/>\n\t<meta property=\"og:image:height\" content=\"227\" \/>\n\t<meta property=\"og:image:type\" content=\"image\/jpeg\" \/>\n<meta name=\"twitter:card\" content=\"summary_large_image\" \/>\n<meta name=\"twitter:label1\" content=\"Temps estimat de lectura\" \/>\n\t<meta name=\"twitter:data1\" content=\"3 minuts\" \/>\n<script type=\"application\/ld+json\" class=\"yoast-schema-graph\">{\"@context\":\"https:\/\/schema.org\",\"@graph\":[{\"@type\":\"WebPage\",\"@id\":\"https:\/\/luispares.com\/ca\/empresa\/introduccion\/\",\"url\":\"https:\/\/luispares.com\/ca\/empresa\/introduccion\/\",\"name\":\"Introducci\u00f3 &#8211; Luis Pares\",\"isPartOf\":{\"@id\":\"https:\/\/luispares.com\/ca\/#website\"},\"primaryImageOfPage\":{\"@id\":\"https:\/\/luispares.com\/ca\/empresa\/introduccion\/#primaryimage\"},\"image\":{\"@id\":\"https:\/\/luispares.com\/ca\/empresa\/introduccion\/#primaryimage\"},\"thumbnailUrl\":\"https:\/\/luispares.com\/wp-content\/uploads\/2016\/07\/FeaturedGeneric_v2_LuisPares.jpg\",\"datePublished\":\"2016-07-15T07:15:04+00:00\",\"dateModified\":\"2017-02-22T12:27:08+00:00\",\"breadcrumb\":{\"@id\":\"https:\/\/luispares.com\/ca\/empresa\/introduccion\/#breadcrumb\"},\"inLanguage\":\"ca\",\"potentialAction\":[{\"@type\":\"ReadAction\",\"target\":[\"https:\/\/luispares.com\/ca\/empresa\/introduccion\/\"]}]},{\"@type\":\"ImageObject\",\"inLanguage\":\"ca\",\"@id\":\"https:\/\/luispares.com\/ca\/empresa\/introduccion\/#primaryimage\",\"url\":\"https:\/\/luispares.com\/wp-content\/uploads\/2016\/07\/FeaturedGeneric_v2_LuisPares.jpg\",\"contentUrl\":\"https:\/\/luispares.com\/wp-content\/uploads\/2016\/07\/FeaturedGeneric_v2_LuisPares.jpg\",\"width\":475,\"height\":227},{\"@type\":\"BreadcrumbList\",\"@id\":\"https:\/\/luispares.com\/ca\/empresa\/introduccion\/#breadcrumb\",\"itemListElement\":[{\"@type\":\"ListItem\",\"position\":1,\"name\":\"Portada\",\"item\":\"https:\/\/luispares.com\/ca\/\"},{\"@type\":\"ListItem\",\"position\":2,\"name\":\"Empresa\",\"item\":\"https:\/\/luispares.com\/ca\/empresa\/\"},{\"@type\":\"ListItem\",\"position\":3,\"name\":\"Introducci\u00f3\"}]},{\"@type\":\"WebSite\",\"@id\":\"https:\/\/luispares.com\/ca\/#website\",\"url\":\"https:\/\/luispares.com\/ca\/\",\"name\":\"Luis Pares\",\"description\":\"Empresa constructora y miembro del Gremi de Constructors de Barcelona.\",\"publisher\":{\"@id\":\"https:\/\/luispares.com\/ca\/#organization\"},\"potentialAction\":[{\"@type\":\"SearchAction\",\"target\":{\"@type\":\"EntryPoint\",\"urlTemplate\":\"https:\/\/luispares.com\/ca\/?s={search_term_string}\"},\"query-input\":{\"@type\":\"PropertyValueSpecification\",\"valueRequired\":true,\"valueName\":\"search_term_string\"}}],\"inLanguage\":\"ca\"},{\"@type\":\"Organization\",\"@id\":\"https:\/\/luispares.com\/ca\/#organization\",\"name\":\"Luis Par\u00e9s, S.L.\",\"url\":\"https:\/\/luispares.com\/ca\/\",\"logo\":{\"@type\":\"ImageObject\",\"inLanguage\":\"ca\",\"@id\":\"https:\/\/luispares.com\/ca\/#\/schema\/logo\/image\/\",\"url\":\"https:\/\/www.luispares.com\/wp-content\/uploads\/2016\/07\/luispares_logo.png\",\"contentUrl\":\"https:\/\/www.luispares.com\/wp-content\/uploads\/2016\/07\/luispares_logo.png\",\"width\":208,\"height\":56,\"caption\":\"Luis Par\u00e9s, S.L.\"},\"image\":{\"@id\":\"https:\/\/luispares.com\/ca\/#\/schema\/logo\/image\/\"},\"sameAs\":[\"https:\/\/www.instagram.com\/luispares_sl\/\",\"https:\/\/www.linkedin.com\/company\/luis-par\u00e9s-s-l-\",\"https:\/\/www.youtube.com\/channel\/UCryaT4fZmdocCgSnzi9fiew\"]}]}<\/script>\n<!-- \/ Yoast SEO plugin. -->","yoast_head_json":{"title":"Introducci\u00f3 &#8211; Luis Pares","robots":{"index":"index","follow":"follow","max-snippet":"max-snippet:-1","max-image-preview":"max-image-preview:large","max-video-preview":"max-video-preview:-1"},"canonical":"https:\/\/luispares.com\/ca\/empresa\/introduccion\/","og_locale":"ca_ES","og_type":"article","og_title":"Introducci\u00f3 &#8211; Luis Pares","og_description":"[vc_row type=&#8221;grid&#8221; el_class=&#8221;whitesection&#8221;][vc_column][vc_row_inner][vc_column_inner el_class=&#8221;col1&#8243;][vc_column_text] Tradici\u00f3 constructora LUIS PAR\u00c9S \u00e9s el resultat d&#8217;una llarga tradici\u00f3 constructora de car\u00e0cter familiar que va arrencar a finals del segle XIX a la localitat barcelonina de Sant Boi de Llobregat. L&#8217;activitat constructora s&#8217;inicia en el que llavors es denominava el...","og_url":"https:\/\/luispares.com\/ca\/empresa\/introduccion\/","og_site_name":"Luis Pares","article_modified_time":"2017-02-22T12:27:08+00:00","og_image":[{"width":475,"height":227,"url":"https:\/\/luispares.com\/wp-content\/uploads\/2016\/07\/FeaturedGeneric_v2_LuisPares.jpg","type":"image\/jpeg"}],"twitter_card":"summary_large_image","twitter_misc":{"Temps estimat de lectura":"3 minuts"},"schema":{"@context":"https:\/\/schema.org","@graph":[{"@type":"WebPage","@id":"https:\/\/luispares.com\/ca\/empresa\/introduccion\/","url":"https:\/\/luispares.com\/ca\/empresa\/introduccion\/","name":"Introducci\u00f3 &#8211; Luis Pares","isPartOf":{"@id":"https:\/\/luispares.com\/ca\/#website"},"primaryImageOfPage":{"@id":"https:\/\/luispares.com\/ca\/empresa\/introduccion\/#primaryimage"},"image":{"@id":"https:\/\/luispares.com\/ca\/empresa\/introduccion\/#primaryimage"},"thumbnailUrl":"https:\/\/luispares.com\/wp-content\/uploads\/2016\/07\/FeaturedGeneric_v2_LuisPares.jpg","datePublished":"2016-07-15T07:15:04+00:00","dateModified":"2017-02-22T12:27:08+00:00","breadcrumb":{"@id":"https:\/\/luispares.com\/ca\/empresa\/introduccion\/#breadcrumb"},"inLanguage":"ca","potentialAction":[{"@type":"ReadAction","target":["https:\/\/luispares.com\/ca\/empresa\/introduccion\/"]}]},{"@type":"ImageObject","inLanguage":"ca","@id":"https:\/\/luispares.com\/ca\/empresa\/introduccion\/#primaryimage","url":"https:\/\/luispares.com\/wp-content\/uploads\/2016\/07\/FeaturedGeneric_v2_LuisPares.jpg","contentUrl":"https:\/\/luispares.com\/wp-content\/uploads\/2016\/07\/FeaturedGeneric_v2_LuisPares.jpg","width":475,"height":227},{"@type":"BreadcrumbList","@id":"https:\/\/luispares.com\/ca\/empresa\/introduccion\/#breadcrumb","itemListElement":[{"@type":"ListItem","position":1,"name":"Portada","item":"https:\/\/luispares.com\/ca\/"},{"@type":"ListItem","position":2,"name":"Empresa","item":"https:\/\/luispares.com\/ca\/empresa\/"},{"@type":"ListItem","position":3,"name":"Introducci\u00f3"}]},{"@type":"WebSite","@id":"https:\/\/luispares.com\/ca\/#website","url":"https:\/\/luispares.com\/ca\/","name":"Luis Pares","description":"Empresa constructora y miembro del Gremi de Constructors de Barcelona.","publisher":{"@id":"https:\/\/luispares.com\/ca\/#organization"},"potentialAction":[{"@type":"SearchAction","target":{"@type":"EntryPoint","urlTemplate":"https:\/\/luispares.com\/ca\/?s={search_term_string}"},"query-input":{"@type":"PropertyValueSpecification","valueRequired":true,"valueName":"search_term_string"}}],"inLanguage":"ca"},{"@type":"Organization","@id":"https:\/\/luispares.com\/ca\/#organization","name":"Luis Par\u00e9s, S.L.","url":"https:\/\/luispares.com\/ca\/","logo":{"@type":"ImageObject","inLanguage":"ca","@id":"https:\/\/luispares.com\/ca\/#\/schema\/logo\/image\/","url":"https:\/\/www.luispares.com\/wp-content\/uploads\/2016\/07\/luispares_logo.png","contentUrl":"https:\/\/www.luispares.com\/wp-content\/uploads\/2016\/07\/luispares_logo.png","width":208,"height":56,"caption":"Luis Par\u00e9s, S.L."},"image":{"@id":"https:\/\/luispares.com\/ca\/#\/schema\/logo\/image\/"},"sameAs":["https:\/\/www.instagram.com\/luispares_sl\/","https:\/\/www.linkedin.com\/company\/luis-par\u00e9s-s-l-","https:\/\/www.youtube.com\/channel\/UCryaT4fZmdocCgSnzi9fiew"]}]}},"_links":{"self":[{"href":"https:\/\/luispares.com\/ca\/wp-json\/wp\/v2\/pages\/1316","targetHints":{"allow":["GET"]}}],"collection":[{"href":"https:\/\/luispares.com\/ca\/wp-json\/wp\/v2\/pages"}],"about":[{"href":"https:\/\/luispares.com\/ca\/wp-json\/wp\/v2\/types\/page"}],"author":[{"embeddable":true,"href":"https:\/\/luispares.com\/ca\/wp-json\/wp\/v2\/users\/3"}],"replies":[{"embeddable":true,"href":"https:\/\/luispares.com\/ca\/wp-json\/wp\/v2\/comments?post=1316"}],"version-history":[{"count":5,"href":"https:\/\/luispares.com\/ca\/wp-json\/wp\/v2\/pages\/1316\/revisions"}],"predecessor-version":[{"id":2587,"href":"https:\/\/luispares.com\/ca\/wp-json\/wp\/v2\/pages\/1316\/revisions\/2587"}],"up":[{"embeddable":true,"href":"https:\/\/luispares.com\/ca\/wp-json\/wp\/v2\/pages\/1320"}],"wp:featuredmedia":[{"embeddable":true,"href":"https:\/\/luispares.com\/ca\/wp-json\/wp\/v2\/media\/929"}],"wp:attachment":[{"href":"https:\/\/luispares.com\/ca\/wp-json\/wp\/v2\/media?parent=1316"}],"curies":[{"name":"wp","href":"https:\/\/api.w.org\/{rel}","templated":true}]}}