{"id":1309,"date":"2016-07-15T09:15:28","date_gmt":"2016-07-15T07:15:28","guid":{"rendered":"https:\/\/luispares.com\/ca\/estrategia-y-valores\/"},"modified":"2017-02-22T17:05:33","modified_gmt":"2017-02-22T15:05:33","slug":"estrategia-y-valores","status":"publish","type":"page","link":"https:\/\/luispares.com\/ca\/empresa\/estrategia-y-valores\/","title":{"rendered":"Estrat\u00e8gia i Valors"},"content":{"rendered":"<section class=\"wpb-content-wrapper\"><p>[vc_row type=&#8221;grid&#8221; el_class=&#8221;whitesection&#8221;][vc_column][vc_row_inner][vc_column_inner el_class=&#8221;col1&#8243; width=&#8221;1\/2&#8243;][vc_column_text]<\/p>\n<h2><span id=\"result_box\" class=\"short_text\" lang=\"ca\">La nostra estrat\u00e8gia<\/span><span id=\"t-served-community-button\" class=\"trans-verified-button goog-toolbar-button\"><\/span><\/h2>\n<p><span id=\"result_box\" lang=\"ca\">L&#8217;experi\u00e8ncia, sumada al car\u00e0cter jove i emprenedor del nostre equip, ha marcat l&#8217;estrat\u00e8gia empresarial de LUIS PAR\u00c9S al llarg de m\u00e9s de 100 anys en el sector de la construcci\u00f3. Els aspectes principals que defineixen els nostres criteris de gesti\u00f3 i estrat\u00e8gia empresarial s\u00f3n els seg\u00fcents:<\/span><span id=\"t-served-community-button\" class=\"trans-verified-button goog-toolbar-button\"><\/span>[\/vc_column_text][\/vc_column_inner][vc_column_inner width=&#8221;1\/2&#8243;][vc_single_image image=&#8221;884&#8243; img_size=&#8221;full&#8221; alignment=&#8221;right&#8221; mmxstudio_css_animation=&#8221;element_from_right&#8221;][\/vc_column_inner][\/vc_row_inner][vc_row_inner el_class=&#8221;valoresitems&#8221;][vc_column_inner width=&#8221;1\/4&#8243;][vc_single_image image=&#8221;861&#8243; img_size=&#8221;full&#8221; alignment=&#8221;center&#8221; mmxstudio_css_animation=&#8221;element_from_fade&#8221;][vc_column_text]<\/p>\n<h4>Organitzaci\u00f3 orientada al client<\/h4>\n<p>Relaci\u00f3 directa amb el client durant tot el projecte.[\/vc_column_text][\/vc_column_inner][vc_column_inner width=&#8221;1\/4&#8243;][vc_single_image image=&#8221;1113&#8243; img_size=&#8221;full&#8221; alignment=&#8221;center&#8221; mmxstudio_css_animation=&#8221;element_from_fade&#8221;][vc_column_text]<\/p>\n<h4>Estructura patrimonial sanejada<\/h4>\n<p>Solv\u00e8ncia econ\u00f2mica contrastada que d\u00f3na seguretat i confian\u00e7a a clients i prove\u00efdors.[\/vc_column_text][\/vc_column_inner][vc_column_inner width=&#8221;1\/4&#8243;][vc_single_image image=&#8221;862&#8243; img_size=&#8221;full&#8221; alignment=&#8221;center&#8221; mmxstudio_css_animation=&#8221;element_from_fade&#8221;][vc_column_text]<\/p>\n<h4>Gesti\u00f3 activa del capital intel\u00b7lectual<\/h4>\n<p>Busquem una millora constant de tots els processos.[\/vc_column_text][\/vc_column_inner][vc_column_inner width=&#8221;1\/4&#8243;][vc_single_image image=&#8221;1015&#8243; img_size=&#8221;full&#8221; alignment=&#8221;center&#8221; mmxstudio_css_animation=&#8221;element_from_fade&#8221;][vc_column_text]<\/p>\n<h4>Formaci\u00f3 i motivaci\u00f3 de l&#8217;equip hum\u00e0<\/h4>\n<p>Equip ben format i amb s\u00f2lida experi\u00e8ncia en el sector.[\/vc_column_text][\/vc_column_inner][\/vc_row_inner][vc_row_inner el_class=&#8221;valoresitems&#8221;][vc_column_inner width=&#8221;1\/4&#8243;][vc_single_image image=&#8221;864&#8243; img_size=&#8221;full&#8221; alignment=&#8221;center&#8221; mmxstudio_css_animation=&#8221;element_from_fade&#8221;][vc_column_text]<\/p>\n<h4>Regularitat en el volum d&#8217;obra contractada<\/h4>\n<p>Busquem creixements sostinguts que permetin mantenir una estructura patrimonial sanejada.[\/vc_column_text][\/vc_column_inner][vc_column_inner width=&#8221;1\/4&#8243;][vc_single_image image=&#8221;865&#8243; img_size=&#8221;full&#8221; alignment=&#8221;center&#8221; mmxstudio_css_animation=&#8221;element_from_fade&#8221;][vc_column_text]<\/p>\n<h4>Noves tecnologies de la informaci\u00f3<\/h4>\n<p>El seu \u00fas intensiu permet una millora cont\u00ednua de l&#8217;efic\u00e0cia operativa.[\/vc_column_text][\/vc_column_inner][vc_column_inner width=&#8221;1\/4&#8243;][vc_single_image image=&#8221;866&#8243; img_size=&#8221;full&#8221; alignment=&#8221;center&#8221; mmxstudio_css_animation=&#8221;element_from_fade&#8221;][vc_column_text]<\/p>\n<h4>Especialitzaci\u00f3<\/h4>\n<p>En obres d&#8217;edificaci\u00f3 (nova planta o rehabilitaci\u00f3) i urbanitzaci\u00f3.[\/vc_column_text][\/vc_column_inner][vc_column_inner width=&#8221;1\/4&#8243;][vc_single_image image=&#8221;867&#8243; img_size=&#8221;full&#8221; alignment=&#8221;center&#8221; mmxstudio_css_animation=&#8221;element_from_fade&#8221;][vc_column_text]<\/p>\n<h4>Concentraci\u00f3 en el mercat nacional<\/h4>\n<p>Per a una major consolidaci\u00f3 dins el sector.[\/vc_column_text][\/vc_column_inner][\/vc_row_inner][\/vc_column][\/vc_row][vc_row type=&#8221;grid&#8221; el_class=&#8221;greysection&#8221;][vc_column][vc_row_inner][vc_column_inner el_class=&#8221;col1&#8243; width=&#8221;1\/2&#8243;][vc_column_text]<\/p>\n<h2>Els nostres valors<\/h2>\n<p>Els valors que guien la nostra organitzaci\u00f3 es poden resumir en els seg\u00fcents punts:[\/vc_column_text][\/vc_column_inner][vc_column_inner width=&#8221;1\/2&#8243;][vc_single_image image=&#8221;885&#8243; img_size=&#8221;full&#8221; alignment=&#8221;right&#8221; mmxstudio_css_animation=&#8221;element_from_right&#8221;][\/vc_column_inner][\/vc_row_inner][vc_row_inner el_class=&#8221;valoresitems&#8221;][vc_column_inner width=&#8221;1\/4&#8243;][vc_single_image image=&#8221;869&#8243; img_size=&#8221;full&#8221; alignment=&#8221;center&#8221; mmxstudio_css_animation=&#8221;element_from_fade&#8221;][vc_column_text]<\/p>\n<h4>Capa\u00e7os i flexibles<\/h4>\n<p>Ens adaptem als nostres clients, solucionem els seus problemes.[\/vc_column_text][\/vc_column_inner][vc_column_inner width=&#8221;1\/4&#8243;][vc_single_image image=&#8221;870&#8243; img_size=&#8221;full&#8221; alignment=&#8221;center&#8221; mmxstudio_css_animation=&#8221;element_from_fade&#8221;][vc_column_text]<\/p>\n<h4>Calendaris sagrats<\/h4>\n<p>Puntualitat en els terminis, sense concessions.[\/vc_column_text][\/vc_column_inner][vc_column_inner width=&#8221;1\/4&#8243;][vc_single_image image=&#8221;871&#8243; img_size=&#8221;full&#8221; alignment=&#8221;center&#8221; mmxstudio_css_animation=&#8221;element_from_fade&#8221;][vc_column_text]<\/p>\n<h4>Pressupostos sense sorpreses<\/h4>\n<p>N\u00fameros molt clars des del principi i durant tota l&#8217;obra, sense sorpreses ni confusions.[\/vc_column_text][\/vc_column_inner][vc_column_inner width=&#8221;1\/4&#8243;][vc_single_image image=&#8221;872&#8243; img_size=&#8221;full&#8221; alignment=&#8221;center&#8221; mmxstudio_css_animation=&#8221;element_from_fade&#8221;][vc_column_text]<\/p>\n<h4>Coher\u00e8ncia professional<\/h4>\n<p>Suport t\u00e8cnic constant buscant solucions \u00f2ptimes i coherents amb les bones pr\u00e0ctiques constructives i amb la normativa vigent.[\/vc_column_text][\/vc_column_inner][\/vc_row_inner][vc_row_inner el_class=&#8221;valoresitems&#8221;][vc_column_inner width=&#8221;1\/3&#8243;][\/vc_column_inner][vc_column_inner width=&#8221;1\/3&#8243;][vc_single_image image=&#8221;1141&#8243; img_size=&#8221;full&#8221; alignment=&#8221;center&#8221; mmxstudio_css_animation=&#8221;element_from_fade&#8221;][vc_column_text]<\/p>\n<h4>Seguretat<\/h4>\n<p>Compliment estricte de la legislaci\u00f3 laboral vigent. La seguretat dels nostres treballadors \u00e9s la seguretat i tranquil\u00b7litat dels nostres clients.[\/vc_column_text][\/vc_column_inner][vc_column_inner width=&#8221;1\/3&#8243;][\/vc_column_inner][\/vc_row_inner][\/vc_column][\/vc_row][vc_row type=&#8221;grid&#8221; el_class=&#8221;proyectosfooter&#8221;][vc_column][vc_row_inner][vc_column_inner][vc_column_text]<span id=\"result_box\" lang=\"ca\">Consulteu alguns dels nostres projectes seleccionats a continuaci\u00f3<\/span><span id=\"t-served-community-button\" class=\"trans-verified-button goog-toolbar-button\"><\/span>[\/vc_column_text][vc_btn title=&#8221;Tots els projectes&#8221; style=&#8221;flat&#8221; shape=&#8221;square&#8221; color=&#8221;white&#8221; align=&#8221;center&#8221; css_animation=&#8221;bottom-to-top&#8221; link=&#8221;url:%2Fca%2Fproyectos%2F|title:Projectes%20seleccionats%20Luis%20Par%C3%A9s%2C%20S.L.||&#8221;][\/vc_column_inner][\/vc_row_inner][\/vc_column][\/vc_row]<\/p>\n<\/section>","protected":false},"excerpt":{"rendered":"<p>[vc_row type=&#8221;grid&#8221; el_class=&#8221;whitesection&#8221;][vc_column][vc_row_inner][vc_column_inner el_class=&#8221;col1&#8243; width=&#8221;1\/2&#8243;][vc_column_text] La nostra estrat\u00e8gia L&#8217;experi\u00e8ncia, sumada al car\u00e0cter jove i emprenedor del nostre equip, ha marcat l&#8217;estrat\u00e8gia empresarial de LUIS PAR\u00c9S al llarg de m\u00e9s de 100 anys en el sector de la construcci\u00f3. Els aspectes principals que defineixen els nostres&#8230;<\/p>\n","protected":false},"author":3,"featured_media":929,"parent":1320,"menu_order":3,"comment_status":"closed","ping_status":"closed","template":"full_width.php","meta":{"footnotes":""},"class_list":["post-1309","page","type-page","status-publish","has-post-thumbnail","hentry"],"yoast_head":"<!-- This site is optimized with the Yoast SEO plugin v27.3 - https:\/\/yoast.com\/product\/yoast-seo-wordpress\/ -->\n<title>Estrat\u00e8gia i Valors &#8211; Luis Pares<\/title>\n<meta name=\"robots\" content=\"index, follow, max-snippet:-1, max-image-preview:large, max-video-preview:-1\" \/>\n<link rel=\"canonical\" href=\"https:\/\/luispares.com\/ca\/empresa\/estrategia-y-valores\/\" \/>\n<meta property=\"og:locale\" content=\"ca_ES\" \/>\n<meta property=\"og:type\" content=\"article\" \/>\n<meta property=\"og:title\" content=\"Estrat\u00e8gia i Valors &#8211; Luis Pares\" \/>\n<meta property=\"og:description\" content=\"[vc_row type=&#8221;grid&#8221; el_class=&#8221;whitesection&#8221;][vc_column][vc_row_inner][vc_column_inner el_class=&#8221;col1&#8243; width=&#8221;1\/2&#8243;][vc_column_text] La nostra estrat\u00e8gia L&#8217;experi\u00e8ncia, sumada al car\u00e0cter jove i emprenedor del nostre equip, ha marcat l&#8217;estrat\u00e8gia empresarial de LUIS PAR\u00c9S al llarg de m\u00e9s de 100 anys en el sector de la construcci\u00f3. Els aspectes principals que defineixen els nostres...\" \/>\n<meta property=\"og:url\" content=\"https:\/\/luispares.com\/ca\/empresa\/estrategia-y-valores\/\" \/>\n<meta property=\"og:site_name\" content=\"Luis Pares\" \/>\n<meta property=\"article:modified_time\" content=\"2017-02-22T15:05:33+00:00\" \/>\n<meta property=\"og:image\" content=\"https:\/\/luispares.com\/wp-content\/uploads\/2016\/07\/FeaturedGeneric_v2_LuisPares.jpg\" \/>\n\t<meta property=\"og:image:width\" content=\"475\" \/>\n\t<meta property=\"og:image:height\" content=\"227\" \/>\n\t<meta property=\"og:image:type\" content=\"image\/jpeg\" \/>\n<meta name=\"twitter:card\" content=\"summary_large_image\" \/>\n<meta name=\"twitter:label1\" content=\"Temps estimat de lectura\" \/>\n\t<meta name=\"twitter:data1\" content=\"4 minuts\" \/>\n<script type=\"application\/ld+json\" class=\"yoast-schema-graph\">{\"@context\":\"https:\\\/\\\/schema.org\",\"@graph\":[{\"@type\":\"WebPage\",\"@id\":\"https:\\\/\\\/luispares.com\\\/ca\\\/empresa\\\/estrategia-y-valores\\\/\",\"url\":\"https:\\\/\\\/luispares.com\\\/ca\\\/empresa\\\/estrategia-y-valores\\\/\",\"name\":\"Estrat\u00e8gia i Valors &#8211; Luis Pares\",\"isPartOf\":{\"@id\":\"https:\\\/\\\/luispares.com\\\/ca\\\/#website\"},\"primaryImageOfPage\":{\"@id\":\"https:\\\/\\\/luispares.com\\\/ca\\\/empresa\\\/estrategia-y-valores\\\/#primaryimage\"},\"image\":{\"@id\":\"https:\\\/\\\/luispares.com\\\/ca\\\/empresa\\\/estrategia-y-valores\\\/#primaryimage\"},\"thumbnailUrl\":\"https:\\\/\\\/luispares.com\\\/wp-content\\\/uploads\\\/2016\\\/07\\\/FeaturedGeneric_v2_LuisPares.jpg\",\"datePublished\":\"2016-07-15T07:15:28+00:00\",\"dateModified\":\"2017-02-22T15:05:33+00:00\",\"breadcrumb\":{\"@id\":\"https:\\\/\\\/luispares.com\\\/ca\\\/empresa\\\/estrategia-y-valores\\\/#breadcrumb\"},\"inLanguage\":\"ca\",\"potentialAction\":[{\"@type\":\"ReadAction\",\"target\":[\"https:\\\/\\\/luispares.com\\\/ca\\\/empresa\\\/estrategia-y-valores\\\/\"]}]},{\"@type\":\"ImageObject\",\"inLanguage\":\"ca\",\"@id\":\"https:\\\/\\\/luispares.com\\\/ca\\\/empresa\\\/estrategia-y-valores\\\/#primaryimage\",\"url\":\"https:\\\/\\\/luispares.com\\\/wp-content\\\/uploads\\\/2016\\\/07\\\/FeaturedGeneric_v2_LuisPares.jpg\",\"contentUrl\":\"https:\\\/\\\/luispares.com\\\/wp-content\\\/uploads\\\/2016\\\/07\\\/FeaturedGeneric_v2_LuisPares.jpg\",\"width\":475,\"height\":227},{\"@type\":\"BreadcrumbList\",\"@id\":\"https:\\\/\\\/luispares.com\\\/ca\\\/empresa\\\/estrategia-y-valores\\\/#breadcrumb\",\"itemListElement\":[{\"@type\":\"ListItem\",\"position\":1,\"name\":\"Portada\",\"item\":\"https:\\\/\\\/luispares.com\\\/ca\\\/\"},{\"@type\":\"ListItem\",\"position\":2,\"name\":\"Empresa\",\"item\":\"https:\\\/\\\/luispares.com\\\/ca\\\/empresa\\\/\"},{\"@type\":\"ListItem\",\"position\":3,\"name\":\"Estrat\u00e8gia i Valors\"}]},{\"@type\":\"WebSite\",\"@id\":\"https:\\\/\\\/luispares.com\\\/ca\\\/#website\",\"url\":\"https:\\\/\\\/luispares.com\\\/ca\\\/\",\"name\":\"Luis Pares\",\"description\":\"Empresa constructora y miembro del Gremi de Constructors de Barcelona.\",\"publisher\":{\"@id\":\"https:\\\/\\\/luispares.com\\\/ca\\\/#organization\"},\"potentialAction\":[{\"@type\":\"SearchAction\",\"target\":{\"@type\":\"EntryPoint\",\"urlTemplate\":\"https:\\\/\\\/luispares.com\\\/ca\\\/?s={search_term_string}\"},\"query-input\":{\"@type\":\"PropertyValueSpecification\",\"valueRequired\":true,\"valueName\":\"search_term_string\"}}],\"inLanguage\":\"ca\"},{\"@type\":\"Organization\",\"@id\":\"https:\\\/\\\/luispares.com\\\/ca\\\/#organization\",\"name\":\"Luis Par\u00e9s, S.L.\",\"url\":\"https:\\\/\\\/luispares.com\\\/ca\\\/\",\"logo\":{\"@type\":\"ImageObject\",\"inLanguage\":\"ca\",\"@id\":\"https:\\\/\\\/luispares.com\\\/ca\\\/#\\\/schema\\\/logo\\\/image\\\/\",\"url\":\"https:\\\/\\\/www.luispares.com\\\/wp-content\\\/uploads\\\/2016\\\/07\\\/luispares_logo.png\",\"contentUrl\":\"https:\\\/\\\/www.luispares.com\\\/wp-content\\\/uploads\\\/2016\\\/07\\\/luispares_logo.png\",\"width\":208,\"height\":56,\"caption\":\"Luis Par\u00e9s, S.L.\"},\"image\":{\"@id\":\"https:\\\/\\\/luispares.com\\\/ca\\\/#\\\/schema\\\/logo\\\/image\\\/\"},\"sameAs\":[\"https:\\\/\\\/www.instagram.com\\\/luispares_sl\\\/\",\"https:\\\/\\\/www.linkedin.com\\\/company\\\/luis-par\u00e9s-s-l-\",\"https:\\\/\\\/www.youtube.com\\\/channel\\\/UCryaT4fZmdocCgSnzi9fiew\"]}]}<\/script>\n<!-- \/ Yoast SEO plugin. -->","yoast_head_json":{"title":"Estrat\u00e8gia i Valors &#8211; Luis Pares","robots":{"index":"index","follow":"follow","max-snippet":"max-snippet:-1","max-image-preview":"max-image-preview:large","max-video-preview":"max-video-preview:-1"},"canonical":"https:\/\/luispares.com\/ca\/empresa\/estrategia-y-valores\/","og_locale":"ca_ES","og_type":"article","og_title":"Estrat\u00e8gia i Valors &#8211; Luis Pares","og_description":"[vc_row type=&#8221;grid&#8221; el_class=&#8221;whitesection&#8221;][vc_column][vc_row_inner][vc_column_inner el_class=&#8221;col1&#8243; width=&#8221;1\/2&#8243;][vc_column_text] La nostra estrat\u00e8gia L&#8217;experi\u00e8ncia, sumada al car\u00e0cter jove i emprenedor del nostre equip, ha marcat l&#8217;estrat\u00e8gia empresarial de LUIS PAR\u00c9S al llarg de m\u00e9s de 100 anys en el sector de la construcci\u00f3. Els aspectes principals que defineixen els nostres...","og_url":"https:\/\/luispares.com\/ca\/empresa\/estrategia-y-valores\/","og_site_name":"Luis Pares","article_modified_time":"2017-02-22T15:05:33+00:00","og_image":[{"width":475,"height":227,"url":"https:\/\/luispares.com\/wp-content\/uploads\/2016\/07\/FeaturedGeneric_v2_LuisPares.jpg","type":"image\/jpeg"}],"twitter_card":"summary_large_image","twitter_misc":{"Temps estimat de lectura":"4 minuts"},"schema":{"@context":"https:\/\/schema.org","@graph":[{"@type":"WebPage","@id":"https:\/\/luispares.com\/ca\/empresa\/estrategia-y-valores\/","url":"https:\/\/luispares.com\/ca\/empresa\/estrategia-y-valores\/","name":"Estrat\u00e8gia i Valors &#8211; Luis Pares","isPartOf":{"@id":"https:\/\/luispares.com\/ca\/#website"},"primaryImageOfPage":{"@id":"https:\/\/luispares.com\/ca\/empresa\/estrategia-y-valores\/#primaryimage"},"image":{"@id":"https:\/\/luispares.com\/ca\/empresa\/estrategia-y-valores\/#primaryimage"},"thumbnailUrl":"https:\/\/luispares.com\/wp-content\/uploads\/2016\/07\/FeaturedGeneric_v2_LuisPares.jpg","datePublished":"2016-07-15T07:15:28+00:00","dateModified":"2017-02-22T15:05:33+00:00","breadcrumb":{"@id":"https:\/\/luispares.com\/ca\/empresa\/estrategia-y-valores\/#breadcrumb"},"inLanguage":"ca","potentialAction":[{"@type":"ReadAction","target":["https:\/\/luispares.com\/ca\/empresa\/estrategia-y-valores\/"]}]},{"@type":"ImageObject","inLanguage":"ca","@id":"https:\/\/luispares.com\/ca\/empresa\/estrategia-y-valores\/#primaryimage","url":"https:\/\/luispares.com\/wp-content\/uploads\/2016\/07\/FeaturedGeneric_v2_LuisPares.jpg","contentUrl":"https:\/\/luispares.com\/wp-content\/uploads\/2016\/07\/FeaturedGeneric_v2_LuisPares.jpg","width":475,"height":227},{"@type":"BreadcrumbList","@id":"https:\/\/luispares.com\/ca\/empresa\/estrategia-y-valores\/#breadcrumb","itemListElement":[{"@type":"ListItem","position":1,"name":"Portada","item":"https:\/\/luispares.com\/ca\/"},{"@type":"ListItem","position":2,"name":"Empresa","item":"https:\/\/luispares.com\/ca\/empresa\/"},{"@type":"ListItem","position":3,"name":"Estrat\u00e8gia i Valors"}]},{"@type":"WebSite","@id":"https:\/\/luispares.com\/ca\/#website","url":"https:\/\/luispares.com\/ca\/","name":"Luis Pares","description":"Empresa constructora y miembro del Gremi de Constructors de Barcelona.","publisher":{"@id":"https:\/\/luispares.com\/ca\/#organization"},"potentialAction":[{"@type":"SearchAction","target":{"@type":"EntryPoint","urlTemplate":"https:\/\/luispares.com\/ca\/?s={search_term_string}"},"query-input":{"@type":"PropertyValueSpecification","valueRequired":true,"valueName":"search_term_string"}}],"inLanguage":"ca"},{"@type":"Organization","@id":"https:\/\/luispares.com\/ca\/#organization","name":"Luis Par\u00e9s, S.L.","url":"https:\/\/luispares.com\/ca\/","logo":{"@type":"ImageObject","inLanguage":"ca","@id":"https:\/\/luispares.com\/ca\/#\/schema\/logo\/image\/","url":"https:\/\/www.luispares.com\/wp-content\/uploads\/2016\/07\/luispares_logo.png","contentUrl":"https:\/\/www.luispares.com\/wp-content\/uploads\/2016\/07\/luispares_logo.png","width":208,"height":56,"caption":"Luis Par\u00e9s, S.L."},"image":{"@id":"https:\/\/luispares.com\/ca\/#\/schema\/logo\/image\/"},"sameAs":["https:\/\/www.instagram.com\/luispares_sl\/","https:\/\/www.linkedin.com\/company\/luis-par\u00e9s-s-l-","https:\/\/www.youtube.com\/channel\/UCryaT4fZmdocCgSnzi9fiew"]}]}},"_links":{"self":[{"href":"https:\/\/luispares.com\/ca\/wp-json\/wp\/v2\/pages\/1309","targetHints":{"allow":["GET"]}}],"collection":[{"href":"https:\/\/luispares.com\/ca\/wp-json\/wp\/v2\/pages"}],"about":[{"href":"https:\/\/luispares.com\/ca\/wp-json\/wp\/v2\/types\/page"}],"author":[{"embeddable":true,"href":"https:\/\/luispares.com\/ca\/wp-json\/wp\/v2\/users\/3"}],"replies":[{"embeddable":true,"href":"https:\/\/luispares.com\/ca\/wp-json\/wp\/v2\/comments?post=1309"}],"version-history":[{"count":3,"href":"https:\/\/luispares.com\/ca\/wp-json\/wp\/v2\/pages\/1309\/revisions"}],"predecessor-version":[{"id":2595,"href":"https:\/\/luispares.com\/ca\/wp-json\/wp\/v2\/pages\/1309\/revisions\/2595"}],"up":[{"embeddable":true,"href":"https:\/\/luispares.com\/ca\/wp-json\/wp\/v2\/pages\/1320"}],"wp:featuredmedia":[{"embeddable":true,"href":"https:\/\/luispares.com\/ca\/wp-json\/wp\/v2\/media\/929"}],"wp:attachment":[{"href":"https:\/\/luispares.com\/ca\/wp-json\/wp\/v2\/media?parent=1309"}],"curies":[{"name":"wp","href":"https:\/\/api.w.org\/{rel}","templated":true}]}}