{"id":1302,"date":"2016-07-15T09:15:37","date_gmt":"2016-07-15T07:15:37","guid":{"rendered":"https:\/\/luispares.com\/ca\/calidad-y-seguridad\/"},"modified":"2020-11-30T09:38:48","modified_gmt":"2020-11-30T07:38:48","slug":"calidad-y-seguridad","status":"publish","type":"page","link":"https:\/\/luispares.com\/ca\/empresa\/calidad-y-seguridad\/","title":{"rendered":"Qualitat, Seguretat i Medi Ambient"},"content":{"rendered":"<section class=\"wpb-content-wrapper\"><p>[vc_row type=&#8221;grid&#8221; el_class=&#8221;whitesection&#8221;][vc_column][vc_row_inner el_class=&#8221;calidad&#8221;][vc_column_inner el_class=&#8221;col1&#8243; width=&#8221;2\/3&#8243;][vc_column_text]<\/p>\n<h2>ISO 9001<br \/>\nSistema de Gesti\u00f3 de la Qualitat<\/h2>\n<p>Des de l&#8217;any 2001, l&#8217;empresa t\u00e9 implantat el sistema ISO (International Organization for Standarization) de gesti\u00f3 de la qualitat d&#8217;acord amb la norma UNE EN ISO 9001, obtenint l&#8217;acreditaci\u00f3 per la LGAI el juliol del 2001. La nova denominaci\u00f3 comercial de LGAI a partir de l&#8217;any 2003 \u00e9s la d&#8217;Applus. Actualment l&#8217;entitat certificadora \u00e9s ENAC.<br \/>\nAquest sistema de gesti\u00f3 t\u00e9 com a principal objectiu subministrar de forma consistent productes que satisfacin els requisits del client i els reglamentaris aplicables, a m\u00e9s de fomentar la millora cont\u00ednua i prevenir les no conformitats. L&#8217;eina permet millorar i assegurar la qualitat de tot el proc\u00e9s constructiu, des de l&#8217;enc\u00e0rrec de l&#8217;obra fins al seu lliurament final, el que produeix un estalvi en costos i terminis que beneficia finalment als nostres clients.[\/vc_column_text][\/vc_column_inner][vc_column_inner width=&#8221;1\/3&#8243;][vc_empty_space height=&#8221;50px&#8221;][vc_single_image image=&#8221;875&#8243; img_size=&#8221;full&#8221; alignment=&#8221;center&#8221;][\/vc_column_inner][\/vc_row_inner][vc_row_inner el_class=&#8221;calidad&#8221;][vc_column_inner el_class=&#8221;col1&#8243; width=&#8221;2\/3&#8243;][vc_column_text]<\/p>\n<h2>ISO 45001<br \/>\nSistema de gesti\u00f3 de seguretat i salut en el treball<\/h2>\n<p>L&#8217;empresa t\u00e9 implantat un sistema de Gesti\u00f3 de Prevenci\u00f3 de Riscos Laborals segons l&#8217;especificaci\u00f3 de la International Organization for<br \/>\nStandardization 45001.<\/p>\n<p>Aquesta certificaci\u00f3 es regeix per una pol\u00edtica de prevenci\u00f3 de riscos laborals que se sustenta en el comprom\u00eds de millora cont\u00ednua per complir amb la legislaci\u00f3 aplicable. Altres principis s\u00f3n la documentaci\u00f3, implantaci\u00f3 i manteniment del sistema i la revisi\u00f3 peri\u00f2dica per assegurar-se que la certificaci\u00f3 segueix sent apropiada per l&#8217;organitzaci\u00f3. L&#8217;excel\u00b7l\u00e8ncia en la gesti\u00f3 de la Seguretat i la Salut en obra, documentant exhaustivament tot el proc\u00e9s de la seva gesti\u00f3, i tenint als nostres comandaments directius i personal d&#8217;obra format en aquesta disciplina, proporciona a LUIS PAR\u00c9S i als nostres clients seguretat jur\u00eddica davant la multitud d&#8217;incid\u00e8ncies que poden derivar de l&#8217;incompliment de l&#8217;actual normativa, ja no nom\u00e9s des del punt de vista laboral, sin\u00f3 tamb\u00e9 del fiscal, civil o fins i tot penal.[\/vc_column_text][\/vc_column_inner][vc_column_inner width=&#8221;1\/3&#8243;][vc_empty_space height=&#8221;50px&#8221;][vc_single_image image=&#8221;5333&#8243; img_size=&#8221;full&#8221; alignment=&#8221;center&#8221;][\/vc_column_inner][\/vc_row_inner][vc_row_inner el_class=&#8221;calidad&#8221;][vc_column_inner el_class=&#8221;col1&#8243; width=&#8221;2\/3&#8243;][vc_column_text]<\/p>\n<h2>ISO 14001<br \/>\nSistema de Gesti\u00f3 Ambiental<\/h2>\n<p>Des 2017 LUIS PAR\u00c9S t\u00e9 acreditat per Applus la norma internacional ISO 14001, de Sistema de Gesti\u00f3 Ambiental que identifica, prioritza i gestiona els riscos ambientals en el dia a dia de la seva gesti\u00f3 empresarial.<\/p>\n<p>Amb aquest sistema s&#8217;aconsegueix entre d&#8217;altres els seg\u00fcents objectius:<\/p>\n<ul>\n<li>\u00das eficient de les mat\u00e8ries primes i dels recursos energ\u00e8tics.<\/li>\n<li>Classificaci\u00f3 i reciclatge dels residus en totes les \u00e0rees d&#8217;activitat de l&#8217;empresa.<\/li>\n<li>Reducci\u00f3 de riscos associats a problemes de contaminaci\u00f3 i a les sancions que es pogu\u00e9s derivar.<\/li>\n<li>Control i compliment de tota la normativa ambiental relacionada amb els productes utilitzats i processos seguits en l&#8217;empresa.<\/li>\n<li>Revisi\u00f3 peri\u00f2dica dels objectius establerts en mat\u00e8ria mediambiental per avaluar el seu compliment amb el ferm comprom\u00eds de seguir un proc\u00e9s de millora cont\u00ednua.<\/li>\n<li>Tot el sistema est\u00e0 orientat a mitigar al m\u00e0xim els impactes mediambientals derivats de les operacions de l&#8217;activitat constructora de LUIS PAR\u00c9S.<\/li>\n<\/ul>\n<p>[\/vc_column_text][\/vc_column_inner][vc_column_inner width=&#8221;1\/3&#8243;][vc_empty_space height=&#8221;50px&#8221;][vc_single_image image=&#8221;5338&#8243; img_size=&#8221;full&#8221; alignment=&#8221;center&#8221;][\/vc_column_inner][\/vc_row_inner][vc_row_inner el_class=&#8221;calidad&#8221;][vc_column_inner el_class=&#8221;col1&#8243; width=&#8221;2\/3&#8243;][vc_column_text]<\/p>\n<h2>Assegurances<\/h2>\n<p>Tenim contractada una p\u00f2lissa oberta de Responsabilitat Civil i Patronal que inclou grues i maquin\u00e0ria amb un capital de 3.000.000 \u20ac i una de Tot Risc Construcci\u00f3 amb un capital equivalent als imports de les obres contractades. El nostre agent d&#8217;assegurances \u00e9s<\/p>\n<p><a href=\"http:\/\/www.ferrerojeda.com\/\" target=\"_blank\" rel=\"noopener noreferrer\">Ferrer&amp;Ojeda \/ Sr. Ram\u00f3n Bertr\u00e1n<\/a><br \/>\nC\/Tamarit, 155, 08015 Barcelona &#8211; Tel.: 93 280 59 59 &#8211; <a href=\"&#109;a&#x69;l&#x74;&#111;&#x3a;&#114;&#x62;&#101;r&#x74;r&#x61;&#110;&#x40;&#102;&#x65;&#114;&#x72;&#101;r&#x6f;j&#x65;&#100;&#x61;&#46;&#x63;&#111;m\">&#114;&#x62;e&#x72;t&#114;&#x61;&#110;&#x40;f&#101;&#x72;&#114;&#x65;r&#x6f;&#x6a;&#101;&#x64;a&#x2e;c&#111;&#x6d;<\/a>[\/vc_column_text][\/vc_column_inner][vc_column_inner width=&#8221;1\/3&#8243;][vc_empty_space height=&#8221;50px&#8221;][vc_single_image image=&#8221;901&#8243; img_size=&#8221;full&#8221; alignment=&#8221;center&#8221;][\/vc_column_inner][\/vc_row_inner][\/vc_column][\/vc_row][vc_row type=&#8221;grid&#8221; el_class=&#8221;proyectosfooter&#8221;][vc_column][vc_row_inner][vc_column_inner][vc_column_text]<span id=\"result_box\" lang=\"ca\">Consulteu alguns dels nostres projectes seleccionats a continuaci\u00f3<\/span><span id=\"t-served-community-button\" class=\"trans-verified-button goog-toolbar-button\"><\/span>[\/vc_column_text][vc_btn title=&#8221;Tots els projectes&#8221; style=&#8221;flat&#8221; shape=&#8221;square&#8221; color=&#8221;white&#8221; align=&#8221;center&#8221; css_animation=&#8221;bottom-to-top&#8221; link=&#8221;url:%2Fca%2Fproyectos%2F|title:Projectes%20seleccionats%20Luis%20Par%C3%A9s%2C%20S.L.||&#8221;][\/vc_column_inner][\/vc_row_inner][\/vc_column][\/vc_row]<\/p>\n<\/section>","protected":false},"excerpt":{"rendered":"<p>[vc_row type=&#8221;grid&#8221; el_class=&#8221;whitesection&#8221;][vc_column][vc_row_inner el_class=&#8221;calidad&#8221;][vc_column_inner el_class=&#8221;col1&#8243; width=&#8221;2\/3&#8243;][vc_column_text] ISO 9001 Sistema de Gesti\u00f3 de la Qualitat Des de l&#8217;any 2001, l&#8217;empresa t\u00e9 implantat el sistema ISO (International Organization for Standarization) de gesti\u00f3 de la qualitat d&#8217;acord amb la norma UNE EN ISO 9001, obtenint l&#8217;acreditaci\u00f3 per la&#8230;<\/p>\n","protected":false},"author":3,"featured_media":929,"parent":1320,"menu_order":4,"comment_status":"closed","ping_status":"closed","template":"full_width.php","meta":{"footnotes":""},"class_list":["post-1302","page","type-page","status-publish","has-post-thumbnail","hentry"],"yoast_head":"<!-- This site is optimized with the Yoast SEO plugin v27.3 - https:\/\/yoast.com\/product\/yoast-seo-wordpress\/ -->\n<title>Qualitat, Seguretat i Medi Ambient &#8211; Luis Pares<\/title>\n<meta name=\"robots\" content=\"index, follow, max-snippet:-1, max-image-preview:large, max-video-preview:-1\" \/>\n<link rel=\"canonical\" href=\"https:\/\/luispares.com\/ca\/empresa\/calidad-y-seguridad\/\" \/>\n<meta property=\"og:locale\" content=\"ca_ES\" \/>\n<meta property=\"og:type\" content=\"article\" \/>\n<meta property=\"og:title\" content=\"Qualitat, Seguretat i Medi Ambient &#8211; Luis Pares\" \/>\n<meta property=\"og:description\" content=\"[vc_row type=&#8221;grid&#8221; el_class=&#8221;whitesection&#8221;][vc_column][vc_row_inner el_class=&#8221;calidad&#8221;][vc_column_inner el_class=&#8221;col1&#8243; width=&#8221;2\/3&#8243;][vc_column_text] ISO 9001 Sistema de Gesti\u00f3 de la Qualitat Des de l&#8217;any 2001, l&#8217;empresa t\u00e9 implantat el sistema ISO (International Organization for Standarization) de gesti\u00f3 de la qualitat d&#8217;acord amb la norma UNE EN ISO 9001, obtenint l&#8217;acreditaci\u00f3 per la...\" \/>\n<meta property=\"og:url\" content=\"https:\/\/luispares.com\/ca\/empresa\/calidad-y-seguridad\/\" \/>\n<meta property=\"og:site_name\" content=\"Luis Pares\" \/>\n<meta property=\"article:modified_time\" content=\"2020-11-30T07:38:48+00:00\" \/>\n<meta property=\"og:image\" content=\"https:\/\/luispares.com\/wp-content\/uploads\/2016\/07\/FeaturedGeneric_v2_LuisPares.jpg\" \/>\n\t<meta property=\"og:image:width\" content=\"475\" \/>\n\t<meta property=\"og:image:height\" content=\"227\" \/>\n\t<meta property=\"og:image:type\" content=\"image\/jpeg\" \/>\n<meta name=\"twitter:card\" content=\"summary_large_image\" \/>\n<meta name=\"twitter:label1\" content=\"Temps estimat de lectura\" \/>\n\t<meta name=\"twitter:data1\" content=\"4 minuts\" \/>\n<script type=\"application\/ld+json\" class=\"yoast-schema-graph\">{\"@context\":\"https:\\\/\\\/schema.org\",\"@graph\":[{\"@type\":\"WebPage\",\"@id\":\"https:\\\/\\\/luispares.com\\\/ca\\\/empresa\\\/calidad-y-seguridad\\\/\",\"url\":\"https:\\\/\\\/luispares.com\\\/ca\\\/empresa\\\/calidad-y-seguridad\\\/\",\"name\":\"Qualitat, Seguretat i Medi Ambient &#8211; Luis Pares\",\"isPartOf\":{\"@id\":\"https:\\\/\\\/luispares.com\\\/ca\\\/#website\"},\"primaryImageOfPage\":{\"@id\":\"https:\\\/\\\/luispares.com\\\/ca\\\/empresa\\\/calidad-y-seguridad\\\/#primaryimage\"},\"image\":{\"@id\":\"https:\\\/\\\/luispares.com\\\/ca\\\/empresa\\\/calidad-y-seguridad\\\/#primaryimage\"},\"thumbnailUrl\":\"https:\\\/\\\/luispares.com\\\/wp-content\\\/uploads\\\/2016\\\/07\\\/FeaturedGeneric_v2_LuisPares.jpg\",\"datePublished\":\"2016-07-15T07:15:37+00:00\",\"dateModified\":\"2020-11-30T07:38:48+00:00\",\"breadcrumb\":{\"@id\":\"https:\\\/\\\/luispares.com\\\/ca\\\/empresa\\\/calidad-y-seguridad\\\/#breadcrumb\"},\"inLanguage\":\"ca\",\"potentialAction\":[{\"@type\":\"ReadAction\",\"target\":[\"https:\\\/\\\/luispares.com\\\/ca\\\/empresa\\\/calidad-y-seguridad\\\/\"]}]},{\"@type\":\"ImageObject\",\"inLanguage\":\"ca\",\"@id\":\"https:\\\/\\\/luispares.com\\\/ca\\\/empresa\\\/calidad-y-seguridad\\\/#primaryimage\",\"url\":\"https:\\\/\\\/luispares.com\\\/wp-content\\\/uploads\\\/2016\\\/07\\\/FeaturedGeneric_v2_LuisPares.jpg\",\"contentUrl\":\"https:\\\/\\\/luispares.com\\\/wp-content\\\/uploads\\\/2016\\\/07\\\/FeaturedGeneric_v2_LuisPares.jpg\",\"width\":475,\"height\":227},{\"@type\":\"BreadcrumbList\",\"@id\":\"https:\\\/\\\/luispares.com\\\/ca\\\/empresa\\\/calidad-y-seguridad\\\/#breadcrumb\",\"itemListElement\":[{\"@type\":\"ListItem\",\"position\":1,\"name\":\"Portada\",\"item\":\"https:\\\/\\\/luispares.com\\\/ca\\\/\"},{\"@type\":\"ListItem\",\"position\":2,\"name\":\"Empresa\",\"item\":\"https:\\\/\\\/luispares.com\\\/ca\\\/empresa\\\/\"},{\"@type\":\"ListItem\",\"position\":3,\"name\":\"Qualitat, Seguretat i Medi Ambient\"}]},{\"@type\":\"WebSite\",\"@id\":\"https:\\\/\\\/luispares.com\\\/ca\\\/#website\",\"url\":\"https:\\\/\\\/luispares.com\\\/ca\\\/\",\"name\":\"Luis Pares\",\"description\":\"Empresa constructora y miembro del Gremi de Constructors de Barcelona.\",\"publisher\":{\"@id\":\"https:\\\/\\\/luispares.com\\\/ca\\\/#organization\"},\"potentialAction\":[{\"@type\":\"SearchAction\",\"target\":{\"@type\":\"EntryPoint\",\"urlTemplate\":\"https:\\\/\\\/luispares.com\\\/ca\\\/?s={search_term_string}\"},\"query-input\":{\"@type\":\"PropertyValueSpecification\",\"valueRequired\":true,\"valueName\":\"search_term_string\"}}],\"inLanguage\":\"ca\"},{\"@type\":\"Organization\",\"@id\":\"https:\\\/\\\/luispares.com\\\/ca\\\/#organization\",\"name\":\"Luis Par\u00e9s, S.L.\",\"url\":\"https:\\\/\\\/luispares.com\\\/ca\\\/\",\"logo\":{\"@type\":\"ImageObject\",\"inLanguage\":\"ca\",\"@id\":\"https:\\\/\\\/luispares.com\\\/ca\\\/#\\\/schema\\\/logo\\\/image\\\/\",\"url\":\"https:\\\/\\\/www.luispares.com\\\/wp-content\\\/uploads\\\/2016\\\/07\\\/luispares_logo.png\",\"contentUrl\":\"https:\\\/\\\/www.luispares.com\\\/wp-content\\\/uploads\\\/2016\\\/07\\\/luispares_logo.png\",\"width\":208,\"height\":56,\"caption\":\"Luis Par\u00e9s, S.L.\"},\"image\":{\"@id\":\"https:\\\/\\\/luispares.com\\\/ca\\\/#\\\/schema\\\/logo\\\/image\\\/\"},\"sameAs\":[\"https:\\\/\\\/www.instagram.com\\\/luispares_sl\\\/\",\"https:\\\/\\\/www.linkedin.com\\\/company\\\/luis-par\u00e9s-s-l-\",\"https:\\\/\\\/www.youtube.com\\\/channel\\\/UCryaT4fZmdocCgSnzi9fiew\"]}]}<\/script>\n<!-- \/ Yoast SEO plugin. -->","yoast_head_json":{"title":"Qualitat, Seguretat i Medi Ambient &#8211; Luis Pares","robots":{"index":"index","follow":"follow","max-snippet":"max-snippet:-1","max-image-preview":"max-image-preview:large","max-video-preview":"max-video-preview:-1"},"canonical":"https:\/\/luispares.com\/ca\/empresa\/calidad-y-seguridad\/","og_locale":"ca_ES","og_type":"article","og_title":"Qualitat, Seguretat i Medi Ambient &#8211; Luis Pares","og_description":"[vc_row type=&#8221;grid&#8221; el_class=&#8221;whitesection&#8221;][vc_column][vc_row_inner el_class=&#8221;calidad&#8221;][vc_column_inner el_class=&#8221;col1&#8243; width=&#8221;2\/3&#8243;][vc_column_text] ISO 9001 Sistema de Gesti\u00f3 de la Qualitat Des de l&#8217;any 2001, l&#8217;empresa t\u00e9 implantat el sistema ISO (International Organization for Standarization) de gesti\u00f3 de la qualitat d&#8217;acord amb la norma UNE EN ISO 9001, obtenint l&#8217;acreditaci\u00f3 per la...","og_url":"https:\/\/luispares.com\/ca\/empresa\/calidad-y-seguridad\/","og_site_name":"Luis Pares","article_modified_time":"2020-11-30T07:38:48+00:00","og_image":[{"width":475,"height":227,"url":"https:\/\/luispares.com\/wp-content\/uploads\/2016\/07\/FeaturedGeneric_v2_LuisPares.jpg","type":"image\/jpeg"}],"twitter_card":"summary_large_image","twitter_misc":{"Temps estimat de lectura":"4 minuts"},"schema":{"@context":"https:\/\/schema.org","@graph":[{"@type":"WebPage","@id":"https:\/\/luispares.com\/ca\/empresa\/calidad-y-seguridad\/","url":"https:\/\/luispares.com\/ca\/empresa\/calidad-y-seguridad\/","name":"Qualitat, Seguretat i Medi Ambient &#8211; Luis Pares","isPartOf":{"@id":"https:\/\/luispares.com\/ca\/#website"},"primaryImageOfPage":{"@id":"https:\/\/luispares.com\/ca\/empresa\/calidad-y-seguridad\/#primaryimage"},"image":{"@id":"https:\/\/luispares.com\/ca\/empresa\/calidad-y-seguridad\/#primaryimage"},"thumbnailUrl":"https:\/\/luispares.com\/wp-content\/uploads\/2016\/07\/FeaturedGeneric_v2_LuisPares.jpg","datePublished":"2016-07-15T07:15:37+00:00","dateModified":"2020-11-30T07:38:48+00:00","breadcrumb":{"@id":"https:\/\/luispares.com\/ca\/empresa\/calidad-y-seguridad\/#breadcrumb"},"inLanguage":"ca","potentialAction":[{"@type":"ReadAction","target":["https:\/\/luispares.com\/ca\/empresa\/calidad-y-seguridad\/"]}]},{"@type":"ImageObject","inLanguage":"ca","@id":"https:\/\/luispares.com\/ca\/empresa\/calidad-y-seguridad\/#primaryimage","url":"https:\/\/luispares.com\/wp-content\/uploads\/2016\/07\/FeaturedGeneric_v2_LuisPares.jpg","contentUrl":"https:\/\/luispares.com\/wp-content\/uploads\/2016\/07\/FeaturedGeneric_v2_LuisPares.jpg","width":475,"height":227},{"@type":"BreadcrumbList","@id":"https:\/\/luispares.com\/ca\/empresa\/calidad-y-seguridad\/#breadcrumb","itemListElement":[{"@type":"ListItem","position":1,"name":"Portada","item":"https:\/\/luispares.com\/ca\/"},{"@type":"ListItem","position":2,"name":"Empresa","item":"https:\/\/luispares.com\/ca\/empresa\/"},{"@type":"ListItem","position":3,"name":"Qualitat, Seguretat i Medi Ambient"}]},{"@type":"WebSite","@id":"https:\/\/luispares.com\/ca\/#website","url":"https:\/\/luispares.com\/ca\/","name":"Luis Pares","description":"Empresa constructora y miembro del Gremi de Constructors de Barcelona.","publisher":{"@id":"https:\/\/luispares.com\/ca\/#organization"},"potentialAction":[{"@type":"SearchAction","target":{"@type":"EntryPoint","urlTemplate":"https:\/\/luispares.com\/ca\/?s={search_term_string}"},"query-input":{"@type":"PropertyValueSpecification","valueRequired":true,"valueName":"search_term_string"}}],"inLanguage":"ca"},{"@type":"Organization","@id":"https:\/\/luispares.com\/ca\/#organization","name":"Luis Par\u00e9s, S.L.","url":"https:\/\/luispares.com\/ca\/","logo":{"@type":"ImageObject","inLanguage":"ca","@id":"https:\/\/luispares.com\/ca\/#\/schema\/logo\/image\/","url":"https:\/\/www.luispares.com\/wp-content\/uploads\/2016\/07\/luispares_logo.png","contentUrl":"https:\/\/www.luispares.com\/wp-content\/uploads\/2016\/07\/luispares_logo.png","width":208,"height":56,"caption":"Luis Par\u00e9s, S.L."},"image":{"@id":"https:\/\/luispares.com\/ca\/#\/schema\/logo\/image\/"},"sameAs":["https:\/\/www.instagram.com\/luispares_sl\/","https:\/\/www.linkedin.com\/company\/luis-par\u00e9s-s-l-","https:\/\/www.youtube.com\/channel\/UCryaT4fZmdocCgSnzi9fiew"]}]}},"_links":{"self":[{"href":"https:\/\/luispares.com\/ca\/wp-json\/wp\/v2\/pages\/1302","targetHints":{"allow":["GET"]}}],"collection":[{"href":"https:\/\/luispares.com\/ca\/wp-json\/wp\/v2\/pages"}],"about":[{"href":"https:\/\/luispares.com\/ca\/wp-json\/wp\/v2\/types\/page"}],"author":[{"embeddable":true,"href":"https:\/\/luispares.com\/ca\/wp-json\/wp\/v2\/users\/3"}],"replies":[{"embeddable":true,"href":"https:\/\/luispares.com\/ca\/wp-json\/wp\/v2\/comments?post=1302"}],"version-history":[{"count":5,"href":"https:\/\/luispares.com\/ca\/wp-json\/wp\/v2\/pages\/1302\/revisions"}],"predecessor-version":[{"id":5446,"href":"https:\/\/luispares.com\/ca\/wp-json\/wp\/v2\/pages\/1302\/revisions\/5446"}],"up":[{"embeddable":true,"href":"https:\/\/luispares.com\/ca\/wp-json\/wp\/v2\/pages\/1320"}],"wp:featuredmedia":[{"embeddable":true,"href":"https:\/\/luispares.com\/ca\/wp-json\/wp\/v2\/media\/929"}],"wp:attachment":[{"href":"https:\/\/luispares.com\/ca\/wp-json\/wp\/v2\/media?parent=1302"}],"curies":[{"name":"wp","href":"https:\/\/api.w.org\/{rel}","templated":true}]}}