{"id":1299,"date":"2016-07-15T09:15:49","date_gmt":"2016-07-15T07:15:49","guid":{"rendered":"https:\/\/luispares.com\/ca\/contratistas-del-estado\/"},"modified":"2017-02-22T17:19:50","modified_gmt":"2017-02-22T15:19:50","slug":"contratistas-del-estado","status":"publish","type":"page","link":"https:\/\/luispares.com\/ca\/empresa\/contratistas-del-estado\/","title":{"rendered":"Contractistes de l&#8217;Estat"},"content":{"rendered":"<section class=\"wpb-content-wrapper\"><p>[vc_row type=&#8221;grid&#8221; el_class=&#8221;whitesection&#8221;][vc_column][vc_row_inner][vc_column_inner el_class=&#8221;col1&#8243; width=&#8221;1\/2&#8243;][vc_column_text]<\/p>\n<h2>Certificats per l&#8217;Administraci\u00f3<\/h2>\n<p>Tenim el Certificat de Classificaci\u00f3 Empresarial (nombre 6.669 en el Registre Oficial de Contractistes), que renovem regularment, per a poder contractar amb les administracions p\u00fabliques, tant a nivell de Catalunya com a nivell estatal, amb una classificaci\u00f3 que ens permet licitar per tot tipus de obres d&#8217;edificaci\u00f3, urbanitzaci\u00f3 i rehabilitaci\u00f3.[\/vc_column_text][\/vc_column_inner][vc_column_inner width=&#8221;1\/2&#8243;][vc_single_image image=&#8221;879&#8243; img_size=&#8221;full&#8221; alignment=&#8221;right&#8221; mmxstudio_css_animation=&#8221;element_from_right&#8221;][\/vc_column_inner][\/vc_row_inner][vc_row_inner][vc_column_inner width=&#8221;1\/2&#8243;][vc_single_image image=&#8221;880&#8243; img_size=&#8221;full&#8221; alignment=&#8221;right&#8221; mmxstudio_css_animation=&#8221;element_from_right&#8221; el_class=&#8221;rwdhide&#8221;][\/vc_column_inner][vc_column_inner el_class=&#8221;col2&#8243; width=&#8221;1\/2&#8243;][vc_column_text]<\/p>\n<h2>Obres contractades<\/h2>\n<p>Hem contractat obres amb diverses administracions, entre d&#8217;altres: Infraestructures.cat (abans GISA), ADIGSA, Ajuntaments (Barcelona, Cornell\u00e0, Sant Boi), de diverses tipologies com escoles, centres m\u00e8dics, urbanitzacions, parcs, instal\u00b7lacions esportives, etc.[\/vc_column_text][\/vc_column_inner][\/vc_row_inner][\/vc_column][\/vc_row][vc_row type=&#8221;grid&#8221; el_class=&#8221;greysection&#8221;][vc_column][vc_row_inner el_class=&#8221;estado&#8221;][vc_column_inner el_class=&#8221;col1&#8243;][vc_column_text]<\/p>\n<h2>Classificaci\u00f3 Empresarial<\/h2>\n<p>El Certificat de Classificaci\u00f3 Empresarial suposa el reconeixement de la nostra empresa per contractar amb les administracions p\u00fabliques en els seg\u00fcents tipus d&#8217;obres:[\/vc_column_text][vc_empty_space height=&#8221;50px&#8221;][\/vc_column_inner][\/vc_row_inner][vc_row_inner el_class=&#8221;estado&#8221;][vc_column_inner width=&#8221;1\/4&#8243;][vc_single_image image=&#8221;905&#8243; img_size=&#8221;full&#8221; alignment=&#8221;center&#8221; mmxstudio_css_animation=&#8221;element_from_fade&#8221;][vc_column_text]<\/p>\n<h4>Grup A\u2028 (MOVIMIENT DE TERRES I PERFORACIONS)<\/h4>\n<p>Subgrups 1, 2, 3 i 4 (desmuntatges i buidatges, esplanacions, pedreres, pous i galeries)[\/vc_column_text][\/vc_column_inner][vc_column_inner width=&#8221;1\/4&#8243;][vc_single_image image=&#8221;906&#8243; img_size=&#8221;full&#8221; alignment=&#8221;center&#8221; mmxstudio_css_animation=&#8221;element_from_fade&#8221;][vc_column_text]<\/p>\n<h4>Grup B\u2028(PONTS, VIADUCTES I GRANS ESTRUCTURES)<\/h4>\n<p>Subgrups 1, 2 i 4 (de f\u00e0brica o formig\u00f3 en massa, de formig\u00f3 armat)[\/vc_column_text][\/vc_column_inner][vc_column_inner width=&#8221;1\/4&#8243;][vc_single_image image=&#8221;907&#8243; img_size=&#8221;full&#8221; alignment=&#8221;center&#8221; mmxstudio_css_animation=&#8221;element_from_fade&#8221;][vc_column_text]<\/p>\n<h4>GRUP C (EDIFICACIONS)<\/h4>\n<p>Subgrup 1, 2, 3, 4, 5, 6, 7, 8, i 9 (demolicions, estructures de f\u00e0brica o formig\u00f3, estructures met\u00e0l\u00b7liques, feines de paleta, estucats i revestiments, feines de pedrera i marbre, paviments, enllosats i enrajolats, a\u00efllaments i impermeabilitzacions, fusteria, tancaments met\u00e0l\u00b7lics)[\/vc_column_text][\/vc_column_inner][vc_column_inner width=&#8221;1\/4&#8243;][vc_single_image image=&#8221;908&#8243; img_size=&#8221;full&#8221; alignment=&#8221;center&#8221; mmxstudio_css_animation=&#8221;element_from_fade&#8221;][vc_column_text]<\/p>\n<h4>Grup E\u2028 (HIDR\u00c0ULIQUES)<\/h4>\n<p>Subgrups 1, 4, 5 i 7 (abastaments i sanejaments, s\u00e8quies i desguassos, defenses de marges i canalitzacions, obres hidr\u00e0uliques sense qualificaci\u00f3 especifica)[\/vc_column_text][\/vc_column_inner][\/vc_row_inner][vc_row_inner el_class=&#8221;estado&#8221;][vc_column_inner width=&#8221;1\/4&#8243;][vc_single_image image=&#8221;909&#8243; img_size=&#8221;full&#8221; alignment=&#8221;center&#8221; mmxstudio_css_animation=&#8221;element_from_fade&#8221;][vc_column_text]<\/p>\n<h4>Grup G\u2028(VIALS I PISTES)<\/h4>\n<p>Subgrups 4, 5 i 6 (amb ferms de mescles bituminoses, senyalitzacions i abalisaments de vials, obres vials sense qualificaci\u00f3 especifica)[\/vc_column_text][\/vc_column_inner][vc_column_inner width=&#8221;1\/4&#8243;][vc_single_image image=&#8221;910&#8243; img_size=&#8221;full&#8221; alignment=&#8221;center&#8221; mmxstudio_css_animation=&#8221;element_from_fade&#8221;][vc_column_text]<\/p>\n<h4>Grup I (INSTAL\u00b7LACIONS EL\u00c8CTRIQUES)<\/h4>\n<p>Subgrups 1, 6, 8 i 9 (enllumenats, il\u00b7luminacions i balises lluminoses, distribuci\u00f3 de baixa tensi\u00f3, instal\u00b7lacions electr\u00f2niques, instal\u00b7lacions el\u00e8ctriques sense qualificaci\u00f3 espec\u00edfica)[\/vc_column_text][\/vc_column_inner][vc_column_inner width=&#8221;1\/4&#8243;][vc_single_image image=&#8221;911&#8243; img_size=&#8221;full&#8221; alignment=&#8221;center&#8221; mmxstudio_css_animation=&#8221;element_from_fade&#8221;][vc_column_text]<\/p>\n<h4>Grup J\u2028(INSTAL\u00b7LACIONS MEC\u00c0NIQUES)<\/h4>\n<p>Subgrups 1, 2, 4 i 5 (elevadors o transportadors, de ventilaci\u00f3, calefacci\u00f3 i climatitzaci\u00f3, de lampista i sanit\u00e0ries, instal\u00b7lacions mec\u00e0niques sense qualificaci\u00f3 especifica)[\/vc_column_text][\/vc_column_inner][vc_column_inner width=&#8221;1\/4&#8243;][vc_single_image image=&#8221;912&#8243; img_size=&#8221;full&#8221; alignment=&#8221;center&#8221; mmxstudio_css_animation=&#8221;element_from_fade&#8221;][vc_column_text]<\/p>\n<h4>Grup K\u2028 (ESPECIALS)<\/h4>\n<p>Subgrups 1, 2, 4, 5, 6, 7 i 9 (fonaments especials, sondatges, injeccions i estacades, pintures i metal\u00b7litzacions, ornamentacions i decoracions, jardineria i plantacions, restauraci\u00f3 de bens immobles historicoart\u00edstics, instal\u00b7lacions contra incendis).[\/vc_column_text][\/vc_column_inner][\/vc_row_inner][\/vc_column][\/vc_row][vc_row type=&#8221;grid&#8221; el_class=&#8221;proyectosfooter&#8221;][vc_column][vc_row_inner][vc_column_inner][vc_column_text]<span id=\"result_box\" lang=\"ca\">Consulteu alguns dels nostres projectes seleccionats a continuaci\u00f3<\/span><span id=\"t-served-community-button\" class=\"trans-verified-button goog-toolbar-button\"><\/span>[\/vc_column_text][vc_btn title=&#8221;Tot els projectes&#8221; style=&#8221;flat&#8221; shape=&#8221;square&#8221; color=&#8221;white&#8221; align=&#8221;center&#8221; css_animation=&#8221;bottom-to-top&#8221; link=&#8221;url:%2Fca%2Fproyectos%2F|title:Projectes%20seleccionats%20Luis%20Par%C3%A9s%2C%20S.L.||&#8221;][\/vc_column_inner][\/vc_row_inner][\/vc_column][\/vc_row]<\/p>\n<\/section>","protected":false},"excerpt":{"rendered":"<p>[vc_row type=&#8221;grid&#8221; el_class=&#8221;whitesection&#8221;][vc_column][vc_row_inner][vc_column_inner el_class=&#8221;col1&#8243; width=&#8221;1\/2&#8243;][vc_column_text] Certificats per l&#8217;Administraci\u00f3 Tenim el Certificat de Classificaci\u00f3 Empresarial (nombre 6.669 en el Registre Oficial de Contractistes), que renovem regularment, per a poder contractar amb les administracions p\u00fabliques, tant a nivell de Catalunya com a nivell estatal, amb una classificaci\u00f3&#8230;<\/p>\n","protected":false},"author":3,"featured_media":929,"parent":1320,"menu_order":5,"comment_status":"closed","ping_status":"closed","template":"full_width.php","meta":{"footnotes":""},"class_list":["post-1299","page","type-page","status-publish","has-post-thumbnail","hentry"],"yoast_head":"<!-- This site is optimized with the Yoast SEO plugin v27.3 - https:\/\/yoast.com\/product\/yoast-seo-wordpress\/ -->\n<title>Contractistes de l&#039;Estat &#8211; Luis Pares<\/title>\n<meta name=\"robots\" content=\"index, follow, max-snippet:-1, max-image-preview:large, max-video-preview:-1\" \/>\n<link rel=\"canonical\" href=\"https:\/\/luispares.com\/ca\/empresa\/contratistas-del-estado\/\" \/>\n<meta property=\"og:locale\" content=\"ca_ES\" \/>\n<meta property=\"og:type\" content=\"article\" \/>\n<meta property=\"og:title\" content=\"Contractistes de l&#039;Estat &#8211; Luis Pares\" \/>\n<meta property=\"og:description\" content=\"[vc_row type=&#8221;grid&#8221; el_class=&#8221;whitesection&#8221;][vc_column][vc_row_inner][vc_column_inner el_class=&#8221;col1&#8243; width=&#8221;1\/2&#8243;][vc_column_text] Certificats per l&#8217;Administraci\u00f3 Tenim el Certificat de Classificaci\u00f3 Empresarial (nombre 6.669 en el Registre Oficial de Contractistes), que renovem regularment, per a poder contractar amb les administracions p\u00fabliques, tant a nivell de Catalunya com a nivell estatal, amb una classificaci\u00f3...\" \/>\n<meta property=\"og:url\" content=\"https:\/\/luispares.com\/ca\/empresa\/contratistas-del-estado\/\" \/>\n<meta property=\"og:site_name\" content=\"Luis Pares\" \/>\n<meta property=\"article:modified_time\" content=\"2017-02-22T15:19:50+00:00\" \/>\n<meta property=\"og:image\" content=\"https:\/\/luispares.com\/wp-content\/uploads\/2016\/07\/FeaturedGeneric_v2_LuisPares.jpg\" \/>\n\t<meta property=\"og:image:width\" content=\"475\" \/>\n\t<meta property=\"og:image:height\" content=\"227\" \/>\n\t<meta property=\"og:image:type\" content=\"image\/jpeg\" \/>\n<meta name=\"twitter:card\" content=\"summary_large_image\" \/>\n<meta name=\"twitter:label1\" content=\"Temps estimat de lectura\" \/>\n\t<meta name=\"twitter:data1\" content=\"4 minuts\" \/>\n<script type=\"application\/ld+json\" class=\"yoast-schema-graph\">{\"@context\":\"https:\\\/\\\/schema.org\",\"@graph\":[{\"@type\":\"WebPage\",\"@id\":\"https:\\\/\\\/luispares.com\\\/ca\\\/empresa\\\/contratistas-del-estado\\\/\",\"url\":\"https:\\\/\\\/luispares.com\\\/ca\\\/empresa\\\/contratistas-del-estado\\\/\",\"name\":\"Contractistes de l'Estat &#8211; Luis Pares\",\"isPartOf\":{\"@id\":\"https:\\\/\\\/luispares.com\\\/ca\\\/#website\"},\"primaryImageOfPage\":{\"@id\":\"https:\\\/\\\/luispares.com\\\/ca\\\/empresa\\\/contratistas-del-estado\\\/#primaryimage\"},\"image\":{\"@id\":\"https:\\\/\\\/luispares.com\\\/ca\\\/empresa\\\/contratistas-del-estado\\\/#primaryimage\"},\"thumbnailUrl\":\"https:\\\/\\\/luispares.com\\\/wp-content\\\/uploads\\\/2016\\\/07\\\/FeaturedGeneric_v2_LuisPares.jpg\",\"datePublished\":\"2016-07-15T07:15:49+00:00\",\"dateModified\":\"2017-02-22T15:19:50+00:00\",\"breadcrumb\":{\"@id\":\"https:\\\/\\\/luispares.com\\\/ca\\\/empresa\\\/contratistas-del-estado\\\/#breadcrumb\"},\"inLanguage\":\"ca\",\"potentialAction\":[{\"@type\":\"ReadAction\",\"target\":[\"https:\\\/\\\/luispares.com\\\/ca\\\/empresa\\\/contratistas-del-estado\\\/\"]}]},{\"@type\":\"ImageObject\",\"inLanguage\":\"ca\",\"@id\":\"https:\\\/\\\/luispares.com\\\/ca\\\/empresa\\\/contratistas-del-estado\\\/#primaryimage\",\"url\":\"https:\\\/\\\/luispares.com\\\/wp-content\\\/uploads\\\/2016\\\/07\\\/FeaturedGeneric_v2_LuisPares.jpg\",\"contentUrl\":\"https:\\\/\\\/luispares.com\\\/wp-content\\\/uploads\\\/2016\\\/07\\\/FeaturedGeneric_v2_LuisPares.jpg\",\"width\":475,\"height\":227},{\"@type\":\"BreadcrumbList\",\"@id\":\"https:\\\/\\\/luispares.com\\\/ca\\\/empresa\\\/contratistas-del-estado\\\/#breadcrumb\",\"itemListElement\":[{\"@type\":\"ListItem\",\"position\":1,\"name\":\"Portada\",\"item\":\"https:\\\/\\\/luispares.com\\\/ca\\\/\"},{\"@type\":\"ListItem\",\"position\":2,\"name\":\"Empresa\",\"item\":\"https:\\\/\\\/luispares.com\\\/ca\\\/empresa\\\/\"},{\"@type\":\"ListItem\",\"position\":3,\"name\":\"Contractistes de l&#8217;Estat\"}]},{\"@type\":\"WebSite\",\"@id\":\"https:\\\/\\\/luispares.com\\\/ca\\\/#website\",\"url\":\"https:\\\/\\\/luispares.com\\\/ca\\\/\",\"name\":\"Luis Pares\",\"description\":\"Empresa constructora y miembro del Gremi de Constructors de Barcelona.\",\"publisher\":{\"@id\":\"https:\\\/\\\/luispares.com\\\/ca\\\/#organization\"},\"potentialAction\":[{\"@type\":\"SearchAction\",\"target\":{\"@type\":\"EntryPoint\",\"urlTemplate\":\"https:\\\/\\\/luispares.com\\\/ca\\\/?s={search_term_string}\"},\"query-input\":{\"@type\":\"PropertyValueSpecification\",\"valueRequired\":true,\"valueName\":\"search_term_string\"}}],\"inLanguage\":\"ca\"},{\"@type\":\"Organization\",\"@id\":\"https:\\\/\\\/luispares.com\\\/ca\\\/#organization\",\"name\":\"Luis Par\u00e9s, S.L.\",\"url\":\"https:\\\/\\\/luispares.com\\\/ca\\\/\",\"logo\":{\"@type\":\"ImageObject\",\"inLanguage\":\"ca\",\"@id\":\"https:\\\/\\\/luispares.com\\\/ca\\\/#\\\/schema\\\/logo\\\/image\\\/\",\"url\":\"https:\\\/\\\/www.luispares.com\\\/wp-content\\\/uploads\\\/2016\\\/07\\\/luispares_logo.png\",\"contentUrl\":\"https:\\\/\\\/www.luispares.com\\\/wp-content\\\/uploads\\\/2016\\\/07\\\/luispares_logo.png\",\"width\":208,\"height\":56,\"caption\":\"Luis Par\u00e9s, S.L.\"},\"image\":{\"@id\":\"https:\\\/\\\/luispares.com\\\/ca\\\/#\\\/schema\\\/logo\\\/image\\\/\"},\"sameAs\":[\"https:\\\/\\\/www.instagram.com\\\/luispares_sl\\\/\",\"https:\\\/\\\/www.linkedin.com\\\/company\\\/luis-par\u00e9s-s-l-\",\"https:\\\/\\\/www.youtube.com\\\/channel\\\/UCryaT4fZmdocCgSnzi9fiew\"]}]}<\/script>\n<!-- \/ Yoast SEO plugin. -->","yoast_head_json":{"title":"Contractistes de l'Estat &#8211; Luis Pares","robots":{"index":"index","follow":"follow","max-snippet":"max-snippet:-1","max-image-preview":"max-image-preview:large","max-video-preview":"max-video-preview:-1"},"canonical":"https:\/\/luispares.com\/ca\/empresa\/contratistas-del-estado\/","og_locale":"ca_ES","og_type":"article","og_title":"Contractistes de l'Estat &#8211; Luis Pares","og_description":"[vc_row type=&#8221;grid&#8221; el_class=&#8221;whitesection&#8221;][vc_column][vc_row_inner][vc_column_inner el_class=&#8221;col1&#8243; width=&#8221;1\/2&#8243;][vc_column_text] Certificats per l&#8217;Administraci\u00f3 Tenim el Certificat de Classificaci\u00f3 Empresarial (nombre 6.669 en el Registre Oficial de Contractistes), que renovem regularment, per a poder contractar amb les administracions p\u00fabliques, tant a nivell de Catalunya com a nivell estatal, amb una classificaci\u00f3...","og_url":"https:\/\/luispares.com\/ca\/empresa\/contratistas-del-estado\/","og_site_name":"Luis Pares","article_modified_time":"2017-02-22T15:19:50+00:00","og_image":[{"width":475,"height":227,"url":"https:\/\/luispares.com\/wp-content\/uploads\/2016\/07\/FeaturedGeneric_v2_LuisPares.jpg","type":"image\/jpeg"}],"twitter_card":"summary_large_image","twitter_misc":{"Temps estimat de lectura":"4 minuts"},"schema":{"@context":"https:\/\/schema.org","@graph":[{"@type":"WebPage","@id":"https:\/\/luispares.com\/ca\/empresa\/contratistas-del-estado\/","url":"https:\/\/luispares.com\/ca\/empresa\/contratistas-del-estado\/","name":"Contractistes de l'Estat &#8211; Luis Pares","isPartOf":{"@id":"https:\/\/luispares.com\/ca\/#website"},"primaryImageOfPage":{"@id":"https:\/\/luispares.com\/ca\/empresa\/contratistas-del-estado\/#primaryimage"},"image":{"@id":"https:\/\/luispares.com\/ca\/empresa\/contratistas-del-estado\/#primaryimage"},"thumbnailUrl":"https:\/\/luispares.com\/wp-content\/uploads\/2016\/07\/FeaturedGeneric_v2_LuisPares.jpg","datePublished":"2016-07-15T07:15:49+00:00","dateModified":"2017-02-22T15:19:50+00:00","breadcrumb":{"@id":"https:\/\/luispares.com\/ca\/empresa\/contratistas-del-estado\/#breadcrumb"},"inLanguage":"ca","potentialAction":[{"@type":"ReadAction","target":["https:\/\/luispares.com\/ca\/empresa\/contratistas-del-estado\/"]}]},{"@type":"ImageObject","inLanguage":"ca","@id":"https:\/\/luispares.com\/ca\/empresa\/contratistas-del-estado\/#primaryimage","url":"https:\/\/luispares.com\/wp-content\/uploads\/2016\/07\/FeaturedGeneric_v2_LuisPares.jpg","contentUrl":"https:\/\/luispares.com\/wp-content\/uploads\/2016\/07\/FeaturedGeneric_v2_LuisPares.jpg","width":475,"height":227},{"@type":"BreadcrumbList","@id":"https:\/\/luispares.com\/ca\/empresa\/contratistas-del-estado\/#breadcrumb","itemListElement":[{"@type":"ListItem","position":1,"name":"Portada","item":"https:\/\/luispares.com\/ca\/"},{"@type":"ListItem","position":2,"name":"Empresa","item":"https:\/\/luispares.com\/ca\/empresa\/"},{"@type":"ListItem","position":3,"name":"Contractistes de l&#8217;Estat"}]},{"@type":"WebSite","@id":"https:\/\/luispares.com\/ca\/#website","url":"https:\/\/luispares.com\/ca\/","name":"Luis Pares","description":"Empresa constructora y miembro del Gremi de Constructors de Barcelona.","publisher":{"@id":"https:\/\/luispares.com\/ca\/#organization"},"potentialAction":[{"@type":"SearchAction","target":{"@type":"EntryPoint","urlTemplate":"https:\/\/luispares.com\/ca\/?s={search_term_string}"},"query-input":{"@type":"PropertyValueSpecification","valueRequired":true,"valueName":"search_term_string"}}],"inLanguage":"ca"},{"@type":"Organization","@id":"https:\/\/luispares.com\/ca\/#organization","name":"Luis Par\u00e9s, S.L.","url":"https:\/\/luispares.com\/ca\/","logo":{"@type":"ImageObject","inLanguage":"ca","@id":"https:\/\/luispares.com\/ca\/#\/schema\/logo\/image\/","url":"https:\/\/www.luispares.com\/wp-content\/uploads\/2016\/07\/luispares_logo.png","contentUrl":"https:\/\/www.luispares.com\/wp-content\/uploads\/2016\/07\/luispares_logo.png","width":208,"height":56,"caption":"Luis Par\u00e9s, S.L."},"image":{"@id":"https:\/\/luispares.com\/ca\/#\/schema\/logo\/image\/"},"sameAs":["https:\/\/www.instagram.com\/luispares_sl\/","https:\/\/www.linkedin.com\/company\/luis-par\u00e9s-s-l-","https:\/\/www.youtube.com\/channel\/UCryaT4fZmdocCgSnzi9fiew"]}]}},"_links":{"self":[{"href":"https:\/\/luispares.com\/ca\/wp-json\/wp\/v2\/pages\/1299","targetHints":{"allow":["GET"]}}],"collection":[{"href":"https:\/\/luispares.com\/ca\/wp-json\/wp\/v2\/pages"}],"about":[{"href":"https:\/\/luispares.com\/ca\/wp-json\/wp\/v2\/types\/page"}],"author":[{"embeddable":true,"href":"https:\/\/luispares.com\/ca\/wp-json\/wp\/v2\/users\/3"}],"replies":[{"embeddable":true,"href":"https:\/\/luispares.com\/ca\/wp-json\/wp\/v2\/comments?post=1299"}],"version-history":[{"count":4,"href":"https:\/\/luispares.com\/ca\/wp-json\/wp\/v2\/pages\/1299\/revisions"}],"predecessor-version":[{"id":2599,"href":"https:\/\/luispares.com\/ca\/wp-json\/wp\/v2\/pages\/1299\/revisions\/2599"}],"up":[{"embeddable":true,"href":"https:\/\/luispares.com\/ca\/wp-json\/wp\/v2\/pages\/1320"}],"wp:featuredmedia":[{"embeddable":true,"href":"https:\/\/luispares.com\/ca\/wp-json\/wp\/v2\/media\/929"}],"wp:attachment":[{"href":"https:\/\/luispares.com\/ca\/wp-json\/wp\/v2\/media?parent=1299"}],"curies":[{"name":"wp","href":"https:\/\/api.w.org\/{rel}","templated":true}]}}