{"id":1274,"date":"2016-07-17T12:44:52","date_gmt":"2016-07-17T10:44:52","guid":{"rendered":"https:\/\/luispares.com\/ca\/legal\/"},"modified":"2025-03-27T09:25:03","modified_gmt":"2025-03-27T07:25:03","slug":"legal","status":"publish","type":"page","link":"https:\/\/luispares.com\/ca\/legal\/","title":{"rendered":"Avis Legal"},"content":{"rendered":"<section class=\"wpb-content-wrapper\"><p>[vc_row type=&#8221;grid&#8221; el_class=&#8221;whitesection&#8221;][vc_column width=&#8221;2\/3&#8243;][vc_column_text]El present av\u00eds legal (d&#8217;ara endavant &#8220;Av\u00eds Legal&#8221;) regula l&#8217;\u00fas del servei del portal d&#8217;Internet www.luispares.com (des d&#8217;ara, Web &#8220;) de LUIS PAR\u00c9S, SL amb domicili a GRAN VIA CARLES III, 124 2n, 08034 BARCELONA, Barcelona, \u200b\u200bi amb CIF \/ NIF B08284002 inscrita al Registre Mercantil de Barcelona, \u200b\u200bTom: 2021, Llibre: 1425, Foli: 162, Seccion: 2a, Fulla: 19937.<\/p>\n<h3>Legislaci\u00f3<\/h3>\n<p>Amb car\u00e0cter general les relacions entre LUIS PAR\u00c9S S.L amb els usuaris dels seus serveis telem\u00e0tics, presents en la web, es troben sotmeses a la legislaci\u00f3 i jurisdicci\u00f3 espanyoles. Les parts renuncien expressament al fur que els pogu\u00e9s correspondre i se sotmeten expressament als jutjats i tribunals de Barcelona per resoldre qualsevol controv\u00e8rsia que pugui sorgir en la interposici\u00f3 o execuci\u00f3 de les presents condicions contractuals.<\/p>\n<h3>Contingut i \u00fas<\/h3>\n<p>L&#8217;usuari queda informat, i accepta, que l&#8217;acc\u00e9s a la present web no suposa, de cap manera, l&#8217;inici d&#8217;una relaci\u00f3 comercial amb LUIS PAR\u00c9S S.L.<br \/>\nEl titular de la web no s&#8217;identifica amb les opinions abocades en el mateix pels seus col\u00b7laboradors. L&#8217;Empresa es reserva el dret d&#8217;efectuar sense previ av\u00eds les modificacions que consideri oportunes al seu web, podent canviar, suprimir o afegir tant els continguts i serveis que es prestin a trav\u00e9s de la mateixa com la forma en la qual aquests apareguin presentats o localitzats en els seus servidors.<\/p>\n<h3>Propietat intel\u00b7lectual i industrial<\/h3>\n<p>Els drets de propietat intel\u00b7lectual del contingut de les p\u00e0gines web, el seu disseny gr\u00e0fic i codis s\u00f3n titularitat de LUIS PAR\u00c9S SL i, per tant, queda prohibida la seva reproducci\u00f3, distribuci\u00f3, comunicaci\u00f3 p\u00fablica, transformaci\u00f3 o qualsevol altra activitat que es pugui realitzar amb els continguts de les seves p\u00e0gines web ni encara citant les fonts, excepte consentiment per escrit de LUIS PAR\u00c9S SL Tots els noms comercials, marques o signes diferents de qualsevol classe continguts en les p\u00e0gines web de l&#8217;empresa s\u00f3n propietat dels seus amos i estan protegits per llei.<\/p>\n<h3>Enlla\u00e7os (links)<\/h3>\n<p>La pres\u00e8ncia d&#8217;enlla\u00e7os (links) a les p\u00e0gines web de LUIS PAR\u00c9S S.L t\u00e9 finalitat merament informativa i en cap cas suposa suggeriment, invitaci\u00f3 o recomanaci\u00f3 sobre els mateixos.[\/vc_column_text][\/vc_column][\/vc_row]<\/p>\n<\/section>","protected":false},"excerpt":{"rendered":"<p>[vc_row type=&#8221;grid&#8221; el_class=&#8221;whitesection&#8221;][vc_column width=&#8221;2\/3&#8243;][vc_column_text]El present av\u00eds legal (d&#8217;ara endavant &#8220;Av\u00eds Legal&#8221;) regula l&#8217;\u00fas del servei del portal d&#8217;Internet www.luispares.com (des d&#8217;ara, Web &#8220;) de LUIS PAR\u00c9S, SL amb domicili a GRAN VIA CARLES III, 124 2n, 08034 BARCELONA, Barcelona, \u200b\u200bi amb CIF \/ NIF B08284002&#8230;<\/p>\n","protected":false},"author":3,"featured_media":929,"parent":0,"menu_order":10,"comment_status":"closed","ping_status":"closed","template":"full_width.php","meta":{"footnotes":""},"class_list":["post-1274","page","type-page","status-publish","has-post-thumbnail","hentry"],"yoast_head":"<!-- This site is optimized with the Yoast SEO plugin v27.3 - https:\/\/yoast.com\/product\/yoast-seo-wordpress\/ -->\n<title>Avis Legal &#8211; Luis Pares<\/title>\n<meta name=\"robots\" content=\"index, follow, max-snippet:-1, max-image-preview:large, max-video-preview:-1\" \/>\n<link rel=\"canonical\" href=\"https:\/\/luispares.com\/ca\/legal\/\" \/>\n<meta property=\"og:locale\" content=\"ca_ES\" \/>\n<meta property=\"og:type\" content=\"article\" \/>\n<meta property=\"og:title\" content=\"Avis Legal &#8211; Luis Pares\" \/>\n<meta property=\"og:description\" content=\"[vc_row type=&#8221;grid&#8221; el_class=&#8221;whitesection&#8221;][vc_column width=&#8221;2\/3&#8243;][vc_column_text]El present av\u00eds legal (d&#8217;ara endavant &#8220;Av\u00eds Legal&#8221;) regula l&#8217;\u00fas del servei del portal d&#8217;Internet www.luispares.com (des d&#8217;ara, Web &#8220;) de LUIS PAR\u00c9S, SL amb domicili a GRAN VIA CARLES III, 124 2n, 08034 BARCELONA, Barcelona, \u200b\u200bi amb CIF \/ NIF B08284002...\" \/>\n<meta property=\"og:url\" content=\"https:\/\/luispares.com\/ca\/legal\/\" \/>\n<meta property=\"og:site_name\" content=\"Luis Pares\" \/>\n<meta property=\"article:modified_time\" content=\"2025-03-27T07:25:03+00:00\" \/>\n<meta name=\"twitter:card\" content=\"summary_large_image\" \/>\n<meta name=\"twitter:label1\" content=\"Temps estimat de lectura\" \/>\n\t<meta name=\"twitter:data1\" content=\"2 minuts\" \/>\n<script type=\"application\/ld+json\" class=\"yoast-schema-graph\">{\"@context\":\"https:\\\/\\\/schema.org\",\"@graph\":[{\"@type\":\"WebPage\",\"@id\":\"https:\\\/\\\/luispares.com\\\/ca\\\/legal\\\/\",\"url\":\"https:\\\/\\\/luispares.com\\\/ca\\\/legal\\\/\",\"name\":\"Avis Legal &#8211; Luis Pares\",\"isPartOf\":{\"@id\":\"https:\\\/\\\/luispares.com\\\/ca\\\/#website\"},\"primaryImageOfPage\":{\"@id\":\"https:\\\/\\\/luispares.com\\\/ca\\\/legal\\\/#primaryimage\"},\"image\":{\"@id\":\"https:\\\/\\\/luispares.com\\\/ca\\\/legal\\\/#primaryimage\"},\"thumbnailUrl\":\"https:\\\/\\\/luispares.com\\\/wp-content\\\/uploads\\\/2016\\\/07\\\/FeaturedGeneric_v2_LuisPares.jpg\",\"datePublished\":\"2016-07-17T10:44:52+00:00\",\"dateModified\":\"2025-03-27T07:25:03+00:00\",\"breadcrumb\":{\"@id\":\"https:\\\/\\\/luispares.com\\\/ca\\\/legal\\\/#breadcrumb\"},\"inLanguage\":\"ca\",\"potentialAction\":[{\"@type\":\"ReadAction\",\"target\":[\"https:\\\/\\\/luispares.com\\\/ca\\\/legal\\\/\"]}]},{\"@type\":\"ImageObject\",\"inLanguage\":\"ca\",\"@id\":\"https:\\\/\\\/luispares.com\\\/ca\\\/legal\\\/#primaryimage\",\"url\":\"https:\\\/\\\/luispares.com\\\/wp-content\\\/uploads\\\/2016\\\/07\\\/FeaturedGeneric_v2_LuisPares.jpg\",\"contentUrl\":\"https:\\\/\\\/luispares.com\\\/wp-content\\\/uploads\\\/2016\\\/07\\\/FeaturedGeneric_v2_LuisPares.jpg\",\"width\":475,\"height\":227},{\"@type\":\"BreadcrumbList\",\"@id\":\"https:\\\/\\\/luispares.com\\\/ca\\\/legal\\\/#breadcrumb\",\"itemListElement\":[{\"@type\":\"ListItem\",\"position\":1,\"name\":\"Portada\",\"item\":\"https:\\\/\\\/luispares.com\\\/ca\\\/\"},{\"@type\":\"ListItem\",\"position\":2,\"name\":\"Avis Legal\"}]},{\"@type\":\"WebSite\",\"@id\":\"https:\\\/\\\/luispares.com\\\/ca\\\/#website\",\"url\":\"https:\\\/\\\/luispares.com\\\/ca\\\/\",\"name\":\"Luis Pares\",\"description\":\"Empresa constructora y miembro del Gremi de Constructors de Barcelona.\",\"publisher\":{\"@id\":\"https:\\\/\\\/luispares.com\\\/ca\\\/#organization\"},\"potentialAction\":[{\"@type\":\"SearchAction\",\"target\":{\"@type\":\"EntryPoint\",\"urlTemplate\":\"https:\\\/\\\/luispares.com\\\/ca\\\/?s={search_term_string}\"},\"query-input\":{\"@type\":\"PropertyValueSpecification\",\"valueRequired\":true,\"valueName\":\"search_term_string\"}}],\"inLanguage\":\"ca\"},{\"@type\":\"Organization\",\"@id\":\"https:\\\/\\\/luispares.com\\\/ca\\\/#organization\",\"name\":\"Luis Par\u00e9s, S.L.\",\"url\":\"https:\\\/\\\/luispares.com\\\/ca\\\/\",\"logo\":{\"@type\":\"ImageObject\",\"inLanguage\":\"ca\",\"@id\":\"https:\\\/\\\/luispares.com\\\/ca\\\/#\\\/schema\\\/logo\\\/image\\\/\",\"url\":\"https:\\\/\\\/www.luispares.com\\\/wp-content\\\/uploads\\\/2016\\\/07\\\/luispares_logo.png\",\"contentUrl\":\"https:\\\/\\\/www.luispares.com\\\/wp-content\\\/uploads\\\/2016\\\/07\\\/luispares_logo.png\",\"width\":208,\"height\":56,\"caption\":\"Luis Par\u00e9s, S.L.\"},\"image\":{\"@id\":\"https:\\\/\\\/luispares.com\\\/ca\\\/#\\\/schema\\\/logo\\\/image\\\/\"},\"sameAs\":[\"https:\\\/\\\/www.instagram.com\\\/luispares_sl\\\/\",\"https:\\\/\\\/www.linkedin.com\\\/company\\\/luis-par\u00e9s-s-l-\",\"https:\\\/\\\/www.youtube.com\\\/channel\\\/UCryaT4fZmdocCgSnzi9fiew\"]}]}<\/script>\n<!-- \/ Yoast SEO plugin. -->","yoast_head_json":{"title":"Avis Legal &#8211; Luis Pares","robots":{"index":"index","follow":"follow","max-snippet":"max-snippet:-1","max-image-preview":"max-image-preview:large","max-video-preview":"max-video-preview:-1"},"canonical":"https:\/\/luispares.com\/ca\/legal\/","og_locale":"ca_ES","og_type":"article","og_title":"Avis Legal &#8211; Luis Pares","og_description":"[vc_row type=&#8221;grid&#8221; el_class=&#8221;whitesection&#8221;][vc_column width=&#8221;2\/3&#8243;][vc_column_text]El present av\u00eds legal (d&#8217;ara endavant &#8220;Av\u00eds Legal&#8221;) regula l&#8217;\u00fas del servei del portal d&#8217;Internet www.luispares.com (des d&#8217;ara, Web &#8220;) de LUIS PAR\u00c9S, SL amb domicili a GRAN VIA CARLES III, 124 2n, 08034 BARCELONA, Barcelona, \u200b\u200bi amb CIF \/ NIF B08284002...","og_url":"https:\/\/luispares.com\/ca\/legal\/","og_site_name":"Luis Pares","article_modified_time":"2025-03-27T07:25:03+00:00","twitter_card":"summary_large_image","twitter_misc":{"Temps estimat de lectura":"2 minuts"},"schema":{"@context":"https:\/\/schema.org","@graph":[{"@type":"WebPage","@id":"https:\/\/luispares.com\/ca\/legal\/","url":"https:\/\/luispares.com\/ca\/legal\/","name":"Avis Legal &#8211; Luis Pares","isPartOf":{"@id":"https:\/\/luispares.com\/ca\/#website"},"primaryImageOfPage":{"@id":"https:\/\/luispares.com\/ca\/legal\/#primaryimage"},"image":{"@id":"https:\/\/luispares.com\/ca\/legal\/#primaryimage"},"thumbnailUrl":"https:\/\/luispares.com\/wp-content\/uploads\/2016\/07\/FeaturedGeneric_v2_LuisPares.jpg","datePublished":"2016-07-17T10:44:52+00:00","dateModified":"2025-03-27T07:25:03+00:00","breadcrumb":{"@id":"https:\/\/luispares.com\/ca\/legal\/#breadcrumb"},"inLanguage":"ca","potentialAction":[{"@type":"ReadAction","target":["https:\/\/luispares.com\/ca\/legal\/"]}]},{"@type":"ImageObject","inLanguage":"ca","@id":"https:\/\/luispares.com\/ca\/legal\/#primaryimage","url":"https:\/\/luispares.com\/wp-content\/uploads\/2016\/07\/FeaturedGeneric_v2_LuisPares.jpg","contentUrl":"https:\/\/luispares.com\/wp-content\/uploads\/2016\/07\/FeaturedGeneric_v2_LuisPares.jpg","width":475,"height":227},{"@type":"BreadcrumbList","@id":"https:\/\/luispares.com\/ca\/legal\/#breadcrumb","itemListElement":[{"@type":"ListItem","position":1,"name":"Portada","item":"https:\/\/luispares.com\/ca\/"},{"@type":"ListItem","position":2,"name":"Avis Legal"}]},{"@type":"WebSite","@id":"https:\/\/luispares.com\/ca\/#website","url":"https:\/\/luispares.com\/ca\/","name":"Luis Pares","description":"Empresa constructora y miembro del Gremi de Constructors de Barcelona.","publisher":{"@id":"https:\/\/luispares.com\/ca\/#organization"},"potentialAction":[{"@type":"SearchAction","target":{"@type":"EntryPoint","urlTemplate":"https:\/\/luispares.com\/ca\/?s={search_term_string}"},"query-input":{"@type":"PropertyValueSpecification","valueRequired":true,"valueName":"search_term_string"}}],"inLanguage":"ca"},{"@type":"Organization","@id":"https:\/\/luispares.com\/ca\/#organization","name":"Luis Par\u00e9s, S.L.","url":"https:\/\/luispares.com\/ca\/","logo":{"@type":"ImageObject","inLanguage":"ca","@id":"https:\/\/luispares.com\/ca\/#\/schema\/logo\/image\/","url":"https:\/\/www.luispares.com\/wp-content\/uploads\/2016\/07\/luispares_logo.png","contentUrl":"https:\/\/www.luispares.com\/wp-content\/uploads\/2016\/07\/luispares_logo.png","width":208,"height":56,"caption":"Luis Par\u00e9s, S.L."},"image":{"@id":"https:\/\/luispares.com\/ca\/#\/schema\/logo\/image\/"},"sameAs":["https:\/\/www.instagram.com\/luispares_sl\/","https:\/\/www.linkedin.com\/company\/luis-par\u00e9s-s-l-","https:\/\/www.youtube.com\/channel\/UCryaT4fZmdocCgSnzi9fiew"]}]}},"_links":{"self":[{"href":"https:\/\/luispares.com\/ca\/wp-json\/wp\/v2\/pages\/1274","targetHints":{"allow":["GET"]}}],"collection":[{"href":"https:\/\/luispares.com\/ca\/wp-json\/wp\/v2\/pages"}],"about":[{"href":"https:\/\/luispares.com\/ca\/wp-json\/wp\/v2\/types\/page"}],"author":[{"embeddable":true,"href":"https:\/\/luispares.com\/ca\/wp-json\/wp\/v2\/users\/3"}],"replies":[{"embeddable":true,"href":"https:\/\/luispares.com\/ca\/wp-json\/wp\/v2\/comments?post=1274"}],"version-history":[{"count":4,"href":"https:\/\/luispares.com\/ca\/wp-json\/wp\/v2\/pages\/1274\/revisions"}],"predecessor-version":[{"id":9267,"href":"https:\/\/luispares.com\/ca\/wp-json\/wp\/v2\/pages\/1274\/revisions\/9267"}],"wp:featuredmedia":[{"embeddable":true,"href":"https:\/\/luispares.com\/ca\/wp-json\/wp\/v2\/media\/929"}],"wp:attachment":[{"href":"https:\/\/luispares.com\/ca\/wp-json\/wp\/v2\/media?parent=1274"}],"curies":[{"name":"wp","href":"https:\/\/api.w.org\/{rel}","templated":true}]}}